{"id":7120,"date":"2025-06-06T12:50:45","date_gmt":"2025-06-06T16:50:45","guid":{"rendered":"https:\/\/chavon.edu.do\/?page_id=7120"},"modified":"2025-06-06T14:39:45","modified_gmt":"2025-06-06T18:39:45","slug":"academic-partnerships","status":"publish","type":"page","link":"https:\/\/chavon.edu.do\/es\/about\/academic-partnerships\/","title":{"rendered":"Acuerdos Acad\u00e9micos"},"content":{"rendered":"<h1 class=\"wp-block-heading bottom-line\">Acuerdos Acad\u00e9micos<\/h1>\n\n\n\n<div style=\"height:32px\" aria-hidden=\"true\" class=\"wp-block-spacer\"><\/div>\n\n\n\n<p class=\"has-medium-font-size\"><strong>CHAV\u00d3N<\/strong> mantiene colaboraciones con diversas instituciones que fortalecen la propuesta educativa y ampl\u00edan las oportunidades para los estudiantes y la comunidad.<\/p>\n\n\n\n<h2 class=\"wp-block-heading\">Instituciones con convenios acad\u00e9micos<\/h2>\n\n\n\n<ul class=\"wp-block-list has-medium-font-size\">\n<li>Instituto Europeo di Design (IED) - Mil\u00e1n, Italia \/ Madrid, Espa\u00f1a<\/li>\n\n\n\n<li>Universidad Aut\u00f3noma de M\u00e9xico (UNAM) - Ciudad de M\u00e9xico, M\u00e9xico<\/li>\n\n\n\n<li>Universidad Aut\u00f3noma de Occidente (UAO) - Cali, Colombia<\/li>\n<\/ul>\n\n\n\n<h2 class=\"wp-block-heading top-line\">Instituciones que han reconocido cr\u00e9ditos cursados en CHAV\u00d3N La Escuela de Dise\u00f1o:<\/h2>\n\n\n\n<h3 class=\"wp-block-heading\">Am\u00e9rica del Norte:<\/h3>\n\n\n\n<div style=\"height:20px\" aria-hidden=\"true\" class=\"wp-block-spacer\"><\/div>\n\n\n\n<ul class=\"wp-block-list has-medium-font-size\">\n<li><strong>Universidad de Brooklyn<\/strong> Nueva York, Estados Unidos <\/li>\n\n\n\n<li><strong>Escuela Superior de Arte de California<\/strong> California, Estados Unidos <\/li>\n\n\n\n<li><strong>Cooper Union<\/strong> Nueva York, Estados Unidos <\/li>\n\n\n\n<li><strong>Universidad de Arte y Dise\u00f1o Emily Carr<\/strong> Vancouver, Canad\u00e1 <\/li>\n\n\n\n<li><strong>Universidad Estatal de Farmingdale<\/strong> Nueva York, Estados Unidos<\/li>\n\n\n\n<li><strong>Instituto Tecnol\u00f3gico de la Moda<\/strong> Nueva York, Estados Unidos <\/li>\n\n\n\n<li><strong>Escuela de Arte Gwen Frostic de la Universidad de Western Michigan<\/strong> Michigan, Estados Unidos <\/li>\n\n\n\n<li><strong>Escuela Internacional de Bellas Artes<\/strong> Florida, Estados Unidos <\/li>\n\n\n\n<li><strong>Universidad de Kalamazoo<\/strong> Michigan, Estados Unidos <\/li>\n\n\n\n<li><strong>Escuela Superior de Arte de Massachusetts<\/strong> Massachusetts, Estados Unidos <\/li>\n\n\n\n<li><strong>Escuela de Publicidad de Miami<\/strong> Florida, Estados Unidos <\/li>\n\n\n\n<li><strong>Universidad Internacional de Arte y Dise\u00f1o de Miami<\/strong> Florida, Estados Unidos <\/li>\n\n\n\n<li><strong>Escuela de Arte y Dise\u00f1o Otis<\/strong> California, Estados Unidos <\/li>\n\n\n\n<li><strong>Parsons The New School for Design<\/strong> Nueva York, Estados Unidos <\/li>\n\n\n\n<li><strong>Instituto Pratt<\/strong> Nueva York, Estados Unidos <\/li>\n\n\n\n<li><strong>Escuela de Dise\u00f1o de Rhode Island<\/strong> Providence, Estados Unidos <\/li>\n\n\n\n<li><strong>Escuela Superior de Arte y Dise\u00f1o de Savannah (SCAD)<\/strong> Georgia, Estados Unidos <\/li>\n\n\n\n<li><strong>Escuela de Artes Visuales SVA<\/strong> Nueva York, Estados Unidos <\/li>\n\n\n\n<li><strong>Universidad de Filadelfia<\/strong> Filadelfia, Estados Unidos <\/li>\n\n\n\n<li><strong>Facultad de Artes y Ciencias de la UNC<\/strong> Carolina del Norte, Estados Unidos<\/li>\n<\/ul>\n\n\n\n<h2 class=\"wp-block-heading top-line\">Am\u00e9rica Latina &amp; Caribe:<\/h2>\n\n\n\n<ul class=\"wp-block-list has-medium-font-size\">\n<li><strong>Escuela Internacional de Cine y Televisi\u00f3n<\/strong> San Antonio de los Ba\u00f1os, Cuba<\/li>\n\n\n\n<li><strong>Universidad Aut\u00f3noma de M\u00e9xico<\/strong> Mexico City, Mexico<\/li>\n<\/ul>\n\n\n\n<h2 class=\"wp-block-heading top-line\">Europa:<\/h2>\n\n\n\n<ul class=\"wp-block-list has-medium-font-size\">\n<li><strong>Instituto Marangoni<\/strong> Mil\u00e1n, Italia<\/li>\n\n\n\n<li><strong>Escuela de Arte ArtEZ<\/strong> Arnhem, Pa\u00edses Bajos<\/li>\n\n\n\n<li><strong>Central Saint Martins<\/strong> Londres, Reino Unido<\/li>\n\n\n\n<li><strong>Universidad de las Artes<\/strong> Londres, Reino Unido<\/li>\n\n\n\n<li><strong>Escuela Superior Pivaut T\u00e9cnica Privada de Artes Aplicadas<\/strong> Nantes, Francia<\/li>\n\n\n\n<li><strong>Fabrica<\/strong> Treviso, Italia<\/li>\n\n\n\n<li><strong>Goldsmiths, Universidad de Londres<\/strong> Londres, Reino Unido<\/li>\n<\/ul>\n\n\n\n<h2 class=\"wp-block-heading top-line\">Programas Educativos en Colaboraci\u00f3n:<\/h2>\n\n\n\n<p class=\"has-medium-font-size\"><strong>CHAV\u00d3N<\/strong> tambi\u00e9n colabora con instituciones aliadas para ofrecer programas dirigidos a ni\u00f1os, con cursos y programas extracurriculares y campamentos desarrollados en los campus de:<\/p>\n\n\n\n<ul class=\"wp-block-list has-medium-font-size\">\n<li><strong>American School of Santo Domingo<\/strong><\/li>\n\n\n\n<li><strong>Kids Create<\/strong><\/li>\n<\/ul>\n\n\n\n<p class=\"has-medium-font-size\">Esta extensa red demuestra el reconocimiento global de CHAV\u00d3N y la transferibilidad de su formaci\u00f3n de alta calidad a prestigiosas instituciones internacionales.<\/p>","protected":false},"excerpt":{"rendered":"<p>Academic Partnerships CHAV\u00d3N maintains collaborations with various institutions that strengthen its educational offerings and expand opportunities for students and the community. Institutions with Academic Agreements: <br \/><a class=\"read-more\" href=\"https:\/\/chavon.edu.do\/es\/about\/academic-partnerships\/\">+ Lee m\u00e1s<\/a><\/p>","protected":false},"author":21,"featured_media":7124,"parent":6352,"menu_order":33,"comment_status":"closed","ping_status":"closed","template":"template-about.php","meta":{"_acf_changed":false,"footnotes":""},"class_list":["post-7120","page","type-page","status-publish","has-post-thumbnail","hentry"],"acf":[],"yoast_head":"<!-- This site is optimized with the Yoast SEO plugin v26.6 - https:\/\/yoast.com\/wordpress\/plugins\/seo\/ -->\n<title>Academic Partnerships | CHAV\u00d3N School of Design<\/title>\n<meta name=\"description\" content=\"Explore CHAV\u00d3N&#039;s international academic partnerships. Credit recognition at Parsons, Pratt, RISD &amp; 25+ prestigious art schools worldwide.\" \/>\n<meta name=\"robots\" content=\"index, follow, max-snippet:-1, max-image-preview:large, max-video-preview:-1\" \/>\n<link rel=\"canonical\" href=\"https:\/\/chavon.edu.do\/es\/about\/academic-partnerships\/\" \/>\n<meta property=\"og:locale\" content=\"es_ES\" \/>\n<meta property=\"og:type\" content=\"article\" \/>\n<meta property=\"og:title\" content=\"Academic Partnerships | CHAV\u00d3N School of Design\" \/>\n<meta property=\"og:description\" content=\"Explore CHAV\u00d3N&#039;s international academic partnerships. Credit recognition at Parsons, Pratt, RISD &amp; 25+ prestigious art schools worldwide.\" \/>\n<meta property=\"og:url\" content=\"https:\/\/chavon.edu.do\/es\/about\/academic-partnerships\/\" \/>\n<meta property=\"og:site_name\" content=\"CHAV\u00d3N School of Design\" \/>\n<meta property=\"article:modified_time\" content=\"2025-06-06T18:39:45+00:00\" \/>\n<meta property=\"og:image\" content=\"https:\/\/chavon.edu.do\/wp-content\/uploads\/2025\/06\/academic-partnership-chavon.jpg\" \/>\n\t<meta property=\"og:image:width\" content=\"2560\" \/>\n\t<meta property=\"og:image:height\" content=\"1226\" \/>\n\t<meta property=\"og:image:type\" content=\"image\/jpeg\" \/>\n<meta name=\"twitter:card\" content=\"summary_large_image\" \/>\n<meta name=\"twitter:label1\" content=\"Tiempo estimado de lectura\" \/>\n\t<meta name=\"twitter:data1\" content=\"2 minutos\" \/>\n<script type=\"application\/ld+json\" class=\"yoast-schema-graph\">{\"@context\":\"https:\/\/schema.org\",\"@graph\":[{\"@type\":\"WebPage\",\"@id\":\"https:\/\/chavon.edu.do\/about\/academic-partnerships\/\",\"url\":\"https:\/\/chavon.edu.do\/about\/academic-partnerships\/\",\"name\":\"Academic Partnerships | CHAV\u00d3N School of Design\",\"isPartOf\":{\"@id\":\"https:\/\/chavon.edu.do\/#website\"},\"primaryImageOfPage\":{\"@id\":\"https:\/\/chavon.edu.do\/about\/academic-partnerships\/#primaryimage\"},\"image\":{\"@id\":\"https:\/\/chavon.edu.do\/about\/academic-partnerships\/#primaryimage\"},\"thumbnailUrl\":\"https:\/\/chavon.edu.do\/wp-content\/uploads\/2025\/06\/academic-partnership-chavon.jpg\",\"datePublished\":\"2025-06-06T16:50:45+00:00\",\"dateModified\":\"2025-06-06T18:39:45+00:00\",\"description\":\"Explore CHAV\u00d3N's international academic partnerships. Credit recognition at Parsons, Pratt, RISD & 25+ prestigious art schools worldwide.\",\"breadcrumb\":{\"@id\":\"https:\/\/chavon.edu.do\/about\/academic-partnerships\/#breadcrumb\"},\"inLanguage\":\"es\",\"potentialAction\":[{\"@type\":\"ReadAction\",\"target\":[\"https:\/\/chavon.edu.do\/about\/academic-partnerships\/\"]}]},{\"@type\":\"ImageObject\",\"inLanguage\":\"es\",\"@id\":\"https:\/\/chavon.edu.do\/about\/academic-partnerships\/#primaryimage\",\"url\":\"https:\/\/chavon.edu.do\/wp-content\/uploads\/2025\/06\/academic-partnership-chavon.jpg\",\"contentUrl\":\"https:\/\/chavon.edu.do\/wp-content\/uploads\/2025\/06\/academic-partnership-chavon.jpg\",\"width\":2560,\"height\":1226},{\"@type\":\"BreadcrumbList\",\"@id\":\"https:\/\/chavon.edu.do\/about\/academic-partnerships\/#breadcrumb\",\"itemListElement\":[{\"@type\":\"ListItem\",\"position\":1,\"name\":\"Home\",\"item\":\"https:\/\/chavon.edu.do\/\"},{\"@type\":\"ListItem\",\"position\":2,\"name\":\"About\",\"item\":\"https:\/\/chavon.edu.do\/about\/\"},{\"@type\":\"ListItem\",\"position\":3,\"name\":\"Academic Partnerships\"}]},{\"@type\":\"WebSite\",\"@id\":\"https:\/\/chavon.edu.do\/#website\",\"url\":\"https:\/\/chavon.edu.do\/\",\"name\":\"CHAV\u00d3N School of Design\",\"description\":\"\",\"publisher\":{\"@id\":\"https:\/\/chavon.edu.do\/#organization\"},\"potentialAction\":[{\"@type\":\"SearchAction\",\"target\":{\"@type\":\"EntryPoint\",\"urlTemplate\":\"https:\/\/chavon.edu.do\/?s={search_term_string}\"},\"query-input\":{\"@type\":\"PropertyValueSpecification\",\"valueRequired\":true,\"valueName\":\"search_term_string\"}}],\"inLanguage\":\"es\"},{\"@type\":\"Organization\",\"@id\":\"https:\/\/chavon.edu.do\/#organization\",\"name\":\"Chav\u00f3n - La Escuela de Dise\u00f1o\",\"url\":\"https:\/\/chavon.edu.do\/\",\"logo\":{\"@type\":\"ImageObject\",\"inLanguage\":\"es\",\"@id\":\"https:\/\/chavon.edu.do\/#\/schema\/logo\/image\/\",\"url\":\"https:\/\/chavon.edu.do\/wp-content\/uploads\/2019\/12\/chavon.png\",\"contentUrl\":\"https:\/\/chavon.edu.do\/wp-content\/uploads\/2019\/12\/chavon.png\",\"width\":225,\"height\":225,\"caption\":\"Chav\u00f3n - La Escuela de Dise\u00f1o\"},\"image\":{\"@id\":\"https:\/\/chavon.edu.do\/#\/schema\/logo\/image\/\"}}]}<\/script>\n<!-- \/ Yoast SEO plugin. -->","yoast_head_json":{"title":"Academic Partnerships | CHAV\u00d3N School of Design","description":"Explore CHAV\u00d3N's international academic partnerships. Credit recognition at Parsons, Pratt, RISD & 25+ prestigious art schools worldwide.","robots":{"index":"index","follow":"follow","max-snippet":"max-snippet:-1","max-image-preview":"max-image-preview:large","max-video-preview":"max-video-preview:-1"},"canonical":"https:\/\/chavon.edu.do\/es\/about\/academic-partnerships\/","og_locale":"es_ES","og_type":"article","og_title":"Academic Partnerships | CHAV\u00d3N School of Design","og_description":"Explore CHAV\u00d3N's international academic partnerships. Credit recognition at Parsons, Pratt, RISD & 25+ prestigious art schools worldwide.","og_url":"https:\/\/chavon.edu.do\/es\/about\/academic-partnerships\/","og_site_name":"CHAV\u00d3N School of Design","article_modified_time":"2025-06-06T18:39:45+00:00","og_image":[{"width":2560,"height":1226,"url":"https:\/\/chavon.edu.do\/wp-content\/uploads\/2025\/06\/academic-partnership-chavon.jpg","type":"image\/jpeg"}],"twitter_card":"summary_large_image","twitter_misc":{"Tiempo estimado de lectura":"2 minutos"},"schema":{"@context":"https:\/\/schema.org","@graph":[{"@type":"WebPage","@id":"https:\/\/chavon.edu.do\/about\/academic-partnerships\/","url":"https:\/\/chavon.edu.do\/about\/academic-partnerships\/","name":"Academic Partnerships | CHAV\u00d3N School of Design","isPartOf":{"@id":"https:\/\/chavon.edu.do\/#website"},"primaryImageOfPage":{"@id":"https:\/\/chavon.edu.do\/about\/academic-partnerships\/#primaryimage"},"image":{"@id":"https:\/\/chavon.edu.do\/about\/academic-partnerships\/#primaryimage"},"thumbnailUrl":"https:\/\/chavon.edu.do\/wp-content\/uploads\/2025\/06\/academic-partnership-chavon.jpg","datePublished":"2025-06-06T16:50:45+00:00","dateModified":"2025-06-06T18:39:45+00:00","description":"Explore CHAV\u00d3N's international academic partnerships. Credit recognition at Parsons, Pratt, RISD & 25+ prestigious art schools worldwide.","breadcrumb":{"@id":"https:\/\/chavon.edu.do\/about\/academic-partnerships\/#breadcrumb"},"inLanguage":"es","potentialAction":[{"@type":"ReadAction","target":["https:\/\/chavon.edu.do\/about\/academic-partnerships\/"]}]},{"@type":"ImageObject","inLanguage":"es","@id":"https:\/\/chavon.edu.do\/about\/academic-partnerships\/#primaryimage","url":"https:\/\/chavon.edu.do\/wp-content\/uploads\/2025\/06\/academic-partnership-chavon.jpg","contentUrl":"https:\/\/chavon.edu.do\/wp-content\/uploads\/2025\/06\/academic-partnership-chavon.jpg","width":2560,"height":1226},{"@type":"BreadcrumbList","@id":"https:\/\/chavon.edu.do\/about\/academic-partnerships\/#breadcrumb","itemListElement":[{"@type":"ListItem","position":1,"name":"Home","item":"https:\/\/chavon.edu.do\/"},{"@type":"ListItem","position":2,"name":"About","item":"https:\/\/chavon.edu.do\/about\/"},{"@type":"ListItem","position":3,"name":"Academic Partnerships"}]},{"@type":"WebSite","@id":"https:\/\/chavon.edu.do\/#website","url":"https:\/\/chavon.edu.do\/","name":"CHAV\u00d3N La Escuela de Dise\u00f1o","description":"","publisher":{"@id":"https:\/\/chavon.edu.do\/#organization"},"potentialAction":[{"@type":"SearchAction","target":{"@type":"EntryPoint","urlTemplate":"https:\/\/chavon.edu.do\/?s={search_term_string}"},"query-input":{"@type":"PropertyValueSpecification","valueRequired":true,"valueName":"search_term_string"}}],"inLanguage":"es"},{"@type":"Organization","@id":"https:\/\/chavon.edu.do\/#organization","name":"Chav\u00f3n - La Escuela de Dise\u00f1o","url":"https:\/\/chavon.edu.do\/","logo":{"@type":"ImageObject","inLanguage":"es","@id":"https:\/\/chavon.edu.do\/#\/schema\/logo\/image\/","url":"https:\/\/chavon.edu.do\/wp-content\/uploads\/2019\/12\/chavon.png","contentUrl":"https:\/\/chavon.edu.do\/wp-content\/uploads\/2019\/12\/chavon.png","width":225,"height":225,"caption":"Chav\u00f3n - La Escuela de Dise\u00f1o"},"image":{"@id":"https:\/\/chavon.edu.do\/#\/schema\/logo\/image\/"}}]}},"_links":{"self":[{"href":"https:\/\/chavon.edu.do\/es\/wp-json\/wp\/v2\/pages\/7120","targetHints":{"allow":["GET"]}}],"collection":[{"href":"https:\/\/chavon.edu.do\/es\/wp-json\/wp\/v2\/pages"}],"about":[{"href":"https:\/\/chavon.edu.do\/es\/wp-json\/wp\/v2\/types\/page"}],"author":[{"embeddable":true,"href":"https:\/\/chavon.edu.do\/es\/wp-json\/wp\/v2\/users\/21"}],"replies":[{"embeddable":true,"href":"https:\/\/chavon.edu.do\/es\/wp-json\/wp\/v2\/comments?post=7120"}],"version-history":[{"count":23,"href":"https:\/\/chavon.edu.do\/es\/wp-json\/wp\/v2\/pages\/7120\/revisions"}],"predecessor-version":[{"id":7150,"href":"https:\/\/chavon.edu.do\/es\/wp-json\/wp\/v2\/pages\/7120\/revisions\/7150"}],"up":[{"embeddable":true,"href":"https:\/\/chavon.edu.do\/es\/wp-json\/wp\/v2\/pages\/6352"}],"wp:featuredmedia":[{"embeddable":true,"href":"https:\/\/chavon.edu.do\/es\/wp-json\/wp\/v2\/media\/7124"}],"wp:attachment":[{"href":"https:\/\/chavon.edu.do\/es\/wp-json\/wp\/v2\/media?parent=7120"}],"curies":[{"name":"wp","href":"https:\/\/api.w.org\/{rel}","templated":true}]}}