{"id":6962,"date":"2025-06-05T17:20:26","date_gmt":"2025-06-05T21:20:26","guid":{"rendered":"https:\/\/chavon.edu.do\/?page_id=6962"},"modified":"2025-06-26T15:54:11","modified_gmt":"2025-06-26T19:54:11","slug":"altos-de-chavon-cultural-center-foundation","status":"publish","type":"page","link":"https:\/\/chavon.edu.do\/es\/about\/altos-de-chavon-cultural-center-foundation\/","title":{"rendered":"Fundaci\u00f3n Centro Cultural Altos de Chav\u00f3n"},"content":{"rendered":"<h1 class=\"wp-block-heading bottom-line\">Fundaci\u00f3n Centro Cultural Altos de Chav\u00f3n<\/h1>\n\n\n\n<div style=\"height:32px\" aria-hidden=\"true\" class=\"wp-block-spacer\"><\/div>\n\n\n\n<p class=\"has-medium-font-size\">Fundada como una <strong>entidad sin fines de lucro,<\/strong> la Fundaci\u00f3n nace con el prop\u00f3sito de crear una comunidad art\u00edstica en la Rep\u00fablica Dominicana y conectar artistas con oportunidades \u00fanicas en el arte, el dise\u00f1o y la cultura <\/p>\n\n\n\n<p class=\"has-medium-font-size\">Por <strong>m\u00e1s de cuatro d\u00e9cadas,<\/strong> la Fundaci\u00f3n ha contribuido al enriquecimiento art\u00edstico y cultural de la regi\u00f3n con programas como artistas en residencias, una galer\u00eda, un museo, y una escuela de dise\u00f1o reconocida a nivel internacional.<\/p>\n\n\n\n<h2 class=\"wp-block-heading top-line\">Sobre la fundaci\u00f3n<\/h2>\n\n\n\n<p class=\"has-medium-font-size\">El <strong>Fundaci\u00f3n Centro Cultural Altos de Chav\u00f3n<\/strong> es una organizaci\u00f3n sin \u00e1nimo de lucro comprometida con la promoci\u00f3n del arte, el dise\u00f1o y la cultura en la Rep\u00fablica Dominicana. Se centra en ofrecer oportunidades a j\u00f3venes con talento y conectarlos con los recursos necesarios para su desarrollo y \u00e9xito profesional, transformando vidas a trav\u00e9s de la educaci\u00f3n en arte y dise\u00f1o.<\/p>\n\n\n\n<p class=\"has-medium-font-size\">La Fundaci\u00f3n apoya a CHAV\u00d3N La Escuela de Dise\u00f1o a trav\u00e9s de la gesti\u00f3n de becas y ayudas financieras, donaciones para equipos, talleres, profesores visitantes y otras iniciativas que enriquecen el curr\u00edculo acad\u00e9mico y ampl\u00edan las oportunidades para los estudiantes, fomentando el talento dominicano y regional, al tiempo que promueve un ambiente creativo y din\u00e1mico en la industria.<\/p>\n\n\n\n<ul class=\"wp-block-list has-medium-font-size\">\n<li><a href=\"https:\/\/chavon.edu.do\/es\/donations\/\">\u00a1Apoya nuestra misi\u00f3n y forma parte de esta historia!<\/a><\/li>\n<\/ul>","protected":false},"excerpt":{"rendered":"<p>Altos de Chav\u00f3n Cultural Center Foundation Established as a nonprofit organization, the Foundation emerged with the mission of fostering an artistic community in the Dominican <br \/><a class=\"read-more\" href=\"https:\/\/chavon.edu.do\/es\/about\/altos-de-chavon-cultural-center-foundation\/\">+ Lee m\u00e1s<\/a><\/p>","protected":false},"author":21,"featured_media":6989,"parent":6352,"menu_order":32,"comment_status":"closed","ping_status":"closed","template":"template-about.php","meta":{"_acf_changed":false,"footnotes":""},"class_list":["post-6962","page","type-page","status-publish","has-post-thumbnail","hentry"],"acf":[],"yoast_head":"<!-- This site is optimized with the Yoast SEO plugin v26.6 - https:\/\/yoast.com\/wordpress\/plugins\/seo\/ -->\n<title>Altos de Chav\u00f3n Cultural Center Foundation | CHAV\u00d3N School of Design<\/title>\n<meta name=\"description\" content=\"Altos de Chav\u00f3n Cultural Center Foundation. 40+ years fostering Dominican art community. Artist residencies, galleries, museum &amp; design school.\" \/>\n<meta name=\"robots\" content=\"index, follow, max-snippet:-1, max-image-preview:large, max-video-preview:-1\" \/>\n<link rel=\"canonical\" href=\"https:\/\/chavon.edu.do\/es\/about\/altos-de-chavon-cultural-center-foundation\/\" \/>\n<meta property=\"og:locale\" content=\"es_ES\" \/>\n<meta property=\"og:type\" content=\"article\" \/>\n<meta property=\"og:title\" content=\"Altos de Chav\u00f3n Cultural Center Foundation | CHAV\u00d3N School of Design\" \/>\n<meta property=\"og:description\" content=\"Altos de Chav\u00f3n Cultural Center Foundation. 40+ years fostering Dominican art community. Artist residencies, galleries, museum &amp; design school.\" \/>\n<meta property=\"og:url\" content=\"https:\/\/chavon.edu.do\/es\/about\/altos-de-chavon-cultural-center-foundation\/\" \/>\n<meta property=\"og:site_name\" content=\"CHAV\u00d3N School of Design\" \/>\n<meta property=\"article:modified_time\" content=\"2025-06-26T19:54:11+00:00\" \/>\n<meta property=\"og:image\" content=\"https:\/\/chavon.edu.do\/wp-content\/uploads\/2025\/06\/the-chavon-fundation-main-image.jpg\" \/>\n\t<meta property=\"og:image:width\" content=\"2560\" \/>\n\t<meta property=\"og:image:height\" content=\"1440\" \/>\n\t<meta property=\"og:image:type\" content=\"image\/jpeg\" \/>\n<meta name=\"twitter:card\" content=\"summary_large_image\" \/>\n<meta name=\"twitter:label1\" content=\"Tiempo estimado de lectura\" \/>\n\t<meta name=\"twitter:data1\" content=\"1 minuto\" \/>\n<script type=\"application\/ld+json\" class=\"yoast-schema-graph\">{\"@context\":\"https:\/\/schema.org\",\"@graph\":[{\"@type\":\"WebPage\",\"@id\":\"https:\/\/chavon.edu.do\/about\/altos-de-chavon-cultural-center-foundation\/\",\"url\":\"https:\/\/chavon.edu.do\/about\/altos-de-chavon-cultural-center-foundation\/\",\"name\":\"Altos de Chav\u00f3n Cultural Center Foundation | CHAV\u00d3N School of Design\",\"isPartOf\":{\"@id\":\"https:\/\/chavon.edu.do\/#website\"},\"primaryImageOfPage\":{\"@id\":\"https:\/\/chavon.edu.do\/about\/altos-de-chavon-cultural-center-foundation\/#primaryimage\"},\"image\":{\"@id\":\"https:\/\/chavon.edu.do\/about\/altos-de-chavon-cultural-center-foundation\/#primaryimage\"},\"thumbnailUrl\":\"https:\/\/chavon.edu.do\/wp-content\/uploads\/2025\/06\/the-chavon-fundation-main-image.jpg\",\"datePublished\":\"2025-06-05T21:20:26+00:00\",\"dateModified\":\"2025-06-26T19:54:11+00:00\",\"description\":\"Altos de Chav\u00f3n Cultural Center Foundation. 40+ years fostering Dominican art community. Artist residencies, galleries, museum & design school.\",\"breadcrumb\":{\"@id\":\"https:\/\/chavon.edu.do\/about\/altos-de-chavon-cultural-center-foundation\/#breadcrumb\"},\"inLanguage\":\"es\",\"potentialAction\":[{\"@type\":\"ReadAction\",\"target\":[\"https:\/\/chavon.edu.do\/about\/altos-de-chavon-cultural-center-foundation\/\"]}]},{\"@type\":\"ImageObject\",\"inLanguage\":\"es\",\"@id\":\"https:\/\/chavon.edu.do\/about\/altos-de-chavon-cultural-center-foundation\/#primaryimage\",\"url\":\"https:\/\/chavon.edu.do\/wp-content\/uploads\/2025\/06\/the-chavon-fundation-main-image.jpg\",\"contentUrl\":\"https:\/\/chavon.edu.do\/wp-content\/uploads\/2025\/06\/the-chavon-fundation-main-image.jpg\",\"width\":2560,\"height\":1440},{\"@type\":\"BreadcrumbList\",\"@id\":\"https:\/\/chavon.edu.do\/about\/altos-de-chavon-cultural-center-foundation\/#breadcrumb\",\"itemListElement\":[{\"@type\":\"ListItem\",\"position\":1,\"name\":\"Home\",\"item\":\"https:\/\/chavon.edu.do\/\"},{\"@type\":\"ListItem\",\"position\":2,\"name\":\"About\",\"item\":\"https:\/\/chavon.edu.do\/about\/\"},{\"@type\":\"ListItem\",\"position\":3,\"name\":\"Altos de Chav\u00f3n Cultural Center Foundation\"}]},{\"@type\":\"WebSite\",\"@id\":\"https:\/\/chavon.edu.do\/#website\",\"url\":\"https:\/\/chavon.edu.do\/\",\"name\":\"CHAV\u00d3N School of Design\",\"description\":\"\",\"publisher\":{\"@id\":\"https:\/\/chavon.edu.do\/#organization\"},\"potentialAction\":[{\"@type\":\"SearchAction\",\"target\":{\"@type\":\"EntryPoint\",\"urlTemplate\":\"https:\/\/chavon.edu.do\/?s={search_term_string}\"},\"query-input\":{\"@type\":\"PropertyValueSpecification\",\"valueRequired\":true,\"valueName\":\"search_term_string\"}}],\"inLanguage\":\"es\"},{\"@type\":\"Organization\",\"@id\":\"https:\/\/chavon.edu.do\/#organization\",\"name\":\"Chav\u00f3n - La Escuela de Dise\u00f1o\",\"url\":\"https:\/\/chavon.edu.do\/\",\"logo\":{\"@type\":\"ImageObject\",\"inLanguage\":\"es\",\"@id\":\"https:\/\/chavon.edu.do\/#\/schema\/logo\/image\/\",\"url\":\"https:\/\/chavon.edu.do\/wp-content\/uploads\/2019\/12\/chavon.png\",\"contentUrl\":\"https:\/\/chavon.edu.do\/wp-content\/uploads\/2019\/12\/chavon.png\",\"width\":225,\"height\":225,\"caption\":\"Chav\u00f3n - La Escuela de Dise\u00f1o\"},\"image\":{\"@id\":\"https:\/\/chavon.edu.do\/#\/schema\/logo\/image\/\"}}]}<\/script>\n<!-- \/ Yoast SEO plugin. -->","yoast_head_json":{"title":"Altos de Chav\u00f3n Cultural Center Foundation | CHAV\u00d3N School of Design","description":"Altos de Chav\u00f3n Cultural Center Foundation. 40+ years fostering Dominican art community. Artist residencies, galleries, museum & design school.","robots":{"index":"index","follow":"follow","max-snippet":"max-snippet:-1","max-image-preview":"max-image-preview:large","max-video-preview":"max-video-preview:-1"},"canonical":"https:\/\/chavon.edu.do\/es\/about\/altos-de-chavon-cultural-center-foundation\/","og_locale":"es_ES","og_type":"article","og_title":"Altos de Chav\u00f3n Cultural Center Foundation | CHAV\u00d3N School of Design","og_description":"Altos de Chav\u00f3n Cultural Center Foundation. 40+ years fostering Dominican art community. Artist residencies, galleries, museum & design school.","og_url":"https:\/\/chavon.edu.do\/es\/about\/altos-de-chavon-cultural-center-foundation\/","og_site_name":"CHAV\u00d3N School of Design","article_modified_time":"2025-06-26T19:54:11+00:00","og_image":[{"width":2560,"height":1440,"url":"https:\/\/chavon.edu.do\/wp-content\/uploads\/2025\/06\/the-chavon-fundation-main-image.jpg","type":"image\/jpeg"}],"twitter_card":"summary_large_image","twitter_misc":{"Tiempo estimado de lectura":"1 minuto"},"schema":{"@context":"https:\/\/schema.org","@graph":[{"@type":"WebPage","@id":"https:\/\/chavon.edu.do\/about\/altos-de-chavon-cultural-center-foundation\/","url":"https:\/\/chavon.edu.do\/about\/altos-de-chavon-cultural-center-foundation\/","name":"Altos de Chav\u00f3n Cultural Center Foundation | CHAV\u00d3N School of Design","isPartOf":{"@id":"https:\/\/chavon.edu.do\/#website"},"primaryImageOfPage":{"@id":"https:\/\/chavon.edu.do\/about\/altos-de-chavon-cultural-center-foundation\/#primaryimage"},"image":{"@id":"https:\/\/chavon.edu.do\/about\/altos-de-chavon-cultural-center-foundation\/#primaryimage"},"thumbnailUrl":"https:\/\/chavon.edu.do\/wp-content\/uploads\/2025\/06\/the-chavon-fundation-main-image.jpg","datePublished":"2025-06-05T21:20:26+00:00","dateModified":"2025-06-26T19:54:11+00:00","description":"Altos de Chav\u00f3n Cultural Center Foundation. 40+ years fostering Dominican art community. Artist residencies, galleries, museum & design school.","breadcrumb":{"@id":"https:\/\/chavon.edu.do\/about\/altos-de-chavon-cultural-center-foundation\/#breadcrumb"},"inLanguage":"es","potentialAction":[{"@type":"ReadAction","target":["https:\/\/chavon.edu.do\/about\/altos-de-chavon-cultural-center-foundation\/"]}]},{"@type":"ImageObject","inLanguage":"es","@id":"https:\/\/chavon.edu.do\/about\/altos-de-chavon-cultural-center-foundation\/#primaryimage","url":"https:\/\/chavon.edu.do\/wp-content\/uploads\/2025\/06\/the-chavon-fundation-main-image.jpg","contentUrl":"https:\/\/chavon.edu.do\/wp-content\/uploads\/2025\/06\/the-chavon-fundation-main-image.jpg","width":2560,"height":1440},{"@type":"BreadcrumbList","@id":"https:\/\/chavon.edu.do\/about\/altos-de-chavon-cultural-center-foundation\/#breadcrumb","itemListElement":[{"@type":"ListItem","position":1,"name":"Home","item":"https:\/\/chavon.edu.do\/"},{"@type":"ListItem","position":2,"name":"About","item":"https:\/\/chavon.edu.do\/about\/"},{"@type":"ListItem","position":3,"name":"Altos de Chav\u00f3n Cultural Center Foundation"}]},{"@type":"WebSite","@id":"https:\/\/chavon.edu.do\/#website","url":"https:\/\/chavon.edu.do\/","name":"CHAV\u00d3N La Escuela de Dise\u00f1o","description":"","publisher":{"@id":"https:\/\/chavon.edu.do\/#organization"},"potentialAction":[{"@type":"SearchAction","target":{"@type":"EntryPoint","urlTemplate":"https:\/\/chavon.edu.do\/?s={search_term_string}"},"query-input":{"@type":"PropertyValueSpecification","valueRequired":true,"valueName":"search_term_string"}}],"inLanguage":"es"},{"@type":"Organization","@id":"https:\/\/chavon.edu.do\/#organization","name":"Chav\u00f3n - La Escuela de Dise\u00f1o","url":"https:\/\/chavon.edu.do\/","logo":{"@type":"ImageObject","inLanguage":"es","@id":"https:\/\/chavon.edu.do\/#\/schema\/logo\/image\/","url":"https:\/\/chavon.edu.do\/wp-content\/uploads\/2019\/12\/chavon.png","contentUrl":"https:\/\/chavon.edu.do\/wp-content\/uploads\/2019\/12\/chavon.png","width":225,"height":225,"caption":"Chav\u00f3n - La Escuela de Dise\u00f1o"},"image":{"@id":"https:\/\/chavon.edu.do\/#\/schema\/logo\/image\/"}}]}},"_links":{"self":[{"href":"https:\/\/chavon.edu.do\/es\/wp-json\/wp\/v2\/pages\/6962","targetHints":{"allow":["GET"]}}],"collection":[{"href":"https:\/\/chavon.edu.do\/es\/wp-json\/wp\/v2\/pages"}],"about":[{"href":"https:\/\/chavon.edu.do\/es\/wp-json\/wp\/v2\/types\/page"}],"author":[{"embeddable":true,"href":"https:\/\/chavon.edu.do\/es\/wp-json\/wp\/v2\/users\/21"}],"replies":[{"embeddable":true,"href":"https:\/\/chavon.edu.do\/es\/wp-json\/wp\/v2\/comments?post=6962"}],"version-history":[{"count":16,"href":"https:\/\/chavon.edu.do\/es\/wp-json\/wp\/v2\/pages\/6962\/revisions"}],"predecessor-version":[{"id":7701,"href":"https:\/\/chavon.edu.do\/es\/wp-json\/wp\/v2\/pages\/6962\/revisions\/7701"}],"up":[{"embeddable":true,"href":"https:\/\/chavon.edu.do\/es\/wp-json\/wp\/v2\/pages\/6352"}],"wp:featuredmedia":[{"embeddable":true,"href":"https:\/\/chavon.edu.do\/es\/wp-json\/wp\/v2\/media\/6989"}],"wp:attachment":[{"href":"https:\/\/chavon.edu.do\/es\/wp-json\/wp\/v2\/media?parent=6962"}],"curies":[{"name":"wp","href":"https:\/\/api.w.org\/{rel}","templated":true}]}}