{"id":6888,"date":"2025-06-05T16:07:02","date_gmt":"2025-06-05T20:07:02","guid":{"rendered":"https:\/\/chavon.edu.do\/?page_id=6888"},"modified":"2025-07-02T09:44:59","modified_gmt":"2025-07-02T13:44:59","slug":"financial-aid-for-current-students","status":"publish","type":"page","link":"https:\/\/chavon.edu.do\/es\/admissions\/financial-aid-for-current-students\/","title":{"rendered":"Ayuda Financiera para Estudiantes Activos"},"content":{"rendered":"<h1 class=\"wp-block-heading\">Ayudas Financieras para Estudiantes Activos<\/h1>\n\n\n\n<div style=\"height:32px\" aria-hidden=\"true\" class=\"wp-block-spacer\"><\/div>\n\n\n\n<div class=\"wp-block-columns has-2-columns right-sidebar is-layout-flex wp-container-core-columns-is-layout-9d6595d7 wp-block-columns-is-layout-flex\">\n<div class=\"wp-block-column is-layout-flow wp-block-column-is-layout-flow\">\n<p class=\"medium\">Los alumnos a tiempo completo de los Programas T\u00e9cnicos de CHAV\u00d3N podr\u00e1n solicitar ayudas econ\u00f3micas o un incremento de la ayuda actual durante su trayectoria acad\u00e9mica.<\/p>\n\n\n\n<p class=\"medium\">Para ello, deber\u00e1n presentar el formulario de solicitud en el Departamento de Servicios Estudiantiles, junto con su expediente acad\u00e9mico actualizado y cualquier otro documento que acredite su necesidad econ\u00f3mica.<\/p>\n\n\n\n<p class=\"medium\">La asignaci\u00f3n de la ayuda financiera est\u00e1 sujeta a la disponibilidad de fondos, al \u00edndice acad\u00e9mico y al rendimiento art\u00edstico del estudiante.<\/p>\n\n\n\n<p class=\"medium\">Las solicitudes de ayuda econ\u00f3mica se revisan por curso acad\u00e9mico, no por trimestre. Los estudiantes que deseen solicitar un aumento de la ayuda pueden hacerlo en cualquier momento del a\u00f1o; sin embargo, las solicitudes ser\u00e1n evaluadas por el Comit\u00e9 de Ayuda Financiera y podr\u00e1n surtir efecto a partir del trimestre de oto\u00f1o (septiembre), al inicio del siguiente ciclo acad\u00e9mico.<\/p>\n<\/div>\n\n\n\n<div class=\"wp-block-column is-layout-flow wp-block-column-is-layout-flow\">\n<div class=\"wp-block-buttons is-layout-flex wp-container-core-buttons-is-layout-a74382ec wp-block-buttons-is-layout-flex\">\n<div class=\"wp-block-button is-style-fill\"><a class=\"wp-block-button__link has-text-align-center wp-element-button\" href=\"https:\/\/wa.link\/ryl9ze\">Chatea con nosotros<\/a><\/div>\n<\/div>\n\n\n\n<p class=\"top-line has-medium-font-size\"><strong>CONTACTO<br><\/strong><br><strong>Tel\u00e9fono:<\/strong> + 1 (809) 563.2802 ext. 108, 109<br><strong>Correo electr\u00f3nico:<\/strong> admisiones@chavon.edu.do<\/p>\n<\/div>\n<\/div>","protected":false},"excerpt":{"rendered":"<p>Financial AID for current students Full-time students in CHAV\u00d3N&#8217;s Technical Programs may apply for financial aid or an increase in their current aid during their <br \/><a class=\"read-more\" href=\"https:\/\/chavon.edu.do\/es\/admissions\/financial-aid-for-current-students\/\">+ Lee m\u00e1s<\/a><\/p>","protected":false},"author":21,"featured_media":6909,"parent":632,"menu_order":34,"comment_status":"closed","ping_status":"closed","template":"template-admissions.php","meta":{"_acf_changed":false,"footnotes":""},"class_list":["post-6888","page","type-page","status-publish","has-post-thumbnail","hentry"],"acf":[],"yoast_head":"<!-- This site is optimized with the Yoast SEO plugin v26.6 - https:\/\/yoast.com\/wordpress\/plugins\/seo\/ -->\n<title>Financial Aid for Current Students | CHAV\u00d3N School of Design<\/title>\n<meta name=\"description\" content=\"Financial aid for current CHAV\u00d3N students. Request new aid or increase current funding. Annual review process. Submit to Student Services anytime.\" \/>\n<meta name=\"robots\" content=\"index, follow, max-snippet:-1, max-image-preview:large, max-video-preview:-1\" \/>\n<link rel=\"canonical\" href=\"https:\/\/chavon.edu.do\/es\/admissions\/financial-aid-for-current-students\/\" \/>\n<meta property=\"og:locale\" content=\"es_ES\" \/>\n<meta property=\"og:type\" content=\"article\" \/>\n<meta property=\"og:title\" content=\"Financial Aid for Current Students | CHAV\u00d3N School of Design\" \/>\n<meta property=\"og:description\" content=\"Financial aid for current CHAV\u00d3N students. Request new aid or increase current funding. Annual review process. Submit to Student Services anytime.\" \/>\n<meta property=\"og:url\" content=\"https:\/\/chavon.edu.do\/es\/admissions\/financial-aid-for-current-students\/\" \/>\n<meta property=\"og:site_name\" content=\"CHAV\u00d3N School of Design\" \/>\n<meta property=\"article:modified_time\" content=\"2025-07-02T13:44:59+00:00\" \/>\n<meta property=\"og:image\" content=\"https:\/\/chavon.edu.do\/wp-content\/uploads\/2025\/06\/financial-aid-for-current-students-hero.jpg\" \/>\n\t<meta property=\"og:image:width\" content=\"2560\" \/>\n\t<meta property=\"og:image:height\" content=\"1440\" \/>\n\t<meta property=\"og:image:type\" content=\"image\/jpeg\" \/>\n<meta name=\"twitter:card\" content=\"summary_large_image\" \/>\n<meta name=\"twitter:label1\" content=\"Tiempo estimado de lectura\" \/>\n\t<meta name=\"twitter:data1\" content=\"1 minuto\" \/>\n<script type=\"application\/ld+json\" class=\"yoast-schema-graph\">{\"@context\":\"https:\/\/schema.org\",\"@graph\":[{\"@type\":\"WebPage\",\"@id\":\"https:\/\/chavon.edu.do\/admissions\/financial-aid-for-current-students\/\",\"url\":\"https:\/\/chavon.edu.do\/admissions\/financial-aid-for-current-students\/\",\"name\":\"Financial Aid for Current Students | CHAV\u00d3N School of Design\",\"isPartOf\":{\"@id\":\"https:\/\/chavon.edu.do\/#website\"},\"primaryImageOfPage\":{\"@id\":\"https:\/\/chavon.edu.do\/admissions\/financial-aid-for-current-students\/#primaryimage\"},\"image\":{\"@id\":\"https:\/\/chavon.edu.do\/admissions\/financial-aid-for-current-students\/#primaryimage\"},\"thumbnailUrl\":\"https:\/\/chavon.edu.do\/wp-content\/uploads\/2025\/06\/financial-aid-for-current-students-hero.jpg\",\"datePublished\":\"2025-06-05T20:07:02+00:00\",\"dateModified\":\"2025-07-02T13:44:59+00:00\",\"description\":\"Financial aid for current CHAV\u00d3N students. Request new aid or increase current funding. Annual review process. Submit to Student Services anytime.\",\"breadcrumb\":{\"@id\":\"https:\/\/chavon.edu.do\/admissions\/financial-aid-for-current-students\/#breadcrumb\"},\"inLanguage\":\"es\",\"potentialAction\":[{\"@type\":\"ReadAction\",\"target\":[\"https:\/\/chavon.edu.do\/admissions\/financial-aid-for-current-students\/\"]}]},{\"@type\":\"ImageObject\",\"inLanguage\":\"es\",\"@id\":\"https:\/\/chavon.edu.do\/admissions\/financial-aid-for-current-students\/#primaryimage\",\"url\":\"https:\/\/chavon.edu.do\/wp-content\/uploads\/2025\/06\/financial-aid-for-current-students-hero.jpg\",\"contentUrl\":\"https:\/\/chavon.edu.do\/wp-content\/uploads\/2025\/06\/financial-aid-for-current-students-hero.jpg\",\"width\":2560,\"height\":1440},{\"@type\":\"BreadcrumbList\",\"@id\":\"https:\/\/chavon.edu.do\/admissions\/financial-aid-for-current-students\/#breadcrumb\",\"itemListElement\":[{\"@type\":\"ListItem\",\"position\":1,\"name\":\"Home\",\"item\":\"https:\/\/chavon.edu.do\/\"},{\"@type\":\"ListItem\",\"position\":2,\"name\":\"Admissions\",\"item\":\"https:\/\/chavon.edu.do\/admissions\/\"},{\"@type\":\"ListItem\",\"position\":3,\"name\":\"Financial Aid for Current Students\"}]},{\"@type\":\"WebSite\",\"@id\":\"https:\/\/chavon.edu.do\/#website\",\"url\":\"https:\/\/chavon.edu.do\/\",\"name\":\"CHAV\u00d3N School of Design\",\"description\":\"\",\"publisher\":{\"@id\":\"https:\/\/chavon.edu.do\/#organization\"},\"potentialAction\":[{\"@type\":\"SearchAction\",\"target\":{\"@type\":\"EntryPoint\",\"urlTemplate\":\"https:\/\/chavon.edu.do\/?s={search_term_string}\"},\"query-input\":{\"@type\":\"PropertyValueSpecification\",\"valueRequired\":true,\"valueName\":\"search_term_string\"}}],\"inLanguage\":\"es\"},{\"@type\":\"Organization\",\"@id\":\"https:\/\/chavon.edu.do\/#organization\",\"name\":\"Chav\u00f3n - La Escuela de Dise\u00f1o\",\"url\":\"https:\/\/chavon.edu.do\/\",\"logo\":{\"@type\":\"ImageObject\",\"inLanguage\":\"es\",\"@id\":\"https:\/\/chavon.edu.do\/#\/schema\/logo\/image\/\",\"url\":\"https:\/\/chavon.edu.do\/wp-content\/uploads\/2019\/12\/chavon.png\",\"contentUrl\":\"https:\/\/chavon.edu.do\/wp-content\/uploads\/2019\/12\/chavon.png\",\"width\":225,\"height\":225,\"caption\":\"Chav\u00f3n - La Escuela de Dise\u00f1o\"},\"image\":{\"@id\":\"https:\/\/chavon.edu.do\/#\/schema\/logo\/image\/\"}}]}<\/script>\n<!-- \/ Yoast SEO plugin. -->","yoast_head_json":{"title":"Financial Aid for Current Students | CHAV\u00d3N School of Design","description":"Financial aid for current CHAV\u00d3N students. Request new aid or increase current funding. Annual review process. Submit to Student Services anytime.","robots":{"index":"index","follow":"follow","max-snippet":"max-snippet:-1","max-image-preview":"max-image-preview:large","max-video-preview":"max-video-preview:-1"},"canonical":"https:\/\/chavon.edu.do\/es\/admissions\/financial-aid-for-current-students\/","og_locale":"es_ES","og_type":"article","og_title":"Financial Aid for Current Students | CHAV\u00d3N School of Design","og_description":"Financial aid for current CHAV\u00d3N students. Request new aid or increase current funding. Annual review process. Submit to Student Services anytime.","og_url":"https:\/\/chavon.edu.do\/es\/admissions\/financial-aid-for-current-students\/","og_site_name":"CHAV\u00d3N School of Design","article_modified_time":"2025-07-02T13:44:59+00:00","og_image":[{"width":2560,"height":1440,"url":"https:\/\/chavon.edu.do\/wp-content\/uploads\/2025\/06\/financial-aid-for-current-students-hero.jpg","type":"image\/jpeg"}],"twitter_card":"summary_large_image","twitter_misc":{"Tiempo estimado de lectura":"1 minuto"},"schema":{"@context":"https:\/\/schema.org","@graph":[{"@type":"WebPage","@id":"https:\/\/chavon.edu.do\/admissions\/financial-aid-for-current-students\/","url":"https:\/\/chavon.edu.do\/admissions\/financial-aid-for-current-students\/","name":"Financial Aid for Current Students | CHAV\u00d3N School of Design","isPartOf":{"@id":"https:\/\/chavon.edu.do\/#website"},"primaryImageOfPage":{"@id":"https:\/\/chavon.edu.do\/admissions\/financial-aid-for-current-students\/#primaryimage"},"image":{"@id":"https:\/\/chavon.edu.do\/admissions\/financial-aid-for-current-students\/#primaryimage"},"thumbnailUrl":"https:\/\/chavon.edu.do\/wp-content\/uploads\/2025\/06\/financial-aid-for-current-students-hero.jpg","datePublished":"2025-06-05T20:07:02+00:00","dateModified":"2025-07-02T13:44:59+00:00","description":"Financial aid for current CHAV\u00d3N students. Request new aid or increase current funding. Annual review process. Submit to Student Services anytime.","breadcrumb":{"@id":"https:\/\/chavon.edu.do\/admissions\/financial-aid-for-current-students\/#breadcrumb"},"inLanguage":"es","potentialAction":[{"@type":"ReadAction","target":["https:\/\/chavon.edu.do\/admissions\/financial-aid-for-current-students\/"]}]},{"@type":"ImageObject","inLanguage":"es","@id":"https:\/\/chavon.edu.do\/admissions\/financial-aid-for-current-students\/#primaryimage","url":"https:\/\/chavon.edu.do\/wp-content\/uploads\/2025\/06\/financial-aid-for-current-students-hero.jpg","contentUrl":"https:\/\/chavon.edu.do\/wp-content\/uploads\/2025\/06\/financial-aid-for-current-students-hero.jpg","width":2560,"height":1440},{"@type":"BreadcrumbList","@id":"https:\/\/chavon.edu.do\/admissions\/financial-aid-for-current-students\/#breadcrumb","itemListElement":[{"@type":"ListItem","position":1,"name":"Home","item":"https:\/\/chavon.edu.do\/"},{"@type":"ListItem","position":2,"name":"Admissions","item":"https:\/\/chavon.edu.do\/admissions\/"},{"@type":"ListItem","position":3,"name":"Financial Aid for Current Students"}]},{"@type":"WebSite","@id":"https:\/\/chavon.edu.do\/#website","url":"https:\/\/chavon.edu.do\/","name":"CHAV\u00d3N La Escuela de Dise\u00f1o","description":"","publisher":{"@id":"https:\/\/chavon.edu.do\/#organization"},"potentialAction":[{"@type":"SearchAction","target":{"@type":"EntryPoint","urlTemplate":"https:\/\/chavon.edu.do\/?s={search_term_string}"},"query-input":{"@type":"PropertyValueSpecification","valueRequired":true,"valueName":"search_term_string"}}],"inLanguage":"es"},{"@type":"Organization","@id":"https:\/\/chavon.edu.do\/#organization","name":"Chav\u00f3n - La Escuela de Dise\u00f1o","url":"https:\/\/chavon.edu.do\/","logo":{"@type":"ImageObject","inLanguage":"es","@id":"https:\/\/chavon.edu.do\/#\/schema\/logo\/image\/","url":"https:\/\/chavon.edu.do\/wp-content\/uploads\/2019\/12\/chavon.png","contentUrl":"https:\/\/chavon.edu.do\/wp-content\/uploads\/2019\/12\/chavon.png","width":225,"height":225,"caption":"Chav\u00f3n - La Escuela de Dise\u00f1o"},"image":{"@id":"https:\/\/chavon.edu.do\/#\/schema\/logo\/image\/"}}]}},"_links":{"self":[{"href":"https:\/\/chavon.edu.do\/es\/wp-json\/wp\/v2\/pages\/6888","targetHints":{"allow":["GET"]}}],"collection":[{"href":"https:\/\/chavon.edu.do\/es\/wp-json\/wp\/v2\/pages"}],"about":[{"href":"https:\/\/chavon.edu.do\/es\/wp-json\/wp\/v2\/types\/page"}],"author":[{"embeddable":true,"href":"https:\/\/chavon.edu.do\/es\/wp-json\/wp\/v2\/users\/21"}],"replies":[{"embeddable":true,"href":"https:\/\/chavon.edu.do\/es\/wp-json\/wp\/v2\/comments?post=6888"}],"version-history":[{"count":10,"href":"https:\/\/chavon.edu.do\/es\/wp-json\/wp\/v2\/pages\/6888\/revisions"}],"predecessor-version":[{"id":7859,"href":"https:\/\/chavon.edu.do\/es\/wp-json\/wp\/v2\/pages\/6888\/revisions\/7859"}],"up":[{"embeddable":true,"href":"https:\/\/chavon.edu.do\/es\/wp-json\/wp\/v2\/pages\/632"}],"wp:featuredmedia":[{"embeddable":true,"href":"https:\/\/chavon.edu.do\/es\/wp-json\/wp\/v2\/media\/6909"}],"wp:attachment":[{"href":"https:\/\/chavon.edu.do\/es\/wp-json\/wp\/v2\/media?parent=6888"}],"curies":[{"name":"wp","href":"https:\/\/api.w.org\/{rel}","templated":true}]}}