{"id":6886,"date":"2025-06-05T16:06:29","date_gmt":"2025-06-05T20:06:29","guid":{"rendered":"https:\/\/chavon.edu.do\/?page_id=6886"},"modified":"2025-07-02T11:39:38","modified_gmt":"2025-07-02T15:39:38","slug":"financial-aid-for-new-students","status":"publish","type":"page","link":"https:\/\/chavon.edu.do\/es\/admissions\/financial-aid-for-new-students\/","title":{"rendered":"Ayuda Financiera para Nuevos Estudiantes"},"content":{"rendered":"<h1 class=\"wp-block-heading\">Ayuda Financiera para Nuevos Estudiantes<\/h1>\n\n\n\n<div style=\"height:32px\" aria-hidden=\"true\" class=\"wp-block-spacer\"><\/div>\n\n\n\n<div class=\"wp-block-columns has-2-columns right-sidebar is-layout-flex wp-container-core-columns-is-layout-9d6595d7 wp-block-columns-is-layout-flex\">\n<div class=\"wp-block-column is-layout-flow wp-block-column-is-layout-flow\">\n<p class=\"medium\">Los alumnos admitidos en los Programas T\u00e9cnicos de CHAV\u00d3N podr\u00e1n solicitar Ayudas Econ\u00f3micas una vez reciban el documento de admisi\u00f3n. Para ser considerados, deben completar y enviar el formulario correspondiente antes del <strong>15 de marzo<\/strong>.<\/p>\n\n\n\n<p class=\"medium\">Las solicitudes son evaluadas por el <strong>Comit\u00e9 de Ayuda Financiera<\/strong>, teniendo en cuenta la capacidad art\u00edstica del estudiante y sus necesidades econ\u00f3micas. Las decisiones se comunican antes del <strong>15 de junio<\/strong> y est\u00e1n sujetas a la disponibilidad de fondos.<\/p>\n\n\n\n<p class=\"medium\">Las becas concedidas pueden cubrir <strong>25%<\/strong> y <strong>100%<\/strong> de los costes de matr\u00edcula. Para mantener la ayuda financiera, los estudiantes deben mantener un rendimiento acad\u00e9mico satisfactorio, de acuerdo con las condiciones detalladas en el documento de confirmaci\u00f3n de la ayuda.<\/p>\n\n\n\n<p class=\"medium\">Las ayudas econ\u00f3micas se renuevan autom\u00e1ticamente cada curso acad\u00e9mico, siempre que el estudiante cumpla los requisitos establecidos. Si no se cumplen los requisitos, la ayuda puede retirarse parcial o totalmente.<\/p>\n<\/div>\n\n\n\n<div class=\"wp-block-column is-layout-flow wp-block-column-is-layout-flow\">\n<div class=\"wp-block-buttons is-layout-flex wp-container-core-buttons-is-layout-a74382ec wp-block-buttons-is-layout-flex\">\n<div class=\"wp-block-button is-style-fill\"><a class=\"wp-block-button__link has-text-align-center wp-element-button\" href=\"https:\/\/wa.link\/ryl9ze\">Chatea con nosotros<\/a><\/div>\n<\/div>\n\n\n\n<p class=\"top-line has-medium-font-size\"><strong>CONTACTO<br><\/strong><br><strong>Tel\u00e9fono:<\/strong> + 1 (809) 563.2802 ext. 108, 109<br><strong>Correo electr\u00f3nico:<\/strong> admisiones@chavon.edu.do<\/p>\n<\/div>\n<\/div>","protected":false},"excerpt":{"rendered":"<p>Financial AID for new students Students admitted to CHAV\u00d3N&#8217;s Technical Programs may apply for Financial Aid once they receive their admission document. To be considered, <br \/><a class=\"read-more\" href=\"https:\/\/chavon.edu.do\/es\/admissions\/financial-aid-for-new-students\/\">+ Lee m\u00e1s<\/a><\/p>","protected":false},"author":21,"featured_media":6905,"parent":632,"menu_order":34,"comment_status":"closed","ping_status":"closed","template":"template-admissions.php","meta":{"_acf_changed":false,"footnotes":""},"class_list":["post-6886","page","type-page","status-publish","has-post-thumbnail","hentry"],"acf":[],"yoast_head":"<!-- This site is optimized with the Yoast SEO plugin v26.6 - https:\/\/yoast.com\/wordpress\/plugins\/seo\/ -->\n<title>Financial Aid for New Students | CHAV\u00d3N School of Design<\/title>\n<meta name=\"description\" content=\"New student financial aid at CHAV\u00d3N School of Design. Scholarships up to 100% tuition coverage. March 15th deadline. Artistic merit evaluated.\" \/>\n<meta name=\"robots\" content=\"index, follow, max-snippet:-1, max-image-preview:large, max-video-preview:-1\" \/>\n<link rel=\"canonical\" href=\"https:\/\/chavon.edu.do\/es\/admissions\/financial-aid-for-new-students\/\" \/>\n<meta property=\"og:locale\" content=\"es_ES\" \/>\n<meta property=\"og:type\" content=\"article\" \/>\n<meta property=\"og:title\" content=\"Financial Aid for New Students | CHAV\u00d3N School of Design\" \/>\n<meta property=\"og:description\" content=\"New student financial aid at CHAV\u00d3N School of Design. Scholarships up to 100% tuition coverage. March 15th deadline. Artistic merit evaluated.\" \/>\n<meta property=\"og:url\" content=\"https:\/\/chavon.edu.do\/es\/admissions\/financial-aid-for-new-students\/\" \/>\n<meta property=\"og:site_name\" content=\"CHAV\u00d3N School of Design\" \/>\n<meta property=\"article:modified_time\" content=\"2025-07-02T15:39:38+00:00\" \/>\n<meta property=\"og:image\" content=\"https:\/\/chavon.edu.do\/wp-content\/uploads\/2025\/06\/financial-aid-for-new-students-hero.jpg\" \/>\n\t<meta property=\"og:image:width\" content=\"2560\" \/>\n\t<meta property=\"og:image:height\" content=\"1440\" \/>\n\t<meta property=\"og:image:type\" content=\"image\/jpeg\" \/>\n<meta name=\"twitter:card\" content=\"summary_large_image\" \/>\n<meta name=\"twitter:label1\" content=\"Tiempo estimado de lectura\" \/>\n\t<meta name=\"twitter:data1\" content=\"1 minuto\" \/>\n<script type=\"application\/ld+json\" class=\"yoast-schema-graph\">{\"@context\":\"https:\/\/schema.org\",\"@graph\":[{\"@type\":\"WebPage\",\"@id\":\"https:\/\/chavon.edu.do\/admissions\/financial-aid-for-new-students\/\",\"url\":\"https:\/\/chavon.edu.do\/admissions\/financial-aid-for-new-students\/\",\"name\":\"Financial Aid for New Students | CHAV\u00d3N School of Design\",\"isPartOf\":{\"@id\":\"https:\/\/chavon.edu.do\/#website\"},\"primaryImageOfPage\":{\"@id\":\"https:\/\/chavon.edu.do\/admissions\/financial-aid-for-new-students\/#primaryimage\"},\"image\":{\"@id\":\"https:\/\/chavon.edu.do\/admissions\/financial-aid-for-new-students\/#primaryimage\"},\"thumbnailUrl\":\"https:\/\/chavon.edu.do\/wp-content\/uploads\/2025\/06\/financial-aid-for-new-students-hero.jpg\",\"datePublished\":\"2025-06-05T20:06:29+00:00\",\"dateModified\":\"2025-07-02T15:39:38+00:00\",\"description\":\"New student financial aid at CHAV\u00d3N School of Design. Scholarships up to 100% tuition coverage. March 15th deadline. Artistic merit evaluated.\",\"breadcrumb\":{\"@id\":\"https:\/\/chavon.edu.do\/admissions\/financial-aid-for-new-students\/#breadcrumb\"},\"inLanguage\":\"es\",\"potentialAction\":[{\"@type\":\"ReadAction\",\"target\":[\"https:\/\/chavon.edu.do\/admissions\/financial-aid-for-new-students\/\"]}]},{\"@type\":\"ImageObject\",\"inLanguage\":\"es\",\"@id\":\"https:\/\/chavon.edu.do\/admissions\/financial-aid-for-new-students\/#primaryimage\",\"url\":\"https:\/\/chavon.edu.do\/wp-content\/uploads\/2025\/06\/financial-aid-for-new-students-hero.jpg\",\"contentUrl\":\"https:\/\/chavon.edu.do\/wp-content\/uploads\/2025\/06\/financial-aid-for-new-students-hero.jpg\",\"width\":2560,\"height\":1440},{\"@type\":\"BreadcrumbList\",\"@id\":\"https:\/\/chavon.edu.do\/admissions\/financial-aid-for-new-students\/#breadcrumb\",\"itemListElement\":[{\"@type\":\"ListItem\",\"position\":1,\"name\":\"Home\",\"item\":\"https:\/\/chavon.edu.do\/\"},{\"@type\":\"ListItem\",\"position\":2,\"name\":\"Admissions\",\"item\":\"https:\/\/chavon.edu.do\/admissions\/\"},{\"@type\":\"ListItem\",\"position\":3,\"name\":\"Financial Aid for New Students\"}]},{\"@type\":\"WebSite\",\"@id\":\"https:\/\/chavon.edu.do\/#website\",\"url\":\"https:\/\/chavon.edu.do\/\",\"name\":\"CHAV\u00d3N School of Design\",\"description\":\"\",\"publisher\":{\"@id\":\"https:\/\/chavon.edu.do\/#organization\"},\"potentialAction\":[{\"@type\":\"SearchAction\",\"target\":{\"@type\":\"EntryPoint\",\"urlTemplate\":\"https:\/\/chavon.edu.do\/?s={search_term_string}\"},\"query-input\":{\"@type\":\"PropertyValueSpecification\",\"valueRequired\":true,\"valueName\":\"search_term_string\"}}],\"inLanguage\":\"es\"},{\"@type\":\"Organization\",\"@id\":\"https:\/\/chavon.edu.do\/#organization\",\"name\":\"Chav\u00f3n - La Escuela de Dise\u00f1o\",\"url\":\"https:\/\/chavon.edu.do\/\",\"logo\":{\"@type\":\"ImageObject\",\"inLanguage\":\"es\",\"@id\":\"https:\/\/chavon.edu.do\/#\/schema\/logo\/image\/\",\"url\":\"https:\/\/chavon.edu.do\/wp-content\/uploads\/2019\/12\/chavon.png\",\"contentUrl\":\"https:\/\/chavon.edu.do\/wp-content\/uploads\/2019\/12\/chavon.png\",\"width\":225,\"height\":225,\"caption\":\"Chav\u00f3n - La Escuela de Dise\u00f1o\"},\"image\":{\"@id\":\"https:\/\/chavon.edu.do\/#\/schema\/logo\/image\/\"}}]}<\/script>\n<!-- \/ Yoast SEO plugin. -->","yoast_head_json":{"title":"Financial Aid for New Students | CHAV\u00d3N School of Design","description":"New student financial aid at CHAV\u00d3N School of Design. Scholarships up to 100% tuition coverage. March 15th deadline. Artistic merit evaluated.","robots":{"index":"index","follow":"follow","max-snippet":"max-snippet:-1","max-image-preview":"max-image-preview:large","max-video-preview":"max-video-preview:-1"},"canonical":"https:\/\/chavon.edu.do\/es\/admissions\/financial-aid-for-new-students\/","og_locale":"es_ES","og_type":"article","og_title":"Financial Aid for New Students | CHAV\u00d3N School of Design","og_description":"New student financial aid at CHAV\u00d3N School of Design. Scholarships up to 100% tuition coverage. March 15th deadline. Artistic merit evaluated.","og_url":"https:\/\/chavon.edu.do\/es\/admissions\/financial-aid-for-new-students\/","og_site_name":"CHAV\u00d3N School of Design","article_modified_time":"2025-07-02T15:39:38+00:00","og_image":[{"width":2560,"height":1440,"url":"https:\/\/chavon.edu.do\/wp-content\/uploads\/2025\/06\/financial-aid-for-new-students-hero.jpg","type":"image\/jpeg"}],"twitter_card":"summary_large_image","twitter_misc":{"Tiempo estimado de lectura":"1 minuto"},"schema":{"@context":"https:\/\/schema.org","@graph":[{"@type":"WebPage","@id":"https:\/\/chavon.edu.do\/admissions\/financial-aid-for-new-students\/","url":"https:\/\/chavon.edu.do\/admissions\/financial-aid-for-new-students\/","name":"Financial Aid for New Students | CHAV\u00d3N School of Design","isPartOf":{"@id":"https:\/\/chavon.edu.do\/#website"},"primaryImageOfPage":{"@id":"https:\/\/chavon.edu.do\/admissions\/financial-aid-for-new-students\/#primaryimage"},"image":{"@id":"https:\/\/chavon.edu.do\/admissions\/financial-aid-for-new-students\/#primaryimage"},"thumbnailUrl":"https:\/\/chavon.edu.do\/wp-content\/uploads\/2025\/06\/financial-aid-for-new-students-hero.jpg","datePublished":"2025-06-05T20:06:29+00:00","dateModified":"2025-07-02T15:39:38+00:00","description":"New student financial aid at CHAV\u00d3N School of Design. Scholarships up to 100% tuition coverage. March 15th deadline. Artistic merit evaluated.","breadcrumb":{"@id":"https:\/\/chavon.edu.do\/admissions\/financial-aid-for-new-students\/#breadcrumb"},"inLanguage":"es","potentialAction":[{"@type":"ReadAction","target":["https:\/\/chavon.edu.do\/admissions\/financial-aid-for-new-students\/"]}]},{"@type":"ImageObject","inLanguage":"es","@id":"https:\/\/chavon.edu.do\/admissions\/financial-aid-for-new-students\/#primaryimage","url":"https:\/\/chavon.edu.do\/wp-content\/uploads\/2025\/06\/financial-aid-for-new-students-hero.jpg","contentUrl":"https:\/\/chavon.edu.do\/wp-content\/uploads\/2025\/06\/financial-aid-for-new-students-hero.jpg","width":2560,"height":1440},{"@type":"BreadcrumbList","@id":"https:\/\/chavon.edu.do\/admissions\/financial-aid-for-new-students\/#breadcrumb","itemListElement":[{"@type":"ListItem","position":1,"name":"Home","item":"https:\/\/chavon.edu.do\/"},{"@type":"ListItem","position":2,"name":"Admissions","item":"https:\/\/chavon.edu.do\/admissions\/"},{"@type":"ListItem","position":3,"name":"Financial Aid for New Students"}]},{"@type":"WebSite","@id":"https:\/\/chavon.edu.do\/#website","url":"https:\/\/chavon.edu.do\/","name":"CHAV\u00d3N La Escuela de Dise\u00f1o","description":"","publisher":{"@id":"https:\/\/chavon.edu.do\/#organization"},"potentialAction":[{"@type":"SearchAction","target":{"@type":"EntryPoint","urlTemplate":"https:\/\/chavon.edu.do\/?s={search_term_string}"},"query-input":{"@type":"PropertyValueSpecification","valueRequired":true,"valueName":"search_term_string"}}],"inLanguage":"es"},{"@type":"Organization","@id":"https:\/\/chavon.edu.do\/#organization","name":"Chav\u00f3n - La Escuela de Dise\u00f1o","url":"https:\/\/chavon.edu.do\/","logo":{"@type":"ImageObject","inLanguage":"es","@id":"https:\/\/chavon.edu.do\/#\/schema\/logo\/image\/","url":"https:\/\/chavon.edu.do\/wp-content\/uploads\/2019\/12\/chavon.png","contentUrl":"https:\/\/chavon.edu.do\/wp-content\/uploads\/2019\/12\/chavon.png","width":225,"height":225,"caption":"Chav\u00f3n - La Escuela de Dise\u00f1o"},"image":{"@id":"https:\/\/chavon.edu.do\/#\/schema\/logo\/image\/"}}]}},"_links":{"self":[{"href":"https:\/\/chavon.edu.do\/es\/wp-json\/wp\/v2\/pages\/6886","targetHints":{"allow":["GET"]}}],"collection":[{"href":"https:\/\/chavon.edu.do\/es\/wp-json\/wp\/v2\/pages"}],"about":[{"href":"https:\/\/chavon.edu.do\/es\/wp-json\/wp\/v2\/types\/page"}],"author":[{"embeddable":true,"href":"https:\/\/chavon.edu.do\/es\/wp-json\/wp\/v2\/users\/21"}],"replies":[{"embeddable":true,"href":"https:\/\/chavon.edu.do\/es\/wp-json\/wp\/v2\/comments?post=6886"}],"version-history":[{"count":10,"href":"https:\/\/chavon.edu.do\/es\/wp-json\/wp\/v2\/pages\/6886\/revisions"}],"predecessor-version":[{"id":7879,"href":"https:\/\/chavon.edu.do\/es\/wp-json\/wp\/v2\/pages\/6886\/revisions\/7879"}],"up":[{"embeddable":true,"href":"https:\/\/chavon.edu.do\/es\/wp-json\/wp\/v2\/pages\/632"}],"wp:featuredmedia":[{"embeddable":true,"href":"https:\/\/chavon.edu.do\/es\/wp-json\/wp\/v2\/media\/6905"}],"wp:attachment":[{"href":"https:\/\/chavon.edu.do\/es\/wp-json\/wp\/v2\/media?parent=6886"}],"curies":[{"name":"wp","href":"https:\/\/api.w.org\/{rel}","templated":true}]}}