{"id":6754,"date":"2025-06-04T11:49:30","date_gmt":"2025-06-04T15:49:30","guid":{"rendered":"https:\/\/chavon.edu.do\/?page_id=6754"},"modified":"2025-09-22T09:23:02","modified_gmt":"2025-09-22T13:23:02","slug":"teens-pre-university-workshops","status":"publish","type":"page","link":"https:\/\/chavon.edu.do\/es\/programs\/teens-pre-university-workshops\/","title":{"rendered":"Talleres Pre-universitarios"},"content":{"rendered":"<div class=\"wp-block-columns has-2-columns right-sidebar is-layout-flex wp-container-core-columns-is-layout-9d6595d7 wp-block-columns-is-layout-flex\">\n<div class=\"wp-block-column is-layout-flow wp-block-column-is-layout-flow\">\n<h1 class=\"wp-block-heading\">Talleres Pre-universitarios<\/h1>\n\n\n\n<p class=\"special-section\">CHAV\u00d3N Santo Domingo<\/p>\n\n\n\n<hr class=\"wp-block-separator has-alpha-channel-opacity\"\/>\n\n\n\n<div style=\"height:48px\" aria-hidden=\"true\" class=\"wp-block-spacer\"><\/div>\n\n\n\n<p class=\"medium\">Los talleres preuniversitarios de CHAV\u00d3N son programas especializados de 12 a 15 semanas de duraci\u00f3n dise\u00f1ados para adolescentes comprometidos con el arte y el dise\u00f1o. Estos cursos intensivos proporcionan una exploraci\u00f3n profunda de las disciplinas creativas y una preparaci\u00f3n a nivel universitario.<\/p>\n\n\n\n<p class=\"medium\">Los estudiantes participan en cursos rigurosos que reflejan los programas de arte universitarios, trabajando en proyectos sustanciales que desarrollan tanto las habilidades t\u00e9cnicas como el pensamiento conceptual. El plan de estudios est\u00e1 dise\u00f1ado para preparar a los estudiantes para las exigencias de la educaci\u00f3n superior en campos creativos.<\/p>\n\n\n\n<p class=\"medium\">Estos programas ampliados se centran en gran medida en el desarrollo del portafolio, ayudando a los estudiantes a crear materiales de solicitud competitivos para las mejores escuelas de arte de todo el mundo. Las cr\u00edticas y la orientaci\u00f3n profesionales garantizan que los portafolios cumplan los est\u00e1ndares universitarios internacionales.<\/p>\n\n\n\n<p class=\"medium\">A trav\u00e9s de talleres, conferencias de invitados y contactos con la industria, los estudiantes adquieren conocimientos sobre diversas trayectorias profesionales en el arte y el dise\u00f1o. Esta amplia exposici\u00f3n les ayuda a tomar decisiones informadas sobre sus futuras especializaciones acad\u00e9micas y aspiraciones profesionales.<\/p>\n<\/div>\n\n\n\n<div class=\"wp-block-column is-layout-flow wp-block-column-is-layout-flow\">\n<div class=\"wp-block-buttons is-content-justification-left is-layout-flex wp-container-core-buttons-is-layout-fdcfc74e wp-block-buttons-is-layout-flex\">\n<div class=\"wp-block-button has-custom-width wp-block-button__width-100\"><a class=\"wp-block-button__link has-white-color has-text-color has-link-color wp-element-button\" href=\"\/es\/formulario-solicitud-informacion\/\">Pide informaci\u00f3n<\/a><\/div>\n<\/div>\n\n\n\n<div class=\"wp-block-button\"><a class=\"wp-block-button__link has-white-color has-text-color has-link-color wp-element-button\" href=\"https:\/\/wa.link\/ryl9ze\">Chatea con nosotros<\/a><\/div>\n\n\n\n<p class=\"top-line has-medium-font-size\"><strong>CONTACTO<\/strong><br><br><strong>Tel\u00e9fono:<\/strong> + 1 (809) 563.2802 ext. 108, 109<br><strong>Correo electr\u00f3nico:<\/strong> info@chavon.edu.do<\/p>\n<\/div>\n<\/div>","protected":false},"excerpt":{"rendered":"<p>Teens Pre-university Workshops CHAV\u00d3N Santo Domingo CHAV\u00d3N&#8217;s Pre-university Workshops are comprehensive 12-15 week specialized programs designed for serious teens committed to pursuing art and design <br \/><a class=\"read-more\" href=\"https:\/\/chavon.edu.do\/es\/programs\/teens-pre-university-workshops\/\">+ Lee m\u00e1s<\/a><\/p>","protected":false},"author":21,"featured_media":6757,"parent":1635,"menu_order":60,"comment_status":"closed","ping_status":"closed","template":"","meta":{"_acf_changed":false,"footnotes":""},"class_list":["post-6754","page","type-page","status-publish","has-post-thumbnail","hentry"],"acf":[],"yoast_head":"<!-- This site is optimized with the Yoast SEO plugin v26.6 - https:\/\/yoast.com\/wordpress\/plugins\/seo\/ -->\n<title>Teens Pre-university Workshops | CHAV\u00d3N School of Design<\/title>\n<meta name=\"description\" content=\"Pre-university Workshops for Teens is a 12-15 week specialized art &amp; design program. University prep, portfolio building &amp; career exploration.\" \/>\n<meta name=\"robots\" content=\"index, follow, max-snippet:-1, max-image-preview:large, max-video-preview:-1\" \/>\n<link rel=\"canonical\" href=\"https:\/\/chavon.edu.do\/es\/programs\/teens-pre-university-workshops\/\" \/>\n<meta property=\"og:locale\" content=\"es_ES\" \/>\n<meta property=\"og:type\" content=\"article\" \/>\n<meta property=\"og:title\" content=\"Teens Pre-university Workshops | CHAV\u00d3N School of Design\" \/>\n<meta property=\"og:description\" content=\"Pre-university Workshops for Teens is a 12-15 week specialized art &amp; design program. University prep, portfolio building &amp; career exploration.\" \/>\n<meta property=\"og:url\" content=\"https:\/\/chavon.edu.do\/es\/programs\/teens-pre-university-workshops\/\" \/>\n<meta property=\"og:site_name\" content=\"CHAV\u00d3N School of Design\" \/>\n<meta property=\"article:modified_time\" content=\"2025-09-22T13:23:02+00:00\" \/>\n<meta property=\"og:image\" content=\"https:\/\/chavon.edu.do\/wp-content\/uploads\/2025\/06\/pattern-maker-chavon-teens-featured-image.jpg\" \/>\n\t<meta property=\"og:image:width\" content=\"2560\" \/>\n\t<meta property=\"og:image:height\" content=\"1707\" \/>\n\t<meta property=\"og:image:type\" content=\"image\/jpeg\" \/>\n<meta name=\"twitter:card\" content=\"summary_large_image\" \/>\n<meta name=\"twitter:label1\" content=\"Tiempo estimado de lectura\" \/>\n\t<meta name=\"twitter:data1\" content=\"1 minuto\" \/>\n<script type=\"application\/ld+json\" class=\"yoast-schema-graph\">{\"@context\":\"https:\/\/schema.org\",\"@graph\":[{\"@type\":\"WebPage\",\"@id\":\"https:\/\/chavon.edu.do\/programs\/teens-pre-university-workshops\/\",\"url\":\"https:\/\/chavon.edu.do\/programs\/teens-pre-university-workshops\/\",\"name\":\"Teens Pre-university Workshops | CHAV\u00d3N School of Design\",\"isPartOf\":{\"@id\":\"https:\/\/chavon.edu.do\/#website\"},\"primaryImageOfPage\":{\"@id\":\"https:\/\/chavon.edu.do\/programs\/teens-pre-university-workshops\/#primaryimage\"},\"image\":{\"@id\":\"https:\/\/chavon.edu.do\/programs\/teens-pre-university-workshops\/#primaryimage\"},\"thumbnailUrl\":\"https:\/\/chavon.edu.do\/wp-content\/uploads\/2025\/06\/pattern-maker-chavon-teens-featured-image.jpg\",\"datePublished\":\"2025-06-04T15:49:30+00:00\",\"dateModified\":\"2025-09-22T13:23:02+00:00\",\"description\":\"Pre-university Workshops for Teens is a 12-15 week specialized art & design program. University prep, portfolio building & career exploration.\",\"breadcrumb\":{\"@id\":\"https:\/\/chavon.edu.do\/programs\/teens-pre-university-workshops\/#breadcrumb\"},\"inLanguage\":\"es\",\"potentialAction\":[{\"@type\":\"ReadAction\",\"target\":[\"https:\/\/chavon.edu.do\/programs\/teens-pre-university-workshops\/\"]}]},{\"@type\":\"ImageObject\",\"inLanguage\":\"es\",\"@id\":\"https:\/\/chavon.edu.do\/programs\/teens-pre-university-workshops\/#primaryimage\",\"url\":\"https:\/\/chavon.edu.do\/wp-content\/uploads\/2025\/06\/pattern-maker-chavon-teens-featured-image.jpg\",\"contentUrl\":\"https:\/\/chavon.edu.do\/wp-content\/uploads\/2025\/06\/pattern-maker-chavon-teens-featured-image.jpg\",\"width\":2560,\"height\":1707},{\"@type\":\"BreadcrumbList\",\"@id\":\"https:\/\/chavon.edu.do\/programs\/teens-pre-university-workshops\/#breadcrumb\",\"itemListElement\":[{\"@type\":\"ListItem\",\"position\":1,\"name\":\"Home\",\"item\":\"https:\/\/chavon.edu.do\/\"},{\"@type\":\"ListItem\",\"position\":2,\"name\":\"Programs\",\"item\":\"https:\/\/chavon.edu.do\/es\/programs\/\"},{\"@type\":\"ListItem\",\"position\":3,\"name\":\"Teens Pre-university Workshops\"}]},{\"@type\":\"WebSite\",\"@id\":\"https:\/\/chavon.edu.do\/#website\",\"url\":\"https:\/\/chavon.edu.do\/\",\"name\":\"CHAV\u00d3N School of Design\",\"description\":\"\",\"publisher\":{\"@id\":\"https:\/\/chavon.edu.do\/#organization\"},\"potentialAction\":[{\"@type\":\"SearchAction\",\"target\":{\"@type\":\"EntryPoint\",\"urlTemplate\":\"https:\/\/chavon.edu.do\/?s={search_term_string}\"},\"query-input\":{\"@type\":\"PropertyValueSpecification\",\"valueRequired\":true,\"valueName\":\"search_term_string\"}}],\"inLanguage\":\"es\"},{\"@type\":\"Organization\",\"@id\":\"https:\/\/chavon.edu.do\/#organization\",\"name\":\"Chav\u00f3n - La Escuela de Dise\u00f1o\",\"url\":\"https:\/\/chavon.edu.do\/\",\"logo\":{\"@type\":\"ImageObject\",\"inLanguage\":\"es\",\"@id\":\"https:\/\/chavon.edu.do\/#\/schema\/logo\/image\/\",\"url\":\"https:\/\/chavon.edu.do\/wp-content\/uploads\/2019\/12\/chavon.png\",\"contentUrl\":\"https:\/\/chavon.edu.do\/wp-content\/uploads\/2019\/12\/chavon.png\",\"width\":225,\"height\":225,\"caption\":\"Chav\u00f3n - La Escuela de Dise\u00f1o\"},\"image\":{\"@id\":\"https:\/\/chavon.edu.do\/#\/schema\/logo\/image\/\"}}]}<\/script>\n<!-- \/ Yoast SEO plugin. -->","yoast_head_json":{"title":"Teens Pre-university Workshops | CHAV\u00d3N School of Design","description":"Pre-university Workshops for Teens is a 12-15 week specialized art & design program. University prep, portfolio building & career exploration.","robots":{"index":"index","follow":"follow","max-snippet":"max-snippet:-1","max-image-preview":"max-image-preview:large","max-video-preview":"max-video-preview:-1"},"canonical":"https:\/\/chavon.edu.do\/es\/programs\/teens-pre-university-workshops\/","og_locale":"es_ES","og_type":"article","og_title":"Teens Pre-university Workshops | CHAV\u00d3N School of Design","og_description":"Pre-university Workshops for Teens is a 12-15 week specialized art & design program. University prep, portfolio building & career exploration.","og_url":"https:\/\/chavon.edu.do\/es\/programs\/teens-pre-university-workshops\/","og_site_name":"CHAV\u00d3N School of Design","article_modified_time":"2025-09-22T13:23:02+00:00","og_image":[{"width":2560,"height":1707,"url":"https:\/\/chavon.edu.do\/wp-content\/uploads\/2025\/06\/pattern-maker-chavon-teens-featured-image.jpg","type":"image\/jpeg"}],"twitter_card":"summary_large_image","twitter_misc":{"Tiempo estimado de lectura":"1 minuto"},"schema":{"@context":"https:\/\/schema.org","@graph":[{"@type":"WebPage","@id":"https:\/\/chavon.edu.do\/programs\/teens-pre-university-workshops\/","url":"https:\/\/chavon.edu.do\/programs\/teens-pre-university-workshops\/","name":"Teens Pre-university Workshops | CHAV\u00d3N School of Design","isPartOf":{"@id":"https:\/\/chavon.edu.do\/#website"},"primaryImageOfPage":{"@id":"https:\/\/chavon.edu.do\/programs\/teens-pre-university-workshops\/#primaryimage"},"image":{"@id":"https:\/\/chavon.edu.do\/programs\/teens-pre-university-workshops\/#primaryimage"},"thumbnailUrl":"https:\/\/chavon.edu.do\/wp-content\/uploads\/2025\/06\/pattern-maker-chavon-teens-featured-image.jpg","datePublished":"2025-06-04T15:49:30+00:00","dateModified":"2025-09-22T13:23:02+00:00","description":"Pre-university Workshops for Teens is a 12-15 week specialized art & design program. University prep, portfolio building & career exploration.","breadcrumb":{"@id":"https:\/\/chavon.edu.do\/programs\/teens-pre-university-workshops\/#breadcrumb"},"inLanguage":"es","potentialAction":[{"@type":"ReadAction","target":["https:\/\/chavon.edu.do\/programs\/teens-pre-university-workshops\/"]}]},{"@type":"ImageObject","inLanguage":"es","@id":"https:\/\/chavon.edu.do\/programs\/teens-pre-university-workshops\/#primaryimage","url":"https:\/\/chavon.edu.do\/wp-content\/uploads\/2025\/06\/pattern-maker-chavon-teens-featured-image.jpg","contentUrl":"https:\/\/chavon.edu.do\/wp-content\/uploads\/2025\/06\/pattern-maker-chavon-teens-featured-image.jpg","width":2560,"height":1707},{"@type":"BreadcrumbList","@id":"https:\/\/chavon.edu.do\/programs\/teens-pre-university-workshops\/#breadcrumb","itemListElement":[{"@type":"ListItem","position":1,"name":"Home","item":"https:\/\/chavon.edu.do\/"},{"@type":"ListItem","position":2,"name":"Programs","item":"https:\/\/chavon.edu.do\/es\/programs\/"},{"@type":"ListItem","position":3,"name":"Teens Pre-university Workshops"}]},{"@type":"WebSite","@id":"https:\/\/chavon.edu.do\/#website","url":"https:\/\/chavon.edu.do\/","name":"CHAV\u00d3N La Escuela de Dise\u00f1o","description":"","publisher":{"@id":"https:\/\/chavon.edu.do\/#organization"},"potentialAction":[{"@type":"SearchAction","target":{"@type":"EntryPoint","urlTemplate":"https:\/\/chavon.edu.do\/?s={search_term_string}"},"query-input":{"@type":"PropertyValueSpecification","valueRequired":true,"valueName":"search_term_string"}}],"inLanguage":"es"},{"@type":"Organization","@id":"https:\/\/chavon.edu.do\/#organization","name":"Chav\u00f3n - La Escuela de Dise\u00f1o","url":"https:\/\/chavon.edu.do\/","logo":{"@type":"ImageObject","inLanguage":"es","@id":"https:\/\/chavon.edu.do\/#\/schema\/logo\/image\/","url":"https:\/\/chavon.edu.do\/wp-content\/uploads\/2019\/12\/chavon.png","contentUrl":"https:\/\/chavon.edu.do\/wp-content\/uploads\/2019\/12\/chavon.png","width":225,"height":225,"caption":"Chav\u00f3n - La Escuela de Dise\u00f1o"},"image":{"@id":"https:\/\/chavon.edu.do\/#\/schema\/logo\/image\/"}}]}},"_links":{"self":[{"href":"https:\/\/chavon.edu.do\/es\/wp-json\/wp\/v2\/pages\/6754","targetHints":{"allow":["GET"]}}],"collection":[{"href":"https:\/\/chavon.edu.do\/es\/wp-json\/wp\/v2\/pages"}],"about":[{"href":"https:\/\/chavon.edu.do\/es\/wp-json\/wp\/v2\/types\/page"}],"author":[{"embeddable":true,"href":"https:\/\/chavon.edu.do\/es\/wp-json\/wp\/v2\/users\/21"}],"replies":[{"embeddable":true,"href":"https:\/\/chavon.edu.do\/es\/wp-json\/wp\/v2\/comments?post=6754"}],"version-history":[{"count":13,"href":"https:\/\/chavon.edu.do\/es\/wp-json\/wp\/v2\/pages\/6754\/revisions"}],"predecessor-version":[{"id":7988,"href":"https:\/\/chavon.edu.do\/es\/wp-json\/wp\/v2\/pages\/6754\/revisions\/7988"}],"up":[{"embeddable":true,"href":"https:\/\/chavon.edu.do\/es\/wp-json\/wp\/v2\/pages\/1635"}],"wp:featuredmedia":[{"embeddable":true,"href":"https:\/\/chavon.edu.do\/es\/wp-json\/wp\/v2\/media\/6757"}],"wp:attachment":[{"href":"https:\/\/chavon.edu.do\/es\/wp-json\/wp\/v2\/media?parent=6754"}],"curies":[{"name":"wp","href":"https:\/\/api.w.org\/{rel}","templated":true}]}}