{"id":6749,"date":"2025-06-04T11:46:11","date_gmt":"2025-06-04T15:46:11","guid":{"rendered":"https:\/\/chavon.edu.do\/?page_id=6749"},"modified":"2025-09-22T09:23:56","modified_gmt":"2025-09-22T13:23:56","slug":"teens-summer-camp","status":"publish","type":"page","link":"https:\/\/chavon.edu.do\/es\/programs\/teens-summer-camp\/","title":{"rendered":"Campamento de Verano CHAV\u00d3N Teens"},"content":{"rendered":"<div class=\"wp-block-columns has-2-columns right-sidebar is-layout-flex wp-container-core-columns-is-layout-9d6595d7 wp-block-columns-is-layout-flex\">\n<div class=\"wp-block-column is-layout-flow wp-block-column-is-layout-flow\">\n<h1 class=\"wp-block-heading\">Campamento de Verano CHAV\u00d3N Teens<\/h1>\n\n\n\n<p class=\"special-section\">CHAV\u00d3N Santo Domingo<\/p>\n\n\n\n<hr class=\"wp-block-separator has-alpha-channel-opacity\"\/>\n\n\n\n<div style=\"height:48px\" aria-hidden=\"true\" class=\"wp-block-spacer\"><\/div>\n\n\n\n<p class=\"medium\">El campamento de verano CHAV\u00d3N Teens ofrece una experiencia de campamento preuniversitario intensivo que combina el aprendizaje creativo con la emoci\u00f3n de las actividades de verano. Este programa \u00fanico es perfecto para adolescentes interesados en explorar el arte y el dise\u00f1o como futuros caminos profesionales.<\/p>\n\n\n\n<p class=\"medium\">Los campistas se dedican a diversas disciplinas art\u00edsticas, desde el dise\u00f1o de moda y la ilustraci\u00f3n hasta los medios digitales y las bellas artes. El completo plan de estudios proporciona una exposici\u00f3n a m\u00faltiples campos creativos, ayudando a los estudiantes a descubrir sus pasiones y puntos fuertes.<\/p>\n\n\n\n<p class=\"medium\">En un entorno din\u00e1mico y colaborativo, los adolescentes trabajan en proyectos individuales y de grupo que fomentan la creatividad, el trabajo en equipo y la capacidad de liderazgo. El ambiente del campamento fomenta la experimentaci\u00f3n, la asunci\u00f3n de riesgos y el crecimiento art\u00edstico en un entorno de apoyo entre compa\u00f1eros.<\/p>\n\n\n\n<p class=\"medium\">M\u00e1s all\u00e1 de las habilidades creativas, el campamento ofrece valiosos conocimientos sobre la preparaci\u00f3n para la universidad, la planificaci\u00f3n de la carrera profesional y las expectativas de la industria. Los estudiantes se marchan con portafolios mejorados, nuevas amistades y una direcci\u00f3n m\u00e1s clara para su futuro acad\u00e9mico y profesional.<\/p>\n<\/div>\n\n\n\n<div class=\"wp-block-column is-layout-flow wp-block-column-is-layout-flow\">\n<div class=\"wp-block-buttons is-content-justification-left is-layout-flex wp-container-core-buttons-is-layout-fdcfc74e wp-block-buttons-is-layout-flex\">\n<div class=\"wp-block-button has-custom-width wp-block-button__width-100\"><a class=\"wp-block-button__link has-white-color has-text-color has-link-color wp-element-button\" href=\"\/es\/formulario-solicitud-informacion\/\">Pide informaci\u00f3n<\/a><\/div>\n<\/div>\n\n\n\n<div class=\"wp-block-button\"><a class=\"wp-block-button__link has-white-color has-text-color has-link-color wp-element-button\" href=\"https:\/\/wa.link\/ryl9ze\">Chatea con nosotros<\/a><\/div>\n\n\n\n<p class=\"top-line has-medium-font-size\"><strong>CONTACTO<\/strong><br><br><strong>Tel\u00e9fono:<\/strong> + 1 (809) 563.2802 ext. 108, 109<br><strong>Correo electr\u00f3nico:<\/strong> info@chavon.edu.do<\/p>\n<\/div>\n<\/div>\n\n\n\n<div style=\"height:32px\" aria-hidden=\"true\" class=\"wp-block-spacer\"><\/div>\n\n\n\n<div data-wp-interactive=\"core\/file\" class=\"wp-block-file pdf-btn\"><object data-wp-bind--hidden=\"!state.hasPdfPreview\" hidden class=\"wp-block-file__embed\" data=\"https:\/\/chavon.edu.do\/wp-content\/uploads\/2025\/06\/Campamento-Verano-CHAVON-Teens.pdf\" type=\"application\/pdf\" style=\"width:100%;height:750px\" aria-label=\"Incrustado de Download Info.\"><\/object><a id=\"wp-block-file--media-9bec229c-7b49-4df6-b03c-7d6d1e2cfd2e\" href=\"https:\/\/chavon.edu.do\/wp-content\/uploads\/2025\/06\/Campamento-Verano-CHAVON-Teens.pdf\">DESCARGAR INFO CAMPAMENTO DE VERANO<\/a><a href=\"https:\/\/chavon.edu.do\/wp-content\/uploads\/2025\/06\/Campamento-Verano-CHAVON-Teens.pdf\" class=\"wp-block-file__button wp-element-button\" download aria-describedby=\"wp-block-file--media-9bec229c-7b49-4df6-b03c-7d6d1e2cfd2e\">Descarga<\/a><\/div>","protected":false},"excerpt":{"rendered":"<p>Teens Summer Camp CHAV\u00d3N Santo Domingo Summer Camp CHAV\u00d3N Teens offers an intensive pre-university camp experience that combines creative learning with the excitement of summer <br \/><a class=\"read-more\" href=\"https:\/\/chavon.edu.do\/es\/programs\/teens-summer-camp\/\">+ Lee m\u00e1s<\/a><\/p>","protected":false},"author":21,"featured_media":6751,"parent":1635,"menu_order":60,"comment_status":"closed","ping_status":"closed","template":"","meta":{"_acf_changed":false,"footnotes":""},"class_list":["post-6749","page","type-page","status-publish","has-post-thumbnail","hentry"],"acf":[],"yoast_head":"<!-- This site is optimized with the Yoast SEO plugin v26.6 - https:\/\/yoast.com\/wordpress\/plugins\/seo\/ -->\n<title>Teens Summer Camp | CHAV\u00d3N School of Design<\/title>\n<meta name=\"description\" content=\"CHAV\u00d3N Summer Camp is a pre-university creative camp for teens. Art, design &amp; career exploration in immersive camp setting.\" \/>\n<meta name=\"robots\" content=\"index, follow, max-snippet:-1, max-image-preview:large, max-video-preview:-1\" \/>\n<link rel=\"canonical\" href=\"https:\/\/chavon.edu.do\/es\/programs\/teens-summer-camp\/\" \/>\n<meta property=\"og:locale\" content=\"es_ES\" \/>\n<meta property=\"og:type\" content=\"article\" \/>\n<meta property=\"og:title\" content=\"Teens Summer Camp | CHAV\u00d3N School of Design\" \/>\n<meta property=\"og:description\" content=\"CHAV\u00d3N Summer Camp is a pre-university creative camp for teens. Art, design &amp; career exploration in immersive camp setting.\" \/>\n<meta property=\"og:url\" content=\"https:\/\/chavon.edu.do\/es\/programs\/teens-summer-camp\/\" \/>\n<meta property=\"og:site_name\" content=\"CHAV\u00d3N School of Design\" \/>\n<meta property=\"article:modified_time\" content=\"2025-09-22T13:23:56+00:00\" \/>\n<meta property=\"og:image\" content=\"https:\/\/chavon.edu.do\/wp-content\/uploads\/2025\/06\/summer-camp-chavon-teens.jpg\" \/>\n\t<meta property=\"og:image:width\" content=\"2560\" \/>\n\t<meta property=\"og:image:height\" content=\"1707\" \/>\n\t<meta property=\"og:image:type\" content=\"image\/jpeg\" \/>\n<meta name=\"twitter:card\" content=\"summary_large_image\" \/>\n<meta name=\"twitter:label1\" content=\"Tiempo estimado de lectura\" \/>\n\t<meta name=\"twitter:data1\" content=\"1 minuto\" \/>\n<script type=\"application\/ld+json\" class=\"yoast-schema-graph\">{\"@context\":\"https:\/\/schema.org\",\"@graph\":[{\"@type\":\"WebPage\",\"@id\":\"https:\/\/chavon.edu.do\/programs\/teens-summer-camp\/\",\"url\":\"https:\/\/chavon.edu.do\/programs\/teens-summer-camp\/\",\"name\":\"Teens Summer Camp | CHAV\u00d3N School of Design\",\"isPartOf\":{\"@id\":\"https:\/\/chavon.edu.do\/#website\"},\"primaryImageOfPage\":{\"@id\":\"https:\/\/chavon.edu.do\/programs\/teens-summer-camp\/#primaryimage\"},\"image\":{\"@id\":\"https:\/\/chavon.edu.do\/programs\/teens-summer-camp\/#primaryimage\"},\"thumbnailUrl\":\"https:\/\/chavon.edu.do\/wp-content\/uploads\/2025\/06\/summer-camp-chavon-teens.jpg\",\"datePublished\":\"2025-06-04T15:46:11+00:00\",\"dateModified\":\"2025-09-22T13:23:56+00:00\",\"description\":\"CHAV\u00d3N Summer Camp is a pre-university creative camp for teens. Art, design & career exploration in immersive camp setting.\",\"breadcrumb\":{\"@id\":\"https:\/\/chavon.edu.do\/programs\/teens-summer-camp\/#breadcrumb\"},\"inLanguage\":\"es\",\"potentialAction\":[{\"@type\":\"ReadAction\",\"target\":[\"https:\/\/chavon.edu.do\/programs\/teens-summer-camp\/\"]}]},{\"@type\":\"ImageObject\",\"inLanguage\":\"es\",\"@id\":\"https:\/\/chavon.edu.do\/programs\/teens-summer-camp\/#primaryimage\",\"url\":\"https:\/\/chavon.edu.do\/wp-content\/uploads\/2025\/06\/summer-camp-chavon-teens.jpg\",\"contentUrl\":\"https:\/\/chavon.edu.do\/wp-content\/uploads\/2025\/06\/summer-camp-chavon-teens.jpg\",\"width\":2560,\"height\":1707},{\"@type\":\"BreadcrumbList\",\"@id\":\"https:\/\/chavon.edu.do\/programs\/teens-summer-camp\/#breadcrumb\",\"itemListElement\":[{\"@type\":\"ListItem\",\"position\":1,\"name\":\"Home\",\"item\":\"https:\/\/chavon.edu.do\/\"},{\"@type\":\"ListItem\",\"position\":2,\"name\":\"Programs\",\"item\":\"https:\/\/chavon.edu.do\/es\/programs\/\"},{\"@type\":\"ListItem\",\"position\":3,\"name\":\"Teens Summer Camp\"}]},{\"@type\":\"WebSite\",\"@id\":\"https:\/\/chavon.edu.do\/#website\",\"url\":\"https:\/\/chavon.edu.do\/\",\"name\":\"CHAV\u00d3N School of Design\",\"description\":\"\",\"publisher\":{\"@id\":\"https:\/\/chavon.edu.do\/#organization\"},\"potentialAction\":[{\"@type\":\"SearchAction\",\"target\":{\"@type\":\"EntryPoint\",\"urlTemplate\":\"https:\/\/chavon.edu.do\/?s={search_term_string}\"},\"query-input\":{\"@type\":\"PropertyValueSpecification\",\"valueRequired\":true,\"valueName\":\"search_term_string\"}}],\"inLanguage\":\"es\"},{\"@type\":\"Organization\",\"@id\":\"https:\/\/chavon.edu.do\/#organization\",\"name\":\"Chav\u00f3n - La Escuela de Dise\u00f1o\",\"url\":\"https:\/\/chavon.edu.do\/\",\"logo\":{\"@type\":\"ImageObject\",\"inLanguage\":\"es\",\"@id\":\"https:\/\/chavon.edu.do\/#\/schema\/logo\/image\/\",\"url\":\"https:\/\/chavon.edu.do\/wp-content\/uploads\/2019\/12\/chavon.png\",\"contentUrl\":\"https:\/\/chavon.edu.do\/wp-content\/uploads\/2019\/12\/chavon.png\",\"width\":225,\"height\":225,\"caption\":\"Chav\u00f3n - La Escuela de Dise\u00f1o\"},\"image\":{\"@id\":\"https:\/\/chavon.edu.do\/#\/schema\/logo\/image\/\"}}]}<\/script>\n<!-- \/ Yoast SEO plugin. -->","yoast_head_json":{"title":"Teens Summer Camp | CHAV\u00d3N School of Design","description":"CHAV\u00d3N Summer Camp is a pre-university creative camp for teens. Art, design & career exploration in immersive camp setting.","robots":{"index":"index","follow":"follow","max-snippet":"max-snippet:-1","max-image-preview":"max-image-preview:large","max-video-preview":"max-video-preview:-1"},"canonical":"https:\/\/chavon.edu.do\/es\/programs\/teens-summer-camp\/","og_locale":"es_ES","og_type":"article","og_title":"Teens Summer Camp | CHAV\u00d3N School of Design","og_description":"CHAV\u00d3N Summer Camp is a pre-university creative camp for teens. Art, design & career exploration in immersive camp setting.","og_url":"https:\/\/chavon.edu.do\/es\/programs\/teens-summer-camp\/","og_site_name":"CHAV\u00d3N School of Design","article_modified_time":"2025-09-22T13:23:56+00:00","og_image":[{"width":2560,"height":1707,"url":"https:\/\/chavon.edu.do\/wp-content\/uploads\/2025\/06\/summer-camp-chavon-teens.jpg","type":"image\/jpeg"}],"twitter_card":"summary_large_image","twitter_misc":{"Tiempo estimado de lectura":"1 minuto"},"schema":{"@context":"https:\/\/schema.org","@graph":[{"@type":"WebPage","@id":"https:\/\/chavon.edu.do\/programs\/teens-summer-camp\/","url":"https:\/\/chavon.edu.do\/programs\/teens-summer-camp\/","name":"Teens Summer Camp | CHAV\u00d3N School of Design","isPartOf":{"@id":"https:\/\/chavon.edu.do\/#website"},"primaryImageOfPage":{"@id":"https:\/\/chavon.edu.do\/programs\/teens-summer-camp\/#primaryimage"},"image":{"@id":"https:\/\/chavon.edu.do\/programs\/teens-summer-camp\/#primaryimage"},"thumbnailUrl":"https:\/\/chavon.edu.do\/wp-content\/uploads\/2025\/06\/summer-camp-chavon-teens.jpg","datePublished":"2025-06-04T15:46:11+00:00","dateModified":"2025-09-22T13:23:56+00:00","description":"CHAV\u00d3N Summer Camp is a pre-university creative camp for teens. Art, design & career exploration in immersive camp setting.","breadcrumb":{"@id":"https:\/\/chavon.edu.do\/programs\/teens-summer-camp\/#breadcrumb"},"inLanguage":"es","potentialAction":[{"@type":"ReadAction","target":["https:\/\/chavon.edu.do\/programs\/teens-summer-camp\/"]}]},{"@type":"ImageObject","inLanguage":"es","@id":"https:\/\/chavon.edu.do\/programs\/teens-summer-camp\/#primaryimage","url":"https:\/\/chavon.edu.do\/wp-content\/uploads\/2025\/06\/summer-camp-chavon-teens.jpg","contentUrl":"https:\/\/chavon.edu.do\/wp-content\/uploads\/2025\/06\/summer-camp-chavon-teens.jpg","width":2560,"height":1707},{"@type":"BreadcrumbList","@id":"https:\/\/chavon.edu.do\/programs\/teens-summer-camp\/#breadcrumb","itemListElement":[{"@type":"ListItem","position":1,"name":"Home","item":"https:\/\/chavon.edu.do\/"},{"@type":"ListItem","position":2,"name":"Programs","item":"https:\/\/chavon.edu.do\/es\/programs\/"},{"@type":"ListItem","position":3,"name":"Teens Summer Camp"}]},{"@type":"WebSite","@id":"https:\/\/chavon.edu.do\/#website","url":"https:\/\/chavon.edu.do\/","name":"CHAV\u00d3N La Escuela de Dise\u00f1o","description":"","publisher":{"@id":"https:\/\/chavon.edu.do\/#organization"},"potentialAction":[{"@type":"SearchAction","target":{"@type":"EntryPoint","urlTemplate":"https:\/\/chavon.edu.do\/?s={search_term_string}"},"query-input":{"@type":"PropertyValueSpecification","valueRequired":true,"valueName":"search_term_string"}}],"inLanguage":"es"},{"@type":"Organization","@id":"https:\/\/chavon.edu.do\/#organization","name":"Chav\u00f3n - La Escuela de Dise\u00f1o","url":"https:\/\/chavon.edu.do\/","logo":{"@type":"ImageObject","inLanguage":"es","@id":"https:\/\/chavon.edu.do\/#\/schema\/logo\/image\/","url":"https:\/\/chavon.edu.do\/wp-content\/uploads\/2019\/12\/chavon.png","contentUrl":"https:\/\/chavon.edu.do\/wp-content\/uploads\/2019\/12\/chavon.png","width":225,"height":225,"caption":"Chav\u00f3n - La Escuela de Dise\u00f1o"},"image":{"@id":"https:\/\/chavon.edu.do\/#\/schema\/logo\/image\/"}}]}},"_links":{"self":[{"href":"https:\/\/chavon.edu.do\/es\/wp-json\/wp\/v2\/pages\/6749","targetHints":{"allow":["GET"]}}],"collection":[{"href":"https:\/\/chavon.edu.do\/es\/wp-json\/wp\/v2\/pages"}],"about":[{"href":"https:\/\/chavon.edu.do\/es\/wp-json\/wp\/v2\/types\/page"}],"author":[{"embeddable":true,"href":"https:\/\/chavon.edu.do\/es\/wp-json\/wp\/v2\/users\/21"}],"replies":[{"embeddable":true,"href":"https:\/\/chavon.edu.do\/es\/wp-json\/wp\/v2\/comments?post=6749"}],"version-history":[{"count":12,"href":"https:\/\/chavon.edu.do\/es\/wp-json\/wp\/v2\/pages\/6749\/revisions"}],"predecessor-version":[{"id":7989,"href":"https:\/\/chavon.edu.do\/es\/wp-json\/wp\/v2\/pages\/6749\/revisions\/7989"}],"up":[{"embeddable":true,"href":"https:\/\/chavon.edu.do\/es\/wp-json\/wp\/v2\/pages\/1635"}],"wp:featuredmedia":[{"embeddable":true,"href":"https:\/\/chavon.edu.do\/es\/wp-json\/wp\/v2\/media\/6751"}],"wp:attachment":[{"href":"https:\/\/chavon.edu.do\/es\/wp-json\/wp\/v2\/media?parent=6749"}],"curies":[{"name":"wp","href":"https:\/\/api.w.org\/{rel}","templated":true}]}}