{"id":6671,"date":"2025-06-03T14:42:32","date_gmt":"2025-06-03T18:42:32","guid":{"rendered":"https:\/\/chavon.edu.do\/?page_id=6671"},"modified":"2025-09-22T09:11:30","modified_gmt":"2025-09-22T13:11:30","slug":"kids-creative-workshops","status":"publish","type":"page","link":"https:\/\/chavon.edu.do\/es\/programs\/kids-creative-workshops\/","title":{"rendered":"Talleres Creativos para Ni\u00f1os"},"content":{"rendered":"<div class=\"wp-block-columns has-2-columns right-sidebar is-layout-flex wp-container-core-columns-is-layout-9d6595d7 wp-block-columns-is-layout-flex\">\n<div class=\"wp-block-column is-layout-flow wp-block-column-is-layout-flow\">\n<h1 class=\"wp-block-heading\">Talleres Creativos para Ni\u00f1os<\/h1>\n\n\n\n<p class=\"special-section\">Campus Kids Create Santo Domingo<\/p>\n\n\n\n<hr class=\"wp-block-separator has-alpha-channel-opacity\"\/>\n\n\n\n<div style=\"height:48px\" aria-hidden=\"true\" class=\"wp-block-spacer\"><\/div>\n\n\n\n<p class=\"medium\">El Programa de Talleres Creativos para Ni\u00f1os de CHAV\u00d3N introduce a los ni\u00f1os de 4 a 12 a\u00f1os en el apasionante mundo del arte y el dise\u00f1o. Nuestros j\u00f3venes artistas exploran su creatividad en un entorno inspirador dise\u00f1ado solo para ellos.<\/p>\n\n\n\n<p class=\"medium\">A trav\u00e9s de atractivos proyectos de pintura, dibujo, escultura y medios digitales, los ni\u00f1os desarrollan habilidades art\u00edsticas fundamentales mientras se divierten. Nuestros experimentados instructores proporcionan una orientaci\u00f3n suave, fomentando la expresi\u00f3n creativa \u00fanica de cada ni\u00f1o.<\/p>\n\n\n\n<p class=\"medium\">M\u00e1s all\u00e1 de las t\u00e9cnicas art\u00edsticas, nuestro programa desarrolla el pensamiento cr\u00edtico, la resoluci\u00f3n de problemas y las habilidades de autoexpresi\u00f3n. Tanto si su hijo es un artista en ciernes como si simplemente le encanta crear, nuestros talleres proporcionan la base perfecta para una creatividad permanente.<\/p>\n<\/div>\n\n\n\n<div class=\"wp-block-column is-layout-flow wp-block-column-is-layout-flow\">\n<div class=\"wp-block-buttons is-content-justification-left is-layout-flex wp-container-core-buttons-is-layout-fdcfc74e wp-block-buttons-is-layout-flex\">\n<div class=\"wp-block-button has-custom-width wp-block-button__width-100\"><a class=\"wp-block-button__link has-white-color has-text-color has-link-color wp-element-button\" href=\"\/es\/formulario-solicitud-informacion\/\">Pide informaci\u00f3n<\/a><\/div>\n<\/div>\n\n\n\n<div class=\"wp-block-button\"><a class=\"wp-block-button__link has-white-color has-text-color has-link-color wp-element-button\" href=\"https:\/\/wa.link\/ryl9ze\">Chatea con nosotros<\/a><\/div>\n\n\n\n<p class=\"top-line has-medium-font-size\"><strong>CONTACTO<\/strong><br><br><strong>Tel\u00e9fono:<\/strong> + 1 (809) 563.2802 ext. 108, 109<br><strong>Correo electr\u00f3nico:<\/strong> info@chavon.edu.do<\/p>\n<\/div>\n<\/div>","protected":false},"excerpt":{"rendered":"<p>Kids Creative Workshops Campus Kids Create Santo Domingo CHAV\u00d3N&#8217;s Kids Creative Workshop Program introduces children ages 4-12 to the exciting world of art and design. <br \/><a class=\"read-more\" href=\"https:\/\/chavon.edu.do\/es\/programs\/kids-creative-workshops\/\">+ Lee m\u00e1s<\/a><\/p>","protected":false},"author":21,"featured_media":6694,"parent":1635,"menu_order":60,"comment_status":"closed","ping_status":"closed","template":"","meta":{"_acf_changed":false,"footnotes":""},"class_list":["post-6671","page","type-page","status-publish","has-post-thumbnail","hentry"],"acf":[],"yoast_head":"<!-- This site is optimized with the Yoast SEO plugin v26.6 - https:\/\/yoast.com\/wordpress\/plugins\/seo\/ -->\n<title>Kids Creative Workshops | CHAV\u00d3N School of Design<\/title>\n<meta name=\"description\" content=\"CHAV\u00d3N&#039;s Kids Creative Workshops for ages 4-12. Hands-on art &amp; design classes that build confidence, creativity &amp; skills in a fun environment.\" \/>\n<meta name=\"robots\" content=\"index, follow, max-snippet:-1, max-image-preview:large, max-video-preview:-1\" \/>\n<link rel=\"canonical\" href=\"https:\/\/chavon.edu.do\/es\/programs\/kids-creative-workshops\/\" \/>\n<meta property=\"og:locale\" content=\"es_ES\" \/>\n<meta property=\"og:type\" content=\"article\" \/>\n<meta property=\"og:title\" content=\"Kids Creative Workshops | CHAV\u00d3N School of Design\" \/>\n<meta property=\"og:description\" content=\"CHAV\u00d3N&#039;s Kids Creative Workshops for ages 4-12. Hands-on art &amp; design classes that build confidence, creativity &amp; skills in a fun environment.\" \/>\n<meta property=\"og:url\" content=\"https:\/\/chavon.edu.do\/es\/programs\/kids-creative-workshops\/\" \/>\n<meta property=\"og:site_name\" content=\"CHAV\u00d3N School of Design\" \/>\n<meta property=\"article:modified_time\" content=\"2025-09-22T13:11:30+00:00\" \/>\n<meta property=\"og:image\" content=\"https:\/\/chavon.edu.do\/wp-content\/uploads\/2025\/06\/kids-creative-workshop-featured-image-chavon.jpg\" \/>\n\t<meta property=\"og:image:width\" content=\"2560\" \/>\n\t<meta property=\"og:image:height\" content=\"1920\" \/>\n\t<meta property=\"og:image:type\" content=\"image\/jpeg\" \/>\n<meta name=\"twitter:card\" content=\"summary_large_image\" \/>\n<meta name=\"twitter:label1\" content=\"Tiempo estimado de lectura\" \/>\n\t<meta name=\"twitter:data1\" content=\"1 minuto\" \/>\n<script type=\"application\/ld+json\" class=\"yoast-schema-graph\">{\"@context\":\"https:\/\/schema.org\",\"@graph\":[{\"@type\":\"WebPage\",\"@id\":\"https:\/\/chavon.edu.do\/programs\/kids-creative-workshops\/\",\"url\":\"https:\/\/chavon.edu.do\/programs\/kids-creative-workshops\/\",\"name\":\"Kids Creative Workshops | CHAV\u00d3N School of Design\",\"isPartOf\":{\"@id\":\"https:\/\/chavon.edu.do\/#website\"},\"primaryImageOfPage\":{\"@id\":\"https:\/\/chavon.edu.do\/programs\/kids-creative-workshops\/#primaryimage\"},\"image\":{\"@id\":\"https:\/\/chavon.edu.do\/programs\/kids-creative-workshops\/#primaryimage\"},\"thumbnailUrl\":\"https:\/\/chavon.edu.do\/wp-content\/uploads\/2025\/06\/kids-creative-workshop-featured-image-chavon.jpg\",\"datePublished\":\"2025-06-03T18:42:32+00:00\",\"dateModified\":\"2025-09-22T13:11:30+00:00\",\"description\":\"CHAV\u00d3N's Kids Creative Workshops for ages 4-12. Hands-on art & design classes that build confidence, creativity & skills in a fun environment.\",\"breadcrumb\":{\"@id\":\"https:\/\/chavon.edu.do\/programs\/kids-creative-workshops\/#breadcrumb\"},\"inLanguage\":\"es\",\"potentialAction\":[{\"@type\":\"ReadAction\",\"target\":[\"https:\/\/chavon.edu.do\/programs\/kids-creative-workshops\/\"]}]},{\"@type\":\"ImageObject\",\"inLanguage\":\"es\",\"@id\":\"https:\/\/chavon.edu.do\/programs\/kids-creative-workshops\/#primaryimage\",\"url\":\"https:\/\/chavon.edu.do\/wp-content\/uploads\/2025\/06\/kids-creative-workshop-featured-image-chavon.jpg\",\"contentUrl\":\"https:\/\/chavon.edu.do\/wp-content\/uploads\/2025\/06\/kids-creative-workshop-featured-image-chavon.jpg\",\"width\":2560,\"height\":1920},{\"@type\":\"BreadcrumbList\",\"@id\":\"https:\/\/chavon.edu.do\/programs\/kids-creative-workshops\/#breadcrumb\",\"itemListElement\":[{\"@type\":\"ListItem\",\"position\":1,\"name\":\"Home\",\"item\":\"https:\/\/chavon.edu.do\/\"},{\"@type\":\"ListItem\",\"position\":2,\"name\":\"Programs\",\"item\":\"https:\/\/chavon.edu.do\/es\/programs\/\"},{\"@type\":\"ListItem\",\"position\":3,\"name\":\"Kids Creative Workshops\"}]},{\"@type\":\"WebSite\",\"@id\":\"https:\/\/chavon.edu.do\/#website\",\"url\":\"https:\/\/chavon.edu.do\/\",\"name\":\"CHAV\u00d3N School of Design\",\"description\":\"\",\"publisher\":{\"@id\":\"https:\/\/chavon.edu.do\/#organization\"},\"potentialAction\":[{\"@type\":\"SearchAction\",\"target\":{\"@type\":\"EntryPoint\",\"urlTemplate\":\"https:\/\/chavon.edu.do\/?s={search_term_string}\"},\"query-input\":{\"@type\":\"PropertyValueSpecification\",\"valueRequired\":true,\"valueName\":\"search_term_string\"}}],\"inLanguage\":\"es\"},{\"@type\":\"Organization\",\"@id\":\"https:\/\/chavon.edu.do\/#organization\",\"name\":\"Chav\u00f3n - La Escuela de Dise\u00f1o\",\"url\":\"https:\/\/chavon.edu.do\/\",\"logo\":{\"@type\":\"ImageObject\",\"inLanguage\":\"es\",\"@id\":\"https:\/\/chavon.edu.do\/#\/schema\/logo\/image\/\",\"url\":\"https:\/\/chavon.edu.do\/wp-content\/uploads\/2019\/12\/chavon.png\",\"contentUrl\":\"https:\/\/chavon.edu.do\/wp-content\/uploads\/2019\/12\/chavon.png\",\"width\":225,\"height\":225,\"caption\":\"Chav\u00f3n - La Escuela de Dise\u00f1o\"},\"image\":{\"@id\":\"https:\/\/chavon.edu.do\/#\/schema\/logo\/image\/\"}}]}<\/script>\n<!-- \/ Yoast SEO plugin. -->","yoast_head_json":{"title":"Kids Creative Workshops | CHAV\u00d3N School of Design","description":"CHAV\u00d3N's Kids Creative Workshops for ages 4-12. Hands-on art & design classes that build confidence, creativity & skills in a fun environment.","robots":{"index":"index","follow":"follow","max-snippet":"max-snippet:-1","max-image-preview":"max-image-preview:large","max-video-preview":"max-video-preview:-1"},"canonical":"https:\/\/chavon.edu.do\/es\/programs\/kids-creative-workshops\/","og_locale":"es_ES","og_type":"article","og_title":"Kids Creative Workshops | CHAV\u00d3N School of Design","og_description":"CHAV\u00d3N's Kids Creative Workshops for ages 4-12. Hands-on art & design classes that build confidence, creativity & skills in a fun environment.","og_url":"https:\/\/chavon.edu.do\/es\/programs\/kids-creative-workshops\/","og_site_name":"CHAV\u00d3N School of Design","article_modified_time":"2025-09-22T13:11:30+00:00","og_image":[{"width":2560,"height":1920,"url":"https:\/\/chavon.edu.do\/wp-content\/uploads\/2025\/06\/kids-creative-workshop-featured-image-chavon.jpg","type":"image\/jpeg"}],"twitter_card":"summary_large_image","twitter_misc":{"Tiempo estimado de lectura":"1 minuto"},"schema":{"@context":"https:\/\/schema.org","@graph":[{"@type":"WebPage","@id":"https:\/\/chavon.edu.do\/programs\/kids-creative-workshops\/","url":"https:\/\/chavon.edu.do\/programs\/kids-creative-workshops\/","name":"Kids Creative Workshops | CHAV\u00d3N School of Design","isPartOf":{"@id":"https:\/\/chavon.edu.do\/#website"},"primaryImageOfPage":{"@id":"https:\/\/chavon.edu.do\/programs\/kids-creative-workshops\/#primaryimage"},"image":{"@id":"https:\/\/chavon.edu.do\/programs\/kids-creative-workshops\/#primaryimage"},"thumbnailUrl":"https:\/\/chavon.edu.do\/wp-content\/uploads\/2025\/06\/kids-creative-workshop-featured-image-chavon.jpg","datePublished":"2025-06-03T18:42:32+00:00","dateModified":"2025-09-22T13:11:30+00:00","description":"CHAV\u00d3N's Kids Creative Workshops for ages 4-12. Hands-on art & design classes that build confidence, creativity & skills in a fun environment.","breadcrumb":{"@id":"https:\/\/chavon.edu.do\/programs\/kids-creative-workshops\/#breadcrumb"},"inLanguage":"es","potentialAction":[{"@type":"ReadAction","target":["https:\/\/chavon.edu.do\/programs\/kids-creative-workshops\/"]}]},{"@type":"ImageObject","inLanguage":"es","@id":"https:\/\/chavon.edu.do\/programs\/kids-creative-workshops\/#primaryimage","url":"https:\/\/chavon.edu.do\/wp-content\/uploads\/2025\/06\/kids-creative-workshop-featured-image-chavon.jpg","contentUrl":"https:\/\/chavon.edu.do\/wp-content\/uploads\/2025\/06\/kids-creative-workshop-featured-image-chavon.jpg","width":2560,"height":1920},{"@type":"BreadcrumbList","@id":"https:\/\/chavon.edu.do\/programs\/kids-creative-workshops\/#breadcrumb","itemListElement":[{"@type":"ListItem","position":1,"name":"Home","item":"https:\/\/chavon.edu.do\/"},{"@type":"ListItem","position":2,"name":"Programs","item":"https:\/\/chavon.edu.do\/es\/programs\/"},{"@type":"ListItem","position":3,"name":"Kids Creative Workshops"}]},{"@type":"WebSite","@id":"https:\/\/chavon.edu.do\/#website","url":"https:\/\/chavon.edu.do\/","name":"CHAV\u00d3N La Escuela de Dise\u00f1o","description":"","publisher":{"@id":"https:\/\/chavon.edu.do\/#organization"},"potentialAction":[{"@type":"SearchAction","target":{"@type":"EntryPoint","urlTemplate":"https:\/\/chavon.edu.do\/?s={search_term_string}"},"query-input":{"@type":"PropertyValueSpecification","valueRequired":true,"valueName":"search_term_string"}}],"inLanguage":"es"},{"@type":"Organization","@id":"https:\/\/chavon.edu.do\/#organization","name":"Chav\u00f3n - La Escuela de Dise\u00f1o","url":"https:\/\/chavon.edu.do\/","logo":{"@type":"ImageObject","inLanguage":"es","@id":"https:\/\/chavon.edu.do\/#\/schema\/logo\/image\/","url":"https:\/\/chavon.edu.do\/wp-content\/uploads\/2019\/12\/chavon.png","contentUrl":"https:\/\/chavon.edu.do\/wp-content\/uploads\/2019\/12\/chavon.png","width":225,"height":225,"caption":"Chav\u00f3n - La Escuela de Dise\u00f1o"},"image":{"@id":"https:\/\/chavon.edu.do\/#\/schema\/logo\/image\/"}}]}},"_links":{"self":[{"href":"https:\/\/chavon.edu.do\/es\/wp-json\/wp\/v2\/pages\/6671","targetHints":{"allow":["GET"]}}],"collection":[{"href":"https:\/\/chavon.edu.do\/es\/wp-json\/wp\/v2\/pages"}],"about":[{"href":"https:\/\/chavon.edu.do\/es\/wp-json\/wp\/v2\/types\/page"}],"author":[{"embeddable":true,"href":"https:\/\/chavon.edu.do\/es\/wp-json\/wp\/v2\/users\/21"}],"replies":[{"embeddable":true,"href":"https:\/\/chavon.edu.do\/es\/wp-json\/wp\/v2\/comments?post=6671"}],"version-history":[{"count":14,"href":"https:\/\/chavon.edu.do\/es\/wp-json\/wp\/v2\/pages\/6671\/revisions"}],"predecessor-version":[{"id":7983,"href":"https:\/\/chavon.edu.do\/es\/wp-json\/wp\/v2\/pages\/6671\/revisions\/7983"}],"up":[{"embeddable":true,"href":"https:\/\/chavon.edu.do\/es\/wp-json\/wp\/v2\/pages\/1635"}],"wp:featuredmedia":[{"embeddable":true,"href":"https:\/\/chavon.edu.do\/es\/wp-json\/wp\/v2\/media\/6694"}],"wp:attachment":[{"href":"https:\/\/chavon.edu.do\/es\/wp-json\/wp\/v2\/media?parent=6671"}],"curies":[{"name":"wp","href":"https:\/\/api.w.org\/{rel}","templated":true}]}}