{"id":6587,"date":"2025-06-02T18:18:42","date_gmt":"2025-06-02T22:18:42","guid":{"rendered":"https:\/\/chavon.edu.do\/?page_id=6587"},"modified":"2025-09-19T18:18:43","modified_gmt":"2025-09-19T22:18:43","slug":"certificates","status":"publish","type":"page","link":"https:\/\/chavon.edu.do\/es\/programs\/certificates\/","title":{"rendered":"Diplomados"},"content":{"rendered":"<div class=\"wp-block-columns has-2-columns right-sidebar is-layout-flex wp-container-core-columns-is-layout-9d6595d7 wp-block-columns-is-layout-flex\">\n<div class=\"wp-block-column is-layout-flow wp-block-column-is-layout-flow\" style=\"flex-basis:67%\">\n<h1 class=\"wp-block-heading\">Diplomados<\/h1>\n\n\n\n<p class=\"special-section\">Campus: Santo Domingo<\/p>\n\n\n\n<hr class=\"wp-block-separator has-alpha-channel-opacity\"\/>\n\n\n\n<div style=\"height:48px\" aria-hidden=\"true\" class=\"wp-block-spacer\"><\/div>\n\n\n\n<p class=\"medium has-medium-font-size\">Los Diplomados en CHAV\u00d3N ofrecen un enfoque profundo en \u00e1reas clave de arte, dise\u00f1o y negocios. Est\u00e1n dise\u00f1ados para quienes buscan especializarse, mejorar sus oportunidades laborales y ampliar sus conocimientos t\u00e9cnicos.<\/p>\n\n\n\n<p class=\"has-medium-font-size\">Estos programas combinan formaci\u00f3n te\u00f3rica y pr\u00e1ctica, brindando una experiencia enriquecedora que impulsa el desarrollo de habilidades profesionales.<\/p>\n\n\n\n<p class=\"has-medium-font-size\">Se ofrecen en nivel introductorio, intermedio o avanzado, adapt\u00e1ndose a las distintas etapas de formaci\u00f3n y a las necesidades del mercado.<\/p>\n\n\n\n<p class=\"has-medium-font-size\">Los diplomados tienen una duraci\u00f3n aproximada de hasta tres o cuatro meses, con programas de 40, 60 o 90 horas.<\/p>\n\n\n\n<p class=\"medium has-medium-font-size\">Algunos diplomados pueden requerir conocimientos previos, por lo que se recomienda contactar a los asesores de venta para identificar la opci\u00f3n m\u00e1s adecuada.<\/p>\n<\/div>\n\n\n\n<div class=\"wp-block-column is-layout-flow wp-block-column-is-layout-flow\" style=\"flex-basis:33%\">\n<div class=\"wp-block-buttons is-content-justification-left is-layout-flex wp-container-core-buttons-is-layout-fdcfc74e wp-block-buttons-is-layout-flex\">\n<div class=\"wp-block-button has-custom-width wp-block-button__width-100\"><a class=\"wp-block-button__link has-white-color has-text-color has-link-color wp-element-button\" href=\"\/es\/formulario-solicitud-informacion\/\">Pide informaci\u00f3n<\/a><\/div>\n<\/div>\n\n\n\n<div class=\"wp-block-button\"><a class=\"wp-block-button__link has-white-color has-text-color has-link-color wp-element-button\" href=\"https:\/\/wa.link\/6y4qr7\">Chatea con nosotros<\/a><\/div>\n\n\n\n<p class=\"top-line has-medium-font-size\"><strong>CONTACTO<\/strong><br><br><strong>Tel\u00e9fono:<\/strong> + 1 (809) 563.2802 ext. 108, 109<br><strong>Correo electr\u00f3nico:<\/strong> info@chavon.edu.do<\/p>\n<\/div>\n<\/div>","protected":false},"excerpt":{"rendered":"<p>Certificate Programs Campus: Santo Domingo CHAV\u00d3N&#8217;s Diplomates offer an in-depth focus on key areas of art, design and business. They are designed for those seeking <br \/><a class=\"read-more\" href=\"https:\/\/chavon.edu.do\/es\/programs\/certificates\/\">+ Lee m\u00e1s<\/a><\/p>","protected":false},"author":21,"featured_media":6556,"parent":1635,"menu_order":60,"comment_status":"closed","ping_status":"closed","template":"","meta":{"_acf_changed":false,"footnotes":""},"class_list":["post-6587","page","type-page","status-publish","has-post-thumbnail","hentry"],"acf":[],"yoast_head":"<!-- This site is optimized with the Yoast SEO plugin v26.6 - https:\/\/yoast.com\/wordpress\/plugins\/seo\/ -->\n<title>Certificate Programs | CHAV\u00d3N School of Design<\/title>\n<meta name=\"description\" content=\"CHAV\u00d3N&#039;s Diplomates are designed for those seeking to specialize, enhance their career opportunities and expand their technical knowledge.\" \/>\n<meta name=\"robots\" content=\"index, follow, max-snippet:-1, max-image-preview:large, max-video-preview:-1\" \/>\n<link rel=\"canonical\" href=\"https:\/\/chavon.edu.do\/es\/programs\/certificates\/\" \/>\n<meta property=\"og:locale\" content=\"es_ES\" \/>\n<meta property=\"og:type\" content=\"article\" \/>\n<meta property=\"og:title\" content=\"Certificate Programs | CHAV\u00d3N School of Design\" \/>\n<meta property=\"og:description\" content=\"CHAV\u00d3N&#039;s Diplomates are designed for those seeking to specialize, enhance their career opportunities and expand their technical knowledge.\" \/>\n<meta property=\"og:url\" content=\"https:\/\/chavon.edu.do\/es\/programs\/certificates\/\" \/>\n<meta property=\"og:site_name\" content=\"CHAV\u00d3N School of Design\" \/>\n<meta property=\"article:modified_time\" content=\"2025-09-19T22:18:43+00:00\" \/>\n<meta property=\"og:image\" content=\"https:\/\/chavon.edu.do\/wp-content\/uploads\/2025\/06\/diplomados-chavon-school-of-design.jpg\" \/>\n\t<meta property=\"og:image:width\" content=\"1093\" \/>\n\t<meta property=\"og:image:height\" content=\"841\" \/>\n\t<meta property=\"og:image:type\" content=\"image\/jpeg\" \/>\n<meta name=\"twitter:card\" content=\"summary_large_image\" \/>\n<meta name=\"twitter:label1\" content=\"Tiempo estimado de lectura\" \/>\n\t<meta name=\"twitter:data1\" content=\"1 minuto\" \/>\n<script type=\"application\/ld+json\" class=\"yoast-schema-graph\">{\"@context\":\"https:\/\/schema.org\",\"@graph\":[{\"@type\":\"WebPage\",\"@id\":\"https:\/\/chavon.edu.do\/programs\/certificates\/\",\"url\":\"https:\/\/chavon.edu.do\/programs\/certificates\/\",\"name\":\"Certificate Programs | CHAV\u00d3N School of Design\",\"isPartOf\":{\"@id\":\"https:\/\/chavon.edu.do\/#website\"},\"primaryImageOfPage\":{\"@id\":\"https:\/\/chavon.edu.do\/programs\/certificates\/#primaryimage\"},\"image\":{\"@id\":\"https:\/\/chavon.edu.do\/programs\/certificates\/#primaryimage\"},\"thumbnailUrl\":\"https:\/\/chavon.edu.do\/wp-content\/uploads\/2025\/06\/diplomados-chavon-school-of-design.jpg\",\"datePublished\":\"2025-06-02T22:18:42+00:00\",\"dateModified\":\"2025-09-19T22:18:43+00:00\",\"description\":\"CHAV\u00d3N's Diplomates are designed for those seeking to specialize, enhance their career opportunities and expand their technical knowledge.\",\"breadcrumb\":{\"@id\":\"https:\/\/chavon.edu.do\/programs\/certificates\/#breadcrumb\"},\"inLanguage\":\"es\",\"potentialAction\":[{\"@type\":\"ReadAction\",\"target\":[\"https:\/\/chavon.edu.do\/programs\/certificates\/\"]}]},{\"@type\":\"ImageObject\",\"inLanguage\":\"es\",\"@id\":\"https:\/\/chavon.edu.do\/programs\/certificates\/#primaryimage\",\"url\":\"https:\/\/chavon.edu.do\/wp-content\/uploads\/2025\/06\/diplomados-chavon-school-of-design.jpg\",\"contentUrl\":\"https:\/\/chavon.edu.do\/wp-content\/uploads\/2025\/06\/diplomados-chavon-school-of-design.jpg\",\"width\":1093,\"height\":841},{\"@type\":\"BreadcrumbList\",\"@id\":\"https:\/\/chavon.edu.do\/programs\/certificates\/#breadcrumb\",\"itemListElement\":[{\"@type\":\"ListItem\",\"position\":1,\"name\":\"Home\",\"item\":\"https:\/\/chavon.edu.do\/\"},{\"@type\":\"ListItem\",\"position\":2,\"name\":\"Programs\",\"item\":\"https:\/\/chavon.edu.do\/es\/programs\/\"},{\"@type\":\"ListItem\",\"position\":3,\"name\":\"Certificate Programs\"}]},{\"@type\":\"WebSite\",\"@id\":\"https:\/\/chavon.edu.do\/#website\",\"url\":\"https:\/\/chavon.edu.do\/\",\"name\":\"CHAV\u00d3N School of Design\",\"description\":\"\",\"publisher\":{\"@id\":\"https:\/\/chavon.edu.do\/#organization\"},\"potentialAction\":[{\"@type\":\"SearchAction\",\"target\":{\"@type\":\"EntryPoint\",\"urlTemplate\":\"https:\/\/chavon.edu.do\/?s={search_term_string}\"},\"query-input\":{\"@type\":\"PropertyValueSpecification\",\"valueRequired\":true,\"valueName\":\"search_term_string\"}}],\"inLanguage\":\"es\"},{\"@type\":\"Organization\",\"@id\":\"https:\/\/chavon.edu.do\/#organization\",\"name\":\"Chav\u00f3n - La Escuela de Dise\u00f1o\",\"url\":\"https:\/\/chavon.edu.do\/\",\"logo\":{\"@type\":\"ImageObject\",\"inLanguage\":\"es\",\"@id\":\"https:\/\/chavon.edu.do\/#\/schema\/logo\/image\/\",\"url\":\"https:\/\/chavon.edu.do\/wp-content\/uploads\/2019\/12\/chavon.png\",\"contentUrl\":\"https:\/\/chavon.edu.do\/wp-content\/uploads\/2019\/12\/chavon.png\",\"width\":225,\"height\":225,\"caption\":\"Chav\u00f3n - La Escuela de Dise\u00f1o\"},\"image\":{\"@id\":\"https:\/\/chavon.edu.do\/#\/schema\/logo\/image\/\"}}]}<\/script>\n<!-- \/ Yoast SEO plugin. -->","yoast_head_json":{"title":"Certificate Programs | CHAV\u00d3N School of Design","description":"CHAV\u00d3N's Diplomates are designed for those seeking to specialize, enhance their career opportunities and expand their technical knowledge.","robots":{"index":"index","follow":"follow","max-snippet":"max-snippet:-1","max-image-preview":"max-image-preview:large","max-video-preview":"max-video-preview:-1"},"canonical":"https:\/\/chavon.edu.do\/es\/programs\/certificates\/","og_locale":"es_ES","og_type":"article","og_title":"Certificate Programs | CHAV\u00d3N School of Design","og_description":"CHAV\u00d3N's Diplomates are designed for those seeking to specialize, enhance their career opportunities and expand their technical knowledge.","og_url":"https:\/\/chavon.edu.do\/es\/programs\/certificates\/","og_site_name":"CHAV\u00d3N School of Design","article_modified_time":"2025-09-19T22:18:43+00:00","og_image":[{"width":1093,"height":841,"url":"https:\/\/chavon.edu.do\/wp-content\/uploads\/2025\/06\/diplomados-chavon-school-of-design.jpg","type":"image\/jpeg"}],"twitter_card":"summary_large_image","twitter_misc":{"Tiempo estimado de lectura":"1 minuto"},"schema":{"@context":"https:\/\/schema.org","@graph":[{"@type":"WebPage","@id":"https:\/\/chavon.edu.do\/programs\/certificates\/","url":"https:\/\/chavon.edu.do\/programs\/certificates\/","name":"Certificate Programs | CHAV\u00d3N School of Design","isPartOf":{"@id":"https:\/\/chavon.edu.do\/#website"},"primaryImageOfPage":{"@id":"https:\/\/chavon.edu.do\/programs\/certificates\/#primaryimage"},"image":{"@id":"https:\/\/chavon.edu.do\/programs\/certificates\/#primaryimage"},"thumbnailUrl":"https:\/\/chavon.edu.do\/wp-content\/uploads\/2025\/06\/diplomados-chavon-school-of-design.jpg","datePublished":"2025-06-02T22:18:42+00:00","dateModified":"2025-09-19T22:18:43+00:00","description":"CHAV\u00d3N's Diplomates are designed for those seeking to specialize, enhance their career opportunities and expand their technical knowledge.","breadcrumb":{"@id":"https:\/\/chavon.edu.do\/programs\/certificates\/#breadcrumb"},"inLanguage":"es","potentialAction":[{"@type":"ReadAction","target":["https:\/\/chavon.edu.do\/programs\/certificates\/"]}]},{"@type":"ImageObject","inLanguage":"es","@id":"https:\/\/chavon.edu.do\/programs\/certificates\/#primaryimage","url":"https:\/\/chavon.edu.do\/wp-content\/uploads\/2025\/06\/diplomados-chavon-school-of-design.jpg","contentUrl":"https:\/\/chavon.edu.do\/wp-content\/uploads\/2025\/06\/diplomados-chavon-school-of-design.jpg","width":1093,"height":841},{"@type":"BreadcrumbList","@id":"https:\/\/chavon.edu.do\/programs\/certificates\/#breadcrumb","itemListElement":[{"@type":"ListItem","position":1,"name":"Home","item":"https:\/\/chavon.edu.do\/"},{"@type":"ListItem","position":2,"name":"Programs","item":"https:\/\/chavon.edu.do\/es\/programs\/"},{"@type":"ListItem","position":3,"name":"Certificate Programs"}]},{"@type":"WebSite","@id":"https:\/\/chavon.edu.do\/#website","url":"https:\/\/chavon.edu.do\/","name":"CHAV\u00d3N La Escuela de Dise\u00f1o","description":"","publisher":{"@id":"https:\/\/chavon.edu.do\/#organization"},"potentialAction":[{"@type":"SearchAction","target":{"@type":"EntryPoint","urlTemplate":"https:\/\/chavon.edu.do\/?s={search_term_string}"},"query-input":{"@type":"PropertyValueSpecification","valueRequired":true,"valueName":"search_term_string"}}],"inLanguage":"es"},{"@type":"Organization","@id":"https:\/\/chavon.edu.do\/#organization","name":"Chav\u00f3n - La Escuela de Dise\u00f1o","url":"https:\/\/chavon.edu.do\/","logo":{"@type":"ImageObject","inLanguage":"es","@id":"https:\/\/chavon.edu.do\/#\/schema\/logo\/image\/","url":"https:\/\/chavon.edu.do\/wp-content\/uploads\/2019\/12\/chavon.png","contentUrl":"https:\/\/chavon.edu.do\/wp-content\/uploads\/2019\/12\/chavon.png","width":225,"height":225,"caption":"Chav\u00f3n - La Escuela de Dise\u00f1o"},"image":{"@id":"https:\/\/chavon.edu.do\/#\/schema\/logo\/image\/"}}]}},"_links":{"self":[{"href":"https:\/\/chavon.edu.do\/es\/wp-json\/wp\/v2\/pages\/6587","targetHints":{"allow":["GET"]}}],"collection":[{"href":"https:\/\/chavon.edu.do\/es\/wp-json\/wp\/v2\/pages"}],"about":[{"href":"https:\/\/chavon.edu.do\/es\/wp-json\/wp\/v2\/types\/page"}],"author":[{"embeddable":true,"href":"https:\/\/chavon.edu.do\/es\/wp-json\/wp\/v2\/users\/21"}],"replies":[{"embeddable":true,"href":"https:\/\/chavon.edu.do\/es\/wp-json\/wp\/v2\/comments?post=6587"}],"version-history":[{"count":33,"href":"https:\/\/chavon.edu.do\/es\/wp-json\/wp\/v2\/pages\/6587\/revisions"}],"predecessor-version":[{"id":7981,"href":"https:\/\/chavon.edu.do\/es\/wp-json\/wp\/v2\/pages\/6587\/revisions\/7981"}],"up":[{"embeddable":true,"href":"https:\/\/chavon.edu.do\/es\/wp-json\/wp\/v2\/pages\/1635"}],"wp:featuredmedia":[{"embeddable":true,"href":"https:\/\/chavon.edu.do\/es\/wp-json\/wp\/v2\/media\/6556"}],"wp:attachment":[{"href":"https:\/\/chavon.edu.do\/es\/wp-json\/wp\/v2\/media?parent=6587"}],"curies":[{"name":"wp","href":"https:\/\/api.w.org\/{rel}","templated":true}]}}