{"id":6568,"date":"2025-06-02T17:37:11","date_gmt":"2025-06-02T21:37:11","guid":{"rendered":"https:\/\/chavon.edu.do\/?page_id=6568"},"modified":"2025-09-19T18:14:45","modified_gmt":"2025-09-19T22:14:45","slug":"short-courses","status":"publish","type":"page","link":"https:\/\/chavon.edu.do\/es\/programs\/short-courses\/","title":{"rendered":"Cursos"},"content":{"rendered":"<div class=\"wp-block-columns has-2-columns right-sidebar is-layout-flex wp-container-core-columns-is-layout-9d6595d7 wp-block-columns-is-layout-flex\">\n<div class=\"wp-block-column is-layout-flow wp-block-column-is-layout-flow\">\n<h1 class=\"wp-block-heading\">Cursos<\/h1>\n\n\n\n<p class=\"special-section\">Campus: Santo Domingo<\/p>\n\n\n\n<hr class=\"wp-block-separator has-alpha-channel-opacity\"\/>\n\n\n\n<div style=\"height:48px\" aria-hidden=\"true\" class=\"wp-block-spacer\"><\/div>\n\n\n\n<p class=\"medium\">Los cursos cortos de Educaci\u00f3n Continua ofrecen una formaci\u00f3n intensiva en un per\u00edodo breve, permitiendo desarrollar nuevas habilidades o perfeccionar las existentes. <\/p>\n\n\n\n<p class=\"medium\">Con una duraci\u00f3n de cinco semanas, estos cursos combinan pr\u00e1ctica y teor\u00eda en sesiones semanales de tres horas, disponibles en horarios matutinos o vespertinos.<\/p>\n\n\n\n<p class=\"medium\">No hay requisitos acad\u00e9micos o de portafolio para la inscripci\u00f3n, pero el registro se efect\u00faa seg\u00fan la disponibilidad. En algunos programas intermedios o avanzados, pueden aplicarse condiciones adicionales seg\u00fan lo especifique la descripci\u00f3n del programa.<\/p>\n\n\n\n<p class=\"medium\">(El idioma de instrucci\u00f3n en CHAV\u00d3N es espa\u00f1ol, aunque algunos cursos podr\u00edan impartirse en ingl\u00e9s si lo especifica la descripci\u00f3n del programa).<\/p>\n<\/div>\n\n\n\n<div class=\"wp-block-column is-layout-flow wp-block-column-is-layout-flow\">\n<div class=\"wp-block-buttons is-content-justification-left is-layout-flex wp-container-core-buttons-is-layout-fdcfc74e wp-block-buttons-is-layout-flex\">\n<div class=\"wp-block-button has-custom-width wp-block-button__width-100\"><a class=\"wp-block-button__link has-white-color has-text-color has-link-color wp-element-button\" href=\"\/es\/registro-programas-de-extension\/\">Pide informaci\u00f3n<\/a><\/div>\n<\/div>\n\n\n\n<div class=\"wp-block-button\"><a class=\"wp-block-button__link has-white-color has-text-color has-link-color wp-element-button\" href=\"https:\/\/wa.link\/6y4qr7\">Chatea con nosotros<\/a><\/div>\n\n\n\n<p class=\"top-line has-medium-font-size\"><strong>CONTACTO<\/strong><br><br><strong>Tel\u00e9fono:<\/strong> + 1 (809) 563.2802 ext. 108, 109<br><strong>Correo electr\u00f3nico:<\/strong> info@chavon.edu.do<\/p>\n<\/div>\n<\/div>\n\n\n\n<div style=\"height:30px\" aria-hidden=\"true\" class=\"wp-block-spacer\"><\/div>","protected":false},"excerpt":{"rendered":"<p>Short Courses Campus: Santo Domingo Continuing Education short courses offer intensive training in a short period of time, allowing the development of new skills or <br \/><a class=\"read-more\" href=\"https:\/\/chavon.edu.do\/es\/programs\/short-courses\/\">+ Lee m\u00e1s<\/a><\/p>","protected":false},"author":21,"featured_media":6555,"parent":1635,"menu_order":60,"comment_status":"closed","ping_status":"closed","template":"","meta":{"_acf_changed":false,"footnotes":""},"class_list":["post-6568","page","type-page","status-publish","has-post-thumbnail","hentry"],"acf":[],"yoast_head":"<!-- This site is optimized with the Yoast SEO plugin v26.6 - https:\/\/yoast.com\/wordpress\/plugins\/seo\/ -->\n<title>Short Courses Program | CHAV\u00d3N School of Design<\/title>\n<meta name=\"description\" content=\"Continuing Education short courses offer intensive training in a short period of time, allowing the development of new skills\" \/>\n<meta name=\"robots\" content=\"index, follow, max-snippet:-1, max-image-preview:large, max-video-preview:-1\" \/>\n<link rel=\"canonical\" href=\"https:\/\/chavon.edu.do\/es\/programs\/short-courses\/\" \/>\n<meta property=\"og:locale\" content=\"es_ES\" \/>\n<meta property=\"og:type\" content=\"article\" \/>\n<meta property=\"og:title\" content=\"Short Courses Program | CHAV\u00d3N School of Design\" \/>\n<meta property=\"og:description\" content=\"Continuing Education short courses offer intensive training in a short period of time, allowing the development of new skills\" \/>\n<meta property=\"og:url\" content=\"https:\/\/chavon.edu.do\/es\/programs\/short-courses\/\" \/>\n<meta property=\"og:site_name\" content=\"CHAV\u00d3N School of Design\" \/>\n<meta property=\"article:modified_time\" content=\"2025-09-19T22:14:45+00:00\" \/>\n<meta property=\"og:image\" content=\"https:\/\/chavon.edu.do\/wp-content\/uploads\/2025\/06\/cursos-cortos-chavon-school-of-design.jpg\" \/>\n\t<meta property=\"og:image:width\" content=\"1093\" \/>\n\t<meta property=\"og:image:height\" content=\"841\" \/>\n\t<meta property=\"og:image:type\" content=\"image\/jpeg\" \/>\n<meta name=\"twitter:card\" content=\"summary_large_image\" \/>\n<meta name=\"twitter:label1\" content=\"Tiempo estimado de lectura\" \/>\n\t<meta name=\"twitter:data1\" content=\"1 minuto\" \/>\n<script type=\"application\/ld+json\" class=\"yoast-schema-graph\">{\"@context\":\"https:\/\/schema.org\",\"@graph\":[{\"@type\":\"WebPage\",\"@id\":\"https:\/\/chavon.edu.do\/programs\/short-courses\/\",\"url\":\"https:\/\/chavon.edu.do\/programs\/short-courses\/\",\"name\":\"Short Courses Program | CHAV\u00d3N School of Design\",\"isPartOf\":{\"@id\":\"https:\/\/chavon.edu.do\/#website\"},\"primaryImageOfPage\":{\"@id\":\"https:\/\/chavon.edu.do\/programs\/short-courses\/#primaryimage\"},\"image\":{\"@id\":\"https:\/\/chavon.edu.do\/programs\/short-courses\/#primaryimage\"},\"thumbnailUrl\":\"https:\/\/chavon.edu.do\/wp-content\/uploads\/2025\/06\/cursos-cortos-chavon-school-of-design.jpg\",\"datePublished\":\"2025-06-02T21:37:11+00:00\",\"dateModified\":\"2025-09-19T22:14:45+00:00\",\"description\":\"Continuing Education short courses offer intensive training in a short period of time, allowing the development of new skills\",\"breadcrumb\":{\"@id\":\"https:\/\/chavon.edu.do\/programs\/short-courses\/#breadcrumb\"},\"inLanguage\":\"es\",\"potentialAction\":[{\"@type\":\"ReadAction\",\"target\":[\"https:\/\/chavon.edu.do\/programs\/short-courses\/\"]}]},{\"@type\":\"ImageObject\",\"inLanguage\":\"es\",\"@id\":\"https:\/\/chavon.edu.do\/programs\/short-courses\/#primaryimage\",\"url\":\"https:\/\/chavon.edu.do\/wp-content\/uploads\/2025\/06\/cursos-cortos-chavon-school-of-design.jpg\",\"contentUrl\":\"https:\/\/chavon.edu.do\/wp-content\/uploads\/2025\/06\/cursos-cortos-chavon-school-of-design.jpg\",\"width\":1093,\"height\":841},{\"@type\":\"BreadcrumbList\",\"@id\":\"https:\/\/chavon.edu.do\/programs\/short-courses\/#breadcrumb\",\"itemListElement\":[{\"@type\":\"ListItem\",\"position\":1,\"name\":\"Home\",\"item\":\"https:\/\/chavon.edu.do\/\"},{\"@type\":\"ListItem\",\"position\":2,\"name\":\"Programs\",\"item\":\"https:\/\/chavon.edu.do\/es\/programs\/\"},{\"@type\":\"ListItem\",\"position\":3,\"name\":\"Short Courses\"}]},{\"@type\":\"WebSite\",\"@id\":\"https:\/\/chavon.edu.do\/#website\",\"url\":\"https:\/\/chavon.edu.do\/\",\"name\":\"CHAV\u00d3N School of Design\",\"description\":\"\",\"publisher\":{\"@id\":\"https:\/\/chavon.edu.do\/#organization\"},\"potentialAction\":[{\"@type\":\"SearchAction\",\"target\":{\"@type\":\"EntryPoint\",\"urlTemplate\":\"https:\/\/chavon.edu.do\/?s={search_term_string}\"},\"query-input\":{\"@type\":\"PropertyValueSpecification\",\"valueRequired\":true,\"valueName\":\"search_term_string\"}}],\"inLanguage\":\"es\"},{\"@type\":\"Organization\",\"@id\":\"https:\/\/chavon.edu.do\/#organization\",\"name\":\"Chav\u00f3n - La Escuela de Dise\u00f1o\",\"url\":\"https:\/\/chavon.edu.do\/\",\"logo\":{\"@type\":\"ImageObject\",\"inLanguage\":\"es\",\"@id\":\"https:\/\/chavon.edu.do\/#\/schema\/logo\/image\/\",\"url\":\"https:\/\/chavon.edu.do\/wp-content\/uploads\/2019\/12\/chavon.png\",\"contentUrl\":\"https:\/\/chavon.edu.do\/wp-content\/uploads\/2019\/12\/chavon.png\",\"width\":225,\"height\":225,\"caption\":\"Chav\u00f3n - La Escuela de Dise\u00f1o\"},\"image\":{\"@id\":\"https:\/\/chavon.edu.do\/#\/schema\/logo\/image\/\"}}]}<\/script>\n<!-- \/ Yoast SEO plugin. -->","yoast_head_json":{"title":"Short Courses Program | CHAV\u00d3N School of Design","description":"Continuing Education short courses offer intensive training in a short period of time, allowing the development of new skills","robots":{"index":"index","follow":"follow","max-snippet":"max-snippet:-1","max-image-preview":"max-image-preview:large","max-video-preview":"max-video-preview:-1"},"canonical":"https:\/\/chavon.edu.do\/es\/programs\/short-courses\/","og_locale":"es_ES","og_type":"article","og_title":"Short Courses Program | CHAV\u00d3N School of Design","og_description":"Continuing Education short courses offer intensive training in a short period of time, allowing the development of new skills","og_url":"https:\/\/chavon.edu.do\/es\/programs\/short-courses\/","og_site_name":"CHAV\u00d3N School of Design","article_modified_time":"2025-09-19T22:14:45+00:00","og_image":[{"width":1093,"height":841,"url":"https:\/\/chavon.edu.do\/wp-content\/uploads\/2025\/06\/cursos-cortos-chavon-school-of-design.jpg","type":"image\/jpeg"}],"twitter_card":"summary_large_image","twitter_misc":{"Tiempo estimado de lectura":"1 minuto"},"schema":{"@context":"https:\/\/schema.org","@graph":[{"@type":"WebPage","@id":"https:\/\/chavon.edu.do\/programs\/short-courses\/","url":"https:\/\/chavon.edu.do\/programs\/short-courses\/","name":"Short Courses Program | CHAV\u00d3N School of Design","isPartOf":{"@id":"https:\/\/chavon.edu.do\/#website"},"primaryImageOfPage":{"@id":"https:\/\/chavon.edu.do\/programs\/short-courses\/#primaryimage"},"image":{"@id":"https:\/\/chavon.edu.do\/programs\/short-courses\/#primaryimage"},"thumbnailUrl":"https:\/\/chavon.edu.do\/wp-content\/uploads\/2025\/06\/cursos-cortos-chavon-school-of-design.jpg","datePublished":"2025-06-02T21:37:11+00:00","dateModified":"2025-09-19T22:14:45+00:00","description":"Continuing Education short courses offer intensive training in a short period of time, allowing the development of new skills","breadcrumb":{"@id":"https:\/\/chavon.edu.do\/programs\/short-courses\/#breadcrumb"},"inLanguage":"es","potentialAction":[{"@type":"ReadAction","target":["https:\/\/chavon.edu.do\/programs\/short-courses\/"]}]},{"@type":"ImageObject","inLanguage":"es","@id":"https:\/\/chavon.edu.do\/programs\/short-courses\/#primaryimage","url":"https:\/\/chavon.edu.do\/wp-content\/uploads\/2025\/06\/cursos-cortos-chavon-school-of-design.jpg","contentUrl":"https:\/\/chavon.edu.do\/wp-content\/uploads\/2025\/06\/cursos-cortos-chavon-school-of-design.jpg","width":1093,"height":841},{"@type":"BreadcrumbList","@id":"https:\/\/chavon.edu.do\/programs\/short-courses\/#breadcrumb","itemListElement":[{"@type":"ListItem","position":1,"name":"Home","item":"https:\/\/chavon.edu.do\/"},{"@type":"ListItem","position":2,"name":"Programs","item":"https:\/\/chavon.edu.do\/es\/programs\/"},{"@type":"ListItem","position":3,"name":"Short Courses"}]},{"@type":"WebSite","@id":"https:\/\/chavon.edu.do\/#website","url":"https:\/\/chavon.edu.do\/","name":"CHAV\u00d3N La Escuela de Dise\u00f1o","description":"","publisher":{"@id":"https:\/\/chavon.edu.do\/#organization"},"potentialAction":[{"@type":"SearchAction","target":{"@type":"EntryPoint","urlTemplate":"https:\/\/chavon.edu.do\/?s={search_term_string}"},"query-input":{"@type":"PropertyValueSpecification","valueRequired":true,"valueName":"search_term_string"}}],"inLanguage":"es"},{"@type":"Organization","@id":"https:\/\/chavon.edu.do\/#organization","name":"Chav\u00f3n - La Escuela de Dise\u00f1o","url":"https:\/\/chavon.edu.do\/","logo":{"@type":"ImageObject","inLanguage":"es","@id":"https:\/\/chavon.edu.do\/#\/schema\/logo\/image\/","url":"https:\/\/chavon.edu.do\/wp-content\/uploads\/2019\/12\/chavon.png","contentUrl":"https:\/\/chavon.edu.do\/wp-content\/uploads\/2019\/12\/chavon.png","width":225,"height":225,"caption":"Chav\u00f3n - La Escuela de Dise\u00f1o"},"image":{"@id":"https:\/\/chavon.edu.do\/#\/schema\/logo\/image\/"}}]}},"_links":{"self":[{"href":"https:\/\/chavon.edu.do\/es\/wp-json\/wp\/v2\/pages\/6568","targetHints":{"allow":["GET"]}}],"collection":[{"href":"https:\/\/chavon.edu.do\/es\/wp-json\/wp\/v2\/pages"}],"about":[{"href":"https:\/\/chavon.edu.do\/es\/wp-json\/wp\/v2\/types\/page"}],"author":[{"embeddable":true,"href":"https:\/\/chavon.edu.do\/es\/wp-json\/wp\/v2\/users\/21"}],"replies":[{"embeddable":true,"href":"https:\/\/chavon.edu.do\/es\/wp-json\/wp\/v2\/comments?post=6568"}],"version-history":[{"count":48,"href":"https:\/\/chavon.edu.do\/es\/wp-json\/wp\/v2\/pages\/6568\/revisions"}],"predecessor-version":[{"id":7980,"href":"https:\/\/chavon.edu.do\/es\/wp-json\/wp\/v2\/pages\/6568\/revisions\/7980"}],"up":[{"embeddable":true,"href":"https:\/\/chavon.edu.do\/es\/wp-json\/wp\/v2\/pages\/1635"}],"wp:featuredmedia":[{"embeddable":true,"href":"https:\/\/chavon.edu.do\/es\/wp-json\/wp\/v2\/media\/6555"}],"wp:attachment":[{"href":"https:\/\/chavon.edu.do\/es\/wp-json\/wp\/v2\/media?parent=6568"}],"curies":[{"name":"wp","href":"https:\/\/api.w.org\/{rel}","templated":true}]}}