{"id":6489,"date":"2025-05-30T11:10:33","date_gmt":"2025-05-30T15:10:33","guid":{"rendered":"https:\/\/chavon.edu.do\/?page_id=6489"},"modified":"2025-07-02T11:01:52","modified_gmt":"2025-07-02T15:01:52","slug":"chavon-pro","status":"publish","type":"page","link":"https:\/\/chavon.edu.do\/es\/programs\/chavon-pro\/","title":{"rendered":"CHAV\u00d3N PRO"},"content":{"rendered":"<div class=\"wp-block-columns has-2-columns right-sidebar is-layout-flex wp-container-core-columns-is-layout-9d6595d7 wp-block-columns-is-layout-flex\">\n<div class=\"wp-block-column is-layout-flow wp-block-column-is-layout-flow\">\n<h1 class=\"wp-block-heading\">CHAV\u00d3N PRO<\/h1>\n\n\n\n<p class=\"special-section\">Disponible en Campus Santo Domingo y Campus La Romana<\/p>\n\n\n\n<hr class=\"wp-block-separator has-alpha-channel-opacity\"\/>\n\n\n\n<div style=\"height:48px\" aria-hidden=\"true\" class=\"wp-block-spacer\"><\/div>\n\n\n\n<p class=\"medium\"><strong>CHAV\u00d3N<\/strong> es un referente global en la educaci\u00f3n en arte y dise\u00f1o, ofreciendo programas de capacitaci\u00f3n personalizados para empresas, instituciones nacionales e internacionales y organizaciones que buscan fortalecer las habilidades creativas y t\u00e9cnicas de sus equipos<\/p>\n\n\n\n<p class=\"medium\"><strong>CHAV\u00d3N PRO<\/strong> dise\u00f1a programas de formaci\u00f3n a la medida, adaptados a las necesidades espec\u00edficas de cada cliente. Estos pueden impartirse en modalidad presencial, virtual o h\u00edbrida, con horarios flexibles y formatos adaptados a los objetivos de cada instituci\u00f3n.<\/p>\n\n\n\n<p class=\"medium\"><strong>Opciones de capacitaci\u00f3n:<\/strong><\/p>\n\n\n\n<ul class=\"wp-block-list\">\n<li class=\"medium\">Cursos exclusivos dise\u00f1ados a la medida del cliente.<\/li>\n\n\n\n<li class=\"medium chavon-number-list\">Grupos cerrados de los programas existentes de <a href=\"\/es\/programs\/continuing-education\/\">Educaci\u00f3n Continua<\/a> :\n<ol class=\"wp-block-list chavon-number-list\">\n<li><a href=\"\/es\/programs\/short-courses\/\">Cursos<\/a><\/li>\n\n\n\n<li><a href=\"\/es\/programs\/certificates\/\">Diplomados<\/a><\/li>\n\n\n\n<li><a href=\"\/es\/programs\/workshops\/\">Talleres<\/a><\/li>\n<\/ol>\n<\/li>\n<\/ul>\n<\/div>\n\n\n\n<div class=\"wp-block-column is-layout-flow wp-block-column-is-layout-flow\">\n<div class=\"wp-block-group\"><div class=\"wp-block-group__inner-container is-layout-constrained wp-block-group-is-layout-constrained\">\n<p class=\"top-line has-medium-font-size\"><strong>CONTACTO<\/strong><br><br><strong>Tel\u00e9fono:<\/strong> + 1 (809) 563.2802 ext. 108, 109<br><strong>Correo electr\u00f3nico:<\/strong> info@chavon.edu.do<\/p>\n<\/div><\/div>\n<\/div>\n<\/div>","protected":false},"excerpt":{"rendered":"<p>CHAV\u00d3N PRO Available at the Santo Domingo and La Romana Campuses CHAV\u00d3N stands as a global reference in art and design education, providing customized corporate <br \/><a class=\"read-more\" href=\"https:\/\/chavon.edu.do\/es\/programs\/chavon-pro\/\">+ Lee m\u00e1s<\/a><\/p>","protected":false},"author":21,"featured_media":2658,"parent":1635,"menu_order":60,"comment_status":"closed","ping_status":"closed","template":"","meta":{"_acf_changed":false,"footnotes":""},"class_list":["post-6489","page","type-page","status-publish","has-post-thumbnail","hentry"],"acf":[],"yoast_head":"<!-- This site is optimized with the Yoast SEO plugin v26.6 - https:\/\/yoast.com\/wordpress\/plugins\/seo\/ -->\n<title>CHAV\u00d3N PRO: Custom-made Programs for Organizations | CHAV\u00d3N<\/title>\n<meta name=\"description\" content=\"CHAV\u00d3N offers tailor-made programs that are an exciting learning adventure for organizations at all levels.\" \/>\n<meta name=\"robots\" content=\"index, follow, max-snippet:-1, max-image-preview:large, max-video-preview:-1\" \/>\n<link rel=\"canonical\" href=\"https:\/\/chavon.edu.do\/es\/programs\/chavon-pro\/\" \/>\n<meta property=\"og:locale\" content=\"es_ES\" \/>\n<meta property=\"og:type\" content=\"article\" \/>\n<meta property=\"og:title\" content=\"CHAV\u00d3N PRO: Custom-made Programs for Organizations | CHAV\u00d3N\" \/>\n<meta property=\"og:description\" content=\"CHAV\u00d3N offers tailor-made programs that are an exciting learning adventure for organizations at all levels.\" \/>\n<meta property=\"og:url\" content=\"https:\/\/chavon.edu.do\/es\/programs\/chavon-pro\/\" \/>\n<meta property=\"og:site_name\" content=\"CHAV\u00d3N School of Design\" \/>\n<meta property=\"article:modified_time\" content=\"2025-07-02T15:01:52+00:00\" \/>\n<meta property=\"og:image\" content=\"https:\/\/chavon.edu.do\/wp-content\/uploads\/2019\/04\/pubrelationsdiplo.jpg\" \/>\n\t<meta property=\"og:image:width\" content=\"1000\" \/>\n\t<meta property=\"og:image:height\" content=\"671\" \/>\n\t<meta property=\"og:image:type\" content=\"image\/jpeg\" \/>\n<meta name=\"twitter:card\" content=\"summary_large_image\" \/>\n<meta name=\"twitter:label1\" content=\"Tiempo estimado de lectura\" \/>\n\t<meta name=\"twitter:data1\" content=\"1 minuto\" \/>\n<script type=\"application\/ld+json\" class=\"yoast-schema-graph\">{\"@context\":\"https:\/\/schema.org\",\"@graph\":[{\"@type\":\"WebPage\",\"@id\":\"https:\/\/chavon.edu.do\/programs\/chavon-pro\/\",\"url\":\"https:\/\/chavon.edu.do\/programs\/chavon-pro\/\",\"name\":\"CHAV\u00d3N PRO: Custom-made Programs for Organizations | CHAV\u00d3N\",\"isPartOf\":{\"@id\":\"https:\/\/chavon.edu.do\/#website\"},\"primaryImageOfPage\":{\"@id\":\"https:\/\/chavon.edu.do\/programs\/chavon-pro\/#primaryimage\"},\"image\":{\"@id\":\"https:\/\/chavon.edu.do\/programs\/chavon-pro\/#primaryimage\"},\"thumbnailUrl\":\"https:\/\/chavon.edu.do\/wp-content\/uploads\/2019\/04\/pubrelationsdiplo.jpg\",\"datePublished\":\"2025-05-30T15:10:33+00:00\",\"dateModified\":\"2025-07-02T15:01:52+00:00\",\"description\":\"CHAV\u00d3N offers tailor-made programs that are an exciting learning adventure for organizations at all levels.\",\"breadcrumb\":{\"@id\":\"https:\/\/chavon.edu.do\/programs\/chavon-pro\/#breadcrumb\"},\"inLanguage\":\"es\",\"potentialAction\":[{\"@type\":\"ReadAction\",\"target\":[\"https:\/\/chavon.edu.do\/programs\/chavon-pro\/\"]}]},{\"@type\":\"ImageObject\",\"inLanguage\":\"es\",\"@id\":\"https:\/\/chavon.edu.do\/programs\/chavon-pro\/#primaryimage\",\"url\":\"https:\/\/chavon.edu.do\/wp-content\/uploads\/2019\/04\/pubrelationsdiplo.jpg\",\"contentUrl\":\"https:\/\/chavon.edu.do\/wp-content\/uploads\/2019\/04\/pubrelationsdiplo.jpg\",\"width\":1000,\"height\":671},{\"@type\":\"BreadcrumbList\",\"@id\":\"https:\/\/chavon.edu.do\/programs\/chavon-pro\/#breadcrumb\",\"itemListElement\":[{\"@type\":\"ListItem\",\"position\":1,\"name\":\"Home\",\"item\":\"https:\/\/chavon.edu.do\/\"},{\"@type\":\"ListItem\",\"position\":2,\"name\":\"Programs\",\"item\":\"https:\/\/chavon.edu.do\/es\/programs\/\"},{\"@type\":\"ListItem\",\"position\":3,\"name\":\"CHAV\u00d3N PRO\"}]},{\"@type\":\"WebSite\",\"@id\":\"https:\/\/chavon.edu.do\/#website\",\"url\":\"https:\/\/chavon.edu.do\/\",\"name\":\"CHAV\u00d3N School of Design\",\"description\":\"\",\"publisher\":{\"@id\":\"https:\/\/chavon.edu.do\/#organization\"},\"potentialAction\":[{\"@type\":\"SearchAction\",\"target\":{\"@type\":\"EntryPoint\",\"urlTemplate\":\"https:\/\/chavon.edu.do\/?s={search_term_string}\"},\"query-input\":{\"@type\":\"PropertyValueSpecification\",\"valueRequired\":true,\"valueName\":\"search_term_string\"}}],\"inLanguage\":\"es\"},{\"@type\":\"Organization\",\"@id\":\"https:\/\/chavon.edu.do\/#organization\",\"name\":\"Chav\u00f3n - La Escuela de Dise\u00f1o\",\"url\":\"https:\/\/chavon.edu.do\/\",\"logo\":{\"@type\":\"ImageObject\",\"inLanguage\":\"es\",\"@id\":\"https:\/\/chavon.edu.do\/#\/schema\/logo\/image\/\",\"url\":\"https:\/\/chavon.edu.do\/wp-content\/uploads\/2019\/12\/chavon.png\",\"contentUrl\":\"https:\/\/chavon.edu.do\/wp-content\/uploads\/2019\/12\/chavon.png\",\"width\":225,\"height\":225,\"caption\":\"Chav\u00f3n - La Escuela de Dise\u00f1o\"},\"image\":{\"@id\":\"https:\/\/chavon.edu.do\/#\/schema\/logo\/image\/\"}}]}<\/script>\n<!-- \/ Yoast SEO plugin. -->","yoast_head_json":{"title":"CHAV\u00d3N PRO: Custom-made Programs for Organizations | CHAV\u00d3N","description":"CHAV\u00d3N offers tailor-made programs that are an exciting learning adventure for organizations at all levels.","robots":{"index":"index","follow":"follow","max-snippet":"max-snippet:-1","max-image-preview":"max-image-preview:large","max-video-preview":"max-video-preview:-1"},"canonical":"https:\/\/chavon.edu.do\/es\/programs\/chavon-pro\/","og_locale":"es_ES","og_type":"article","og_title":"CHAV\u00d3N PRO: Custom-made Programs for Organizations | CHAV\u00d3N","og_description":"CHAV\u00d3N offers tailor-made programs that are an exciting learning adventure for organizations at all levels.","og_url":"https:\/\/chavon.edu.do\/es\/programs\/chavon-pro\/","og_site_name":"CHAV\u00d3N School of Design","article_modified_time":"2025-07-02T15:01:52+00:00","og_image":[{"width":1000,"height":671,"url":"https:\/\/chavon.edu.do\/wp-content\/uploads\/2019\/04\/pubrelationsdiplo.jpg","type":"image\/jpeg"}],"twitter_card":"summary_large_image","twitter_misc":{"Tiempo estimado de lectura":"1 minuto"},"schema":{"@context":"https:\/\/schema.org","@graph":[{"@type":"WebPage","@id":"https:\/\/chavon.edu.do\/programs\/chavon-pro\/","url":"https:\/\/chavon.edu.do\/programs\/chavon-pro\/","name":"CHAV\u00d3N PRO: Custom-made Programs for Organizations | CHAV\u00d3N","isPartOf":{"@id":"https:\/\/chavon.edu.do\/#website"},"primaryImageOfPage":{"@id":"https:\/\/chavon.edu.do\/programs\/chavon-pro\/#primaryimage"},"image":{"@id":"https:\/\/chavon.edu.do\/programs\/chavon-pro\/#primaryimage"},"thumbnailUrl":"https:\/\/chavon.edu.do\/wp-content\/uploads\/2019\/04\/pubrelationsdiplo.jpg","datePublished":"2025-05-30T15:10:33+00:00","dateModified":"2025-07-02T15:01:52+00:00","description":"CHAV\u00d3N offers tailor-made programs that are an exciting learning adventure for organizations at all levels.","breadcrumb":{"@id":"https:\/\/chavon.edu.do\/programs\/chavon-pro\/#breadcrumb"},"inLanguage":"es","potentialAction":[{"@type":"ReadAction","target":["https:\/\/chavon.edu.do\/programs\/chavon-pro\/"]}]},{"@type":"ImageObject","inLanguage":"es","@id":"https:\/\/chavon.edu.do\/programs\/chavon-pro\/#primaryimage","url":"https:\/\/chavon.edu.do\/wp-content\/uploads\/2019\/04\/pubrelationsdiplo.jpg","contentUrl":"https:\/\/chavon.edu.do\/wp-content\/uploads\/2019\/04\/pubrelationsdiplo.jpg","width":1000,"height":671},{"@type":"BreadcrumbList","@id":"https:\/\/chavon.edu.do\/programs\/chavon-pro\/#breadcrumb","itemListElement":[{"@type":"ListItem","position":1,"name":"Home","item":"https:\/\/chavon.edu.do\/"},{"@type":"ListItem","position":2,"name":"Programs","item":"https:\/\/chavon.edu.do\/es\/programs\/"},{"@type":"ListItem","position":3,"name":"CHAV\u00d3N PRO"}]},{"@type":"WebSite","@id":"https:\/\/chavon.edu.do\/#website","url":"https:\/\/chavon.edu.do\/","name":"CHAV\u00d3N La Escuela de Dise\u00f1o","description":"","publisher":{"@id":"https:\/\/chavon.edu.do\/#organization"},"potentialAction":[{"@type":"SearchAction","target":{"@type":"EntryPoint","urlTemplate":"https:\/\/chavon.edu.do\/?s={search_term_string}"},"query-input":{"@type":"PropertyValueSpecification","valueRequired":true,"valueName":"search_term_string"}}],"inLanguage":"es"},{"@type":"Organization","@id":"https:\/\/chavon.edu.do\/#organization","name":"Chav\u00f3n - La Escuela de Dise\u00f1o","url":"https:\/\/chavon.edu.do\/","logo":{"@type":"ImageObject","inLanguage":"es","@id":"https:\/\/chavon.edu.do\/#\/schema\/logo\/image\/","url":"https:\/\/chavon.edu.do\/wp-content\/uploads\/2019\/12\/chavon.png","contentUrl":"https:\/\/chavon.edu.do\/wp-content\/uploads\/2019\/12\/chavon.png","width":225,"height":225,"caption":"Chav\u00f3n - La Escuela de Dise\u00f1o"},"image":{"@id":"https:\/\/chavon.edu.do\/#\/schema\/logo\/image\/"}}]}},"_links":{"self":[{"href":"https:\/\/chavon.edu.do\/es\/wp-json\/wp\/v2\/pages\/6489","targetHints":{"allow":["GET"]}}],"collection":[{"href":"https:\/\/chavon.edu.do\/es\/wp-json\/wp\/v2\/pages"}],"about":[{"href":"https:\/\/chavon.edu.do\/es\/wp-json\/wp\/v2\/types\/page"}],"author":[{"embeddable":true,"href":"https:\/\/chavon.edu.do\/es\/wp-json\/wp\/v2\/users\/21"}],"replies":[{"embeddable":true,"href":"https:\/\/chavon.edu.do\/es\/wp-json\/wp\/v2\/comments?post=6489"}],"version-history":[{"count":46,"href":"https:\/\/chavon.edu.do\/es\/wp-json\/wp\/v2\/pages\/6489\/revisions"}],"predecessor-version":[{"id":7866,"href":"https:\/\/chavon.edu.do\/es\/wp-json\/wp\/v2\/pages\/6489\/revisions\/7866"}],"up":[{"embeddable":true,"href":"https:\/\/chavon.edu.do\/es\/wp-json\/wp\/v2\/pages\/1635"}],"wp:featuredmedia":[{"embeddable":true,"href":"https:\/\/chavon.edu.do\/es\/wp-json\/wp\/v2\/media\/2658"}],"wp:attachment":[{"href":"https:\/\/chavon.edu.do\/es\/wp-json\/wp\/v2\/media?parent=6489"}],"curies":[{"name":"wp","href":"https:\/\/api.w.org\/{rel}","templated":true}]}}