{"id":6352,"date":"2025-04-20T15:04:31","date_gmt":"2025-04-20T15:04:31","guid":{"rendered":"https:\/\/chavon.edu.do\/?page_id=6352"},"modified":"2025-06-06T14:44:07","modified_gmt":"2025-06-06T18:44:07","slug":"about","status":"publish","type":"page","link":"https:\/\/chavon.edu.do\/es\/about\/","title":{"rendered":"Sobre CHAV\u00d3N"},"content":{"rendered":"<h1 class=\"wp-block-heading\">Sobre CHAV\u00d3N<\/h1>\n\n\n\n<div style=\"height:16px\" aria-hidden=\"true\" class=\"wp-block-spacer\"><\/div>\n\n\n\n<h2 class=\"wp-block-heading bottom-line has-medium-font-size\">Cambiando vidas a trav\u00e9s del arte y el dise\u00f1o desde 1983...<\/h2>\n\n\n\n<div style=\"height:16px\" aria-hidden=\"true\" class=\"wp-block-spacer\"><\/div>\n\n\n\n<p class=\"has-medium-font-size\">Desde su creaci\u00f3n en 1983, la <strong>Fundaci\u00f3n Centro Cultural Altos de Chav\u00f3n<\/strong> naci\u00f3 con el prop\u00f3sito de ofrecer oportunidades educativas en arte y dise\u00f1o a personas con talento y cultivar el arte y el dise\u00f1o como motores de la transformaci\u00f3n social en la Rep\u00fablica Dominicana. <\/p>\n\n\n\n<p class=\"has-medium-font-size\">De esta visi\u00f3n surge <strong>CHAV\u00d3N La Escuela de Dise\u00f1o<\/strong>, una instituci\u00f3n que durante m\u00e1s de 40 a\u00f1os ha formado a miles de destacados artistas y dise\u00f1adores, l\u00edderes del sector a escala nacional e internacional.<\/p>\n\n\n\n<p class=\"has-medium-font-size\">Ubicada en la Rep\u00fablica Dominicana y fundada en asociaci\u00f3n con <strong>Parsons School of Design<\/strong>, <strong>CHAV\u00d3N<\/strong> es un centro mundial de ense\u00f1anza de arte y dise\u00f1o que atrae a estudiantes de todo el mundo. <\/p>\n\n\n\n<figure class=\"wp-block-image size-full\"><img loading=\"lazy\" decoding=\"async\" width=\"1024\" height=\"389\" src=\"https:\/\/chavon.edu.do\/wp-content\/uploads\/2025\/04\/image-1.png\" alt=\"\" class=\"wp-image-6387\" srcset=\"https:\/\/chavon.edu.do\/wp-content\/uploads\/2025\/04\/image-1.png 1024w, https:\/\/chavon.edu.do\/wp-content\/uploads\/2025\/04\/image-1-300x114.png 300w, https:\/\/chavon.edu.do\/wp-content\/uploads\/2025\/04\/image-1-768x292.png 768w, https:\/\/chavon.edu.do\/wp-content\/uploads\/2025\/04\/image-1-600x228.png 600w\" sizes=\"auto, (max-width: 1024px) 100vw, 1024px\" \/><\/figure>\n\n\n\n<p class=\"has-medium-font-size\">Su enfoque pr\u00e1ctico, innovador y orientado al mercado, prepara a sus egresados para destacarse como profesionales, empresarios y agentes de cambio en \u00e1reas de estudio como Dise\u00f1o y Comunicaci\u00f3n, Expresiones Art\u00edsticas, Espacios y Moda, entre otros.<\/p>\n\n\n\n<p class=\"has-medium-font-size\">A trav\u00e9s de sus programas educativos, residencias art\u00edsticas y espacios expositivos, <strong>CHAV\u00d3N<\/strong> ha fomentado la creatividad y el intercambio cultural. Los egresados de La Escuela no s\u00f3lo lideran marcas internacionales, sino que tambi\u00e9n impactan la Econom\u00eda Naranja, contribuyendo con ideas innovadoras y carreras exitosas en empresas, agencias y como artistas independientes.<\/p>\n\n\n\n<p class=\"has-medium-font-size\">Por m\u00e1s de cuatro d\u00e9cadas, <strong>CHAV\u00d3N<\/strong> ha sido un pilar en el enriquecimiento del panorama educativo de la regi\u00f3n, reafirmando su compromiso con el arte, el dise\u00f1o y la cultura en la Rep\u00fablica Dominicana.<\/p>","protected":false},"excerpt":{"rendered":"<p>About CHAV\u00d3N Changing lives through art and design since 1983\u2026 Since its creation in 1983, the Altos de Chav\u00f3n Cultural Center Foundation was born with <br \/><a class=\"read-more\" href=\"https:\/\/chavon.edu.do\/es\/about\/\">+ Lee m\u00e1s<\/a><\/p>","protected":false},"author":21,"featured_media":6922,"parent":0,"menu_order":32,"comment_status":"closed","ping_status":"closed","template":"template-about.php","meta":{"_acf_changed":false,"footnotes":""},"class_list":["post-6352","page","type-page","status-publish","has-post-thumbnail","hentry"],"acf":[],"yoast_head":"<!-- This site is optimized with the Yoast SEO plugin v26.6 - https:\/\/yoast.com\/wordpress\/plugins\/seo\/ -->\n<title>All About CHAV\u00d3N | CHAV\u00d3N School of Design<\/title>\n<meta name=\"description\" content=\"CHAV\u00d3N School of Design: 40+ years of excellence in art &amp; design education. Partnership with Parsons. Global students, industry leaders since 1983.\" \/>\n<meta name=\"robots\" content=\"index, follow, max-snippet:-1, max-image-preview:large, max-video-preview:-1\" \/>\n<link rel=\"canonical\" href=\"https:\/\/chavon.edu.do\/es\/about\/\" \/>\n<meta property=\"og:locale\" content=\"es_ES\" \/>\n<meta property=\"og:type\" content=\"article\" \/>\n<meta property=\"og:title\" content=\"All About CHAV\u00d3N | CHAV\u00d3N School of Design\" \/>\n<meta property=\"og:description\" content=\"CHAV\u00d3N School of Design: 40+ years of excellence in art &amp; design education. Partnership with Parsons. Global students, industry leaders since 1983.\" \/>\n<meta property=\"og:url\" content=\"https:\/\/chavon.edu.do\/es\/about\/\" \/>\n<meta property=\"og:site_name\" content=\"CHAV\u00d3N School of Design\" \/>\n<meta property=\"article:modified_time\" content=\"2025-06-06T18:44:07+00:00\" \/>\n<meta property=\"og:image\" content=\"https:\/\/chavon.edu.do\/wp-content\/uploads\/2025\/06\/hero-about-chavon-school-of-design.jpg\" \/>\n\t<meta property=\"og:image:width\" content=\"2560\" \/>\n\t<meta property=\"og:image:height\" content=\"1440\" \/>\n\t<meta property=\"og:image:type\" content=\"image\/jpeg\" \/>\n<meta name=\"twitter:card\" content=\"summary_large_image\" \/>\n<meta name=\"twitter:label1\" content=\"Tiempo estimado de lectura\" \/>\n\t<meta name=\"twitter:data1\" content=\"2 minutos\" \/>\n<script type=\"application\/ld+json\" class=\"yoast-schema-graph\">{\"@context\":\"https:\/\/schema.org\",\"@graph\":[{\"@type\":\"WebPage\",\"@id\":\"https:\/\/chavon.edu.do\/about\/\",\"url\":\"https:\/\/chavon.edu.do\/about\/\",\"name\":\"All About CHAV\u00d3N | CHAV\u00d3N School of Design\",\"isPartOf\":{\"@id\":\"https:\/\/chavon.edu.do\/#website\"},\"primaryImageOfPage\":{\"@id\":\"https:\/\/chavon.edu.do\/about\/#primaryimage\"},\"image\":{\"@id\":\"https:\/\/chavon.edu.do\/about\/#primaryimage\"},\"thumbnailUrl\":\"https:\/\/chavon.edu.do\/wp-content\/uploads\/2025\/06\/hero-about-chavon-school-of-design.jpg\",\"datePublished\":\"2025-04-20T15:04:31+00:00\",\"dateModified\":\"2025-06-06T18:44:07+00:00\",\"description\":\"CHAV\u00d3N School of Design: 40+ years of excellence in art & design education. Partnership with Parsons. Global students, industry leaders since 1983.\",\"breadcrumb\":{\"@id\":\"https:\/\/chavon.edu.do\/about\/#breadcrumb\"},\"inLanguage\":\"es\",\"potentialAction\":[{\"@type\":\"ReadAction\",\"target\":[\"https:\/\/chavon.edu.do\/about\/\"]}]},{\"@type\":\"ImageObject\",\"inLanguage\":\"es\",\"@id\":\"https:\/\/chavon.edu.do\/about\/#primaryimage\",\"url\":\"https:\/\/chavon.edu.do\/wp-content\/uploads\/2025\/06\/hero-about-chavon-school-of-design.jpg\",\"contentUrl\":\"https:\/\/chavon.edu.do\/wp-content\/uploads\/2025\/06\/hero-about-chavon-school-of-design.jpg\",\"width\":2560,\"height\":1440},{\"@type\":\"BreadcrumbList\",\"@id\":\"https:\/\/chavon.edu.do\/about\/#breadcrumb\",\"itemListElement\":[{\"@type\":\"ListItem\",\"position\":1,\"name\":\"Home\",\"item\":\"https:\/\/chavon.edu.do\/\"},{\"@type\":\"ListItem\",\"position\":2,\"name\":\"About\"}]},{\"@type\":\"WebSite\",\"@id\":\"https:\/\/chavon.edu.do\/#website\",\"url\":\"https:\/\/chavon.edu.do\/\",\"name\":\"CHAV\u00d3N School of Design\",\"description\":\"\",\"publisher\":{\"@id\":\"https:\/\/chavon.edu.do\/#organization\"},\"potentialAction\":[{\"@type\":\"SearchAction\",\"target\":{\"@type\":\"EntryPoint\",\"urlTemplate\":\"https:\/\/chavon.edu.do\/?s={search_term_string}\"},\"query-input\":{\"@type\":\"PropertyValueSpecification\",\"valueRequired\":true,\"valueName\":\"search_term_string\"}}],\"inLanguage\":\"es\"},{\"@type\":\"Organization\",\"@id\":\"https:\/\/chavon.edu.do\/#organization\",\"name\":\"Chav\u00f3n - La Escuela de Dise\u00f1o\",\"url\":\"https:\/\/chavon.edu.do\/\",\"logo\":{\"@type\":\"ImageObject\",\"inLanguage\":\"es\",\"@id\":\"https:\/\/chavon.edu.do\/#\/schema\/logo\/image\/\",\"url\":\"https:\/\/chavon.edu.do\/wp-content\/uploads\/2019\/12\/chavon.png\",\"contentUrl\":\"https:\/\/chavon.edu.do\/wp-content\/uploads\/2019\/12\/chavon.png\",\"width\":225,\"height\":225,\"caption\":\"Chav\u00f3n - La Escuela de Dise\u00f1o\"},\"image\":{\"@id\":\"https:\/\/chavon.edu.do\/#\/schema\/logo\/image\/\"}}]}<\/script>\n<!-- \/ Yoast SEO plugin. -->","yoast_head_json":{"title":"All About CHAV\u00d3N | CHAV\u00d3N School of Design","description":"CHAV\u00d3N School of Design: 40+ years of excellence in art & design education. Partnership with Parsons. Global students, industry leaders since 1983.","robots":{"index":"index","follow":"follow","max-snippet":"max-snippet:-1","max-image-preview":"max-image-preview:large","max-video-preview":"max-video-preview:-1"},"canonical":"https:\/\/chavon.edu.do\/es\/about\/","og_locale":"es_ES","og_type":"article","og_title":"All About CHAV\u00d3N | CHAV\u00d3N School of Design","og_description":"CHAV\u00d3N School of Design: 40+ years of excellence in art & design education. Partnership with Parsons. Global students, industry leaders since 1983.","og_url":"https:\/\/chavon.edu.do\/es\/about\/","og_site_name":"CHAV\u00d3N School of Design","article_modified_time":"2025-06-06T18:44:07+00:00","og_image":[{"width":2560,"height":1440,"url":"https:\/\/chavon.edu.do\/wp-content\/uploads\/2025\/06\/hero-about-chavon-school-of-design.jpg","type":"image\/jpeg"}],"twitter_card":"summary_large_image","twitter_misc":{"Tiempo estimado de lectura":"2 minutos"},"schema":{"@context":"https:\/\/schema.org","@graph":[{"@type":"WebPage","@id":"https:\/\/chavon.edu.do\/about\/","url":"https:\/\/chavon.edu.do\/about\/","name":"All About CHAV\u00d3N | CHAV\u00d3N School of Design","isPartOf":{"@id":"https:\/\/chavon.edu.do\/#website"},"primaryImageOfPage":{"@id":"https:\/\/chavon.edu.do\/about\/#primaryimage"},"image":{"@id":"https:\/\/chavon.edu.do\/about\/#primaryimage"},"thumbnailUrl":"https:\/\/chavon.edu.do\/wp-content\/uploads\/2025\/06\/hero-about-chavon-school-of-design.jpg","datePublished":"2025-04-20T15:04:31+00:00","dateModified":"2025-06-06T18:44:07+00:00","description":"CHAV\u00d3N School of Design: 40+ years of excellence in art & design education. Partnership with Parsons. Global students, industry leaders since 1983.","breadcrumb":{"@id":"https:\/\/chavon.edu.do\/about\/#breadcrumb"},"inLanguage":"es","potentialAction":[{"@type":"ReadAction","target":["https:\/\/chavon.edu.do\/about\/"]}]},{"@type":"ImageObject","inLanguage":"es","@id":"https:\/\/chavon.edu.do\/about\/#primaryimage","url":"https:\/\/chavon.edu.do\/wp-content\/uploads\/2025\/06\/hero-about-chavon-school-of-design.jpg","contentUrl":"https:\/\/chavon.edu.do\/wp-content\/uploads\/2025\/06\/hero-about-chavon-school-of-design.jpg","width":2560,"height":1440},{"@type":"BreadcrumbList","@id":"https:\/\/chavon.edu.do\/about\/#breadcrumb","itemListElement":[{"@type":"ListItem","position":1,"name":"Home","item":"https:\/\/chavon.edu.do\/"},{"@type":"ListItem","position":2,"name":"About"}]},{"@type":"WebSite","@id":"https:\/\/chavon.edu.do\/#website","url":"https:\/\/chavon.edu.do\/","name":"CHAV\u00d3N La Escuela de Dise\u00f1o","description":"","publisher":{"@id":"https:\/\/chavon.edu.do\/#organization"},"potentialAction":[{"@type":"SearchAction","target":{"@type":"EntryPoint","urlTemplate":"https:\/\/chavon.edu.do\/?s={search_term_string}"},"query-input":{"@type":"PropertyValueSpecification","valueRequired":true,"valueName":"search_term_string"}}],"inLanguage":"es"},{"@type":"Organization","@id":"https:\/\/chavon.edu.do\/#organization","name":"Chav\u00f3n - La Escuela de Dise\u00f1o","url":"https:\/\/chavon.edu.do\/","logo":{"@type":"ImageObject","inLanguage":"es","@id":"https:\/\/chavon.edu.do\/#\/schema\/logo\/image\/","url":"https:\/\/chavon.edu.do\/wp-content\/uploads\/2019\/12\/chavon.png","contentUrl":"https:\/\/chavon.edu.do\/wp-content\/uploads\/2019\/12\/chavon.png","width":225,"height":225,"caption":"Chav\u00f3n - La Escuela de Dise\u00f1o"},"image":{"@id":"https:\/\/chavon.edu.do\/#\/schema\/logo\/image\/"}}]}},"_links":{"self":[{"href":"https:\/\/chavon.edu.do\/es\/wp-json\/wp\/v2\/pages\/6352","targetHints":{"allow":["GET"]}}],"collection":[{"href":"https:\/\/chavon.edu.do\/es\/wp-json\/wp\/v2\/pages"}],"about":[{"href":"https:\/\/chavon.edu.do\/es\/wp-json\/wp\/v2\/types\/page"}],"author":[{"embeddable":true,"href":"https:\/\/chavon.edu.do\/es\/wp-json\/wp\/v2\/users\/21"}],"replies":[{"embeddable":true,"href":"https:\/\/chavon.edu.do\/es\/wp-json\/wp\/v2\/comments?post=6352"}],"version-history":[{"count":83,"href":"https:\/\/chavon.edu.do\/es\/wp-json\/wp\/v2\/pages\/6352\/revisions"}],"predecessor-version":[{"id":6961,"href":"https:\/\/chavon.edu.do\/es\/wp-json\/wp\/v2\/pages\/6352\/revisions\/6961"}],"wp:featuredmedia":[{"embeddable":true,"href":"https:\/\/chavon.edu.do\/es\/wp-json\/wp\/v2\/media\/6922"}],"wp:attachment":[{"href":"https:\/\/chavon.edu.do\/es\/wp-json\/wp\/v2\/media?parent=6352"}],"curies":[{"name":"wp","href":"https:\/\/api.w.org\/{rel}","templated":true}]}}