{"id":632,"date":"2019-03-20T18:26:27","date_gmt":"2019-03-20T18:26:27","guid":{"rendered":"http:\/\/chavon.wordpress.local\/?page_id=632"},"modified":"2025-06-27T10:28:32","modified_gmt":"2025-06-27T14:28:32","slug":"admissions","status":"publish","type":"page","link":"https:\/\/chavon.edu.do\/es\/admissions\/","title":{"rendered":"Admisiones"},"content":{"rendered":"<h1 class=\"wp-block-heading\">Admisiones 2025<\/h1>\n\n\n\n<div style=\"height:32px\" aria-hidden=\"true\" class=\"wp-block-spacer\"><\/div>\n\n\n\n<div class=\"wp-block-columns has-2-columns right-sidebar is-layout-flex wp-container-core-columns-is-layout-9d6595d7 wp-block-columns-is-layout-flex\">\n<div class=\"wp-block-column is-layout-flow wp-block-column-is-layout-flow\">\n<p class=\"medium\">Es un placer para el equipo de admisiones acompa\u00f1arle en el camino de formar parte de la familia de Chavon. El proceso de solicitud de admisi\u00f3n a <strong>CHAV\u00d3N La Escuela de Dise\u00f1o<\/strong> pueden iniciarse a lo largo del a\u00f1o para la inscripci\u00f3n en septiembre. <\/p>\n\n\n\n<p class=\"medium\">Para iniciar el proceso de admisi\u00f3n a las Carreras T\u00e9cnicas de CHAV\u00d3N, es importante que completes correctamente el formulario de solicitud v\u00eda Slideroom, el mismo se hace efectivo al momento que realices el pago de la aplicaci\u00f3n <strong>(USD$22)<\/strong>.<\/p>\n\n\n\n<p class=\"medium\">CHAV\u00d3N ofrece Carreras T\u00e9cnicas de dos (2) y tres (3) a\u00f1os, equivalentes a un grado Asociado en Ciencias Aplicadas (AAS). El equipo de Admisiones te acompa\u00f1ar\u00e1 a lo largo de todo el proceso de aplicaci\u00f3n.<\/p>\n\n\n\n<h2 class=\"wp-block-heading top-line\">Lista de programas que puede solicitar<\/h2>\n\n\n\n<ul class=\"wp-block-list medium\">\n<li><a href=\"\/wp-content\/uploads\/2025\/06\/animacion-programa-tecnico-chavon.pdf\" target=\"_blank\" rel=\"noreferrer noopener\">Animaci\u00f3n<\/a><\/li>\n\n\n\n<li><a href=\"\/wp-content\/uploads\/2025\/06\/bellas-artes-programa-tecnico-chavon.pdf\" target=\"_blank\" rel=\"noreferrer noopener\">Bellas Artes<\/a><\/li>\n\n\n\n<li><a href=\"\/wp-content\/uploads\/2025\/06\/cine-programa-tecnico-chavon.pdf\" target=\"_blank\" rel=\"noreferrer noopener\">Cine<\/a><\/li>\n\n\n\n<li><a href=\"\/wp-content\/uploads\/2025\/06\/diseno-comunicacion-programa-tecnico-chavon.pdf\" target=\"_blank\" rel=\"noreferrer noopener\">Dise\u00f1o de Comunicaci\u00f3n<\/a><\/li>\n\n\n\n<li><a href=\"\/wp-content\/uploads\/2025\/06\/diseno-interiores-productos-programa-tecnico-chavon.pdf\" target=\"_blank\" rel=\"noreferrer noopener\">Dise\u00f1o de Interiores Y Productos<\/a><\/li>\n\n\n\n<li><a href=\"\/wp-content\/uploads\/2025\/06\/diseno-moda-programa-tecnico-chavon.pdf\" target=\"_blank\" rel=\"noreferrer noopener\">Dise\u00f1o de Moda<\/a><\/li>\n\n\n\n<li><a href=\"\/wp-content\/uploads\/2025\/06\/ilustracion-programa-tecnico-chavon.pdf\" target=\"_blank\" rel=\"noreferrer noopener\">Ilustraci\u00f3n<\/a><\/li>\n\n\n\n<li><a href=\"\/wp-content\/uploads\/2025\/06\/mercadeo-comunicacion-moda-programa-tecnico-chavon.pdf\" target=\"_blank\" rel=\"noreferrer noopener\">Mercadeo y Comunicaci\u00f3n de Moda<\/a><\/li>\n<\/ul>\n<\/div>\n\n\n\n<div class=\"wp-block-column is-layout-flow wp-block-column-is-layout-flow\">\n<div class=\"wp-block-button\"><a class=\"wp-block-button__link has-white-color has-text-color wp-element-button\" href=\"https:\/\/chavonedu.slideroom.com\/#\/Login\">Inscribirme<\/a><\/div>\n\n\n\n<div class=\"wp-block-buttons is-layout-flex wp-container-core-buttons-is-layout-a74382ec wp-block-buttons-is-layout-flex\">\n<div class=\"wp-block-button is-style-fill\"><a class=\"wp-block-button__link has-text-align-center wp-element-button\" href=\"https:\/\/wa.link\/ryl9ze\">Chatea con nosotros<\/a><\/div>\n<\/div>\n\n\n\n<p class=\"top-line has-medium-font-size\"><strong>CONTACTO<br><\/strong><br><strong>Tel\u00e9fono:<\/strong> + 1 (809) 563.2802 ext. 108, 109<br><strong>Correo electr\u00f3nico:<\/strong> admisiones@chavon.edu.do<\/p>\n<\/div>\n<\/div>\n\n\n\n<h2 class=\"wp-block-heading top-line\">A continuaci\u00f3n conoce los pasos a seguir para completar tu formulario de admisi\u00f3n:<\/h2>\n\n\n\n<div class=\"wp-block-columns are-vertically-aligned-top has-4-columns numbers is-layout-flex wp-container-core-columns-is-layout-9d6595d7 wp-block-columns-is-layout-flex\">\n<div class=\"wp-block-column is-vertically-aligned-top is-layout-flow wp-block-column-is-layout-flow\">\n<p class=\"num\"><a href=\"\/es\/admissions\/full-time-programs-step-1\/\">1<\/a><\/p>\n\n\n\n<p>Registro y Formulario<\/p>\n<\/div>\n\n\n\n<div class=\"wp-block-column is-vertically-aligned-top is-layout-flow wp-block-column-is-layout-flow\">\n<p class=\"num\"><a href=\"\/es\/admissions\/full-time-programs-step-2\/\">2<\/a><\/p>\n\n\n\n<p id=\"tw-target-text\">Env\u00eda tu Portafolio<\/p>\n<\/div>\n\n\n\n<div class=\"wp-block-column is-vertically-aligned-top is-layout-flow wp-block-column-is-layout-flow\">\n<p class=\"num\"><a href=\"\/es\/admissions\/full-time-programs-step-3\/\">3<\/a><\/p>\n\n\n\n<p id=\"tw-target-text\">Complementa tu Portafolio<\/p>\n<\/div>\n\n\n\n<div class=\"wp-block-column is-vertically-aligned-top is-layout-flow wp-block-column-is-layout-flow\">\n<p class=\"num\"><a href=\"\/es\/admissions\/full-time-programs-step-4\/\">4<\/a><\/p>\n\n\n\n<p>Entrevista y Respuesta de Admisi\u00f3n<\/p>\n\n\n\n<h4 class=\"wp-block-heading\">&nbsp;<\/h4>\n<\/div>\n\n\n\n<div class=\"wp-block-column is-vertically-aligned-top is-layout-flow wp-block-column-is-layout-flow\">\n<p class=\"num\"><a href=\"\/es\/admissions\/full-time-programs-step-5\/\">5<\/a><\/p>\n\n\n\n<p>Confirmaci\u00f3n de Plaza y Matr\u00edcula<\/p>\n\n\n\n<h4 class=\"wp-block-heading\">&nbsp;<\/h4>\n<\/div>\n<\/div>\n\n\n\n<p class=\"small top-line\"><strong>Notas<br><\/strong><sup>1<\/sup> Los criterios de admisi\u00f3n se basan en el potencial creativo del solicitante, evaluado a trav\u00e9s de su portafolio, el Reto CHAV\u00d3N, el expediente acad\u00e9mico y una entrevista. En caso de ser admitido, el solicitante recibir\u00e1 la carta de aceptaci\u00f3n por correo electr\u00f3nico. Para completar el proceso de confirmaci\u00f3n de inscripci\u00f3n y matr\u00edcula, se debe realizar el pago inicial de la matr\u00edcula y presentar los documentos requeridos.<\/p>\n\n\n\n<p class=\"small\"><sup>2<\/sup> Los graduados de los Programas T\u00e9cnicos de CHAV\u00d3N tienen la opci\u00f3n de continuar sus estudios en <strong>Parsons School of Design<\/strong>, permiti\u00e9ndoles ingresar al tercer a\u00f1o de estudios y obtener el grado de Bachelor of Fine Arts (BFA). Para ser elegibles, deben mantener un promedio m\u00ednimo de B (3.0) en CHAV\u00d3N, cumplir con los requisitos de admisi\u00f3n de Parsons y tener el nivel de ingl\u00e9s requerido.<\/p>","protected":false},"excerpt":{"rendered":"<p>Admissions 2025 It is a pleasure for the admissions team to accompany you on the journey of becoming part of Chavon&#8217;s family. The application process <br \/><a class=\"read-more\" href=\"https:\/\/chavon.edu.do\/es\/admissions\/\">+ Lee m\u00e1s<\/a><\/p>","protected":false},"author":21,"featured_media":0,"parent":0,"menu_order":34,"comment_status":"closed","ping_status":"closed","template":"template-admissions.php","meta":{"_acf_changed":false,"footnotes":""},"class_list":["post-632","page","type-page","status-publish","hentry"],"acf":[],"yoast_head":"<!-- This site is optimized with the Yoast SEO plugin v26.6 - https:\/\/yoast.com\/wordpress\/plugins\/seo\/ -->\n<title>Admissions (Apply Now) | CHAV\u00d3N School of Design<\/title>\n<meta name=\"description\" content=\"Join the CHAV\u00d3N School family. Technical Programs in Art &amp; Design. Portfolio-based admissions and a direct transfer pathway to Parsons School\" \/>\n<meta name=\"robots\" content=\"index, follow, max-snippet:-1, max-image-preview:large, max-video-preview:-1\" \/>\n<link rel=\"canonical\" href=\"https:\/\/chavon.edu.do\/es\/admissions\/\" \/>\n<meta property=\"og:locale\" content=\"es_ES\" \/>\n<meta property=\"og:type\" content=\"article\" \/>\n<meta property=\"og:title\" content=\"Admissions (Apply Now) | CHAV\u00d3N School of Design\" \/>\n<meta property=\"og:description\" content=\"Join the CHAV\u00d3N School family. Technical Programs in Art &amp; Design. Portfolio-based admissions and a direct transfer pathway to Parsons School\" \/>\n<meta property=\"og:url\" content=\"https:\/\/chavon.edu.do\/es\/admissions\/\" \/>\n<meta property=\"og:site_name\" content=\"CHAV\u00d3N School of Design\" \/>\n<meta property=\"article:modified_time\" content=\"2025-06-27T14:28:32+00:00\" \/>\n<meta name=\"twitter:card\" content=\"summary_large_image\" \/>\n<meta name=\"twitter:label1\" content=\"Tiempo estimado de lectura\" \/>\n\t<meta name=\"twitter:data1\" content=\"2 minutos\" \/>\n<script type=\"application\/ld+json\" class=\"yoast-schema-graph\">{\"@context\":\"https:\/\/schema.org\",\"@graph\":[{\"@type\":\"WebPage\",\"@id\":\"https:\/\/chavon.edu.do\/admissions\/\",\"url\":\"https:\/\/chavon.edu.do\/admissions\/\",\"name\":\"Admissions (Apply Now) | CHAV\u00d3N School of Design\",\"isPartOf\":{\"@id\":\"https:\/\/chavon.edu.do\/#website\"},\"datePublished\":\"2019-03-20T18:26:27+00:00\",\"dateModified\":\"2025-06-27T14:28:32+00:00\",\"description\":\"Join the CHAV\u00d3N School family. Technical Programs in Art & Design. Portfolio-based admissions and a direct transfer pathway to Parsons School\",\"breadcrumb\":{\"@id\":\"https:\/\/chavon.edu.do\/admissions\/#breadcrumb\"},\"inLanguage\":\"es\",\"potentialAction\":[{\"@type\":\"ReadAction\",\"target\":[\"https:\/\/chavon.edu.do\/admissions\/\"]}]},{\"@type\":\"BreadcrumbList\",\"@id\":\"https:\/\/chavon.edu.do\/admissions\/#breadcrumb\",\"itemListElement\":[{\"@type\":\"ListItem\",\"position\":1,\"name\":\"Home\",\"item\":\"https:\/\/chavon.edu.do\/\"},{\"@type\":\"ListItem\",\"position\":2,\"name\":\"Admissions\"}]},{\"@type\":\"WebSite\",\"@id\":\"https:\/\/chavon.edu.do\/#website\",\"url\":\"https:\/\/chavon.edu.do\/\",\"name\":\"CHAV\u00d3N School of Design\",\"description\":\"\",\"publisher\":{\"@id\":\"https:\/\/chavon.edu.do\/#organization\"},\"potentialAction\":[{\"@type\":\"SearchAction\",\"target\":{\"@type\":\"EntryPoint\",\"urlTemplate\":\"https:\/\/chavon.edu.do\/?s={search_term_string}\"},\"query-input\":{\"@type\":\"PropertyValueSpecification\",\"valueRequired\":true,\"valueName\":\"search_term_string\"}}],\"inLanguage\":\"es\"},{\"@type\":\"Organization\",\"@id\":\"https:\/\/chavon.edu.do\/#organization\",\"name\":\"Chav\u00f3n - La Escuela de Dise\u00f1o\",\"url\":\"https:\/\/chavon.edu.do\/\",\"logo\":{\"@type\":\"ImageObject\",\"inLanguage\":\"es\",\"@id\":\"https:\/\/chavon.edu.do\/#\/schema\/logo\/image\/\",\"url\":\"https:\/\/chavon.edu.do\/wp-content\/uploads\/2019\/12\/chavon.png\",\"contentUrl\":\"https:\/\/chavon.edu.do\/wp-content\/uploads\/2019\/12\/chavon.png\",\"width\":225,\"height\":225,\"caption\":\"Chav\u00f3n - La Escuela de Dise\u00f1o\"},\"image\":{\"@id\":\"https:\/\/chavon.edu.do\/#\/schema\/logo\/image\/\"}}]}<\/script>\n<!-- \/ Yoast SEO plugin. -->","yoast_head_json":{"title":"Admissions (Apply Now) | CHAV\u00d3N School of Design","description":"Join the CHAV\u00d3N School family. Technical Programs in Art & Design. Portfolio-based admissions and a direct transfer pathway to Parsons School","robots":{"index":"index","follow":"follow","max-snippet":"max-snippet:-1","max-image-preview":"max-image-preview:large","max-video-preview":"max-video-preview:-1"},"canonical":"https:\/\/chavon.edu.do\/es\/admissions\/","og_locale":"es_ES","og_type":"article","og_title":"Admissions (Apply Now) | CHAV\u00d3N School of Design","og_description":"Join the CHAV\u00d3N School family. Technical Programs in Art & Design. Portfolio-based admissions and a direct transfer pathway to Parsons School","og_url":"https:\/\/chavon.edu.do\/es\/admissions\/","og_site_name":"CHAV\u00d3N School of Design","article_modified_time":"2025-06-27T14:28:32+00:00","twitter_card":"summary_large_image","twitter_misc":{"Tiempo estimado de lectura":"2 minutos"},"schema":{"@context":"https:\/\/schema.org","@graph":[{"@type":"WebPage","@id":"https:\/\/chavon.edu.do\/admissions\/","url":"https:\/\/chavon.edu.do\/admissions\/","name":"Admissions (Apply Now) | CHAV\u00d3N School of Design","isPartOf":{"@id":"https:\/\/chavon.edu.do\/#website"},"datePublished":"2019-03-20T18:26:27+00:00","dateModified":"2025-06-27T14:28:32+00:00","description":"Join the CHAV\u00d3N School family. Technical Programs in Art & Design. Portfolio-based admissions and a direct transfer pathway to Parsons School","breadcrumb":{"@id":"https:\/\/chavon.edu.do\/admissions\/#breadcrumb"},"inLanguage":"es","potentialAction":[{"@type":"ReadAction","target":["https:\/\/chavon.edu.do\/admissions\/"]}]},{"@type":"BreadcrumbList","@id":"https:\/\/chavon.edu.do\/admissions\/#breadcrumb","itemListElement":[{"@type":"ListItem","position":1,"name":"Home","item":"https:\/\/chavon.edu.do\/"},{"@type":"ListItem","position":2,"name":"Admissions"}]},{"@type":"WebSite","@id":"https:\/\/chavon.edu.do\/#website","url":"https:\/\/chavon.edu.do\/","name":"CHAV\u00d3N La Escuela de Dise\u00f1o","description":"","publisher":{"@id":"https:\/\/chavon.edu.do\/#organization"},"potentialAction":[{"@type":"SearchAction","target":{"@type":"EntryPoint","urlTemplate":"https:\/\/chavon.edu.do\/?s={search_term_string}"},"query-input":{"@type":"PropertyValueSpecification","valueRequired":true,"valueName":"search_term_string"}}],"inLanguage":"es"},{"@type":"Organization","@id":"https:\/\/chavon.edu.do\/#organization","name":"Chav\u00f3n - La Escuela de Dise\u00f1o","url":"https:\/\/chavon.edu.do\/","logo":{"@type":"ImageObject","inLanguage":"es","@id":"https:\/\/chavon.edu.do\/#\/schema\/logo\/image\/","url":"https:\/\/chavon.edu.do\/wp-content\/uploads\/2019\/12\/chavon.png","contentUrl":"https:\/\/chavon.edu.do\/wp-content\/uploads\/2019\/12\/chavon.png","width":225,"height":225,"caption":"Chav\u00f3n - La Escuela de Dise\u00f1o"},"image":{"@id":"https:\/\/chavon.edu.do\/#\/schema\/logo\/image\/"}}]}},"_links":{"self":[{"href":"https:\/\/chavon.edu.do\/es\/wp-json\/wp\/v2\/pages\/632","targetHints":{"allow":["GET"]}}],"collection":[{"href":"https:\/\/chavon.edu.do\/es\/wp-json\/wp\/v2\/pages"}],"about":[{"href":"https:\/\/chavon.edu.do\/es\/wp-json\/wp\/v2\/types\/page"}],"author":[{"embeddable":true,"href":"https:\/\/chavon.edu.do\/es\/wp-json\/wp\/v2\/users\/21"}],"replies":[{"embeddable":true,"href":"https:\/\/chavon.edu.do\/es\/wp-json\/wp\/v2\/comments?post=632"}],"version-history":[{"count":50,"href":"https:\/\/chavon.edu.do\/es\/wp-json\/wp\/v2\/pages\/632\/revisions"}],"predecessor-version":[{"id":7832,"href":"https:\/\/chavon.edu.do\/es\/wp-json\/wp\/v2\/pages\/632\/revisions\/7832"}],"wp:attachment":[{"href":"https:\/\/chavon.edu.do\/es\/wp-json\/wp\/v2\/media?parent=632"}],"curies":[{"name":"wp","href":"https:\/\/api.w.org\/{rel}","templated":true}]}}