{"id":3001,"date":"2019-07-22T16:17:32","date_gmt":"2019-07-22T16:17:32","guid":{"rendered":"http:\/\/chavondev.wpengine.com\/?page_id=3001"},"modified":"2025-06-09T14:39:50","modified_gmt":"2025-06-09T18:39:50","slug":"chavon-teens","status":"publish","type":"page","link":"https:\/\/chavon.edu.do\/es\/vive-chavon\/chavon-teens\/","title":{"rendered":"CHAV\u00d3N Adolescentes"},"content":{"rendered":"<h1 class=\"wp-block-heading bottom-line\">CHAV\u00d3N Adolescentes<\/h1>\n\n\n\n<div style=\"height:32px\" aria-hidden=\"true\" class=\"wp-block-spacer\"><\/div>\n\n\n\n<p class=\"has-medium-font-size\">En los programas de CHAV\u00d3N TEENS, los j\u00f3venes y adolescentes desarrollan su creatividad y se preparan para futuras oportunidades en el mundo del arte y dise\u00f1o. Desde cursos preuniversitarios hasta campamentos de verano, estos programas permiten fortalecer habilidades y experimentar diferentes disciplinas art\u00edsticas.<\/p>\n\n\n\n<div style=\"height:24px\" aria-hidden=\"true\" class=\"wp-block-spacer\"><\/div>\n\n\n\n<h2 class=\"wp-block-heading top-line\">Galer\u00eda de Adolescentes<\/h2>\n\n\n\n<div style=\"height:24px\" aria-hidden=\"true\" class=\"wp-block-spacer\"><\/div>\n\n\n<div id=\"gallery-block_5c87ddc94dd45\" class=\"gallery\">\n  <div class=\"slick-sider\">\n              <div class=\"slide\">\n            <div class=\"img\" style=\"background-image:url(https:\/\/chavon.edu.do\/wp-content\/uploads\/2019\/07\/Lady.jpg);\"><\/div>\n            <div class=\"copy\">\n              <p class=\"title\">Programa: Fotograf\u00eda e Iluminaci\u00f3n <\/p>                          <\/div>\n          <\/div>\n                    <div class=\"slide\">\n            <div class=\"img\" style=\"background-image:url(https:\/\/chavon.edu.do\/wp-content\/uploads\/2019\/07\/ladyruler-scaled.jpg);\"><\/div>\n            <div class=\"copy\">\n              <p class=\"title\">Programa: Arquitectura &amp; Dise\u00f1o de Interiores<\/p>                          <\/div>\n          <\/div>\n                    <div class=\"slide\">\n            <div class=\"img\" style=\"background-image:url(https:\/\/chavon.edu.do\/wp-content\/uploads\/2019\/09\/DSCN1545-scaled.jpg);\"><\/div>\n            <div class=\"copy\">\n              <p class=\"title\">Programa: Dise\u00f1o Gr\u00e1fico &amp; Animaci\u00f3n<\/p>                          <\/div>\n          <\/div>\n                    <div class=\"slide\">\n            <div class=\"img\" style=\"background-image:url(https:\/\/chavon.edu.do\/wp-content\/uploads\/2019\/07\/twofashionladies-scaled.jpg);\"><\/div>\n            <div class=\"copy\">\n              <p class=\"title\">Programa: Dise\u00f1o de Modas<\/p>                          <\/div>\n          <\/div>\n                    <div class=\"slide\">\n            <div class=\"img\" style=\"background-image:url(https:\/\/chavon.edu.do\/wp-content\/uploads\/2019\/09\/DSCN1845-scaled.jpg);\"><\/div>\n            <div class=\"copy\">\n              <p class=\"title\">Programa: Dibujo &amp; Pintura<\/p>              <p class=\"description\">Poyecto de clases <\/p>            <\/div>\n          <\/div>\n                    <div class=\"slide\">\n            <div class=\"img\" style=\"background-image:url(https:\/\/chavon.edu.do\/wp-content\/uploads\/2019\/07\/computerguyphotoshop-scaled.jpg);\"><\/div>\n            <div class=\"copy\">\n              <p class=\"title\">Programa: Fotograf\u00eda e Iluminaci\u00f3n <\/p>                          <\/div>\n          <\/div>\n                    <div class=\"slide\">\n            <div class=\"img\" style=\"background-image:url(https:\/\/chavon.edu.do\/wp-content\/uploads\/2019\/09\/Chavon_SummerCamp_049-scaled.jpg);\"><\/div>\n            <div class=\"copy\">\n              <p class=\"title\">Programa: Fotograf\u00eda e Iluminaci\u00f3n <\/p>                          <\/div>\n          <\/div>\n                    <div class=\"slide\">\n            <div class=\"img\" style=\"background-image:url(https:\/\/chavon.edu.do\/wp-content\/uploads\/2019\/07\/lookatthis-scaled.jpg);\"><\/div>\n            <div class=\"copy\">\n              <p class=\"title\">Programa: Fotograf\u00eda e Iluminaci\u00f3n <\/p>                          <\/div>\n          <\/div>\n                    <div class=\"slide\">\n            <div class=\"img\" style=\"background-image:url(https:\/\/chavon.edu.do\/wp-content\/uploads\/2019\/07\/Ladyrulerblackout.jpg);\"><\/div>\n            <div class=\"copy\">\n              <p class=\"title\">Programa: Dise\u00f1o Gr\u00e1fico &amp; Animaci\u00f3n<\/p>                          <\/div>\n          <\/div>\n                    <div class=\"slide\">\n            <div class=\"img\" style=\"background-image:url(https:\/\/chavon.edu.do\/wp-content\/uploads\/2019\/09\/DSCN1844-scaled.jpg);\"><\/div>\n            <div class=\"copy\">\n              <p class=\"title\">Programa: Dibujo &amp; Pintura<\/p>              <p class=\"description\">Poyecto de clases <\/p>            <\/div>\n          <\/div>\n                    <div class=\"slide\">\n            <div class=\"img\" style=\"background-image:url(https:\/\/chavon.edu.do\/wp-content\/uploads\/2019\/07\/Patternmaker-scaled.jpg);\"><\/div>\n            <div class=\"copy\">\n              <p class=\"title\">Programa: Dise\u00f1o de Modas<\/p>                          <\/div>\n          <\/div>\n                    <div class=\"slide\">\n            <div class=\"img\" style=\"background-image:url(https:\/\/chavon.edu.do\/wp-content\/uploads\/2019\/07\/computerlady-scaled.jpg);\"><\/div>\n            <div class=\"copy\">\n              <p class=\"title\">Programa: Dise\u00f1o Gr\u00e1fico &amp; Animaci\u00f3n<\/p>                          <\/div>\n          <\/div>\n                    <div class=\"slide\">\n            <div class=\"img\" style=\"background-image:url(https:\/\/chavon.edu.do\/wp-content\/uploads\/2019\/09\/Continua_Jueves26_020-scaled.jpg);\"><\/div>\n            <div class=\"copy\">\n              <p class=\"title\">Programa: Dise\u00f1o de Modas<\/p>                          <\/div>\n          <\/div>\n                    <div class=\"slide\">\n            <div class=\"img\" style=\"background-image:url(https:\/\/chavon.edu.do\/wp-content\/uploads\/2019\/09\/Kola-Real-Amelia-Araujo.jpg);\"><\/div>\n            <div class=\"copy\">\n              <p class=\"title\">Amelia Araujo<\/p>              <p class=\"description\">Proyecto de clases para e programa de Dise\u00f1o Gr\u00e1fico y Animaci\u00f3n<\/p>            <\/div>\n          <\/div>\n                    <div class=\"slide\">\n            <div class=\"img\" style=\"background-image:url(https:\/\/chavon.edu.do\/wp-content\/uploads\/2019\/09\/DSCN1864-scaled.jpg);\"><\/div>\n            <div class=\"copy\">\n              <p class=\"title\">Programa: Dibujo &amp; Pintura<\/p>              <p class=\"description\">Poyecto de clases <\/p>            <\/div>\n          <\/div>\n                    <div class=\"slide\">\n            <div class=\"img\" style=\"background-image:url(https:\/\/chavon.edu.do\/wp-content\/uploads\/2019\/09\/DSCN1198-scaled.jpg);\"><\/div>\n            <div class=\"copy\">\n              <p class=\"title\">Programa: Dise\u00f1o de Modas<\/p>                          <\/div>\n          <\/div>\n                    <div class=\"slide\">\n            <div class=\"img\" style=\"background-image:url(https:\/\/chavon.edu.do\/wp-content\/uploads\/2019\/09\/ZOODOM_JESUS-GARCIA.jpg);\"><\/div>\n            <div class=\"copy\">\n              <p class=\"title\">Jes\u00fas Garc\u00eda <\/p>              <p class=\"description\">Poyecto de clases <\/p>            <\/div>\n          <\/div>\n                    <div class=\"slide\">\n            <div class=\"img\" style=\"background-image:url(https:\/\/chavon.edu.do\/wp-content\/uploads\/2019\/09\/la-sirena_-Deborah-lebr\u00f3n.jpg);\"><\/div>\n            <div class=\"copy\">\n              <p class=\"title\">Deborah Lebr\u00f3n<\/p>              <p class=\"description\">Poyecto de clases <\/p>            <\/div>\n          <\/div>\n                    <div class=\"slide\">\n            <div class=\"img\" style=\"background-image:url(https:\/\/chavon.edu.do\/wp-content\/uploads\/2019\/09\/Ban-Bam_-Sofia-Jahn.jpg);\"><\/div>\n            <div class=\"copy\">\n              <p class=\"title\">Sof\u00eda Jahn <\/p>              <p class=\"description\">Poyecto de clases <\/p>            <\/div>\n          <\/div>\n                    <div class=\"slide\">\n            <div class=\"img\" style=\"background-image:url(https:\/\/chavon.edu.do\/wp-content\/uploads\/2019\/09\/Agua-K_-Fernando-Grunning.jpg);\"><\/div>\n            <div class=\"copy\">\n              <p class=\"title\">Fernando Grunning<\/p>              <p class=\"description\">Poyecto de clases <\/p>            <\/div>\n          <\/div>\n                    <div class=\"slide\">\n            <div class=\"img\" style=\"background-image:url(https:\/\/chavon.edu.do\/wp-content\/uploads\/2019\/09\/Acuario_-Hector-lizardo.jpg);\"><\/div>\n            <div class=\"copy\">\n              <p class=\"title\">H\u00e9ctor Lizardo. <\/p>              <p class=\"description\">Poyecto de clases <\/p>            <\/div>\n          <\/div>\n            <\/div>\n<\/div>","protected":false},"excerpt":{"rendered":"<p>Chav\u00f3n Teens CHAV\u00d3N TEENS programs empower young people and adolescents to develop their creative potential while preparing for future careers in art and design. From <br \/><a class=\"read-more\" href=\"https:\/\/chavon.edu.do\/es\/vive-chavon\/chavon-teens\/\">+ Lee m\u00e1s<\/a><\/p>","protected":false},"author":21,"featured_media":0,"parent":124,"menu_order":17,"comment_status":"closed","ping_status":"closed","template":"template-gallery-new.php","meta":{"_acf_changed":false,"footnotes":""},"class_list":["post-3001","page","type-page","status-publish","hentry"],"acf":[],"yoast_head":"<!-- This site is optimized with the Yoast SEO plugin v26.6 - https:\/\/yoast.com\/wordpress\/plugins\/seo\/ -->\n<title>CHAV\u00d3N Teens Work Gallery | CHAV\u00d3N School of Design<\/title>\n<meta name=\"description\" content=\"CHAV\u00d3N Teens gallery showcasing student work from pre-university art programs. See projects in graphic design, photography, painting &amp; architecture.\" \/>\n<meta name=\"robots\" content=\"index, follow, max-snippet:-1, max-image-preview:large, max-video-preview:-1\" \/>\n<link rel=\"canonical\" href=\"https:\/\/chavon.edu.do\/es\/vive-chavon\/chavon-teens\/\" \/>\n<meta property=\"og:locale\" content=\"es_ES\" \/>\n<meta property=\"og:type\" content=\"article\" \/>\n<meta property=\"og:title\" content=\"CHAV\u00d3N Teens Work Gallery | CHAV\u00d3N School of Design\" \/>\n<meta property=\"og:description\" content=\"CHAV\u00d3N Teens gallery showcasing student work from pre-university art programs. See projects in graphic design, photography, painting &amp; architecture.\" \/>\n<meta property=\"og:url\" content=\"https:\/\/chavon.edu.do\/es\/vive-chavon\/chavon-teens\/\" \/>\n<meta property=\"og:site_name\" content=\"CHAV\u00d3N School of Design\" \/>\n<meta property=\"article:modified_time\" content=\"2025-06-09T18:39:50+00:00\" \/>\n<meta name=\"twitter:card\" content=\"summary_large_image\" \/>\n<meta name=\"twitter:label1\" content=\"Tiempo estimado de lectura\" \/>\n\t<meta name=\"twitter:data1\" content=\"1 minuto\" \/>\n<script type=\"application\/ld+json\" class=\"yoast-schema-graph\">{\"@context\":\"https:\/\/schema.org\",\"@graph\":[{\"@type\":\"WebPage\",\"@id\":\"https:\/\/chavon.edu.do\/vive-chavon\/chavon-teens\/\",\"url\":\"https:\/\/chavon.edu.do\/vive-chavon\/chavon-teens\/\",\"name\":\"CHAV\u00d3N Teens Work Gallery | CHAV\u00d3N School of Design\",\"isPartOf\":{\"@id\":\"https:\/\/chavon.edu.do\/#website\"},\"datePublished\":\"2019-07-22T16:17:32+00:00\",\"dateModified\":\"2025-06-09T18:39:50+00:00\",\"description\":\"CHAV\u00d3N Teens gallery showcasing student work from pre-university art programs. See projects in graphic design, photography, painting & architecture.\",\"breadcrumb\":{\"@id\":\"https:\/\/chavon.edu.do\/vive-chavon\/chavon-teens\/#breadcrumb\"},\"inLanguage\":\"es\",\"potentialAction\":[{\"@type\":\"ReadAction\",\"target\":[\"https:\/\/chavon.edu.do\/vive-chavon\/chavon-teens\/\"]}]},{\"@type\":\"BreadcrumbList\",\"@id\":\"https:\/\/chavon.edu.do\/vive-chavon\/chavon-teens\/#breadcrumb\",\"itemListElement\":[{\"@type\":\"ListItem\",\"position\":1,\"name\":\"Home\",\"item\":\"https:\/\/chavon.edu.do\/\"},{\"@type\":\"ListItem\",\"position\":2,\"name\":\"Vive CHAV\u00d3N\",\"item\":\"https:\/\/chavon.edu.do\/vive-chavon\/\"},{\"@type\":\"ListItem\",\"position\":3,\"name\":\"Chav\u00f3n Teens\"}]},{\"@type\":\"WebSite\",\"@id\":\"https:\/\/chavon.edu.do\/#website\",\"url\":\"https:\/\/chavon.edu.do\/\",\"name\":\"CHAV\u00d3N School of Design\",\"description\":\"\",\"publisher\":{\"@id\":\"https:\/\/chavon.edu.do\/#organization\"},\"potentialAction\":[{\"@type\":\"SearchAction\",\"target\":{\"@type\":\"EntryPoint\",\"urlTemplate\":\"https:\/\/chavon.edu.do\/?s={search_term_string}\"},\"query-input\":{\"@type\":\"PropertyValueSpecification\",\"valueRequired\":true,\"valueName\":\"search_term_string\"}}],\"inLanguage\":\"es\"},{\"@type\":\"Organization\",\"@id\":\"https:\/\/chavon.edu.do\/#organization\",\"name\":\"Chav\u00f3n - La Escuela de Dise\u00f1o\",\"url\":\"https:\/\/chavon.edu.do\/\",\"logo\":{\"@type\":\"ImageObject\",\"inLanguage\":\"es\",\"@id\":\"https:\/\/chavon.edu.do\/#\/schema\/logo\/image\/\",\"url\":\"https:\/\/chavon.edu.do\/wp-content\/uploads\/2019\/12\/chavon.png\",\"contentUrl\":\"https:\/\/chavon.edu.do\/wp-content\/uploads\/2019\/12\/chavon.png\",\"width\":225,\"height\":225,\"caption\":\"Chav\u00f3n - La Escuela de Dise\u00f1o\"},\"image\":{\"@id\":\"https:\/\/chavon.edu.do\/#\/schema\/logo\/image\/\"}}]}<\/script>\n<!-- \/ Yoast SEO plugin. -->","yoast_head_json":{"title":"CHAV\u00d3N Teens Work Gallery | CHAV\u00d3N School of Design","description":"CHAV\u00d3N Teens gallery showcasing student work from pre-university art programs. See projects in graphic design, photography, painting & architecture.","robots":{"index":"index","follow":"follow","max-snippet":"max-snippet:-1","max-image-preview":"max-image-preview:large","max-video-preview":"max-video-preview:-1"},"canonical":"https:\/\/chavon.edu.do\/es\/vive-chavon\/chavon-teens\/","og_locale":"es_ES","og_type":"article","og_title":"CHAV\u00d3N Teens Work Gallery | CHAV\u00d3N School of Design","og_description":"CHAV\u00d3N Teens gallery showcasing student work from pre-university art programs. See projects in graphic design, photography, painting & architecture.","og_url":"https:\/\/chavon.edu.do\/es\/vive-chavon\/chavon-teens\/","og_site_name":"CHAV\u00d3N School of Design","article_modified_time":"2025-06-09T18:39:50+00:00","twitter_card":"summary_large_image","twitter_misc":{"Tiempo estimado de lectura":"1 minuto"},"schema":{"@context":"https:\/\/schema.org","@graph":[{"@type":"WebPage","@id":"https:\/\/chavon.edu.do\/vive-chavon\/chavon-teens\/","url":"https:\/\/chavon.edu.do\/vive-chavon\/chavon-teens\/","name":"CHAV\u00d3N Teens Work Gallery | CHAV\u00d3N School of Design","isPartOf":{"@id":"https:\/\/chavon.edu.do\/#website"},"datePublished":"2019-07-22T16:17:32+00:00","dateModified":"2025-06-09T18:39:50+00:00","description":"CHAV\u00d3N Teens gallery showcasing student work from pre-university art programs. See projects in graphic design, photography, painting & architecture.","breadcrumb":{"@id":"https:\/\/chavon.edu.do\/vive-chavon\/chavon-teens\/#breadcrumb"},"inLanguage":"es","potentialAction":[{"@type":"ReadAction","target":["https:\/\/chavon.edu.do\/vive-chavon\/chavon-teens\/"]}]},{"@type":"BreadcrumbList","@id":"https:\/\/chavon.edu.do\/vive-chavon\/chavon-teens\/#breadcrumb","itemListElement":[{"@type":"ListItem","position":1,"name":"Home","item":"https:\/\/chavon.edu.do\/"},{"@type":"ListItem","position":2,"name":"Vive CHAV\u00d3N","item":"https:\/\/chavon.edu.do\/vive-chavon\/"},{"@type":"ListItem","position":3,"name":"Chav\u00f3n Teens"}]},{"@type":"WebSite","@id":"https:\/\/chavon.edu.do\/#website","url":"https:\/\/chavon.edu.do\/","name":"CHAV\u00d3N La Escuela de Dise\u00f1o","description":"","publisher":{"@id":"https:\/\/chavon.edu.do\/#organization"},"potentialAction":[{"@type":"SearchAction","target":{"@type":"EntryPoint","urlTemplate":"https:\/\/chavon.edu.do\/?s={search_term_string}"},"query-input":{"@type":"PropertyValueSpecification","valueRequired":true,"valueName":"search_term_string"}}],"inLanguage":"es"},{"@type":"Organization","@id":"https:\/\/chavon.edu.do\/#organization","name":"Chav\u00f3n - La Escuela de Dise\u00f1o","url":"https:\/\/chavon.edu.do\/","logo":{"@type":"ImageObject","inLanguage":"es","@id":"https:\/\/chavon.edu.do\/#\/schema\/logo\/image\/","url":"https:\/\/chavon.edu.do\/wp-content\/uploads\/2019\/12\/chavon.png","contentUrl":"https:\/\/chavon.edu.do\/wp-content\/uploads\/2019\/12\/chavon.png","width":225,"height":225,"caption":"Chav\u00f3n - La Escuela de Dise\u00f1o"},"image":{"@id":"https:\/\/chavon.edu.do\/#\/schema\/logo\/image\/"}}]}},"_links":{"self":[{"href":"https:\/\/chavon.edu.do\/es\/wp-json\/wp\/v2\/pages\/3001","targetHints":{"allow":["GET"]}}],"collection":[{"href":"https:\/\/chavon.edu.do\/es\/wp-json\/wp\/v2\/pages"}],"about":[{"href":"https:\/\/chavon.edu.do\/es\/wp-json\/wp\/v2\/types\/page"}],"author":[{"embeddable":true,"href":"https:\/\/chavon.edu.do\/es\/wp-json\/wp\/v2\/users\/21"}],"replies":[{"embeddable":true,"href":"https:\/\/chavon.edu.do\/es\/wp-json\/wp\/v2\/comments?post=3001"}],"version-history":[{"count":1,"href":"https:\/\/chavon.edu.do\/es\/wp-json\/wp\/v2\/pages\/3001\/revisions"}],"predecessor-version":[{"id":7308,"href":"https:\/\/chavon.edu.do\/es\/wp-json\/wp\/v2\/pages\/3001\/revisions\/7308"}],"up":[{"embeddable":true,"href":"https:\/\/chavon.edu.do\/es\/wp-json\/wp\/v2\/pages\/124"}],"wp:attachment":[{"href":"https:\/\/chavon.edu.do\/es\/wp-json\/wp\/v2\/media?parent=3001"}],"curies":[{"name":"wp","href":"https:\/\/api.w.org\/{rel}","templated":true}]}}