{"id":2955,"date":"2019-07-09T19:13:21","date_gmt":"2019-07-09T19:13:21","guid":{"rendered":"http:\/\/chavondev.wpengine.com\/?page_id=2955"},"modified":"2025-06-13T15:37:34","modified_gmt":"2025-06-13T19:37:34","slug":"campus-santo-domingo","status":"publish","type":"page","link":"https:\/\/chavon.edu.do\/es\/vive-chavon\/campus-santo-domingo\/","title":{"rendered":"Campus Santo Domingo"},"content":{"rendered":"<h1 class=\"wp-block-heading bottom-line\">Campus Santo Domingo<\/h1>\n\n\n\n<div style=\"height:32px\" aria-hidden=\"true\" class=\"wp-block-spacer\"><\/div>\n\n\n\n<h2 class=\"wp-block-heading\">Ubicaci\u00f3n<strong>:<\/strong> <\/h2>\n\n\n\n<p class=\"has-medium-font-size\">Calle Paseo de los Aviadores 5, Ensanche Miraflores<br>Santo Domingo, Rep\u00fablica Dominicana<br>+1 (809) 563.2802 \/ +1 (809) 563.2803<\/p>\n\n\n\n<iframe src=\"https:\/\/www.google.com\/maps\/embed?pb=!1m18!1m12!1m3!1d3784.0662628018345!2d-69.9105831!3d18.4806575!2m3!1f0!2f0!3f0!3m2!1i1024!2i768!4f13.1!3m3!1m2!1s0x8eaf89cbabf370c3%3A0xeb58f7c4eb240e94!2sEscuela%20Altos%20de%20Chav%C3%B3n!5e0!3m2!1ses-419!2sdo!4v1749487824742!5m2!1ses-419!2sdo\" width=\"100%\" height=\"450\" style=\"border:0;\" allowfullscreen=\"\" loading=\"lazy\" referrerpolicy=\"no-referrer-when-downgrade\"><\/iframe>\n\n\n\n<div style=\"height:24px\" aria-hidden=\"true\" class=\"wp-block-spacer\"><\/div>\n\n\n\n<p class=\"top-line has-medium-font-size\">Todas las carreras t\u00e9cnicas se imparten en el <strong>Campus Santo Domingo<\/strong>, un espacio dise\u00f1ado para el aprendizaje y exploraci\u00f3n. Aqu\u00ed, los estudiantes, conocidos como \u201cChavoneros\u201d y \u201cChavoneras\u201d, forman una comunidad din\u00e1mica que persiste m\u00e1s all\u00e1 de las clases y la graduaci\u00f3n, creando conexiones que perduran en la industria del dise\u00f1o y las artes y una red global de profesionales creativos.<\/p>\n\n\n\n<div style=\"height:24px\" aria-hidden=\"true\" class=\"wp-block-spacer\"><\/div>\n\n\n\n<h2 class=\"wp-block-heading top-line\">Galer\u00eda del Campus de Santo Domingo<\/h2>\n\n\n\n<div style=\"height:24px\" aria-hidden=\"true\" class=\"wp-block-spacer\"><\/div>\n\n\n<div id=\"gallery-block_5c87ddc94dd45\" class=\"gallery\">\n  <div class=\"slick-sider\">\n              <div class=\"slide\">\n            <div class=\"img\" style=\"background-image:url(https:\/\/chavon.edu.do\/wp-content\/uploads\/2019\/10\/Chav\u00f3n-Escuela-de-Dise\u00f1o_RBF3914-ret-crop.jpg);\"><\/div>\n            <div class=\"copy\">\n              <p class=\"title\">CHAV\u00d3N Santo Domingo: un campus urbano<\/p>              <p class=\"description\">Inaugurado en 2016, el campus de CHAV\u00d3N en Santo Domingo ofrece Carreras T\u00e9cnicas de dos a\u00f1os, adem\u00e1s de una amplia gama de cursos y talleres para adultos, ni\u00f1os y adolescentes, de 3 a 17 a\u00f1os.<\/p>            <\/div>\n          <\/div>\n                    <div class=\"slide\">\n            <div class=\"img\" style=\"background-image:url(https:\/\/chavon.edu.do\/wp-content\/uploads\/2019\/08\/chavonstairs-scaled.jpg);\"><\/div>\n            <div class=\"copy\">\n              <p class=\"title\">Un campus para estudiantes a tiempo completo y parcial<\/p>              <p class=\"description\">Ubicado en lo que alguna vez fue un espacio industrial, el campus de Santo Domingo ahora ofrece aulas de \u00faltima generaci\u00f3n en un entorno urbano activo. <\/p>            <\/div>\n          <\/div>\n                    <div class=\"slide\">\n            <div class=\"img\" style=\"background-image:url(https:\/\/chavon.edu.do\/wp-content\/uploads\/2019\/10\/Continua_Martes-24_003-scaled.jpg);\"><\/div>\n            <div class=\"copy\">\n              <p class=\"title\">Una experiencia de aprendizaje individualizada.<\/p>              <p class=\"description\">Los estudiantes de dise\u00f1o de moda reciben atenci\u00f3n individualizada del instructor durante la clase.<\/p>            <\/div>\n          <\/div>\n                    <div class=\"slide\">\n            <div class=\"img\" style=\"background-image:url(https:\/\/chavon.edu.do\/wp-content\/uploads\/2019\/10\/Continua_Lunes23_003-scaled.jpg);\"><\/div>\n            <div class=\"copy\">\n                                        <\/div>\n          <\/div>\n                    <div class=\"slide\">\n            <div class=\"img\" style=\"background-image:url(https:\/\/chavon.edu.do\/wp-content\/uploads\/2019\/08\/CHA-WEB-08-scaled.jpg);\"><\/div>\n            <div class=\"copy\">\n                                        <\/div>\n          <\/div>\n                    <div class=\"slide\">\n            <div class=\"img\" style=\"background-image:url(https:\/\/chavon.edu.do\/wp-content\/uploads\/2019\/08\/populatedreadingroom-scaled.jpg);\"><\/div>\n            <div class=\"copy\">\n                                        <\/div>\n          <\/div>\n                    <div class=\"slide\">\n            <div class=\"img\" style=\"background-image:url(https:\/\/chavon.edu.do\/wp-content\/uploads\/2019\/08\/fashiondomingo.jpg);\"><\/div>\n            <div class=\"copy\">\n                                        <\/div>\n          <\/div>\n                    <div class=\"slide\">\n            <div class=\"img\" style=\"background-image:url(https:\/\/chavon.edu.do\/wp-content\/uploads\/2019\/10\/Expo.jpg);\"><\/div>\n            <div class=\"copy\">\n                                        <\/div>\n          <\/div>\n                    <div class=\"slide\">\n            <div class=\"img\" style=\"background-image:url(https:\/\/chavon.edu.do\/wp-content\/uploads\/2019\/10\/DSC_0019-scaled.jpg);\"><\/div>\n            <div class=\"copy\">\n                                        <\/div>\n          <\/div>\n                    <div class=\"slide\">\n            <div class=\"img\" style=\"background-image:url(https:\/\/chavon.edu.do\/wp-content\/uploads\/2019\/10\/fotografia-9-scaled.jpg);\"><\/div>\n            <div class=\"copy\">\n                                        <\/div>\n          <\/div>\n                    <div class=\"slide\">\n            <div class=\"img\" style=\"background-image:url(https:\/\/chavon.edu.do\/wp-content\/uploads\/2019\/10\/Chavon_SD_002-scaled.jpg);\"><\/div>\n            <div class=\"copy\">\n                                        <\/div>\n          <\/div>\n                    <div class=\"slide\">\n            <div class=\"img\" style=\"background-image:url(https:\/\/chavon.edu.do\/wp-content\/uploads\/2019\/10\/Chavon_SummerCamp_072-scaled.jpg);\"><\/div>\n            <div class=\"copy\">\n                                        <\/div>\n          <\/div>\n            <\/div>\n<\/div>","protected":false},"excerpt":{"rendered":"<p>Santo Domingo Campus Location: Paseo de los Aviadores 5 Street, Ensanche MirafloresSanto Domingo, Dominican Republic+1 (809) 563.2802 \/ +1 (809) 563.2803 All technical programs are <br \/><a class=\"read-more\" href=\"https:\/\/chavon.edu.do\/es\/vive-chavon\/campus-santo-domingo\/\">+ Lee m\u00e1s<\/a><\/p>","protected":false},"author":21,"featured_media":0,"parent":124,"menu_order":18,"comment_status":"closed","ping_status":"closed","template":"template-gallery-new.php","meta":{"_acf_changed":false,"footnotes":""},"class_list":["post-2955","page","type-page","status-publish","hentry"],"acf":[],"yoast_head":"<!-- This site is optimized with the Yoast SEO plugin v26.6 - https:\/\/yoast.com\/wordpress\/plugins\/seo\/ -->\n<title>Santo Domingo Campus Gallery | CHAV\u00d3N School of Design<\/title>\n<meta name=\"description\" content=\"Explore CHAV\u00d3N Santo Domingo Campus gallery. Urban art school with state-of-the-art classrooms. Programs for all ages in dynamic learning environment.\" \/>\n<meta name=\"robots\" content=\"index, follow, max-snippet:-1, max-image-preview:large, max-video-preview:-1\" \/>\n<link rel=\"canonical\" href=\"https:\/\/chavon.edu.do\/es\/vive-chavon\/campus-santo-domingo\/\" \/>\n<meta property=\"og:locale\" content=\"es_ES\" \/>\n<meta property=\"og:type\" content=\"article\" \/>\n<meta property=\"og:title\" content=\"Santo Domingo Campus Gallery | CHAV\u00d3N School of Design\" \/>\n<meta property=\"og:description\" content=\"Explore CHAV\u00d3N Santo Domingo Campus gallery. Urban art school with state-of-the-art classrooms. Programs for all ages in dynamic learning environment.\" \/>\n<meta property=\"og:url\" content=\"https:\/\/chavon.edu.do\/es\/vive-chavon\/campus-santo-domingo\/\" \/>\n<meta property=\"og:site_name\" content=\"CHAV\u00d3N School of Design\" \/>\n<meta property=\"article:modified_time\" content=\"2025-06-13T19:37:34+00:00\" \/>\n<meta name=\"twitter:card\" content=\"summary_large_image\" \/>\n<meta name=\"twitter:label1\" content=\"Tiempo estimado de lectura\" \/>\n\t<meta name=\"twitter:data1\" content=\"1 minuto\" \/>\n<script type=\"application\/ld+json\" class=\"yoast-schema-graph\">{\"@context\":\"https:\/\/schema.org\",\"@graph\":[{\"@type\":\"WebPage\",\"@id\":\"https:\/\/chavon.edu.do\/vive-chavon\/campus-santo-domingo\/\",\"url\":\"https:\/\/chavon.edu.do\/vive-chavon\/campus-santo-domingo\/\",\"name\":\"Santo Domingo Campus Gallery | CHAV\u00d3N School of Design\",\"isPartOf\":{\"@id\":\"https:\/\/chavon.edu.do\/#website\"},\"datePublished\":\"2019-07-09T19:13:21+00:00\",\"dateModified\":\"2025-06-13T19:37:34+00:00\",\"description\":\"Explore CHAV\u00d3N Santo Domingo Campus gallery. Urban art school with state-of-the-art classrooms. Programs for all ages in dynamic learning environment.\",\"breadcrumb\":{\"@id\":\"https:\/\/chavon.edu.do\/vive-chavon\/campus-santo-domingo\/#breadcrumb\"},\"inLanguage\":\"es\",\"potentialAction\":[{\"@type\":\"ReadAction\",\"target\":[\"https:\/\/chavon.edu.do\/vive-chavon\/campus-santo-domingo\/\"]}]},{\"@type\":\"BreadcrumbList\",\"@id\":\"https:\/\/chavon.edu.do\/vive-chavon\/campus-santo-domingo\/#breadcrumb\",\"itemListElement\":[{\"@type\":\"ListItem\",\"position\":1,\"name\":\"Home\",\"item\":\"https:\/\/chavon.edu.do\/\"},{\"@type\":\"ListItem\",\"position\":2,\"name\":\"Vive CHAV\u00d3N\",\"item\":\"https:\/\/chavon.edu.do\/vive-chavon\/\"},{\"@type\":\"ListItem\",\"position\":3,\"name\":\"Campus Santo Domingo\"}]},{\"@type\":\"WebSite\",\"@id\":\"https:\/\/chavon.edu.do\/#website\",\"url\":\"https:\/\/chavon.edu.do\/\",\"name\":\"CHAV\u00d3N School of Design\",\"description\":\"\",\"publisher\":{\"@id\":\"https:\/\/chavon.edu.do\/#organization\"},\"potentialAction\":[{\"@type\":\"SearchAction\",\"target\":{\"@type\":\"EntryPoint\",\"urlTemplate\":\"https:\/\/chavon.edu.do\/?s={search_term_string}\"},\"query-input\":{\"@type\":\"PropertyValueSpecification\",\"valueRequired\":true,\"valueName\":\"search_term_string\"}}],\"inLanguage\":\"es\"},{\"@type\":\"Organization\",\"@id\":\"https:\/\/chavon.edu.do\/#organization\",\"name\":\"Chav\u00f3n - La Escuela de Dise\u00f1o\",\"url\":\"https:\/\/chavon.edu.do\/\",\"logo\":{\"@type\":\"ImageObject\",\"inLanguage\":\"es\",\"@id\":\"https:\/\/chavon.edu.do\/#\/schema\/logo\/image\/\",\"url\":\"https:\/\/chavon.edu.do\/wp-content\/uploads\/2019\/12\/chavon.png\",\"contentUrl\":\"https:\/\/chavon.edu.do\/wp-content\/uploads\/2019\/12\/chavon.png\",\"width\":225,\"height\":225,\"caption\":\"Chav\u00f3n - La Escuela de Dise\u00f1o\"},\"image\":{\"@id\":\"https:\/\/chavon.edu.do\/#\/schema\/logo\/image\/\"}}]}<\/script>\n<!-- \/ Yoast SEO plugin. -->","yoast_head_json":{"title":"Santo Domingo Campus Gallery | CHAV\u00d3N School of Design","description":"Explore CHAV\u00d3N Santo Domingo Campus gallery. Urban art school with state-of-the-art classrooms. Programs for all ages in dynamic learning environment.","robots":{"index":"index","follow":"follow","max-snippet":"max-snippet:-1","max-image-preview":"max-image-preview:large","max-video-preview":"max-video-preview:-1"},"canonical":"https:\/\/chavon.edu.do\/es\/vive-chavon\/campus-santo-domingo\/","og_locale":"es_ES","og_type":"article","og_title":"Santo Domingo Campus Gallery | CHAV\u00d3N School of Design","og_description":"Explore CHAV\u00d3N Santo Domingo Campus gallery. Urban art school with state-of-the-art classrooms. Programs for all ages in dynamic learning environment.","og_url":"https:\/\/chavon.edu.do\/es\/vive-chavon\/campus-santo-domingo\/","og_site_name":"CHAV\u00d3N School of Design","article_modified_time":"2025-06-13T19:37:34+00:00","twitter_card":"summary_large_image","twitter_misc":{"Tiempo estimado de lectura":"1 minuto"},"schema":{"@context":"https:\/\/schema.org","@graph":[{"@type":"WebPage","@id":"https:\/\/chavon.edu.do\/vive-chavon\/campus-santo-domingo\/","url":"https:\/\/chavon.edu.do\/vive-chavon\/campus-santo-domingo\/","name":"Santo Domingo Campus Gallery | CHAV\u00d3N School of Design","isPartOf":{"@id":"https:\/\/chavon.edu.do\/#website"},"datePublished":"2019-07-09T19:13:21+00:00","dateModified":"2025-06-13T19:37:34+00:00","description":"Explore CHAV\u00d3N Santo Domingo Campus gallery. Urban art school with state-of-the-art classrooms. Programs for all ages in dynamic learning environment.","breadcrumb":{"@id":"https:\/\/chavon.edu.do\/vive-chavon\/campus-santo-domingo\/#breadcrumb"},"inLanguage":"es","potentialAction":[{"@type":"ReadAction","target":["https:\/\/chavon.edu.do\/vive-chavon\/campus-santo-domingo\/"]}]},{"@type":"BreadcrumbList","@id":"https:\/\/chavon.edu.do\/vive-chavon\/campus-santo-domingo\/#breadcrumb","itemListElement":[{"@type":"ListItem","position":1,"name":"Home","item":"https:\/\/chavon.edu.do\/"},{"@type":"ListItem","position":2,"name":"Vive CHAV\u00d3N","item":"https:\/\/chavon.edu.do\/vive-chavon\/"},{"@type":"ListItem","position":3,"name":"Campus Santo Domingo"}]},{"@type":"WebSite","@id":"https:\/\/chavon.edu.do\/#website","url":"https:\/\/chavon.edu.do\/","name":"CHAV\u00d3N La Escuela de Dise\u00f1o","description":"","publisher":{"@id":"https:\/\/chavon.edu.do\/#organization"},"potentialAction":[{"@type":"SearchAction","target":{"@type":"EntryPoint","urlTemplate":"https:\/\/chavon.edu.do\/?s={search_term_string}"},"query-input":{"@type":"PropertyValueSpecification","valueRequired":true,"valueName":"search_term_string"}}],"inLanguage":"es"},{"@type":"Organization","@id":"https:\/\/chavon.edu.do\/#organization","name":"Chav\u00f3n - La Escuela de Dise\u00f1o","url":"https:\/\/chavon.edu.do\/","logo":{"@type":"ImageObject","inLanguage":"es","@id":"https:\/\/chavon.edu.do\/#\/schema\/logo\/image\/","url":"https:\/\/chavon.edu.do\/wp-content\/uploads\/2019\/12\/chavon.png","contentUrl":"https:\/\/chavon.edu.do\/wp-content\/uploads\/2019\/12\/chavon.png","width":225,"height":225,"caption":"Chav\u00f3n - La Escuela de Dise\u00f1o"},"image":{"@id":"https:\/\/chavon.edu.do\/#\/schema\/logo\/image\/"}}]}},"_links":{"self":[{"href":"https:\/\/chavon.edu.do\/es\/wp-json\/wp\/v2\/pages\/2955","targetHints":{"allow":["GET"]}}],"collection":[{"href":"https:\/\/chavon.edu.do\/es\/wp-json\/wp\/v2\/pages"}],"about":[{"href":"https:\/\/chavon.edu.do\/es\/wp-json\/wp\/v2\/types\/page"}],"author":[{"embeddable":true,"href":"https:\/\/chavon.edu.do\/es\/wp-json\/wp\/v2\/users\/21"}],"replies":[{"embeddable":true,"href":"https:\/\/chavon.edu.do\/es\/wp-json\/wp\/v2\/comments?post=2955"}],"version-history":[{"count":27,"href":"https:\/\/chavon.edu.do\/es\/wp-json\/wp\/v2\/pages\/2955\/revisions"}],"predecessor-version":[{"id":7627,"href":"https:\/\/chavon.edu.do\/es\/wp-json\/wp\/v2\/pages\/2955\/revisions\/7627"}],"up":[{"embeddable":true,"href":"https:\/\/chavon.edu.do\/es\/wp-json\/wp\/v2\/pages\/124"}],"wp:attachment":[{"href":"https:\/\/chavon.edu.do\/es\/wp-json\/wp\/v2\/media?parent=2955"}],"curies":[{"name":"wp","href":"https:\/\/api.w.org\/{rel}","templated":true}]}}