{"id":2944,"date":"2019-07-09T18:55:33","date_gmt":"2019-07-09T18:55:33","guid":{"rendered":"http:\/\/chavondev.wpengine.com\/?page_id=2944"},"modified":"2025-06-09T14:06:17","modified_gmt":"2025-06-09T18:06:17","slug":"campus-la-romana","status":"publish","type":"page","link":"https:\/\/chavon.edu.do\/es\/vive-chavon\/campus-la-romana\/","title":{"rendered":"Campus La Romana"},"content":{"rendered":"<h1 class=\"wp-block-heading bottom-line\">Campus La Romana<\/h1>\n\n\n\n<div style=\"height:32px\" aria-hidden=\"true\" class=\"wp-block-spacer\"><\/div>\n\n\n\n<h2 class=\"wp-block-heading\">Ubicaci\u00f3n<strong>:<\/strong> <\/h2>\n\n\n\n<p class=\"has-medium-font-size\">Altos de Chav\u00f3n <br>La Romana, Rep\u00fablica Dominicana<br>+1 (809) 523.8011<\/p>\n\n\n\n<iframe src=\"https:\/\/www.google.com\/maps\/embed?pb=!1m18!1m12!1m3!1d3785.3392956283337!2d-68.89306662404485!3d18.422897572149044!2m3!1f0!2f0!3f0!3m2!1i1024!2i768!4f13.1!3m3!1m2!1s0x8ea8ab45c7e582eb%3A0xb9123111260f46de!2sEscuela%20de%20Dise%C3%B1o%20Altos%20De%20Chav%C3%B3n!5e0!3m2!1ses-419!2sdo!4v1749492117683!5m2!1ses-419!2sdo\" width=\"100%\" height=\"450\" style=\"border:0;\" allowfullscreen=\"\" loading=\"lazy\" referrerpolicy=\"no-referrer-when-downgrade\"><\/iframe>\n\n\n\n<div style=\"height:24px\" aria-hidden=\"true\" class=\"wp-block-spacer\"><\/div>\n\n\n\n<p class=\"top-line has-medium-font-size\">Ubicado en Altos de Chav\u00f3n en Casa de Campo, el <strong>Campus La Romana<\/strong> es un espacio ic\u00f3nico que ha sido parte fundamental de la historia y el legado de CHAV\u00d3N. Aunque las Carreras T\u00e9cnicas se imparten en Santo Domingo, los estudiantes visitan La Romana durante sus carreras para participar en talleres intensivos, actividades especiales y experiencias que los conectan con el legado cultural y art\u00edstico de esta instituci\u00f3n. Adem\u00e1s, aqu\u00ed se desarrollan programas como \u201cArtists in Residence\u201d y se llevan a cabo actividades con otras instituciones, fomentando la colaboraci\u00f3n entre artistas y dise\u00f1adores de diferentes partes del mundo.<\/p>\n\n\n\n<div style=\"height:24px\" aria-hidden=\"true\" class=\"wp-block-spacer\"><\/div>\n\n\n\n<h2 class=\"wp-block-heading top-line\">Galer\u00eda del Campus La Romana<\/h2>\n\n\n\n<div style=\"height:24px\" aria-hidden=\"true\" class=\"wp-block-spacer\"><\/div>\n\n\n<div id=\"gallery-block_5c87ddc94dd45\" class=\"gallery\">\n  <div class=\"slick-sider\">\n              <div class=\"slide\">\n            <div class=\"img\" style=\"background-image:url(https:\/\/chavon.edu.do\/wp-content\/uploads\/2019\/08\/Vista_Aerea.jpg);\"><\/div>\n            <div class=\"copy\">\n              <p class=\"title\">La Villa de Altos de Chav\u00f3n<\/p>              <p class=\"description\">Ubicada en la costa sureste de la Rep\u00fablica Dominicana, Altos de Chav\u00f3n es un centro din\u00e1mico de arte que alberga estudios de arte, talleres de artesan\u00eda, galer\u00edas, restaurantes, la Iglesia de San Estanislao y la Escuela de Dise\u00f1o.<\/p>            <\/div>\n          <\/div>\n                    <div class=\"slide\">\n            <div class=\"img\" style=\"background-image:url(https:\/\/chavon.edu.do\/wp-content\/uploads\/2019\/08\/GMR_0847.jpg);\"><\/div>\n            <div class=\"copy\">\n              <p class=\"title\">La Villa de Altos de Chav\u00f3n<\/p>              <p class=\"description\">Construida en 1976 por el arquitecto italiano Roberto Copa, Altos de Chav\u00f3n es un pueblo de estilo mediterr\u00e1neo, que alberga la Fundaci\u00f3n Centro Cultural Altos de Chav\u00f3n, bajo las divisiones del museo arqueol\u00f3gico y el programa de artistas en residencia. <\/p>            <\/div>\n          <\/div>\n                    <div class=\"slide\">\n            <div class=\"img\" style=\"background-image:url(https:\/\/chavon.edu.do\/wp-content\/uploads\/2019\/08\/Chavoneros_2016-2.jpg);\"><\/div>\n            <div class=\"copy\">\n              <p class=\"title\">Estudiante del programa de Bellas Artes<\/p>              <p class=\"description\">El campus de La Romana ofrece una ubicaci\u00f3n similar a un santuario donde los estudiantes pueden concentrarse en desarrollar sus destrezas en un entorno \u00fanico.<\/p>            <\/div>\n          <\/div>\n                    <div class=\"slide\">\n            <div class=\"img\" style=\"background-image:url(https:\/\/chavon.edu.do\/wp-content\/uploads\/2019\/08\/IMG_4825.jpg);\"><\/div>\n            <div class=\"copy\">\n              <p class=\"title\">Programa Verano Internacional<\/p>              <p class=\"description\">Profesora de la Academia de Arte de Nueva York y estudiantes durante un curso de dos semanas sobre \"Dibujo y Pintura de la Naturaleza\"<\/p>            <\/div>\n          <\/div>\n                    <div class=\"slide\">\n            <div class=\"img\" style=\"background-image:url(https:\/\/chavon.edu.do\/wp-content\/uploads\/2022\/09\/26072022-_DSC2158-1.jpg);\"><\/div>\n            <div class=\"copy\">\n              <p class=\"title\">Estudiante de nuestro Programa de Dise\u00f1o de Moda<\/p>              <p class=\"description\">A menudo descrito como un \u201cpara\u00edso art\u00edstico\u201d, el campus de Altos De Chav\u00f3n ofrece el ambiente perfecto para talleres intensivos y viajes acad\u00e9micos preparados para nuestros estudiantes de tiempo completo durante la carrera.<\/p>            <\/div>\n          <\/div>\n                    <div class=\"slide\">\n            <div class=\"img\" style=\"background-image:url(https:\/\/chavon.edu.do\/wp-content\/uploads\/2019\/08\/Chavoneros_2016-9.jpg);\"><\/div>\n            <div class=\"copy\">\n              <p class=\"title\">Programa de Artistas en Residencia<\/p>              <p class=\"description\">Este programa sirve como plataforma para el intercambio educativo y cultural entre artistas dominicanos e internacionales.<\/p>            <\/div>\n          <\/div>\n                    <div class=\"slide\">\n            <div class=\"img\" style=\"background-image:url(https:\/\/chavon.edu.do\/wp-content\/uploads\/2022\/09\/VID05240.jpg);\"><\/div>\n            <div class=\"copy\">\n              <p class=\"title\">Clases de Educaci\u00f3n Continua<\/p>              <p class=\"description\">\u00bfUna escapada art\u00edstica? Aprender nuevas habilidades creativas es relajante a la vez que divertido durante nuestros programas cortos.<\/p>            <\/div>\n          <\/div>\n            <\/div>\n<\/div>","protected":false},"excerpt":{"rendered":"<p>La Romana Campus Location: Altos de Chav\u00f3n La Romana, Dominican Republic+1 (809) 523.8011 Located in Altos de Chav\u00f3n at Casa de Campo, the La Romana <br \/><a class=\"read-more\" href=\"https:\/\/chavon.edu.do\/es\/vive-chavon\/campus-la-romana\/\">+ Lee m\u00e1s<\/a><\/p>","protected":false},"author":21,"featured_media":0,"parent":124,"menu_order":19,"comment_status":"closed","ping_status":"closed","template":"","meta":{"_acf_changed":false,"footnotes":""},"class_list":["post-2944","page","type-page","status-publish","hentry"],"acf":[],"yoast_head":"<!-- This site is optimized with the Yoast SEO plugin v26.6 - https:\/\/yoast.com\/wordpress\/plugins\/seo\/ -->\n<title>Campus La Romana | CHAV\u00d3N School of Design<\/title>\n<meta name=\"description\" content=\"CHAV\u00d3N La Romana campus is located in the village of Altos de Chav\u00f3n on the Southeast coast of the Dominican Republic and is home to The School of Design.\" \/>\n<meta name=\"robots\" content=\"index, follow, max-snippet:-1, max-image-preview:large, max-video-preview:-1\" \/>\n<link rel=\"canonical\" href=\"https:\/\/chavon.edu.do\/es\/vive-chavon\/campus-la-romana\/\" \/>\n<meta property=\"og:locale\" content=\"es_ES\" \/>\n<meta property=\"og:type\" content=\"article\" \/>\n<meta property=\"og:title\" content=\"Campus La Romana | CHAV\u00d3N School of Design\" \/>\n<meta property=\"og:description\" content=\"CHAV\u00d3N La Romana campus is located in the village of Altos de Chav\u00f3n on the Southeast coast of the Dominican Republic and is home to The School of Design.\" \/>\n<meta property=\"og:url\" content=\"https:\/\/chavon.edu.do\/es\/vive-chavon\/campus-la-romana\/\" \/>\n<meta property=\"og:site_name\" content=\"CHAV\u00d3N School of Design\" \/>\n<meta property=\"article:modified_time\" content=\"2025-06-09T18:06:17+00:00\" \/>\n<meta name=\"twitter:card\" content=\"summary_large_image\" \/>\n<meta name=\"twitter:label1\" content=\"Tiempo estimado de lectura\" \/>\n\t<meta name=\"twitter:data1\" content=\"1 minuto\" \/>\n<script type=\"application\/ld+json\" class=\"yoast-schema-graph\">{\"@context\":\"https:\/\/schema.org\",\"@graph\":[{\"@type\":\"WebPage\",\"@id\":\"https:\/\/chavon.edu.do\/vive-chavon\/campus-la-romana\/\",\"url\":\"https:\/\/chavon.edu.do\/vive-chavon\/campus-la-romana\/\",\"name\":\"Campus La Romana | CHAV\u00d3N School of Design\",\"isPartOf\":{\"@id\":\"https:\/\/chavon.edu.do\/#website\"},\"datePublished\":\"2019-07-09T18:55:33+00:00\",\"dateModified\":\"2025-06-09T18:06:17+00:00\",\"description\":\"CHAV\u00d3N La Romana campus is located in the village of Altos de Chav\u00f3n on the Southeast coast of the Dominican Republic and is home to The School of Design.\",\"breadcrumb\":{\"@id\":\"https:\/\/chavon.edu.do\/vive-chavon\/campus-la-romana\/#breadcrumb\"},\"inLanguage\":\"es\",\"potentialAction\":[{\"@type\":\"ReadAction\",\"target\":[\"https:\/\/chavon.edu.do\/vive-chavon\/campus-la-romana\/\"]}]},{\"@type\":\"BreadcrumbList\",\"@id\":\"https:\/\/chavon.edu.do\/vive-chavon\/campus-la-romana\/#breadcrumb\",\"itemListElement\":[{\"@type\":\"ListItem\",\"position\":1,\"name\":\"Home\",\"item\":\"https:\/\/chavon.edu.do\/\"},{\"@type\":\"ListItem\",\"position\":2,\"name\":\"Vive CHAV\u00d3N\",\"item\":\"https:\/\/chavon.edu.do\/vive-chavon\/\"},{\"@type\":\"ListItem\",\"position\":3,\"name\":\"Campus La Romana\"}]},{\"@type\":\"WebSite\",\"@id\":\"https:\/\/chavon.edu.do\/#website\",\"url\":\"https:\/\/chavon.edu.do\/\",\"name\":\"CHAV\u00d3N School of Design\",\"description\":\"\",\"publisher\":{\"@id\":\"https:\/\/chavon.edu.do\/#organization\"},\"potentialAction\":[{\"@type\":\"SearchAction\",\"target\":{\"@type\":\"EntryPoint\",\"urlTemplate\":\"https:\/\/chavon.edu.do\/?s={search_term_string}\"},\"query-input\":{\"@type\":\"PropertyValueSpecification\",\"valueRequired\":true,\"valueName\":\"search_term_string\"}}],\"inLanguage\":\"es\"},{\"@type\":\"Organization\",\"@id\":\"https:\/\/chavon.edu.do\/#organization\",\"name\":\"Chav\u00f3n - La Escuela de Dise\u00f1o\",\"url\":\"https:\/\/chavon.edu.do\/\",\"logo\":{\"@type\":\"ImageObject\",\"inLanguage\":\"es\",\"@id\":\"https:\/\/chavon.edu.do\/#\/schema\/logo\/image\/\",\"url\":\"https:\/\/chavon.edu.do\/wp-content\/uploads\/2019\/12\/chavon.png\",\"contentUrl\":\"https:\/\/chavon.edu.do\/wp-content\/uploads\/2019\/12\/chavon.png\",\"width\":225,\"height\":225,\"caption\":\"Chav\u00f3n - La Escuela de Dise\u00f1o\"},\"image\":{\"@id\":\"https:\/\/chavon.edu.do\/#\/schema\/logo\/image\/\"}}]}<\/script>\n<!-- \/ Yoast SEO plugin. -->","yoast_head_json":{"title":"Campus La Romana | CHAV\u00d3N School of Design","description":"CHAV\u00d3N La Romana campus is located in the village of Altos de Chav\u00f3n on the Southeast coast of the Dominican Republic and is home to The School of Design.","robots":{"index":"index","follow":"follow","max-snippet":"max-snippet:-1","max-image-preview":"max-image-preview:large","max-video-preview":"max-video-preview:-1"},"canonical":"https:\/\/chavon.edu.do\/es\/vive-chavon\/campus-la-romana\/","og_locale":"es_ES","og_type":"article","og_title":"Campus La Romana | CHAV\u00d3N School of Design","og_description":"CHAV\u00d3N La Romana campus is located in the village of Altos de Chav\u00f3n on the Southeast coast of the Dominican Republic and is home to The School of Design.","og_url":"https:\/\/chavon.edu.do\/es\/vive-chavon\/campus-la-romana\/","og_site_name":"CHAV\u00d3N School of Design","article_modified_time":"2025-06-09T18:06:17+00:00","twitter_card":"summary_large_image","twitter_misc":{"Tiempo estimado de lectura":"1 minuto"},"schema":{"@context":"https:\/\/schema.org","@graph":[{"@type":"WebPage","@id":"https:\/\/chavon.edu.do\/vive-chavon\/campus-la-romana\/","url":"https:\/\/chavon.edu.do\/vive-chavon\/campus-la-romana\/","name":"Campus La Romana | CHAV\u00d3N School of Design","isPartOf":{"@id":"https:\/\/chavon.edu.do\/#website"},"datePublished":"2019-07-09T18:55:33+00:00","dateModified":"2025-06-09T18:06:17+00:00","description":"CHAV\u00d3N La Romana campus is located in the village of Altos de Chav\u00f3n on the Southeast coast of the Dominican Republic and is home to The School of Design.","breadcrumb":{"@id":"https:\/\/chavon.edu.do\/vive-chavon\/campus-la-romana\/#breadcrumb"},"inLanguage":"es","potentialAction":[{"@type":"ReadAction","target":["https:\/\/chavon.edu.do\/vive-chavon\/campus-la-romana\/"]}]},{"@type":"BreadcrumbList","@id":"https:\/\/chavon.edu.do\/vive-chavon\/campus-la-romana\/#breadcrumb","itemListElement":[{"@type":"ListItem","position":1,"name":"Home","item":"https:\/\/chavon.edu.do\/"},{"@type":"ListItem","position":2,"name":"Vive CHAV\u00d3N","item":"https:\/\/chavon.edu.do\/vive-chavon\/"},{"@type":"ListItem","position":3,"name":"Campus La Romana"}]},{"@type":"WebSite","@id":"https:\/\/chavon.edu.do\/#website","url":"https:\/\/chavon.edu.do\/","name":"CHAV\u00d3N La Escuela de Dise\u00f1o","description":"","publisher":{"@id":"https:\/\/chavon.edu.do\/#organization"},"potentialAction":[{"@type":"SearchAction","target":{"@type":"EntryPoint","urlTemplate":"https:\/\/chavon.edu.do\/?s={search_term_string}"},"query-input":{"@type":"PropertyValueSpecification","valueRequired":true,"valueName":"search_term_string"}}],"inLanguage":"es"},{"@type":"Organization","@id":"https:\/\/chavon.edu.do\/#organization","name":"Chav\u00f3n - La Escuela de Dise\u00f1o","url":"https:\/\/chavon.edu.do\/","logo":{"@type":"ImageObject","inLanguage":"es","@id":"https:\/\/chavon.edu.do\/#\/schema\/logo\/image\/","url":"https:\/\/chavon.edu.do\/wp-content\/uploads\/2019\/12\/chavon.png","contentUrl":"https:\/\/chavon.edu.do\/wp-content\/uploads\/2019\/12\/chavon.png","width":225,"height":225,"caption":"Chav\u00f3n - La Escuela de Dise\u00f1o"},"image":{"@id":"https:\/\/chavon.edu.do\/#\/schema\/logo\/image\/"}}]}},"_links":{"self":[{"href":"https:\/\/chavon.edu.do\/es\/wp-json\/wp\/v2\/pages\/2944","targetHints":{"allow":["GET"]}}],"collection":[{"href":"https:\/\/chavon.edu.do\/es\/wp-json\/wp\/v2\/pages"}],"about":[{"href":"https:\/\/chavon.edu.do\/es\/wp-json\/wp\/v2\/types\/page"}],"author":[{"embeddable":true,"href":"https:\/\/chavon.edu.do\/es\/wp-json\/wp\/v2\/users\/21"}],"replies":[{"embeddable":true,"href":"https:\/\/chavon.edu.do\/es\/wp-json\/wp\/v2\/comments?post=2944"}],"version-history":[{"count":5,"href":"https:\/\/chavon.edu.do\/es\/wp-json\/wp\/v2\/pages\/2944\/revisions"}],"predecessor-version":[{"id":7292,"href":"https:\/\/chavon.edu.do\/es\/wp-json\/wp\/v2\/pages\/2944\/revisions\/7292"}],"up":[{"embeddable":true,"href":"https:\/\/chavon.edu.do\/es\/wp-json\/wp\/v2\/pages\/124"}],"wp:attachment":[{"href":"https:\/\/chavon.edu.do\/es\/wp-json\/wp\/v2\/media?parent=2944"}],"curies":[{"name":"wp","href":"https:\/\/api.w.org\/{rel}","templated":true}]}}