{"id":2930,"date":"2019-07-09T18:43:21","date_gmt":"2019-07-09T18:43:21","guid":{"rendered":"http:\/\/chavondev.wpengine.com\/?page_id=2930"},"modified":"2025-06-09T14:31:44","modified_gmt":"2025-06-09T18:31:44","slug":"alumni-work","status":"publish","type":"page","link":"https:\/\/chavon.edu.do\/es\/vive-chavon\/alumni-work\/","title":{"rendered":"Trabajos de Egresados"},"content":{"rendered":"<h1 class=\"wp-block-heading bottom-line\">Trabajos de Egresados<\/h1>\n\n\n\n<div style=\"height:32px\" aria-hidden=\"true\" class=\"wp-block-spacer\"><\/div>\n\n\n\n<p class=\"has-medium-font-size\">La red de egresados de CHAV\u00d3N abarca a profesionales consumados de diversas industrias creativas que contin\u00faan encarnando los valores de innovaci\u00f3n y excelencia de la instituci\u00f3n. Su trabajo innovador y sus iniciativas empresariales sirven de inspiraci\u00f3n continua para los estudiantes actuales, mientras que sus conexiones con la industria y sus oportunidades de tutor\u00eda fortalecen a la comunidad CHAV\u00d3N en general y mejoran las perspectivas profesionales de los reci\u00e9n graduados.<\/p>\n\n\n\n<div style=\"height:24px\" aria-hidden=\"true\" class=\"wp-block-spacer\"><\/div>\n\n\n\n<h2 class=\"wp-block-heading top-line\">Galer\u00eda de Egresados<\/h2>\n\n\n\n<div style=\"height:24px\" aria-hidden=\"true\" class=\"wp-block-spacer\"><\/div>\n\n\n<div id=\"gallery-block_5c87ddc94dd45\" class=\"gallery\">\n  <div class=\"slick-sider\">\n              <div class=\"slide\">\n            <div class=\"img\" style=\"background-image:url(https:\/\/chavon.edu.do\/wp-content\/uploads\/2019\/09\/Lena-Vargas-scaled.jpg);\"><\/div>\n            <div class=\"copy\">\n              <p class=\"title\">Lena Vargas Afanasieva. Dise\u00f1o de Comunicaci\u00f3n, 2006.<\/p>              <p class=\"description\">Encargada de crear una serie de ilustraciones para un art\u00edculo en HuffPost.com sobre el piloto original de Game of Thrones. <\/p>            <\/div>\n          <\/div>\n                    <div class=\"slide\">\n            <div class=\"img\" style=\"background-image:url(https:\/\/chavon.edu.do\/wp-content\/uploads\/2019\/09\/juancarlosreyes-district-06-copy-978x500.jpg);\"><\/div>\n            <div class=\"copy\">\n              <p class=\"title\">Juan Carlos Reyes. Fine Arts, 2008.<\/p>              <p class=\"description\">Exhibition &#8220;Dreams and Memories&#8221;, The Embassy of the Dominican Republic to the Kingdom of the Netherlands<\/p>            <\/div>\n          <\/div>\n                    <div class=\"slide\">\n            <div class=\"img\" style=\"background-image:url(https:\/\/chavon.edu.do\/wp-content\/uploads\/2019\/07\/Mario-Da\u0301valos7-scaled.jpg);\"><\/div>\n            <div class=\"copy\">\n              <p class=\"title\">Mario D\u00e1valos. Bellas Artes, 1999.<\/p>              <p class=\"description\">Fotograf\u00eda de la serie ''Un Retrato a lo Salvaje'', \u00c1frica.<\/p>            <\/div>\n          <\/div>\n                    <div class=\"slide\">\n            <div class=\"img\" style=\"background-image:url(https:\/\/chavon.edu.do\/wp-content\/uploads\/2019\/09\/hernan.jpg);\"><\/div>\n            <div class=\"copy\">\n              <p class=\"title\">Hannah Lander. Dise\u00f1o de Moda, 2006.<\/p>              <p class=\"description\">Mercedes Benz Fashion Week, 2014.<\/p>            <\/div>\n          <\/div>\n                    <div class=\"slide\">\n            <div class=\"img\" style=\"background-image:url(https:\/\/chavon.edu.do\/wp-content\/uploads\/2019\/09\/3-Carlos-Pion.png);\"><\/div>\n            <div class=\"copy\">\n              <p class=\"title\">Carlos Pi\u00f3n. Dise\u00f1o de Comunicaci\u00f3n, 1992.<\/p>              <p class=\"description\">Invitation proposal for the graduation No.25 of CHAV\u00d3N.<\/p>            <\/div>\n          <\/div>\n                    <div class=\"slide\">\n            <div class=\"img\" style=\"background-image:url(https:\/\/chavon.edu.do\/wp-content\/uploads\/2019\/07\/52-Hochi-Asiatico.-Fine-Arts-1985.-Costume-Design-for-Peter-Pan-Show.jpg);\"><\/div>\n            <div class=\"copy\">\n              <p class=\"title\"> Hochi Asiatico. Bellas Artes, 1985.<\/p>              <p class=\"description\"> Dise\u00f1o de vestuario para show teatral realizado en la Rep\u00fablica Dominicana basado en la historia de Peter Pan.<\/p>            <\/div>\n          <\/div>\n                    <div class=\"slide\">\n            <div class=\"img\" style=\"background-image:url(https:\/\/chavon.edu.do\/wp-content\/uploads\/2019\/07\/55-Tania-Marmolejo.-the-fragile-in-between-state-oil-on-wood-24-x-36-in-2011_web.jpg);\"><\/div>\n            <div class=\"copy\">\n              <p class=\"title\">Tania Marmolejo. Bellas Artes, 1998. <\/p>              <p class=\"description\">The Fragile in Between State.<\/p>            <\/div>\n          <\/div>\n                    <div class=\"slide\">\n            <div class=\"img\" style=\"background-image:url(https:\/\/chavon.edu.do\/wp-content\/uploads\/2019\/09\/52-Carlos-Gomez-Mojica.-Hiperrealismo-.jpg);\"><\/div>\n            <div class=\"copy\">\n              <p class=\"title\">Carlos G\u00f3mez Mojica. Bellas Artes, 2006.<\/p>              <p class=\"description\">Hiperrealismo.<\/p>            <\/div>\n          <\/div>\n                    <div class=\"slide\">\n            <div class=\"img\" style=\"background-image:url(https:\/\/chavon.edu.do\/wp-content\/uploads\/2019\/09\/Back-40-Mercantile-by-Gensler-Welkhenia-Daley-Lead-Designer-image-copyright-Chris-Leonard2.jpg);\"><\/div>\n            <div class=\"copy\">\n              <p class=\"title\">Welkhenia Daley. Dise\u00f1o de Interiores, 1999.<\/p>              <p class=\"description\">Back 40 Mercantile por Gensler, dise\u00f1ador principal de im\u00e1genes. Copyright Chris Leonardo.<\/p>            <\/div>\n          <\/div>\n                    <div class=\"slide\">\n            <div class=\"img\" style=\"background-image:url(https:\/\/chavon.edu.do\/wp-content\/uploads\/2019\/09\/12-Gisele-Sangiovani-CentroPerello-1-scaled.jpg);\"><\/div>\n            <div class=\"copy\">\n              <p class=\"title\">Gisele Sangiovanni. Dise\u00f1o de Comunicaci\u00f3n, 1985.<\/p>              <p class=\"description\">Identidad corporativa para el Centro Perell\u00f3. <\/p>            <\/div>\n          <\/div>\n                    <div class=\"slide\">\n            <div class=\"img\" style=\"background-image:url(https:\/\/chavon.edu.do\/wp-content\/uploads\/2019\/09\/elias-roedan-24x17.jpg-Ilustration-scaled.jpg);\"><\/div>\n            <div class=\"copy\">\n              <p class=\"title\">El\u00edas Roedan. Bellas Artes, 1990. <\/p>                          <\/div>\n          <\/div>\n                    <div class=\"slide\">\n            <div class=\"img\" style=\"background-image:url(https:\/\/chavon.edu.do\/wp-content\/uploads\/2020\/10\/12.jpg);\"><\/div>\n            <div class=\"copy\">\n              <p class=\"title\">Gabriel Castillo. Fine Arts, 2013. <\/p>              <p class=\"description\">Mural project for the restaurant Food Inc.<\/p>            <\/div>\n          <\/div>\n                    <div class=\"slide\">\n            <div class=\"img\" style=\"background-image:url(https:\/\/chavon.edu.do\/wp-content\/uploads\/2019\/09\/28-Chago-Garcia.-Identity-for-a-an-english-style-pub.png);\"><\/div>\n            <div class=\"copy\">\n              <p class=\"title\">Santiago Garcia. Dise\u00f1o de Comunicaci\u00f3n, 2005.<\/p>              <p class=\"description\">Identidad corporativa para un bar de estilo Ingl\u00e9s.<\/p>            <\/div>\n          <\/div>\n                    <div class=\"slide\">\n            <div class=\"img\" style=\"background-image:url(https:\/\/chavon.edu.do\/wp-content\/uploads\/2020\/10\/13.jpg);\"><\/div>\n            <div class=\"copy\">\n              <p class=\"title\">Yocelyn Ram\u00edrez. Fine Arts, 2013.<\/p>              <p class=\"description\"> Private collection.<\/p>            <\/div>\n          <\/div>\n                    <div class=\"slide\">\n            <div class=\"img\" style=\"background-image:url(https:\/\/chavon.edu.do\/wp-content\/uploads\/2021\/02\/Laura.jpg);\"><\/div>\n            <div class=\"copy\">\n              <p class=\"title\">Laura Arminda Kingsley. Fine Arts, 2004.<\/p>                          <\/div>\n          <\/div>\n                    <div class=\"slide\">\n            <div class=\"img\" style=\"background-image:url(https:\/\/chavon.edu.do\/wp-content\/uploads\/2019\/09\/Jeanette-Limas-Edit-32.jpg);\"><\/div>\n            <div class=\"copy\">\n              <p class=\"title\">Janette Limas. Dise\u00f1o de Modas, 2009.<\/p>              <p class=\"description\">New York Fashion Week, 2018. <\/p>            <\/div>\n          <\/div>\n                    <div class=\"slide\">\n            <div class=\"img\" style=\"background-image:url(https:\/\/chavon.edu.do\/wp-content\/uploads\/2020\/10\/61-Jose\u0301-Anico.jpg);\"><\/div>\n            <div class=\"copy\">\n              <p class=\"title\">Jos\u00e9 Anico. Fine Arts, 2010.<\/p>              <p class=\"description\"> Private collection.<\/p>            <\/div>\n          <\/div>\n            <\/div>\n<\/div>","protected":false},"excerpt":{"rendered":"<p>Alumni Work CHAV\u00d3N&#8217;s alumni network encompasses accomplished professionals across diverse creative industries who continue to embody the institution&#8217;s values of innovation and excellence. Their groundbreaking <br \/><a class=\"read-more\" href=\"https:\/\/chavon.edu.do\/es\/vive-chavon\/alumni-work\/\">+ Lee m\u00e1s<\/a><\/p>","protected":false},"author":21,"featured_media":0,"parent":124,"menu_order":20,"comment_status":"closed","ping_status":"closed","template":"template-gallery-new.php","meta":{"_acf_changed":false,"footnotes":""},"class_list":["post-2930","page","type-page","status-publish","hentry"],"acf":[],"yoast_head":"<!-- This site is optimized with the Yoast SEO plugin v26.6 - https:\/\/yoast.com\/wordpress\/plugins\/seo\/ -->\n<title>Gallery of Alumni Work | CHAV\u00d3N School of Design<\/title>\n<meta name=\"description\" content=\"A visual portfolio of work done by alumni of CHAV\u00d3N - The School of Design in Illustration, Fashion, 3D Modeling, and Digital Communication.\" \/>\n<meta name=\"robots\" content=\"index, follow, max-snippet:-1, max-image-preview:large, max-video-preview:-1\" \/>\n<link rel=\"canonical\" href=\"https:\/\/chavon.edu.do\/es\/vive-chavon\/alumni-work\/\" \/>\n<meta property=\"og:locale\" content=\"es_ES\" \/>\n<meta property=\"og:type\" content=\"article\" \/>\n<meta property=\"og:title\" content=\"Gallery of Alumni Work | CHAV\u00d3N School of Design\" \/>\n<meta property=\"og:description\" content=\"A visual portfolio of work done by alumni of CHAV\u00d3N - The School of Design in Illustration, Fashion, 3D Modeling, and Digital Communication.\" \/>\n<meta property=\"og:url\" content=\"https:\/\/chavon.edu.do\/es\/vive-chavon\/alumni-work\/\" \/>\n<meta property=\"og:site_name\" content=\"CHAV\u00d3N School of Design\" \/>\n<meta property=\"article:modified_time\" content=\"2025-06-09T18:31:44+00:00\" \/>\n<meta name=\"twitter:card\" content=\"summary_large_image\" \/>\n<meta name=\"twitter:label1\" content=\"Tiempo estimado de lectura\" \/>\n\t<meta name=\"twitter:data1\" content=\"1 minuto\" \/>\n<script type=\"application\/ld+json\" class=\"yoast-schema-graph\">{\"@context\":\"https:\/\/schema.org\",\"@graph\":[{\"@type\":\"WebPage\",\"@id\":\"https:\/\/chavon.edu.do\/vive-chavon\/alumni-work\/\",\"url\":\"https:\/\/chavon.edu.do\/vive-chavon\/alumni-work\/\",\"name\":\"Gallery of Alumni Work | CHAV\u00d3N School of Design\",\"isPartOf\":{\"@id\":\"https:\/\/chavon.edu.do\/#website\"},\"datePublished\":\"2019-07-09T18:43:21+00:00\",\"dateModified\":\"2025-06-09T18:31:44+00:00\",\"description\":\"A visual portfolio of work done by alumni of CHAV\u00d3N - The School of Design in Illustration, Fashion, 3D Modeling, and Digital Communication.\",\"breadcrumb\":{\"@id\":\"https:\/\/chavon.edu.do\/vive-chavon\/alumni-work\/#breadcrumb\"},\"inLanguage\":\"es\",\"potentialAction\":[{\"@type\":\"ReadAction\",\"target\":[\"https:\/\/chavon.edu.do\/vive-chavon\/alumni-work\/\"]}]},{\"@type\":\"BreadcrumbList\",\"@id\":\"https:\/\/chavon.edu.do\/vive-chavon\/alumni-work\/#breadcrumb\",\"itemListElement\":[{\"@type\":\"ListItem\",\"position\":1,\"name\":\"Home\",\"item\":\"https:\/\/chavon.edu.do\/\"},{\"@type\":\"ListItem\",\"position\":2,\"name\":\"Vive CHAV\u00d3N\",\"item\":\"https:\/\/chavon.edu.do\/vive-chavon\/\"},{\"@type\":\"ListItem\",\"position\":3,\"name\":\"Alumni Work\"}]},{\"@type\":\"WebSite\",\"@id\":\"https:\/\/chavon.edu.do\/#website\",\"url\":\"https:\/\/chavon.edu.do\/\",\"name\":\"CHAV\u00d3N School of Design\",\"description\":\"\",\"publisher\":{\"@id\":\"https:\/\/chavon.edu.do\/#organization\"},\"potentialAction\":[{\"@type\":\"SearchAction\",\"target\":{\"@type\":\"EntryPoint\",\"urlTemplate\":\"https:\/\/chavon.edu.do\/?s={search_term_string}\"},\"query-input\":{\"@type\":\"PropertyValueSpecification\",\"valueRequired\":true,\"valueName\":\"search_term_string\"}}],\"inLanguage\":\"es\"},{\"@type\":\"Organization\",\"@id\":\"https:\/\/chavon.edu.do\/#organization\",\"name\":\"Chav\u00f3n - La Escuela de Dise\u00f1o\",\"url\":\"https:\/\/chavon.edu.do\/\",\"logo\":{\"@type\":\"ImageObject\",\"inLanguage\":\"es\",\"@id\":\"https:\/\/chavon.edu.do\/#\/schema\/logo\/image\/\",\"url\":\"https:\/\/chavon.edu.do\/wp-content\/uploads\/2019\/12\/chavon.png\",\"contentUrl\":\"https:\/\/chavon.edu.do\/wp-content\/uploads\/2019\/12\/chavon.png\",\"width\":225,\"height\":225,\"caption\":\"Chav\u00f3n - La Escuela de Dise\u00f1o\"},\"image\":{\"@id\":\"https:\/\/chavon.edu.do\/#\/schema\/logo\/image\/\"}}]}<\/script>\n<!-- \/ Yoast SEO plugin. -->","yoast_head_json":{"title":"Gallery of Alumni Work | CHAV\u00d3N School of Design","description":"A visual portfolio of work done by alumni of CHAV\u00d3N - The School of Design in Illustration, Fashion, 3D Modeling, and Digital Communication.","robots":{"index":"index","follow":"follow","max-snippet":"max-snippet:-1","max-image-preview":"max-image-preview:large","max-video-preview":"max-video-preview:-1"},"canonical":"https:\/\/chavon.edu.do\/es\/vive-chavon\/alumni-work\/","og_locale":"es_ES","og_type":"article","og_title":"Gallery of Alumni Work | CHAV\u00d3N School of Design","og_description":"A visual portfolio of work done by alumni of CHAV\u00d3N - The School of Design in Illustration, Fashion, 3D Modeling, and Digital Communication.","og_url":"https:\/\/chavon.edu.do\/es\/vive-chavon\/alumni-work\/","og_site_name":"CHAV\u00d3N School of Design","article_modified_time":"2025-06-09T18:31:44+00:00","twitter_card":"summary_large_image","twitter_misc":{"Tiempo estimado de lectura":"1 minuto"},"schema":{"@context":"https:\/\/schema.org","@graph":[{"@type":"WebPage","@id":"https:\/\/chavon.edu.do\/vive-chavon\/alumni-work\/","url":"https:\/\/chavon.edu.do\/vive-chavon\/alumni-work\/","name":"Gallery of Alumni Work | CHAV\u00d3N School of Design","isPartOf":{"@id":"https:\/\/chavon.edu.do\/#website"},"datePublished":"2019-07-09T18:43:21+00:00","dateModified":"2025-06-09T18:31:44+00:00","description":"A visual portfolio of work done by alumni of CHAV\u00d3N - The School of Design in Illustration, Fashion, 3D Modeling, and Digital Communication.","breadcrumb":{"@id":"https:\/\/chavon.edu.do\/vive-chavon\/alumni-work\/#breadcrumb"},"inLanguage":"es","potentialAction":[{"@type":"ReadAction","target":["https:\/\/chavon.edu.do\/vive-chavon\/alumni-work\/"]}]},{"@type":"BreadcrumbList","@id":"https:\/\/chavon.edu.do\/vive-chavon\/alumni-work\/#breadcrumb","itemListElement":[{"@type":"ListItem","position":1,"name":"Home","item":"https:\/\/chavon.edu.do\/"},{"@type":"ListItem","position":2,"name":"Vive CHAV\u00d3N","item":"https:\/\/chavon.edu.do\/vive-chavon\/"},{"@type":"ListItem","position":3,"name":"Alumni Work"}]},{"@type":"WebSite","@id":"https:\/\/chavon.edu.do\/#website","url":"https:\/\/chavon.edu.do\/","name":"CHAV\u00d3N La Escuela de Dise\u00f1o","description":"","publisher":{"@id":"https:\/\/chavon.edu.do\/#organization"},"potentialAction":[{"@type":"SearchAction","target":{"@type":"EntryPoint","urlTemplate":"https:\/\/chavon.edu.do\/?s={search_term_string}"},"query-input":{"@type":"PropertyValueSpecification","valueRequired":true,"valueName":"search_term_string"}}],"inLanguage":"es"},{"@type":"Organization","@id":"https:\/\/chavon.edu.do\/#organization","name":"Chav\u00f3n - La Escuela de Dise\u00f1o","url":"https:\/\/chavon.edu.do\/","logo":{"@type":"ImageObject","inLanguage":"es","@id":"https:\/\/chavon.edu.do\/#\/schema\/logo\/image\/","url":"https:\/\/chavon.edu.do\/wp-content\/uploads\/2019\/12\/chavon.png","contentUrl":"https:\/\/chavon.edu.do\/wp-content\/uploads\/2019\/12\/chavon.png","width":225,"height":225,"caption":"Chav\u00f3n - La Escuela de Dise\u00f1o"},"image":{"@id":"https:\/\/chavon.edu.do\/#\/schema\/logo\/image\/"}}]}},"_links":{"self":[{"href":"https:\/\/chavon.edu.do\/es\/wp-json\/wp\/v2\/pages\/2930","targetHints":{"allow":["GET"]}}],"collection":[{"href":"https:\/\/chavon.edu.do\/es\/wp-json\/wp\/v2\/pages"}],"about":[{"href":"https:\/\/chavon.edu.do\/es\/wp-json\/wp\/v2\/types\/page"}],"author":[{"embeddable":true,"href":"https:\/\/chavon.edu.do\/es\/wp-json\/wp\/v2\/users\/21"}],"replies":[{"embeddable":true,"href":"https:\/\/chavon.edu.do\/es\/wp-json\/wp\/v2\/comments?post=2930"}],"version-history":[{"count":3,"href":"https:\/\/chavon.edu.do\/es\/wp-json\/wp\/v2\/pages\/2930\/revisions"}],"predecessor-version":[{"id":7306,"href":"https:\/\/chavon.edu.do\/es\/wp-json\/wp\/v2\/pages\/2930\/revisions\/7306"}],"up":[{"embeddable":true,"href":"https:\/\/chavon.edu.do\/es\/wp-json\/wp\/v2\/pages\/124"}],"wp:attachment":[{"href":"https:\/\/chavon.edu.do\/es\/wp-json\/wp\/v2\/media?parent=2930"}],"curies":[{"name":"wp","href":"https:\/\/api.w.org\/{rel}","templated":true}]}}