{"id":2899,"date":"2019-07-09T17:52:26","date_gmt":"2019-07-09T17:52:26","guid":{"rendered":"http:\/\/chavondev.wpengine.com\/?page_id=2899"},"modified":"2025-06-13T09:05:01","modified_gmt":"2025-06-13T13:05:01","slug":"chavon-kids","status":"publish","type":"page","link":"https:\/\/chavon.edu.do\/es\/vive-chavon\/chavon-kids\/","title":{"rendered":"CHAV\u00d3N Ni\u00f1os"},"content":{"rendered":"<h1 class=\"wp-block-heading bottom-line\">CHAV\u00d3N Ni\u00f1os<\/h1>\n\n\n\n<div style=\"height:32px\" aria-hidden=\"true\" class=\"wp-block-spacer\"><\/div>\n\n\n\n<p class=\"has-medium-font-size\">Los programas de CHAV\u00d3N KIDS estimulan la imaginaci\u00f3n y la expresi\u00f3n art\u00edstica desde temprana edad. A trav\u00e9s de talleres y campamentos, los ni\u00f1os exploran distintas t\u00e9cnicas, artistas y materiales en un ambiente divertido y educativo.<\/p>\n\n\n\n<div style=\"height:24px\" aria-hidden=\"true\" class=\"wp-block-spacer\"><\/div>\n\n\n\n<h2 class=\"wp-block-heading top-line\">Galer\u00eda de Ni\u00f1os<\/h2>\n\n\n\n<div style=\"height:24px\" aria-hidden=\"true\" class=\"wp-block-spacer\"><\/div>\n\n\n<div id=\"gallery-block_5c87ddc94dd45\" class=\"gallery\">\n  <div class=\"slick-sider\">\n              <div class=\"slide\">\n            <div class=\"img\" style=\"background-image:url(https:\/\/chavon.edu.do\/wp-content\/uploads\/2019\/07\/Chavon_SummerCamp_063-scaled.jpg);\"><\/div>\n            <div class=\"copy\">\n              <p class=\"title\">Taller Creativo, 9 a 12 a\u00f1os<\/p>              <p class=\"description\">Trabajo en yeso para crear un Alebrije, tipo de artesan\u00eda mexicana con elementos fision\u00f3micos de diferentes animales que se pintan con colores alegres y vibrantes<\/p>            <\/div>\n          <\/div>\n                    <div class=\"slide\">\n            <div class=\"img\" style=\"background-image:url(https:\/\/chavon.edu.do\/wp-content\/uploads\/2019\/09\/Chavon-Kids-3-e1569535744328-scaled.jpg);\"><\/div>\n            <div class=\"copy\">\n              <p class=\"title\">Taller Creativo, 6 a 9 a\u00f1os<\/p>              <p class=\"description\">Trabajo en yeso para crear un Alebrije, tipo de artesan\u00eda mexicana con elementos fision\u00f3micos de diferentes animales que se pintan con colores alegres y vibrantes<\/p>            <\/div>\n          <\/div>\n                    <div class=\"slide\">\n            <div class=\"img\" style=\"background-image:url(https:\/\/chavon.edu.do\/wp-content\/uploads\/2019\/09\/DSCN0973-scaled.jpg);\"><\/div>\n            <div class=\"copy\">\n              <p class=\"title\">Campamento de Verano, 6 a 9 a\u00f1os<\/p>                          <\/div>\n          <\/div>\n                    <div class=\"slide\">\n            <div class=\"img\" style=\"background-image:url(https:\/\/chavon.edu.do\/wp-content\/uploads\/2019\/07\/Chavon_SummerCamp_008-scaled.jpg);\"><\/div>\n            <div class=\"copy\">\n              <p class=\"title\">Atelier Sabatino, 3 a 6 a\u00f1os<\/p>              <p class=\"description\">Proyecto C\u00e1ndido Bid\u00f3, uno de los pintores dominicanos m\u00e1s famosos que ha llegado a trascender internacionalmente.<\/p>            <\/div>\n          <\/div>\n                    <div class=\"slide\">\n            <div class=\"img\" style=\"background-image:url(https:\/\/chavon.edu.do\/wp-content\/uploads\/2019\/07\/Chavon_SummerCamp_006-scaled.jpg);\"><\/div>\n            <div class=\"copy\">\n              <p class=\"title\">Atelier Sabatino, 6 a 9 a\u00f1os<\/p>              <p class=\"description\">Proyecto C\u00e1ndido Bid\u00f3, uno de los pintores dominicanos m\u00e1s famosos que ha llegado a trascender internacionalmente.<\/p>            <\/div>\n          <\/div>\n                    <div class=\"slide\">\n            <div class=\"img\" style=\"background-image:url(https:\/\/chavon.edu.do\/wp-content\/uploads\/2019\/07\/Chavon_SummerCamp_027-scaled.jpg);\"><\/div>\n            <div class=\"copy\">\n              <p class=\"title\">Taller Creativo, 3 a 6 a\u00f1os<\/p>              <p class=\"description\"> Autoretrato, una forma de expresar varios aspectos de s\u00ed mismos y sus identidades m\u00e1s all\u00e1 de su apariencia f\u00edsica.<\/p>            <\/div>\n          <\/div>\n                    <div class=\"slide\">\n            <div class=\"img\" style=\"background-image:url(https:\/\/chavon.edu.do\/wp-content\/uploads\/2019\/07\/Chavon_SummerCamp_028-scaled.jpg);\"><\/div>\n            <div class=\"copy\">\n              <p class=\"title\">Taller Creativo, 3 a 6 a\u00f1os<\/p>                          <\/div>\n          <\/div>\n                    <div class=\"slide\">\n            <div class=\"img\" style=\"background-image:url(https:\/\/chavon.edu.do\/wp-content\/uploads\/2019\/07\/Chavon_SummerCamp_076-scaled.jpg);\"><\/div>\n            <div class=\"copy\">\n              <p class=\"title\">Campamento de Verano, 10 a 12 a\u00f1os<\/p>              <p class=\"description\">Trabajando en Arte Interactivo (NetArt)<\/p>            <\/div>\n          <\/div>\n                    <div class=\"slide\">\n            <div class=\"img\" style=\"background-image:url(https:\/\/chavon.edu.do\/wp-content\/uploads\/2019\/09\/Chavon_Teens_Julio_051.jpg);\"><\/div>\n            <div class=\"copy\">\n              <p class=\"title\">Campamento de Verano, 6 a 9 a\u00f1os <\/p>                          <\/div>\n          <\/div>\n                    <div class=\"slide\">\n            <div class=\"img\" style=\"background-image:url(https:\/\/chavon.edu.do\/wp-content\/uploads\/2019\/09\/2017-07-17-PHOTO-00000541.jpg);\"><\/div>\n            <div class=\"copy\">\n              <p class=\"title\">Taller Creativo, 3 a 6 a\u00f1os<\/p>                          <\/div>\n          <\/div>\n                    <div class=\"slide\">\n            <div class=\"img\" style=\"background-image:url(https:\/\/chavon.edu.do\/wp-content\/uploads\/2019\/09\/Chavon_Teens_Julio_082.jpg);\"><\/div>\n            <div class=\"copy\">\n              <p class=\"title\">Campamento de Verano, 6 a 9 a\u00f1os<\/p>                          <\/div>\n          <\/div>\n                    <div class=\"slide\">\n            <div class=\"img\" style=\"background-image:url(https:\/\/chavon.edu.do\/wp-content\/uploads\/2019\/09\/Chavon_Teens_Julio_071.jpg);\"><\/div>\n            <div class=\"copy\">\n              <p class=\"title\">Dibujo &amp; Pintura, 10 a 12 a\u00f1os<\/p>              <p class=\"description\">En este programa los participantes aprenden a plasmar en un lienzo o papel elementos de observaci\u00f3n, utilizando color, tonos y formas como fundamentos principales de las Bellas Artes<\/p>            <\/div>\n          <\/div>\n                    <div class=\"slide\">\n            <div class=\"img\" style=\"background-image:url(https:\/\/chavon.edu.do\/wp-content\/uploads\/2019\/09\/Chavon_Teens_Julio_079.jpg);\"><\/div>\n            <div class=\"copy\">\n              <p class=\"title\">Dibujo &amp; Pintura, 10 a 12 a\u00f1os<\/p>                          <\/div>\n          <\/div>\n                    <div class=\"slide\">\n            <div class=\"img\" style=\"background-image:url(https:\/\/chavon.edu.do\/wp-content\/uploads\/2019\/09\/DSCN1677-scaled.jpg);\"><\/div>\n            <div class=\"copy\">\n              <p class=\"title\">Atelier Sabatino, 6 a 9 a\u00f1os<\/p>                          <\/div>\n          <\/div>\n                    <div class=\"slide\">\n            <div class=\"img\" style=\"background-image:url(https:\/\/chavon.edu.do\/wp-content\/uploads\/2019\/09\/DSCN0961-scaled.jpg);\"><\/div>\n            <div class=\"copy\">\n                                        <\/div>\n          <\/div>\n                    <div class=\"slide\">\n            <div class=\"img\" style=\"background-image:url(https:\/\/chavon.edu.do\/wp-content\/uploads\/2019\/09\/Screen-Shot-2019-07-11-at-3.00.07-PM.png);\"><\/div>\n            <div class=\"copy\">\n              <p class=\"title\">Dibujo &amp; Pintura, 10 a 12 a\u00f1os<\/p>                          <\/div>\n          <\/div>\n                    <div class=\"slide\">\n            <div class=\"img\" style=\"background-image:url(https:\/\/chavon.edu.do\/wp-content\/uploads\/2019\/07\/2017-07-19-PHOTO-00000707.jpg);\"><\/div>\n            <div class=\"copy\">\n                                        <\/div>\n          <\/div>\n            <\/div>\n<\/div>","protected":false},"excerpt":{"rendered":"<p>Chav\u00f3n Kids CHAV\u00d3N KIDS programs stimulate imagination and artistic expression from an early age. Through workshops and camps, children explore different techniques, artists and materials <br \/><a class=\"read-more\" href=\"https:\/\/chavon.edu.do\/es\/vive-chavon\/chavon-kids\/\">+ Lee m\u00e1s<\/a><\/p>","protected":false},"author":21,"featured_media":0,"parent":124,"menu_order":21,"comment_status":"closed","ping_status":"closed","template":"template-gallery-new.php","meta":{"_acf_changed":false,"footnotes":""},"class_list":["post-2899","page","type-page","status-publish","hentry"],"acf":[],"yoast_head":"<!-- This site is optimized with the Yoast SEO plugin v26.6 - https:\/\/yoast.com\/wordpress\/plugins\/seo\/ -->\n<title>CHAV\u00d3N Kids Work Gallery | CHAV\u00d3N School of Design<\/title>\n<meta name=\"description\" content=\"CHAV\u00d3N Kids gallery showcasing creative workshops &amp; camps for ages 3-12. See children&#039;s art projects, painting, sculpture &amp; cultural activities.\" \/>\n<meta name=\"robots\" content=\"index, follow, max-snippet:-1, max-image-preview:large, max-video-preview:-1\" \/>\n<link rel=\"canonical\" href=\"https:\/\/chavon.edu.do\/es\/vive-chavon\/chavon-kids\/\" \/>\n<meta property=\"og:locale\" content=\"es_ES\" \/>\n<meta property=\"og:type\" content=\"article\" \/>\n<meta property=\"og:title\" content=\"CHAV\u00d3N Kids Work Gallery | CHAV\u00d3N School of Design\" \/>\n<meta property=\"og:description\" content=\"CHAV\u00d3N Kids gallery showcasing creative workshops &amp; camps for ages 3-12. See children&#039;s art projects, painting, sculpture &amp; cultural activities.\" \/>\n<meta property=\"og:url\" content=\"https:\/\/chavon.edu.do\/es\/vive-chavon\/chavon-kids\/\" \/>\n<meta property=\"og:site_name\" content=\"CHAV\u00d3N School of Design\" \/>\n<meta property=\"article:modified_time\" content=\"2025-06-13T13:05:01+00:00\" \/>\n<meta name=\"twitter:card\" content=\"summary_large_image\" \/>\n<meta name=\"twitter:label1\" content=\"Tiempo estimado de lectura\" \/>\n\t<meta name=\"twitter:data1\" content=\"1 minuto\" \/>\n<script type=\"application\/ld+json\" class=\"yoast-schema-graph\">{\"@context\":\"https:\/\/schema.org\",\"@graph\":[{\"@type\":\"WebPage\",\"@id\":\"https:\/\/chavon.edu.do\/vive-chavon\/chavon-kids\/\",\"url\":\"https:\/\/chavon.edu.do\/vive-chavon\/chavon-kids\/\",\"name\":\"CHAV\u00d3N Kids Work Gallery | CHAV\u00d3N School of Design\",\"isPartOf\":{\"@id\":\"https:\/\/chavon.edu.do\/#website\"},\"datePublished\":\"2019-07-09T17:52:26+00:00\",\"dateModified\":\"2025-06-13T13:05:01+00:00\",\"description\":\"CHAV\u00d3N Kids gallery showcasing creative workshops & camps for ages 3-12. See children's art projects, painting, sculpture & cultural activities.\",\"breadcrumb\":{\"@id\":\"https:\/\/chavon.edu.do\/vive-chavon\/chavon-kids\/#breadcrumb\"},\"inLanguage\":\"es\",\"potentialAction\":[{\"@type\":\"ReadAction\",\"target\":[\"https:\/\/chavon.edu.do\/vive-chavon\/chavon-kids\/\"]}]},{\"@type\":\"BreadcrumbList\",\"@id\":\"https:\/\/chavon.edu.do\/vive-chavon\/chavon-kids\/#breadcrumb\",\"itemListElement\":[{\"@type\":\"ListItem\",\"position\":1,\"name\":\"Home\",\"item\":\"https:\/\/chavon.edu.do\/\"},{\"@type\":\"ListItem\",\"position\":2,\"name\":\"Vive CHAV\u00d3N\",\"item\":\"https:\/\/chavon.edu.do\/vive-chavon\/\"},{\"@type\":\"ListItem\",\"position\":3,\"name\":\"Chav\u00f3n Kids\"}]},{\"@type\":\"WebSite\",\"@id\":\"https:\/\/chavon.edu.do\/#website\",\"url\":\"https:\/\/chavon.edu.do\/\",\"name\":\"CHAV\u00d3N School of Design\",\"description\":\"\",\"publisher\":{\"@id\":\"https:\/\/chavon.edu.do\/#organization\"},\"potentialAction\":[{\"@type\":\"SearchAction\",\"target\":{\"@type\":\"EntryPoint\",\"urlTemplate\":\"https:\/\/chavon.edu.do\/?s={search_term_string}\"},\"query-input\":{\"@type\":\"PropertyValueSpecification\",\"valueRequired\":true,\"valueName\":\"search_term_string\"}}],\"inLanguage\":\"es\"},{\"@type\":\"Organization\",\"@id\":\"https:\/\/chavon.edu.do\/#organization\",\"name\":\"Chav\u00f3n - La Escuela de Dise\u00f1o\",\"url\":\"https:\/\/chavon.edu.do\/\",\"logo\":{\"@type\":\"ImageObject\",\"inLanguage\":\"es\",\"@id\":\"https:\/\/chavon.edu.do\/#\/schema\/logo\/image\/\",\"url\":\"https:\/\/chavon.edu.do\/wp-content\/uploads\/2019\/12\/chavon.png\",\"contentUrl\":\"https:\/\/chavon.edu.do\/wp-content\/uploads\/2019\/12\/chavon.png\",\"width\":225,\"height\":225,\"caption\":\"Chav\u00f3n - La Escuela de Dise\u00f1o\"},\"image\":{\"@id\":\"https:\/\/chavon.edu.do\/#\/schema\/logo\/image\/\"}}]}<\/script>\n<!-- \/ Yoast SEO plugin. -->","yoast_head_json":{"title":"CHAV\u00d3N Kids Work Gallery | CHAV\u00d3N School of Design","description":"CHAV\u00d3N Kids gallery showcasing creative workshops & camps for ages 3-12. See children's art projects, painting, sculpture & cultural activities.","robots":{"index":"index","follow":"follow","max-snippet":"max-snippet:-1","max-image-preview":"max-image-preview:large","max-video-preview":"max-video-preview:-1"},"canonical":"https:\/\/chavon.edu.do\/es\/vive-chavon\/chavon-kids\/","og_locale":"es_ES","og_type":"article","og_title":"CHAV\u00d3N Kids Work Gallery | CHAV\u00d3N School of Design","og_description":"CHAV\u00d3N Kids gallery showcasing creative workshops & camps for ages 3-12. See children's art projects, painting, sculpture & cultural activities.","og_url":"https:\/\/chavon.edu.do\/es\/vive-chavon\/chavon-kids\/","og_site_name":"CHAV\u00d3N School of Design","article_modified_time":"2025-06-13T13:05:01+00:00","twitter_card":"summary_large_image","twitter_misc":{"Tiempo estimado de lectura":"1 minuto"},"schema":{"@context":"https:\/\/schema.org","@graph":[{"@type":"WebPage","@id":"https:\/\/chavon.edu.do\/vive-chavon\/chavon-kids\/","url":"https:\/\/chavon.edu.do\/vive-chavon\/chavon-kids\/","name":"CHAV\u00d3N Kids Work Gallery | CHAV\u00d3N School of Design","isPartOf":{"@id":"https:\/\/chavon.edu.do\/#website"},"datePublished":"2019-07-09T17:52:26+00:00","dateModified":"2025-06-13T13:05:01+00:00","description":"CHAV\u00d3N Kids gallery showcasing creative workshops & camps for ages 3-12. See children's art projects, painting, sculpture & cultural activities.","breadcrumb":{"@id":"https:\/\/chavon.edu.do\/vive-chavon\/chavon-kids\/#breadcrumb"},"inLanguage":"es","potentialAction":[{"@type":"ReadAction","target":["https:\/\/chavon.edu.do\/vive-chavon\/chavon-kids\/"]}]},{"@type":"BreadcrumbList","@id":"https:\/\/chavon.edu.do\/vive-chavon\/chavon-kids\/#breadcrumb","itemListElement":[{"@type":"ListItem","position":1,"name":"Home","item":"https:\/\/chavon.edu.do\/"},{"@type":"ListItem","position":2,"name":"Vive CHAV\u00d3N","item":"https:\/\/chavon.edu.do\/vive-chavon\/"},{"@type":"ListItem","position":3,"name":"Chav\u00f3n Kids"}]},{"@type":"WebSite","@id":"https:\/\/chavon.edu.do\/#website","url":"https:\/\/chavon.edu.do\/","name":"CHAV\u00d3N La Escuela de Dise\u00f1o","description":"","publisher":{"@id":"https:\/\/chavon.edu.do\/#organization"},"potentialAction":[{"@type":"SearchAction","target":{"@type":"EntryPoint","urlTemplate":"https:\/\/chavon.edu.do\/?s={search_term_string}"},"query-input":{"@type":"PropertyValueSpecification","valueRequired":true,"valueName":"search_term_string"}}],"inLanguage":"es"},{"@type":"Organization","@id":"https:\/\/chavon.edu.do\/#organization","name":"Chav\u00f3n - La Escuela de Dise\u00f1o","url":"https:\/\/chavon.edu.do\/","logo":{"@type":"ImageObject","inLanguage":"es","@id":"https:\/\/chavon.edu.do\/#\/schema\/logo\/image\/","url":"https:\/\/chavon.edu.do\/wp-content\/uploads\/2019\/12\/chavon.png","contentUrl":"https:\/\/chavon.edu.do\/wp-content\/uploads\/2019\/12\/chavon.png","width":225,"height":225,"caption":"Chav\u00f3n - La Escuela de Dise\u00f1o"},"image":{"@id":"https:\/\/chavon.edu.do\/#\/schema\/logo\/image\/"}}]}},"_links":{"self":[{"href":"https:\/\/chavon.edu.do\/es\/wp-json\/wp\/v2\/pages\/2899","targetHints":{"allow":["GET"]}}],"collection":[{"href":"https:\/\/chavon.edu.do\/es\/wp-json\/wp\/v2\/pages"}],"about":[{"href":"https:\/\/chavon.edu.do\/es\/wp-json\/wp\/v2\/types\/page"}],"author":[{"embeddable":true,"href":"https:\/\/chavon.edu.do\/es\/wp-json\/wp\/v2\/users\/21"}],"replies":[{"embeddable":true,"href":"https:\/\/chavon.edu.do\/es\/wp-json\/wp\/v2\/comments?post=2899"}],"version-history":[{"count":3,"href":"https:\/\/chavon.edu.do\/es\/wp-json\/wp\/v2\/pages\/2899\/revisions"}],"predecessor-version":[{"id":7498,"href":"https:\/\/chavon.edu.do\/es\/wp-json\/wp\/v2\/pages\/2899\/revisions\/7498"}],"up":[{"embeddable":true,"href":"https:\/\/chavon.edu.do\/es\/wp-json\/wp\/v2\/pages\/124"}],"wp:attachment":[{"href":"https:\/\/chavon.edu.do\/es\/wp-json\/wp\/v2\/media?parent=2899"}],"curies":[{"name":"wp","href":"https:\/\/api.w.org\/{rel}","templated":true}]}}