{"id":2566,"date":"2019-05-22T18:03:10","date_gmt":"2019-05-22T18:03:10","guid":{"rendered":"http:\/\/chavondev.wpengine.com\/?page_id=2566"},"modified":"2025-05-30T15:55:44","modified_gmt":"2025-05-30T19:55:44","slug":"the-museum-of-archaeology","status":"publish","type":"page","link":"https:\/\/chavon.edu.do\/es\/the-museum-of-archaeology\/","title":{"rendered":"El Museo Arqueolog\u00edco"},"content":{"rendered":"<h1 class=\"wp-block-heading\">El Museo Arqueolog\u00edco<\/h1>\n\n\n\n<p><\/p>\n\n\n\n<div class=\"wp-block-columns has-2-columns top-line right-sidebar is-layout-flex wp-container-core-columns-is-layout-9d6595d7 wp-block-columns-is-layout-flex\">\n<div class=\"wp-block-column is-layout-flow wp-block-column-is-layout-flow\">\n<p class=\"medium\"><\/p>\n\n\n\n<p class=\"medium\">El Museo de Arqueolog\u00edco, ubicado en La Romana e inaugurado en 1981, documenta\nel importante legado ind\u00edgena de la isla de Santo Domingo y funciona como una\nvaliosa fuente de informaci\u00f3n para los miles de estudiantes y visitantes que recibe\ncada a\u00f1o. La magn\u00edfica colecci\u00f3n de objetos ind\u00edgenas del Museo fue reunida\ndurante 40 a\u00f1os por el coleccionista Samuel Pi\u00f3n y comprende m\u00e1s de 3,000 objetos\nencontrados en la regi\u00f3n. Estos objetos de rituales y utilitarios demuestran la\nevoluci\u00f3n cultural de las sociedades ind\u00edgenas de la isla, desde la era pre agr\u00edcola\nhasta la \u00e9poca de los ta\u00ednos, la cultura predominante cuando llegaron los\nconquistadores espa\u00f1oles.<\/p>\n\n\n\n<p class=\"medium\">Como una divisi\u00f3n dentro de la Fundaci\u00f3n Centro Cultural Altos de Chav\u00f3n, el Museo\nfunciona como un centro de investigaci\u00f3n cient\u00edfica y cultural, ofreciendo un amplio\nprograma de charlas, talleres, presentaciones, exposiciones temporales y\nexcursiones de investigaci\u00f3n a \u00e1reas rurales. Tambi\u00e9n ofrece talleres de desarrollo\nde habilidades para maestros que ahondan en nuestros or\u00edgenes y profundizan su\nconocimiento de la cultura de nuestros antepasados. Junto con este concepto, se\nhan desarrollado dos piezas importantes para su uso en las escuelas con el apoyo de\nla Fundaci\u00f3n Falcondo: la Gu\u00eda del profesor \u201cMir\u00e1ndonos a nosotros mismos en el\nespejo del tiempo\u201d, en colaboraci\u00f3n con el Instituto Latinoamericano de Museos, y\nel documental \u201cDonde Sale el Sol\u201d, que presenta varios segmentos cortos sobre\nhistoria ind\u00edgena y arqueolog\u00eda dominicana para su uso en los niveles de educaci\u00f3n\nprimaria.<\/p>\n\n\n\n<p class=\"medium\">La sala Discovery del museo fue dise\u00f1ada para involucrar a los j\u00f3venes visitantes en\nactividades que promuevan su comprensi\u00f3n de los artefactos y exhibiciones que ven,\ny de la historia y cultura ind\u00edgena de la isla, as\u00ed como tambi\u00e9n para apreciar los\nprocesos que los museos utilizan para adquirir e interpretar sus colecciones. El\nobjetivo fundamental de la sala Discovery es nutrir un sentido de curiosidad y\nrespeto por el legado de los habitantes ind\u00edgenas de Las Antillas, y por sus\ncontribuciones a la cultura dominicana contempor\u00e1nea.<\/p>\n\n\n\n<p class=\"medium\">El Museo tambi\u00e9n ofrece el Museo en una Caja, el cual visita escuelas de todo el pa\u00eds\npara presentar la riqueza y diversidad del patrimonio arqueol\u00f3gico de la Rep\u00fablica\nDominicana. Esta herramienta atractiva y din\u00e1mica genera conocimiento y valor para\nnuestro patrimonio cultural. Este proyecto se logr\u00f3 con el apoyo de la Fundaci\u00f3n\nFalcondo y la Fundaci\u00f3n Ademi.<\/p>\n<\/div>\n\n\n\n<div class=\"wp-block-column is-layout-flow wp-block-column-is-layout-flow\">\n<p><\/p>\n\n\n\n<p><strong>CONTACTO<\/strong><br><br><strong>Administraci\u00f3n<\/strong><br><br>Tel\u00e9fono: +1 (809) 523.8554<br>Fax: +1 (809) 523.8312<br>Correo electr\u00f3nico: <a href=\"mailto: museo@altosdechavon.com\">museo@altosdechavon.com<\/a><br><br>Direcci\u00f3n: Altos de Chav\u00f3n,\nLa Romana, Rep\u00fablica Dominicana<\/p>\n\n\n\n<p class=\"top-line\">Horas de visita: Lunes \u2013 Domingo 9:00 a.m. a 9:00 p.m.<\/p>\n<\/div>\n<\/div>\n\n\n\n<h3 class=\"top-line wp-block-heading\">Colaboradores:<\/h3>\n\n\n\n<ul class=\"wp-block-list\"><li>Centro Eduardo Le\u00f3n Jimenes<\/li><li>Fundaci\u00f3n Ademi \u2013 Banco Ademi<\/li><li>Fundaci\u00f3n Falcondo<\/li><li>Banco de Reservas<\/li><li>Universidad Aut\u00f3noma de Santo Domingo<\/li><li>Consejo Internacional de Museos - Cap\u00edtulo Dominicano.<\/li><li>Universidad de Leiden - Facultad de Arqueolog\u00eda, Pa\u00edses Bajos<\/li><li>Embajada de los Pa\u00edses Bajos en la Rep\u00fablica Dominicana<\/li><li>Red Intercontinental de Museos Samp \u2013 Agencia Sueca de Desarrollo\nInternacional<\/li><\/ul>\n\n\n<div id=\"gallery-block_5d043d191738e\" class=\"gallery\">\n  <div class=\"slick-sider\">\n              <div class=\"slide\">\n            <div class=\"img\" style=\"background-image:url(https:\/\/chavon.edu.do\/wp-content\/uploads\/2019\/06\/reptile.jpg);\"><\/div>\n            <div class=\"copy\">\n              <p class=\"title\">Trigonolito<\/p>              <p class=\"description\">De acuerdo al primer cronista de la mitologia ta\u00edna, Fray Ram\u00f3n Pan\u00e9, estos trigonolitos eran representaciones agr\u00edcolas del dios Yucahuguama, quien cre\u00edan hac\u00eda crecer la yuca, alimento b\u00e1sico del hombre precolombino antillano.<\/p>            <\/div>\n          <\/div>\n                    <div class=\"slide\">\n            <div class=\"img\" style=\"background-image:url(https:\/\/chavon.edu.do\/wp-content\/uploads\/2019\/06\/pottery.jpg);\"><\/div>\n            <div class=\"copy\">\n              <p class=\"title\">Vasija<\/p>              <p class=\"description\">Junto con el murci\u00e9lago, la lechuza, o buho, figura predominante en la mitolog\u00eda ta\u00edna como otro animal asociado con la muerte.<\/p>            <\/div>\n          <\/div>\n                    <div class=\"slide\">\n            <div class=\"img\" style=\"background-image:url(https:\/\/chavon.edu.do\/wp-content\/uploads\/2019\/06\/pot.jpg);\"><\/div>\n            <div class=\"copy\">\n              <p class=\"title\">Vasija<\/p>              <p class=\"description\">Vasija Circular de la cultura Chicoide, perteneciente al periodo Agro alfarero tardio.<\/p>            <\/div>\n          <\/div>\n                    <div class=\"slide\">\n            <div class=\"img\" style=\"background-image:url(https:\/\/chavon.edu.do\/wp-content\/uploads\/2019\/06\/balls.jpg);\"><\/div>\n            <div class=\"copy\">\n              <p class=\"title\">Esferolitos<\/p>              <p class=\"description\">De naturaleza ceremonial, estas esferas de piedra han sido encontradas solamente en enterramientos secundarios, lugar de descanso final de los indios arcaicos. Estos sepultaban a sus muertos en tumbas individuales, luego los exhumaban y pintaban sus huesos con pigmentos rojos, para luego enterrarlos de nuevo en grupos.<\/p>            <\/div>\n          <\/div>\n            <\/div>\n<\/div>","protected":false},"excerpt":{"rendered":"<p>The Museum of Archaeology The Museum of Archaeology, located in La Romana and inaugurated in 1981, documents the important indigenous legacy of the island of <br \/><a class=\"read-more\" href=\"https:\/\/chavon.edu.do\/es\/the-museum-of-archaeology\/\">+ Lee m\u00e1s<\/a><\/p>","protected":false},"author":21,"featured_media":0,"parent":0,"menu_order":22,"comment_status":"closed","ping_status":"closed","template":"","meta":{"_acf_changed":false,"footnotes":""},"class_list":["post-2566","page","type-page","status-publish","hentry"],"acf":[],"yoast_head":"<!-- This site is optimized with the Yoast SEO plugin v26.6 - https:\/\/yoast.com\/wordpress\/plugins\/seo\/ -->\n<title>The Museum of Archaeology | CHAV\u00d3N School of Design<\/title>\n<meta name=\"description\" content=\"The Museum of Archaeology, located in La Romana and inaugurated in 1981, documents the important indigenous legacy of the island of Santo Domingo.\" \/>\n<meta name=\"robots\" content=\"index, follow, max-snippet:-1, max-image-preview:large, max-video-preview:-1\" \/>\n<link rel=\"canonical\" href=\"https:\/\/chavon.edu.do\/es\/the-museum-of-archaeology\/\" \/>\n<meta property=\"og:locale\" content=\"es_ES\" \/>\n<meta property=\"og:type\" content=\"article\" \/>\n<meta property=\"og:title\" content=\"The Museum of Archaeology | CHAV\u00d3N School of Design\" \/>\n<meta property=\"og:description\" content=\"The Museum of Archaeology, located in La Romana and inaugurated in 1981, documents the important indigenous legacy of the island of Santo Domingo.\" \/>\n<meta property=\"og:url\" content=\"https:\/\/chavon.edu.do\/es\/the-museum-of-archaeology\/\" \/>\n<meta property=\"og:site_name\" content=\"CHAV\u00d3N School of Design\" \/>\n<meta property=\"article:modified_time\" content=\"2025-05-30T19:55:44+00:00\" \/>\n<meta name=\"twitter:card\" content=\"summary_large_image\" \/>\n<meta name=\"twitter:label1\" content=\"Tiempo estimado de lectura\" \/>\n\t<meta name=\"twitter:data1\" content=\"2 minutos\" \/>\n<script type=\"application\/ld+json\" class=\"yoast-schema-graph\">{\"@context\":\"https:\/\/schema.org\",\"@graph\":[{\"@type\":\"WebPage\",\"@id\":\"https:\/\/chavon.edu.do\/the-museum-of-archaeology\/\",\"url\":\"https:\/\/chavon.edu.do\/the-museum-of-archaeology\/\",\"name\":\"The Museum of Archaeology | CHAV\u00d3N School of Design\",\"isPartOf\":{\"@id\":\"https:\/\/chavon.edu.do\/#website\"},\"datePublished\":\"2019-05-22T18:03:10+00:00\",\"dateModified\":\"2025-05-30T19:55:44+00:00\",\"description\":\"The Museum of Archaeology, located in La Romana and inaugurated in 1981, documents the important indigenous legacy of the island of Santo Domingo.\",\"breadcrumb\":{\"@id\":\"https:\/\/chavon.edu.do\/the-museum-of-archaeology\/#breadcrumb\"},\"inLanguage\":\"es\",\"potentialAction\":[{\"@type\":\"ReadAction\",\"target\":[\"https:\/\/chavon.edu.do\/the-museum-of-archaeology\/\"]}]},{\"@type\":\"BreadcrumbList\",\"@id\":\"https:\/\/chavon.edu.do\/the-museum-of-archaeology\/#breadcrumb\",\"itemListElement\":[{\"@type\":\"ListItem\",\"position\":1,\"name\":\"Home\",\"item\":\"https:\/\/chavon.edu.do\/\"},{\"@type\":\"ListItem\",\"position\":2,\"name\":\"The Museum of Archaeology\"}]},{\"@type\":\"WebSite\",\"@id\":\"https:\/\/chavon.edu.do\/#website\",\"url\":\"https:\/\/chavon.edu.do\/\",\"name\":\"CHAV\u00d3N School of Design\",\"description\":\"\",\"publisher\":{\"@id\":\"https:\/\/chavon.edu.do\/#organization\"},\"potentialAction\":[{\"@type\":\"SearchAction\",\"target\":{\"@type\":\"EntryPoint\",\"urlTemplate\":\"https:\/\/chavon.edu.do\/?s={search_term_string}\"},\"query-input\":{\"@type\":\"PropertyValueSpecification\",\"valueRequired\":true,\"valueName\":\"search_term_string\"}}],\"inLanguage\":\"es\"},{\"@type\":\"Organization\",\"@id\":\"https:\/\/chavon.edu.do\/#organization\",\"name\":\"Chav\u00f3n - La Escuela de Dise\u00f1o\",\"url\":\"https:\/\/chavon.edu.do\/\",\"logo\":{\"@type\":\"ImageObject\",\"inLanguage\":\"es\",\"@id\":\"https:\/\/chavon.edu.do\/#\/schema\/logo\/image\/\",\"url\":\"https:\/\/chavon.edu.do\/wp-content\/uploads\/2019\/12\/chavon.png\",\"contentUrl\":\"https:\/\/chavon.edu.do\/wp-content\/uploads\/2019\/12\/chavon.png\",\"width\":225,\"height\":225,\"caption\":\"Chav\u00f3n - La Escuela de Dise\u00f1o\"},\"image\":{\"@id\":\"https:\/\/chavon.edu.do\/#\/schema\/logo\/image\/\"}}]}<\/script>\n<!-- \/ Yoast SEO plugin. -->","yoast_head_json":{"title":"The Museum of Archaeology | CHAV\u00d3N School of Design","description":"The Museum of Archaeology, located in La Romana and inaugurated in 1981, documents the important indigenous legacy of the island of Santo Domingo.","robots":{"index":"index","follow":"follow","max-snippet":"max-snippet:-1","max-image-preview":"max-image-preview:large","max-video-preview":"max-video-preview:-1"},"canonical":"https:\/\/chavon.edu.do\/es\/the-museum-of-archaeology\/","og_locale":"es_ES","og_type":"article","og_title":"The Museum of Archaeology | CHAV\u00d3N School of Design","og_description":"The Museum of Archaeology, located in La Romana and inaugurated in 1981, documents the important indigenous legacy of the island of Santo Domingo.","og_url":"https:\/\/chavon.edu.do\/es\/the-museum-of-archaeology\/","og_site_name":"CHAV\u00d3N School of Design","article_modified_time":"2025-05-30T19:55:44+00:00","twitter_card":"summary_large_image","twitter_misc":{"Tiempo estimado de lectura":"2 minutos"},"schema":{"@context":"https:\/\/schema.org","@graph":[{"@type":"WebPage","@id":"https:\/\/chavon.edu.do\/the-museum-of-archaeology\/","url":"https:\/\/chavon.edu.do\/the-museum-of-archaeology\/","name":"The Museum of Archaeology | CHAV\u00d3N School of Design","isPartOf":{"@id":"https:\/\/chavon.edu.do\/#website"},"datePublished":"2019-05-22T18:03:10+00:00","dateModified":"2025-05-30T19:55:44+00:00","description":"The Museum of Archaeology, located in La Romana and inaugurated in 1981, documents the important indigenous legacy of the island of Santo Domingo.","breadcrumb":{"@id":"https:\/\/chavon.edu.do\/the-museum-of-archaeology\/#breadcrumb"},"inLanguage":"es","potentialAction":[{"@type":"ReadAction","target":["https:\/\/chavon.edu.do\/the-museum-of-archaeology\/"]}]},{"@type":"BreadcrumbList","@id":"https:\/\/chavon.edu.do\/the-museum-of-archaeology\/#breadcrumb","itemListElement":[{"@type":"ListItem","position":1,"name":"Home","item":"https:\/\/chavon.edu.do\/"},{"@type":"ListItem","position":2,"name":"The Museum of Archaeology"}]},{"@type":"WebSite","@id":"https:\/\/chavon.edu.do\/#website","url":"https:\/\/chavon.edu.do\/","name":"CHAV\u00d3N La Escuela de Dise\u00f1o","description":"","publisher":{"@id":"https:\/\/chavon.edu.do\/#organization"},"potentialAction":[{"@type":"SearchAction","target":{"@type":"EntryPoint","urlTemplate":"https:\/\/chavon.edu.do\/?s={search_term_string}"},"query-input":{"@type":"PropertyValueSpecification","valueRequired":true,"valueName":"search_term_string"}}],"inLanguage":"es"},{"@type":"Organization","@id":"https:\/\/chavon.edu.do\/#organization","name":"Chav\u00f3n - La Escuela de Dise\u00f1o","url":"https:\/\/chavon.edu.do\/","logo":{"@type":"ImageObject","inLanguage":"es","@id":"https:\/\/chavon.edu.do\/#\/schema\/logo\/image\/","url":"https:\/\/chavon.edu.do\/wp-content\/uploads\/2019\/12\/chavon.png","contentUrl":"https:\/\/chavon.edu.do\/wp-content\/uploads\/2019\/12\/chavon.png","width":225,"height":225,"caption":"Chav\u00f3n - La Escuela de Dise\u00f1o"},"image":{"@id":"https:\/\/chavon.edu.do\/#\/schema\/logo\/image\/"}}]}},"_links":{"self":[{"href":"https:\/\/chavon.edu.do\/es\/wp-json\/wp\/v2\/pages\/2566","targetHints":{"allow":["GET"]}}],"collection":[{"href":"https:\/\/chavon.edu.do\/es\/wp-json\/wp\/v2\/pages"}],"about":[{"href":"https:\/\/chavon.edu.do\/es\/wp-json\/wp\/v2\/types\/page"}],"author":[{"embeddable":true,"href":"https:\/\/chavon.edu.do\/es\/wp-json\/wp\/v2\/users\/21"}],"replies":[{"embeddable":true,"href":"https:\/\/chavon.edu.do\/es\/wp-json\/wp\/v2\/comments?post=2566"}],"version-history":[{"count":2,"href":"https:\/\/chavon.edu.do\/es\/wp-json\/wp\/v2\/pages\/2566\/revisions"}],"predecessor-version":[{"id":6537,"href":"https:\/\/chavon.edu.do\/es\/wp-json\/wp\/v2\/pages\/2566\/revisions\/6537"}],"wp:attachment":[{"href":"https:\/\/chavon.edu.do\/es\/wp-json\/wp\/v2\/media?parent=2566"}],"curies":[{"name":"wp","href":"https:\/\/api.w.org\/{rel}","templated":true}]}}