{"id":2045,"date":"2019-05-21T23:03:05","date_gmt":"2019-05-21T23:03:05","guid":{"rendered":"http:\/\/chavondev.wpengine.com\/?page_id=2045"},"modified":"2019-12-05T23:39:20","modified_gmt":"2019-12-05T23:39:20","slug":"the-art-gallery","status":"publish","type":"page","link":"https:\/\/chavon.edu.do\/es\/student-life-campuses\/the-art-gallery\/","title":{"rendered":"La Galer\u00eda de Arte"},"content":{"rendered":"<h1 class=\"wp-block-heading\">La Galer\u00eda de Arte<\/h1>\n\n\n\n<p><\/p>\n\n\n\n<div class=\"wp-block-columns has-2-columns right-sidebar top-line is-layout-flex wp-container-core-columns-is-layout-9d6595d7 wp-block-columns-is-layout-flex\">\n<div class=\"wp-block-column is-layout-flow wp-block-column-is-layout-flow\">\n<p class=\"medium\"><\/p>\n\n\n\n<p class=\"medium\">La Galer\u00eda de Arte en CHAV\u00d3N presenta obras que exploran las diferentes\ntendencias en el mundo del arte. Las exposiciones incluyen diversas formas de arte\n(fotograf\u00eda, pintura, dibujo, escultura y artesan\u00eda) que ponen a los visitantes en\ncontacto con la gran variedad y vitalidad de las corrientes culturales\ncontempor\u00e1neas. Las exposiciones van desde instalaciones provocativas hasta\nmuebles r\u00fasticos. Antonio L\u00f3pez, Howard Kanowitz y Larry Rivers se encuentran\nentre los artistas legendarios que han mostrado su trabajo en este espacio.A trav\u00e9s de sus exhibiciones, La Galer\u00eda logra un importante di\u00e1logo cultural y\npromueve un intercambio entre artistas dominicanos e internacionales, al mismo\ntiempo que ofrece a los estudiantes de CHAV\u00d3N La Escuela de Dise\u00f1o una\noportunidad para exhibir su trabajo. Los artistas dominicanos que exhiben en La\nGaler\u00eda tienen la oportunidad de conocer a la poblaci\u00f3n siempre cambiante de\nvisitantes a Chav\u00f3n, mientras que los expositores internacionales obtienen acceso a\nla comunidad art\u00edstica local y a los cr\u00edticos de arte dominicanos.<br><\/p>\n<\/div>\n\n\n\n<div class=\"wp-block-column is-layout-flow wp-block-column-is-layout-flow\">\n<p><\/p>\n\n\n\n<p><strong>CONTACTO <\/strong><\/p>\n\n\n\n<p><strong>Administraci\u00f3n<\/strong><\/p>\n\n\n\n<p class=\"translation-block\">Tel\u00e9fono: +1 (809) 523-8470\/8011\nCorreo electr\u00f3nico: galeria@chavon.org<\/a><\/p>\n\n\n\n<p>Direcci\u00f3n: Altos de Chav\u00f3n,\nLa Romana, Rep\u00fablica Dominicana<\/p>\n\n\n\n<p class=\"top-line\">Entrada: Gratis<\/p>\n\n\n\n<p>Horario:Martes \u2013 S\u00e1bados\n8:00 a.m. a 9:00 p.m.\nDomingos - Lunes\n8:00 a.m. a 5:00 p.m.<\/p>\n<\/div>\n<\/div>\n\n\n<div id=\"gallery-block_5d042b746973f\" class=\"gallery\">\n  <div class=\"slick-sider\">\n              <div class=\"slide\">\n            <div class=\"img\" style=\"background-image:url(https:\/\/chavon.edu.do\/wp-content\/uploads\/2019\/06\/thisonetoooooo.jpg);\"><\/div>\n            <div class=\"copy\">\n                                        <\/div>\n          <\/div>\n                    <div class=\"slide\">\n            <div class=\"img\" style=\"background-image:url(https:\/\/chavon.edu.do\/wp-content\/uploads\/2019\/06\/statue1.jpg);\"><\/div>\n            <div class=\"copy\">\n                                        <\/div>\n          <\/div>\n                    <div class=\"slide\">\n            <div class=\"img\" style=\"background-image:url(https:\/\/chavon.edu.do\/wp-content\/uploads\/2019\/06\/skippedtwodresses.jpg);\"><\/div>\n            <div class=\"copy\">\n                                        <\/div>\n          <\/div>\n                    <div class=\"slide\">\n            <div class=\"img\" style=\"background-image:url(https:\/\/chavon.edu.do\/wp-content\/uploads\/2019\/06\/RIGHTON.jpg);\"><\/div>\n            <div class=\"copy\">\n                                        <\/div>\n          <\/div>\n                    <div class=\"slide\">\n            <div class=\"img\" style=\"background-image:url(https:\/\/chavon.edu.do\/wp-content\/uploads\/2019\/06\/reallygood.jpg);\"><\/div>\n            <div class=\"copy\">\n                                        <\/div>\n          <\/div>\n                    <div class=\"slide\">\n            <div class=\"img\" style=\"background-image:url(https:\/\/chavon.edu.do\/wp-content\/uploads\/2019\/06\/thatsmorelikeit.jpg);\"><\/div>\n            <div class=\"copy\">\n                                        <\/div>\n          <\/div>\n                    <div class=\"slide\">\n            <div class=\"img\" style=\"background-image:url(https:\/\/chavon.edu.do\/wp-content\/uploads\/2019\/06\/Thisisbestone.jpg);\"><\/div>\n            <div class=\"copy\">\n                                        <\/div>\n          <\/div>\n            <\/div>\n<\/div>","protected":false},"excerpt":{"rendered":"<p>The Art Gallery The Art Gallery at CHAV\u00d3N presents works that explore the many trends in the world of art. Shows include various art forms <br \/><a class=\"read-more\" href=\"https:\/\/chavon.edu.do\/es\/student-life-campuses\/the-art-gallery\/\">+ Lee m\u00e1s<\/a><\/p>","protected":false},"author":21,"featured_media":0,"parent":1641,"menu_order":23,"comment_status":"closed","ping_status":"closed","template":"","meta":{"_acf_changed":false,"footnotes":""},"class_list":["post-2045","page","type-page","status-publish","hentry"],"acf":[],"yoast_head":"<!-- This site is optimized with the Yoast SEO plugin v26.6 - https:\/\/yoast.com\/wordpress\/plugins\/seo\/ -->\n<title>The Art Gallery | CHAV\u00d3N School of Design<\/title>\n<meta name=\"description\" content=\"The Art Gallery at CHAV\u00d3N presents works exploring many artistic trends. Shows include photography, painting, drawing, sculpture, and crafts.\" \/>\n<meta name=\"robots\" content=\"index, follow, max-snippet:-1, max-image-preview:large, max-video-preview:-1\" \/>\n<link rel=\"canonical\" href=\"https:\/\/chavon.edu.do\/es\/student-life-campuses\/the-art-gallery\/\" \/>\n<meta property=\"og:locale\" content=\"es_ES\" \/>\n<meta property=\"og:type\" content=\"article\" \/>\n<meta property=\"og:title\" content=\"The Art Gallery | CHAV\u00d3N School of Design\" \/>\n<meta property=\"og:description\" content=\"The Art Gallery at CHAV\u00d3N presents works exploring many artistic trends. Shows include photography, painting, drawing, sculpture, and crafts.\" \/>\n<meta property=\"og:url\" content=\"https:\/\/chavon.edu.do\/es\/student-life-campuses\/the-art-gallery\/\" \/>\n<meta property=\"og:site_name\" content=\"CHAV\u00d3N School of Design\" \/>\n<meta property=\"article:modified_time\" content=\"2019-12-05T23:39:20+00:00\" \/>\n<meta name=\"twitter:card\" content=\"summary_large_image\" \/>\n<meta name=\"twitter:label1\" content=\"Tiempo estimado de lectura\" \/>\n\t<meta name=\"twitter:data1\" content=\"1 minuto\" \/>\n<script type=\"application\/ld+json\" class=\"yoast-schema-graph\">{\"@context\":\"https:\/\/schema.org\",\"@graph\":[{\"@type\":\"WebPage\",\"@id\":\"https:\/\/chavon.edu.do\/student-life-campuses\/the-art-gallery\/\",\"url\":\"https:\/\/chavon.edu.do\/student-life-campuses\/the-art-gallery\/\",\"name\":\"The Art Gallery | CHAV\u00d3N School of Design\",\"isPartOf\":{\"@id\":\"https:\/\/chavon.edu.do\/#website\"},\"datePublished\":\"2019-05-21T23:03:05+00:00\",\"dateModified\":\"2019-12-05T23:39:20+00:00\",\"description\":\"The Art Gallery at CHAV\u00d3N presents works exploring many artistic trends. Shows include photography, painting, drawing, sculpture, and crafts.\",\"breadcrumb\":{\"@id\":\"https:\/\/chavon.edu.do\/student-life-campuses\/the-art-gallery\/#breadcrumb\"},\"inLanguage\":\"es\",\"potentialAction\":[{\"@type\":\"ReadAction\",\"target\":[\"https:\/\/chavon.edu.do\/student-life-campuses\/the-art-gallery\/\"]}]},{\"@type\":\"BreadcrumbList\",\"@id\":\"https:\/\/chavon.edu.do\/student-life-campuses\/the-art-gallery\/#breadcrumb\",\"itemListElement\":[{\"@type\":\"ListItem\",\"position\":1,\"name\":\"Home\",\"item\":\"https:\/\/chavon.edu.do\/\"},{\"@type\":\"ListItem\",\"position\":2,\"name\":\"Student Life &#038; Campuses\",\"item\":\"https:\/\/chavon.edu.do\/?page_id=1641\"},{\"@type\":\"ListItem\",\"position\":3,\"name\":\"The Art Gallery\"}]},{\"@type\":\"WebSite\",\"@id\":\"https:\/\/chavon.edu.do\/#website\",\"url\":\"https:\/\/chavon.edu.do\/\",\"name\":\"CHAV\u00d3N School of Design\",\"description\":\"\",\"publisher\":{\"@id\":\"https:\/\/chavon.edu.do\/#organization\"},\"potentialAction\":[{\"@type\":\"SearchAction\",\"target\":{\"@type\":\"EntryPoint\",\"urlTemplate\":\"https:\/\/chavon.edu.do\/?s={search_term_string}\"},\"query-input\":{\"@type\":\"PropertyValueSpecification\",\"valueRequired\":true,\"valueName\":\"search_term_string\"}}],\"inLanguage\":\"es\"},{\"@type\":\"Organization\",\"@id\":\"https:\/\/chavon.edu.do\/#organization\",\"name\":\"Chav\u00f3n - La Escuela de Dise\u00f1o\",\"url\":\"https:\/\/chavon.edu.do\/\",\"logo\":{\"@type\":\"ImageObject\",\"inLanguage\":\"es\",\"@id\":\"https:\/\/chavon.edu.do\/#\/schema\/logo\/image\/\",\"url\":\"https:\/\/chavon.edu.do\/wp-content\/uploads\/2019\/12\/chavon.png\",\"contentUrl\":\"https:\/\/chavon.edu.do\/wp-content\/uploads\/2019\/12\/chavon.png\",\"width\":225,\"height\":225,\"caption\":\"Chav\u00f3n - La Escuela de Dise\u00f1o\"},\"image\":{\"@id\":\"https:\/\/chavon.edu.do\/#\/schema\/logo\/image\/\"}}]}<\/script>\n<!-- \/ Yoast SEO plugin. -->","yoast_head_json":{"title":"The Art Gallery | CHAV\u00d3N School of Design","description":"The Art Gallery at CHAV\u00d3N presents works exploring many artistic trends. Shows include photography, painting, drawing, sculpture, and crafts.","robots":{"index":"index","follow":"follow","max-snippet":"max-snippet:-1","max-image-preview":"max-image-preview:large","max-video-preview":"max-video-preview:-1"},"canonical":"https:\/\/chavon.edu.do\/es\/student-life-campuses\/the-art-gallery\/","og_locale":"es_ES","og_type":"article","og_title":"The Art Gallery | CHAV\u00d3N School of Design","og_description":"The Art Gallery at CHAV\u00d3N presents works exploring many artistic trends. Shows include photography, painting, drawing, sculpture, and crafts.","og_url":"https:\/\/chavon.edu.do\/es\/student-life-campuses\/the-art-gallery\/","og_site_name":"CHAV\u00d3N School of Design","article_modified_time":"2019-12-05T23:39:20+00:00","twitter_card":"summary_large_image","twitter_misc":{"Tiempo estimado de lectura":"1 minuto"},"schema":{"@context":"https:\/\/schema.org","@graph":[{"@type":"WebPage","@id":"https:\/\/chavon.edu.do\/student-life-campuses\/the-art-gallery\/","url":"https:\/\/chavon.edu.do\/student-life-campuses\/the-art-gallery\/","name":"The Art Gallery | CHAV\u00d3N School of Design","isPartOf":{"@id":"https:\/\/chavon.edu.do\/#website"},"datePublished":"2019-05-21T23:03:05+00:00","dateModified":"2019-12-05T23:39:20+00:00","description":"The Art Gallery at CHAV\u00d3N presents works exploring many artistic trends. Shows include photography, painting, drawing, sculpture, and crafts.","breadcrumb":{"@id":"https:\/\/chavon.edu.do\/student-life-campuses\/the-art-gallery\/#breadcrumb"},"inLanguage":"es","potentialAction":[{"@type":"ReadAction","target":["https:\/\/chavon.edu.do\/student-life-campuses\/the-art-gallery\/"]}]},{"@type":"BreadcrumbList","@id":"https:\/\/chavon.edu.do\/student-life-campuses\/the-art-gallery\/#breadcrumb","itemListElement":[{"@type":"ListItem","position":1,"name":"Home","item":"https:\/\/chavon.edu.do\/"},{"@type":"ListItem","position":2,"name":"Student Life &#038; Campuses","item":"https:\/\/chavon.edu.do\/?page_id=1641"},{"@type":"ListItem","position":3,"name":"The Art Gallery"}]},{"@type":"WebSite","@id":"https:\/\/chavon.edu.do\/#website","url":"https:\/\/chavon.edu.do\/","name":"CHAV\u00d3N La Escuela de Dise\u00f1o","description":"","publisher":{"@id":"https:\/\/chavon.edu.do\/#organization"},"potentialAction":[{"@type":"SearchAction","target":{"@type":"EntryPoint","urlTemplate":"https:\/\/chavon.edu.do\/?s={search_term_string}"},"query-input":{"@type":"PropertyValueSpecification","valueRequired":true,"valueName":"search_term_string"}}],"inLanguage":"es"},{"@type":"Organization","@id":"https:\/\/chavon.edu.do\/#organization","name":"Chav\u00f3n - La Escuela de Dise\u00f1o","url":"https:\/\/chavon.edu.do\/","logo":{"@type":"ImageObject","inLanguage":"es","@id":"https:\/\/chavon.edu.do\/#\/schema\/logo\/image\/","url":"https:\/\/chavon.edu.do\/wp-content\/uploads\/2019\/12\/chavon.png","contentUrl":"https:\/\/chavon.edu.do\/wp-content\/uploads\/2019\/12\/chavon.png","width":225,"height":225,"caption":"Chav\u00f3n - La Escuela de Dise\u00f1o"},"image":{"@id":"https:\/\/chavon.edu.do\/#\/schema\/logo\/image\/"}}]}},"_links":{"self":[{"href":"https:\/\/chavon.edu.do\/es\/wp-json\/wp\/v2\/pages\/2045","targetHints":{"allow":["GET"]}}],"collection":[{"href":"https:\/\/chavon.edu.do\/es\/wp-json\/wp\/v2\/pages"}],"about":[{"href":"https:\/\/chavon.edu.do\/es\/wp-json\/wp\/v2\/types\/page"}],"author":[{"embeddable":true,"href":"https:\/\/chavon.edu.do\/es\/wp-json\/wp\/v2\/users\/21"}],"replies":[{"embeddable":true,"href":"https:\/\/chavon.edu.do\/es\/wp-json\/wp\/v2\/comments?post=2045"}],"version-history":[{"count":0,"href":"https:\/\/chavon.edu.do\/es\/wp-json\/wp\/v2\/pages\/2045\/revisions"}],"up":[{"embeddable":true,"href":"https:\/\/chavon.edu.do\/es\/wp-json\/wp\/v2\/pages\/1641"}],"wp:attachment":[{"href":"https:\/\/chavon.edu.do\/es\/wp-json\/wp\/v2\/media?parent=2045"}],"curies":[{"name":"wp","href":"https:\/\/api.w.org\/{rel}","templated":true}]}}