{"id":1948,"date":"2019-05-13T23:00:23","date_gmt":"2019-05-13T23:00:23","guid":{"rendered":"http:\/\/chavondev.wpengine.com\/?page_id=1948"},"modified":"2025-06-09T11:40:37","modified_gmt":"2025-06-09T15:40:37","slug":"chavoneros-profile","status":"publish","type":"page","link":"https:\/\/chavon.edu.do\/es\/careers-alumn\/chavoneros-profile\/","title":{"rendered":"Perfil Chavoneros"},"content":{"rendered":"<div style=\"height:32px\" aria-hidden=\"true\" class=\"wp-block-spacer\"><\/div>\n\n\n\n<p class=\"has-medium-font-size\">Desde su fundaci\u00f3n en 1983, CHAV\u00d3N ha sido el principal punto de partida para profesionales que hoy lideran la industria del arte y dise\u00f1o.<\/p>\n\n\n\n<p class=\"has-medium-font-size\">\u00a1Conoce d\u00f3nde est\u00e1n muchos de los <strong>Chavoneros<\/strong> hoy!<\/p>\n\n\n\n<p><\/p>","protected":false},"excerpt":{"rendered":"<p>Since its establishment in 1983, CHAV\u00d3N has served as the premier launching pad for professionals who currently lead the global art and design industry. See <br \/><a class=\"read-more\" href=\"https:\/\/chavon.edu.do\/es\/careers-alumn\/chavoneros-profile\/\">+ Lee m\u00e1s<\/a><\/p>","protected":false},"author":21,"featured_media":0,"parent":122,"menu_order":29,"comment_status":"closed","ping_status":"closed","template":"template-notabile-alumni.php","meta":{"_acf_changed":false,"footnotes":""},"class_list":["post-1948","page","type-page","status-publish","hentry"],"acf":[],"yoast_head":"<!-- This site is optimized with the Yoast SEO plugin v26.6 - https:\/\/yoast.com\/wordpress\/plugins\/seo\/ -->\n<title>CHAV\u00d3N Alumni Association Profile | CHAV\u00d3N School of Design<\/title>\n<meta name=\"description\" content=\"CHAV\u00d3N alumni have had an impact in many fields including photography, illustration, motion graphics, branding, sculpture, and art direction.\" \/>\n<meta name=\"robots\" content=\"index, follow, max-snippet:-1, max-image-preview:large, max-video-preview:-1\" \/>\n<link rel=\"canonical\" href=\"https:\/\/chavon.edu.do\/es\/careers-alumn\/chavoneros-profile\/\" \/>\n<meta property=\"og:locale\" content=\"es_ES\" \/>\n<meta property=\"og:type\" content=\"article\" \/>\n<meta property=\"og:title\" content=\"CHAV\u00d3N Alumni Association Profile | CHAV\u00d3N School of Design\" \/>\n<meta property=\"og:description\" content=\"CHAV\u00d3N alumni have had an impact in many fields including photography, illustration, motion graphics, branding, sculpture, and art direction.\" \/>\n<meta property=\"og:url\" content=\"https:\/\/chavon.edu.do\/es\/careers-alumn\/chavoneros-profile\/\" \/>\n<meta property=\"og:site_name\" content=\"CHAV\u00d3N School of Design\" \/>\n<meta property=\"article:modified_time\" content=\"2025-06-09T15:40:37+00:00\" \/>\n<meta name=\"twitter:card\" content=\"summary_large_image\" \/>\n<meta name=\"twitter:label1\" content=\"Tiempo estimado de lectura\" \/>\n\t<meta name=\"twitter:data1\" content=\"1 minuto\" \/>\n<script type=\"application\/ld+json\" class=\"yoast-schema-graph\">{\"@context\":\"https:\/\/schema.org\",\"@graph\":[{\"@type\":\"WebPage\",\"@id\":\"https:\/\/chavon.edu.do\/careers-alumn\/chavoneros-profile\/\",\"url\":\"https:\/\/chavon.edu.do\/careers-alumn\/chavoneros-profile\/\",\"name\":\"CHAV\u00d3N Alumni Association Profile | CHAV\u00d3N School of Design\",\"isPartOf\":{\"@id\":\"https:\/\/chavon.edu.do\/#website\"},\"datePublished\":\"2019-05-13T23:00:23+00:00\",\"dateModified\":\"2025-06-09T15:40:37+00:00\",\"description\":\"CHAV\u00d3N alumni have had an impact in many fields including photography, illustration, motion graphics, branding, sculpture, and art direction.\",\"breadcrumb\":{\"@id\":\"https:\/\/chavon.edu.do\/careers-alumn\/chavoneros-profile\/#breadcrumb\"},\"inLanguage\":\"es\",\"potentialAction\":[{\"@type\":\"ReadAction\",\"target\":[\"https:\/\/chavon.edu.do\/careers-alumn\/chavoneros-profile\/\"]}]},{\"@type\":\"BreadcrumbList\",\"@id\":\"https:\/\/chavon.edu.do\/careers-alumn\/chavoneros-profile\/#breadcrumb\",\"itemListElement\":[{\"@type\":\"ListItem\",\"position\":1,\"name\":\"Home\",\"item\":\"https:\/\/chavon.edu.do\/\"},{\"@type\":\"ListItem\",\"position\":2,\"name\":\"Alumni\",\"item\":\"https:\/\/chavon.edu.do\/careers-alumn\/\"},{\"@type\":\"ListItem\",\"position\":3,\"name\":\"Chavoneros Profile\"}]},{\"@type\":\"WebSite\",\"@id\":\"https:\/\/chavon.edu.do\/#website\",\"url\":\"https:\/\/chavon.edu.do\/\",\"name\":\"CHAV\u00d3N School of Design\",\"description\":\"\",\"publisher\":{\"@id\":\"https:\/\/chavon.edu.do\/#organization\"},\"potentialAction\":[{\"@type\":\"SearchAction\",\"target\":{\"@type\":\"EntryPoint\",\"urlTemplate\":\"https:\/\/chavon.edu.do\/?s={search_term_string}\"},\"query-input\":{\"@type\":\"PropertyValueSpecification\",\"valueRequired\":true,\"valueName\":\"search_term_string\"}}],\"inLanguage\":\"es\"},{\"@type\":\"Organization\",\"@id\":\"https:\/\/chavon.edu.do\/#organization\",\"name\":\"Chav\u00f3n - La Escuela de Dise\u00f1o\",\"url\":\"https:\/\/chavon.edu.do\/\",\"logo\":{\"@type\":\"ImageObject\",\"inLanguage\":\"es\",\"@id\":\"https:\/\/chavon.edu.do\/#\/schema\/logo\/image\/\",\"url\":\"https:\/\/chavon.edu.do\/wp-content\/uploads\/2019\/12\/chavon.png\",\"contentUrl\":\"https:\/\/chavon.edu.do\/wp-content\/uploads\/2019\/12\/chavon.png\",\"width\":225,\"height\":225,\"caption\":\"Chav\u00f3n - La Escuela de Dise\u00f1o\"},\"image\":{\"@id\":\"https:\/\/chavon.edu.do\/#\/schema\/logo\/image\/\"}}]}<\/script>\n<!-- \/ Yoast SEO plugin. -->","yoast_head_json":{"title":"CHAV\u00d3N Alumni Association Profile | CHAV\u00d3N School of Design","description":"CHAV\u00d3N alumni have had an impact in many fields including photography, illustration, motion graphics, branding, sculpture, and art direction.","robots":{"index":"index","follow":"follow","max-snippet":"max-snippet:-1","max-image-preview":"max-image-preview:large","max-video-preview":"max-video-preview:-1"},"canonical":"https:\/\/chavon.edu.do\/es\/careers-alumn\/chavoneros-profile\/","og_locale":"es_ES","og_type":"article","og_title":"CHAV\u00d3N Alumni Association Profile | CHAV\u00d3N School of Design","og_description":"CHAV\u00d3N alumni have had an impact in many fields including photography, illustration, motion graphics, branding, sculpture, and art direction.","og_url":"https:\/\/chavon.edu.do\/es\/careers-alumn\/chavoneros-profile\/","og_site_name":"CHAV\u00d3N School of Design","article_modified_time":"2025-06-09T15:40:37+00:00","twitter_card":"summary_large_image","twitter_misc":{"Tiempo estimado de lectura":"1 minuto"},"schema":{"@context":"https:\/\/schema.org","@graph":[{"@type":"WebPage","@id":"https:\/\/chavon.edu.do\/careers-alumn\/chavoneros-profile\/","url":"https:\/\/chavon.edu.do\/careers-alumn\/chavoneros-profile\/","name":"CHAV\u00d3N Alumni Association Profile | CHAV\u00d3N School of Design","isPartOf":{"@id":"https:\/\/chavon.edu.do\/#website"},"datePublished":"2019-05-13T23:00:23+00:00","dateModified":"2025-06-09T15:40:37+00:00","description":"CHAV\u00d3N alumni have had an impact in many fields including photography, illustration, motion graphics, branding, sculpture, and art direction.","breadcrumb":{"@id":"https:\/\/chavon.edu.do\/careers-alumn\/chavoneros-profile\/#breadcrumb"},"inLanguage":"es","potentialAction":[{"@type":"ReadAction","target":["https:\/\/chavon.edu.do\/careers-alumn\/chavoneros-profile\/"]}]},{"@type":"BreadcrumbList","@id":"https:\/\/chavon.edu.do\/careers-alumn\/chavoneros-profile\/#breadcrumb","itemListElement":[{"@type":"ListItem","position":1,"name":"Home","item":"https:\/\/chavon.edu.do\/"},{"@type":"ListItem","position":2,"name":"Alumni","item":"https:\/\/chavon.edu.do\/careers-alumn\/"},{"@type":"ListItem","position":3,"name":"Chavoneros Profile"}]},{"@type":"WebSite","@id":"https:\/\/chavon.edu.do\/#website","url":"https:\/\/chavon.edu.do\/","name":"CHAV\u00d3N La Escuela de Dise\u00f1o","description":"","publisher":{"@id":"https:\/\/chavon.edu.do\/#organization"},"potentialAction":[{"@type":"SearchAction","target":{"@type":"EntryPoint","urlTemplate":"https:\/\/chavon.edu.do\/?s={search_term_string}"},"query-input":{"@type":"PropertyValueSpecification","valueRequired":true,"valueName":"search_term_string"}}],"inLanguage":"es"},{"@type":"Organization","@id":"https:\/\/chavon.edu.do\/#organization","name":"Chav\u00f3n - La Escuela de Dise\u00f1o","url":"https:\/\/chavon.edu.do\/","logo":{"@type":"ImageObject","inLanguage":"es","@id":"https:\/\/chavon.edu.do\/#\/schema\/logo\/image\/","url":"https:\/\/chavon.edu.do\/wp-content\/uploads\/2019\/12\/chavon.png","contentUrl":"https:\/\/chavon.edu.do\/wp-content\/uploads\/2019\/12\/chavon.png","width":225,"height":225,"caption":"Chav\u00f3n - La Escuela de Dise\u00f1o"},"image":{"@id":"https:\/\/chavon.edu.do\/#\/schema\/logo\/image\/"}}]}},"_links":{"self":[{"href":"https:\/\/chavon.edu.do\/es\/wp-json\/wp\/v2\/pages\/1948","targetHints":{"allow":["GET"]}}],"collection":[{"href":"https:\/\/chavon.edu.do\/es\/wp-json\/wp\/v2\/pages"}],"about":[{"href":"https:\/\/chavon.edu.do\/es\/wp-json\/wp\/v2\/types\/page"}],"author":[{"embeddable":true,"href":"https:\/\/chavon.edu.do\/es\/wp-json\/wp\/v2\/users\/21"}],"replies":[{"embeddable":true,"href":"https:\/\/chavon.edu.do\/es\/wp-json\/wp\/v2\/comments?post=1948"}],"version-history":[{"count":13,"href":"https:\/\/chavon.edu.do\/es\/wp-json\/wp\/v2\/pages\/1948\/revisions"}],"predecessor-version":[{"id":7238,"href":"https:\/\/chavon.edu.do\/es\/wp-json\/wp\/v2\/pages\/1948\/revisions\/7238"}],"up":[{"embeddable":true,"href":"https:\/\/chavon.edu.do\/es\/wp-json\/wp\/v2\/pages\/122"}],"wp:attachment":[{"href":"https:\/\/chavon.edu.do\/es\/wp-json\/wp\/v2\/media?parent=1948"}],"curies":[{"name":"wp","href":"https:\/\/api.w.org\/{rel}","templated":true}]}}