{"id":1931,"date":"2019-05-09T16:35:07","date_gmt":"2019-05-09T16:35:07","guid":{"rendered":"http:\/\/chavondev.wpengine.com\/?page_id=1931"},"modified":"2025-06-16T11:19:46","modified_gmt":"2025-06-16T15:19:46","slug":"careers-by-creative-industry","status":"publish","type":"page","link":"https:\/\/chavon.edu.do\/es\/careers-alumn\/careers-by-creative-industry\/","title":{"rendered":"Carreras por Industria Creativa"},"content":{"rendered":"<h1 class=\"wp-block-heading bottom-line\"><strong>Carreras por Industria Creativa<\/strong><\/h1>\n\n\n\n<div style=\"height:32px\" aria-hidden=\"true\" class=\"wp-block-spacer\"><\/div>\n\n\n\n<p><strong>Oportunidades profesionales basadas en las industrias y posiciones en las que se han desarrollado nuestros egresados:<\/strong><\/p>\n\n\n\n<div class=\"wp-block-columns has-3-columns is-layout-flex wp-container-core-columns-is-layout-9d6595d7 wp-block-columns-is-layout-flex\">\n<div class=\"wp-block-column is-layout-flow wp-block-column-is-layout-flow\">\n<h3 class=\"wp-block-heading top-line\"><strong>Bellas Artes<br><\/strong><\/h3>\n\n\n\n<ul class=\"wp-block-list\">\n<li>Animaci\u00f3n<\/li>\n\n\n\n<li>Direcci\u00f3n de Arte<\/li>\n\n\n\n<li>Historia de Arte y Cr\u00edtica del Arte<\/li>\n\n\n\n<li>Terapia Art\u00edstica<\/li>\n\n\n\n<li>Administraci\u00f3n de Arte<\/li>\n\n\n\n<li>Branding<\/li>\n\n\n\n<li>Caricaturas<\/li>\n\n\n\n<li>Cer\u00e1mica<\/li>\n\n\n\n<li>Consultor\u00eda<\/li>\n\n\n\n<li>Ilustraci\u00f3n<\/li>\n\n\n\n<li>Estudios y pr\u00e1cticas curatoriales<\/li>\n\n\n\n<li>Educaci\u00f3n<\/li>\n\n\n\n<li>Dise\u00f1o de Exposiciones<\/li>\n\n\n\n<li>Cinematograf\u00eda<\/li>\n\n\n\n<li>Gesti\u00f3n de galer\u00edas<\/li>\n\n\n\n<li>Ilustraci\u00f3n<\/li>\n\n\n\n<li>Murales<\/li>\n\n\n\n<li>Pintura<\/li>\n\n\n\n<li>Fotograf\u00eda<\/li>\n\n\n\n<li>Grabado<\/li>\n\n\n\n<li>Escultura<\/li>\n\n\n\n<li>Guiones gr\u00e1ficos<\/li>\n\n\n\n<li>Dise\u00f1o Bidimensional: Tela, Azulejo, Papel Tapiz, etc.<\/li>\n\n\n\n<li>Dise\u00f1o de Tipograf\u00eda<\/li>\n<\/ul>\n<\/div>\n\n\n\n<div class=\"wp-block-column is-layout-flow wp-block-column-is-layout-flow\">\n<h3 class=\"wp-block-heading top-line\"><strong>Dise\u00f1o de Moda<br><\/strong><\/h3>\n\n\n\n<ul class=\"wp-block-list\">\n<li>Dise\u00f1o de Accesorios<\/li>\n\n\n\n<li>Dise\u00f1o de Vestuario<\/li>\n\n\n\n<li>Pr\u00e1ctica creativa y de investigaci\u00f3n<\/li>\n\n\n\n<li>Educaci\u00f3n<\/li>\n\n\n\n<li>Administraci\u00f3n de F\u00e1brica<\/li>\n\n\n\n<li>Dise\u00f1o de ropa<\/li>\n\n\n\n<li>Historia y cr\u00edtica<\/li>\n\n\n\n<li>Dise\u00f1o de Joyas<\/li>\n\n\n\n<li>Gesti\u00f3n de Operaciones<\/li>\n\n\n\n<li>Dise\u00f1o de Patrones<\/li>\n\n\n\n<li>Producci\u00f3n<\/li>\n\n\n\n<li>Control de Calidad<\/li>\n\n\n\n<li>Costura<\/li>\n\n\n\n<li>Estilismo<\/li>\n\n\n\n<li>Dise\u00f1o Textil<\/li>\n\n\n\n<li>Supervisi\u00f3n de vestuario<\/li>\n<\/ul>\n<\/div>\n\n\n\n<div class=\"wp-block-column is-layout-flow wp-block-column-is-layout-flow\">\n<h3 class=\"wp-block-heading top-line\"><strong>Mercadeo y Comunicaci\u00f3n de Modas<br><\/strong><\/h3>\n\n\n\n<ul class=\"wp-block-list\">\n<li>Gesti\u00f3n de Cuentas<\/li>\n\n\n\n<li>Direcci\u00f3n de Arte<\/li>\n\n\n\n<li>Compras<\/li>\n\n\n\n<li>Consultor\u00eda<\/li>\n\n\n\n<li>Caza tendencias<\/li>\n\n\n\n<li>Ilustraci\u00f3n<\/li>\n\n\n\n<li>Gesti\u00f3n de Servicio al Cliente<\/li>\n\n\n\n<li>Educaci\u00f3n<\/li>\n\n\n\n<li>Administraci\u00f3n de F\u00e1brica<\/li>\n\n\n\n<li>Ilustraci\u00f3n<\/li>\n\n\n\n<li>An\u00e1lisis de Inventario<\/li>\n\n\n\n<li>Periodismo: Edici\u00f3n, Escritura<\/li>\n\n\n\n<li>Direcci\u00f3n Mercadeo<\/li>\n\n\n\n<li>Investigaci\u00f3n de Mercadeo<\/li>\n\n\n\n<li>Fotograf\u00eda<\/li>\n\n\n\n<li>Desarrollo de Productos<\/li>\n\n\n\n<li>Relaciones P\u00fablicas<\/li>\n\n\n\n<li>Publicaci\u00f3n<\/li>\n\n\n\n<li>Control de Calidad<\/li>\n\n\n\n<li>Gesti\u00f3n Ventas Minoristas<\/li>\n\n\n\n<li>Ventas<\/li>\n\n\n\n<li>Estilismo<\/li>\n\n\n\n<li>Comercializaci\u00f3n visual<\/li>\n<\/ul>\n<\/div>\n\n\n\n<div class=\"wp-block-column is-layout-flow wp-block-column-is-layout-flow\">\n<h3 class=\"wp-block-heading top-line\"><strong>Mercadeo y Comunicaci\u00f3n de Modas<br><\/strong><\/h3>\n\n\n\n<ul class=\"wp-block-list\">\n<li>Gesti\u00f3n de Cuentas<\/li>\n\n\n\n<li>Direcci\u00f3n de Arte<\/li>\n\n\n\n<li>Compras<\/li>\n\n\n\n<li>Consultor\u00eda<\/li>\n\n\n\n<li>Caza tendencias<\/li>\n\n\n\n<li>Ilustraci\u00f3n<\/li>\n\n\n\n<li>Gesti\u00f3n de Servicio al Cliente<\/li>\n\n\n\n<li>Educaci\u00f3n<\/li>\n\n\n\n<li>Administraci\u00f3n de F\u00e1brica<\/li>\n\n\n\n<li>Ilustraci\u00f3n<\/li>\n\n\n\n<li>An\u00e1lisis de Inventario<\/li>\n\n\n\n<li>Periodismo: Edici\u00f3n, Escritura<\/li>\n\n\n\n<li>Direcci\u00f3n Mercadeo<\/li>\n\n\n\n<li>Investigaci\u00f3n de Mercadeo<\/li>\n\n\n\n<li>Fotograf\u00eda<\/li>\n\n\n\n<li>Desarrollo de Productos<\/li>\n\n\n\n<li>Relaciones P\u00fablicas<\/li>\n\n\n\n<li>Publicaci\u00f3n<\/li>\n\n\n\n<li>Control de Calidad<\/li>\n\n\n\n<li>Gesti\u00f3n Ventas Minoristas<\/li>\n\n\n\n<li>Ventas<\/li>\n\n\n\n<li>Estilismo<\/li>\n\n\n\n<li>Comercializaci\u00f3n visual<\/li>\n<\/ul>\n<\/div>\n<\/div>\n\n\n\n<div class=\"wp-block-columns has-3-columns is-layout-flex wp-container-core-columns-is-layout-9d6595d7 wp-block-columns-is-layout-flex\">\n<div class=\"wp-block-column is-layout-flow wp-block-column-is-layout-flow\">\n<h3 class=\"wp-block-heading top-line\"><strong>Cine<br><\/strong><\/h3>\n\n\n\n<ul class=\"wp-block-list\">\n<li>Animaci\u00f3n<\/li>\n\n\n\n<li>Direcci\u00f3n de Arte<\/li>\n\n\n\n<li>Cinematograf\u00eda<\/li>\n\n\n\n<li>Correcci\u00f3n de Color<\/li>\n\n\n\n<li>Post Producci\u00f3n Digital<\/li>\n\n\n\n<li>Edici\u00f3n<\/li>\n\n\n\n<li>Educaci\u00f3n<\/li>\n\n\n\n<li>Direcci\u00f3n<\/li>\n\n\n\n<li>Historia y cr\u00edtica<\/li>\n\n\n\n<li>Gesti\u00f3n de Locaciones<\/li>\n\n\n\n<li>Producci\u00f3n<\/li>\n\n\n\n<li>Dise\u00f1ador de Producci\u00f3n<\/li>\n\n\n\n<li>Escritura de Guiones<\/li>\n\n\n\n<li>Registro Sonoro<\/li>\n\n\n\n<li>Edici\u00f3n de Sonido<\/li>\n\n\n\n<li>Producci\u00f3n de Televisi\u00f3n<\/li>\n<\/ul>\n<\/div>\n\n\n\n<div class=\"wp-block-column is-layout-flow wp-block-column-is-layout-flow\">\n<h3 class=\"wp-block-heading top-line\"><strong>Dise\u00f1o de Espacios Interiores<br><\/strong><\/h3>\n\n\n\n<ul class=\"wp-block-list\">\n<li>Dise\u00f1o Comercial<\/li>\n\n\n\n<li>Dise\u00f1o Corporativo \/ Oficina<\/li>\n\n\n\n<li>Educaci\u00f3n<\/li>\n\n\n\n<li>Dise\u00f1o de Eventos<\/li>\n\n\n\n<li>Dise\u00f1o de Exhibici\u00f3n<\/li>\n\n\n\n<li>Dise\u00f1o de Muebles<\/li>\n\n\n\n<li>Dise\u00f1o Cuidado de la Salud<\/li>\n\n\n\n<li>Paisajismo<\/li>\n\n\n\n<li>Iluminaci\u00f3n<\/li>\n\n\n\n<li>Dise\u00f1o de Producto<\/li>\n\n\n\n<li>Dise\u00f1o de Producci\u00f3n: Televisi\u00f3n, Teatro, Cine<\/li>\n\n\n\n<li>Dise\u00f1o Residencial<\/li>\n\n\n\n<li>Escenograf\u00eda: Cine, Teatro<\/li>\n\n\n\n<li>Planificaci\u00f3n del Espacio<\/li>\n\n\n\n<li>Comercializaci\u00f3n visual<\/li>\n<\/ul>\n<\/div>\n\n\n\n<div class=\"wp-block-column is-layout-flow wp-block-column-is-layout-flow\">\n<h3 class=\"wp-block-heading top-line\"><strong>Publicidad y Mercadeo<\/strong><br><\/h3>\n\n\n\n<ul class=\"wp-block-list\">\n<li>Fotograf\u00eda Publicitaria<\/li>\n\n\n\n<li>Producci\u00f3n Publicitaria<\/li>\n\n\n\n<li>Branding<\/li>\n\n\n\n<li>Community Management<\/li>\n\n\n\n<li>Ilustraci\u00f3n<\/li>\n\n\n\n<li>Comunicaciones Corporativas<\/li>\n\n\n\n<li>Direcci\u00f3n Creativa<\/li>\n\n\n\n<li>Direcci\u00f3n Mercadeo<\/li>\n\n\n\n<li>Relaciones P\u00fablicas<\/li>\n<\/ul>\n<\/div>\n<\/div>\n\n\n\n<div class=\"wp-block-columns has-3-columns is-layout-flex wp-container-core-columns-is-layout-9d6595d7 wp-block-columns-is-layout-flex\">\n<div class=\"wp-block-column is-layout-flow wp-block-column-is-layout-flow\">\n<h3 class=\"wp-block-heading top-line\"><strong>Ilustraci\u00f3n<br><\/strong><\/h3>\n\n\n\n<ul class=\"wp-block-list\">\n<li>Publicidad<\/li>\n\n\n\n<li>Animaci\u00f3n<\/li>\n\n\n\n<li>Dise\u00f1o de Comunicaci\u00f3n<\/li>\n\n\n\n<li>Dise\u00f1o Editorial<\/li>\n\n\n\n<li>Bellas Artes<\/li>\n\n\n\n<li>Gr\u00e1ficos en Movimiento<\/li>\n\n\n\n<li>Programaci\u00f3n Multimedia<\/li>\n\n\n\n<li>Dise\u00f1o de impresi\u00f3n<\/li>\n\n\n\n<li>Dise\u00f1ador de Producci\u00f3n<\/li>\n\n\n\n<li>Textiles<\/li>\n<\/ul>\n<\/div>\n\n\n\n<div class=\"wp-block-column is-layout-flow wp-block-column-is-layout-flow\">\n<h3 class=\"wp-block-heading top-line\"><strong>Fotograf\u00eda<br><\/strong><\/h3>\n\n\n\n<ul class=\"wp-block-list\">\n<li>Fotograf\u00eda publicitaria<\/li>\n\n\n\n<li>Direcci\u00f3n de Arte<\/li>\n\n\n\n<li>Fotograf\u00eda Comercial<\/li>\n\n\n\n<li>Fotograf\u00eda documental<\/li>\n\n\n\n<li>Fotograf\u00eda editorial<\/li>\n\n\n\n<li>Educaci\u00f3n<\/li>\n\n\n\n<li>Fotograf\u00eda de moda<\/li>\n\n\n\n<li>Fotograf\u00eda Independiente<\/li>\n\n\n\n<li>Gesti\u00f3n de Galer\u00eda y Estudios<\/li>\n\n\n\n<li>Fotograf\u00eda de la Naturaleza<\/li>\n\n\n\n<li>Edici\u00f3n de fotos<\/li>\n\n\n\n<li>Fotoperiodismo<\/li>\n\n\n\n<li>Retratos<\/li>\n<\/ul>\n<\/div>\n\n\n\n<div class=\"wp-block-column is-layout-flow wp-block-column-is-layout-flow\">\n<h3 class=\"wp-block-heading top-line\">Dise\u00f1o de Comunicaci\u00f3n<\/h3>\n\n\n\n<ul class=\"wp-block-list\">\n<li>Publicidad<\/li>\n\n\n\n<li>Animaci\u00f3n<\/li>\n\n\n\n<li>Direcci\u00f3n de Arte<\/li>\n\n\n\n<li>Dise\u00f1o de Valla<\/li>\n\n\n\n<li>Branding<\/li>\n\n\n\n<li>T\u00e9cnico Colorista<\/li>\n\n\n\n<li>Comunicaciones Corporativas<\/li>\n\n\n\n<li>Identidad Corporativa<\/li>\n\n\n\n<li>Direcci\u00f3n Creativa<\/li>\n\n\n\n<li>Dise\u00f1o Digital<\/li>\n\n\n\n<li>Dise\u00f1o Editorial: Libros, Peri\u00f3dicos<\/li>\n\n\n\n<li>Educaci\u00f3n<\/li>\n\n\n\n<li>Dise\u00f1o Gr\u00e1fico<\/li>\n\n\n\n<li>Ilustraci\u00f3n<\/li>\n\n\n\n<li>Dise\u00f1o<\/li>\n\n\n\n<li>Dise\u00f1o de logotipo<\/li>\n\n\n\n<li>Comercializaci\u00f3n<\/li>\n\n\n\n<li>Gr\u00e1ficos en Movimiento<\/li>\n\n\n\n<li>Grabado<\/li>\n\n\n\n<li>Publicaci\u00f3n<\/li>\n\n\n\n<li>Dise\u00f1o de Producto<\/li>\n\n\n\n<li>Tipograf\u00eda<\/li>\n\n\n\n<li>Dise\u00f1o Web<\/li>\n\n\n\n<li>Desarrollo Web<\/li>\n<\/ul>\n<\/div>\n<\/div>","protected":false},"excerpt":{"rendered":"<p>Careers by Creative Industry Career opportunities based on industries and positions held by CHAV\u00d3N graduates: Fine Arts Fashion Design Fashion Marketing &amp; Communications Fashion Marketing <br \/><a class=\"read-more\" href=\"https:\/\/chavon.edu.do\/es\/careers-alumn\/careers-by-creative-industry\/\">+ Lee m\u00e1s<\/a><\/p>","protected":false},"author":21,"featured_media":0,"parent":122,"menu_order":25,"comment_status":"closed","ping_status":"closed","template":"template-careers-alumni.php","meta":{"_acf_changed":false,"footnotes":""},"class_list":["post-1931","page","type-page","status-publish","hentry"],"acf":[],"yoast_head":"<!-- This site is optimized with the Yoast SEO plugin v26.6 - https:\/\/yoast.com\/wordpress\/plugins\/seo\/ -->\n<title>Careers by Creative Industry | CHAV\u00d3N School of Design<\/title>\n<meta name=\"description\" content=\"CHAV\u00d3N creates careers in fine art, fashion design &amp; marketing, film, interior design, advertising, illustration, photography, and graphic design.\" \/>\n<meta name=\"robots\" content=\"index, follow, max-snippet:-1, max-image-preview:large, max-video-preview:-1\" \/>\n<link rel=\"canonical\" href=\"https:\/\/chavon.edu.do\/es\/careers-alumn\/careers-by-creative-industry\/\" \/>\n<meta property=\"og:locale\" content=\"es_ES\" \/>\n<meta property=\"og:type\" content=\"article\" \/>\n<meta property=\"og:title\" content=\"Careers by Creative Industry | CHAV\u00d3N School of Design\" \/>\n<meta property=\"og:description\" content=\"CHAV\u00d3N creates careers in fine art, fashion design &amp; marketing, film, interior design, advertising, illustration, photography, and graphic design.\" \/>\n<meta property=\"og:url\" content=\"https:\/\/chavon.edu.do\/es\/careers-alumn\/careers-by-creative-industry\/\" \/>\n<meta property=\"og:site_name\" content=\"CHAV\u00d3N School of Design\" \/>\n<meta property=\"article:modified_time\" content=\"2025-06-16T15:19:46+00:00\" \/>\n<meta name=\"twitter:card\" content=\"summary_large_image\" \/>\n<meta name=\"twitter:label1\" content=\"Tiempo estimado de lectura\" \/>\n\t<meta name=\"twitter:data1\" content=\"2 minutos\" \/>\n<script type=\"application\/ld+json\" class=\"yoast-schema-graph\">{\"@context\":\"https:\/\/schema.org\",\"@graph\":[{\"@type\":\"WebPage\",\"@id\":\"https:\/\/chavon.edu.do\/careers-alumn\/careers-by-creative-industry\/\",\"url\":\"https:\/\/chavon.edu.do\/careers-alumn\/careers-by-creative-industry\/\",\"name\":\"Careers by Creative Industry | CHAV\u00d3N School of Design\",\"isPartOf\":{\"@id\":\"https:\/\/chavon.edu.do\/#website\"},\"datePublished\":\"2019-05-09T16:35:07+00:00\",\"dateModified\":\"2025-06-16T15:19:46+00:00\",\"description\":\"CHAV\u00d3N creates careers in fine art, fashion design & marketing, film, interior design, advertising, illustration, photography, and graphic design.\",\"breadcrumb\":{\"@id\":\"https:\/\/chavon.edu.do\/careers-alumn\/careers-by-creative-industry\/#breadcrumb\"},\"inLanguage\":\"es\",\"potentialAction\":[{\"@type\":\"ReadAction\",\"target\":[\"https:\/\/chavon.edu.do\/careers-alumn\/careers-by-creative-industry\/\"]}]},{\"@type\":\"BreadcrumbList\",\"@id\":\"https:\/\/chavon.edu.do\/careers-alumn\/careers-by-creative-industry\/#breadcrumb\",\"itemListElement\":[{\"@type\":\"ListItem\",\"position\":1,\"name\":\"Home\",\"item\":\"https:\/\/chavon.edu.do\/\"},{\"@type\":\"ListItem\",\"position\":2,\"name\":\"Alumni\",\"item\":\"https:\/\/chavon.edu.do\/careers-alumn\/\"},{\"@type\":\"ListItem\",\"position\":3,\"name\":\"Careers by Creative Industry\"}]},{\"@type\":\"WebSite\",\"@id\":\"https:\/\/chavon.edu.do\/#website\",\"url\":\"https:\/\/chavon.edu.do\/\",\"name\":\"CHAV\u00d3N School of Design\",\"description\":\"\",\"publisher\":{\"@id\":\"https:\/\/chavon.edu.do\/#organization\"},\"potentialAction\":[{\"@type\":\"SearchAction\",\"target\":{\"@type\":\"EntryPoint\",\"urlTemplate\":\"https:\/\/chavon.edu.do\/?s={search_term_string}\"},\"query-input\":{\"@type\":\"PropertyValueSpecification\",\"valueRequired\":true,\"valueName\":\"search_term_string\"}}],\"inLanguage\":\"es\"},{\"@type\":\"Organization\",\"@id\":\"https:\/\/chavon.edu.do\/#organization\",\"name\":\"Chav\u00f3n - La Escuela de Dise\u00f1o\",\"url\":\"https:\/\/chavon.edu.do\/\",\"logo\":{\"@type\":\"ImageObject\",\"inLanguage\":\"es\",\"@id\":\"https:\/\/chavon.edu.do\/#\/schema\/logo\/image\/\",\"url\":\"https:\/\/chavon.edu.do\/wp-content\/uploads\/2019\/12\/chavon.png\",\"contentUrl\":\"https:\/\/chavon.edu.do\/wp-content\/uploads\/2019\/12\/chavon.png\",\"width\":225,\"height\":225,\"caption\":\"Chav\u00f3n - La Escuela de Dise\u00f1o\"},\"image\":{\"@id\":\"https:\/\/chavon.edu.do\/#\/schema\/logo\/image\/\"}}]}<\/script>\n<!-- \/ Yoast SEO plugin. -->","yoast_head_json":{"title":"Careers by Creative Industry | CHAV\u00d3N School of Design","description":"CHAV\u00d3N creates careers in fine art, fashion design & marketing, film, interior design, advertising, illustration, photography, and graphic design.","robots":{"index":"index","follow":"follow","max-snippet":"max-snippet:-1","max-image-preview":"max-image-preview:large","max-video-preview":"max-video-preview:-1"},"canonical":"https:\/\/chavon.edu.do\/es\/careers-alumn\/careers-by-creative-industry\/","og_locale":"es_ES","og_type":"article","og_title":"Careers by Creative Industry | CHAV\u00d3N School of Design","og_description":"CHAV\u00d3N creates careers in fine art, fashion design & marketing, film, interior design, advertising, illustration, photography, and graphic design.","og_url":"https:\/\/chavon.edu.do\/es\/careers-alumn\/careers-by-creative-industry\/","og_site_name":"CHAV\u00d3N School of Design","article_modified_time":"2025-06-16T15:19:46+00:00","twitter_card":"summary_large_image","twitter_misc":{"Tiempo estimado de lectura":"2 minutos"},"schema":{"@context":"https:\/\/schema.org","@graph":[{"@type":"WebPage","@id":"https:\/\/chavon.edu.do\/careers-alumn\/careers-by-creative-industry\/","url":"https:\/\/chavon.edu.do\/careers-alumn\/careers-by-creative-industry\/","name":"Careers by Creative Industry | CHAV\u00d3N School of Design","isPartOf":{"@id":"https:\/\/chavon.edu.do\/#website"},"datePublished":"2019-05-09T16:35:07+00:00","dateModified":"2025-06-16T15:19:46+00:00","description":"CHAV\u00d3N creates careers in fine art, fashion design & marketing, film, interior design, advertising, illustration, photography, and graphic design.","breadcrumb":{"@id":"https:\/\/chavon.edu.do\/careers-alumn\/careers-by-creative-industry\/#breadcrumb"},"inLanguage":"es","potentialAction":[{"@type":"ReadAction","target":["https:\/\/chavon.edu.do\/careers-alumn\/careers-by-creative-industry\/"]}]},{"@type":"BreadcrumbList","@id":"https:\/\/chavon.edu.do\/careers-alumn\/careers-by-creative-industry\/#breadcrumb","itemListElement":[{"@type":"ListItem","position":1,"name":"Home","item":"https:\/\/chavon.edu.do\/"},{"@type":"ListItem","position":2,"name":"Alumni","item":"https:\/\/chavon.edu.do\/careers-alumn\/"},{"@type":"ListItem","position":3,"name":"Careers by Creative Industry"}]},{"@type":"WebSite","@id":"https:\/\/chavon.edu.do\/#website","url":"https:\/\/chavon.edu.do\/","name":"CHAV\u00d3N La Escuela de Dise\u00f1o","description":"","publisher":{"@id":"https:\/\/chavon.edu.do\/#organization"},"potentialAction":[{"@type":"SearchAction","target":{"@type":"EntryPoint","urlTemplate":"https:\/\/chavon.edu.do\/?s={search_term_string}"},"query-input":{"@type":"PropertyValueSpecification","valueRequired":true,"valueName":"search_term_string"}}],"inLanguage":"es"},{"@type":"Organization","@id":"https:\/\/chavon.edu.do\/#organization","name":"Chav\u00f3n - La Escuela de Dise\u00f1o","url":"https:\/\/chavon.edu.do\/","logo":{"@type":"ImageObject","inLanguage":"es","@id":"https:\/\/chavon.edu.do\/#\/schema\/logo\/image\/","url":"https:\/\/chavon.edu.do\/wp-content\/uploads\/2019\/12\/chavon.png","contentUrl":"https:\/\/chavon.edu.do\/wp-content\/uploads\/2019\/12\/chavon.png","width":225,"height":225,"caption":"Chav\u00f3n - La Escuela de Dise\u00f1o"},"image":{"@id":"https:\/\/chavon.edu.do\/#\/schema\/logo\/image\/"}}]}},"_links":{"self":[{"href":"https:\/\/chavon.edu.do\/es\/wp-json\/wp\/v2\/pages\/1931","targetHints":{"allow":["GET"]}}],"collection":[{"href":"https:\/\/chavon.edu.do\/es\/wp-json\/wp\/v2\/pages"}],"about":[{"href":"https:\/\/chavon.edu.do\/es\/wp-json\/wp\/v2\/types\/page"}],"author":[{"embeddable":true,"href":"https:\/\/chavon.edu.do\/es\/wp-json\/wp\/v2\/users\/21"}],"replies":[{"embeddable":true,"href":"https:\/\/chavon.edu.do\/es\/wp-json\/wp\/v2\/comments?post=1931"}],"version-history":[{"count":3,"href":"https:\/\/chavon.edu.do\/es\/wp-json\/wp\/v2\/pages\/1931\/revisions"}],"predecessor-version":[{"id":7641,"href":"https:\/\/chavon.edu.do\/es\/wp-json\/wp\/v2\/pages\/1931\/revisions\/7641"}],"up":[{"embeddable":true,"href":"https:\/\/chavon.edu.do\/es\/wp-json\/wp\/v2\/pages\/122"}],"wp:attachment":[{"href":"https:\/\/chavon.edu.do\/es\/wp-json\/wp\/v2\/media?parent=1931"}],"curies":[{"name":"wp","href":"https:\/\/api.w.org\/{rel}","templated":true}]}}