{"id":1794,"date":"2019-04-29T16:14:32","date_gmt":"2019-04-29T16:14:32","guid":{"rendered":"http:\/\/chavondev.wpengine.com\/?page_id=1794"},"modified":"2025-06-06T14:51:52","modified_gmt":"2025-06-06T18:51:52","slug":"the-parsons-connection","status":"publish","type":"page","link":"https:\/\/chavon.edu.do\/es\/about\/the-parsons-connection\/","title":{"rendered":"Afiliaci\u00f3n con Parsons"},"content":{"rendered":"<h1 class=\"wp-block-heading bottom-line\">Afiliaci\u00f3n con Parsons<\/h1>\n\n\n\n<div style=\"height:32px\" aria-hidden=\"true\" class=\"wp-block-spacer\"><\/div>\n\n\n\n<p class=\"has-medium-font-size\">Desde su fundaci\u00f3n en 1983, <strong>CHAV\u00d3N<\/strong> ha mantenido una estrecha afiliaci\u00f3n con <strong>Parsons School of Design<\/strong>, una de las universidades m\u00e1s prestigiosas en el \u00e1mbito de las artes visuales, expresiones art\u00edsticas y dise\u00f1o, establecida en 1896 en Nueva York.<\/p>\n\n\n\n<p class=\"medium has-medium-font-size\">Gracias al acuerdo <strong>CHAV\u00d3N Parsons 2+2<\/strong> , los estudiantes que completen satisfactoriamente sus estudios en <strong>CHAV\u00d3N<\/strong>, mantengan un promedio m\u00ednimo de 3.0, cumplan con los requisitos de admisi\u00f3n y dominio del ingl\u00e9s exigido por Parsons, tienen la oportunidad de continuar su formaci\u00f3n en Nueva York y obtener una <strong>Licenciatura en Bellas Artes (BFA, Bachelor of Fine Arts)<\/strong> \u200e\u200e.<\/p>\n\n\n\n<h2 class=\"wp-block-heading top-line\">Esto ofrece tres ventajas clave:<\/h2>\n\n\n\n<ol class=\"wp-block-list has-medium-font-size\">\n<li><strong>Beneficio Econ\u00f3mico:<\/strong> Completar los primeros a\u00f1os en <strong>CHAV\u00d3N<\/strong> representa una reducci\u00f3n significativa en los costos de la matr\u00edcula y vida en comparaci\u00f3n con estudiar cuatro a\u00f1os completos en Nueva York. Los estudiantes aceptados en Parsons pueden obtener su licenciatura y t\u00edtulo con una inversi\u00f3n menor sin comprometer la calidad educativa.<\/li>\n<\/ol>\n\n\n\n<ol start=\"2\" class=\"wp-block-list has-medium-font-size\">\n<li><strong>Idioma:<\/strong> El programa CHAV\u00d3N Parsons 2+2 permite a los estudiantes fortalecer su dominio del ingl\u00e9s mientras cursan sus primeros a\u00f1os en <strong>CHAV\u00d3N<\/strong>, donde las clases se imparten en espa\u00f1ol. Para facilitar esta transici\u00f3n, se ofrece la opci\u00f3n de tomar un curso de <strong>ingl\u00e9s como segundo idioma (English as a Second Language, ESL)<\/strong> antes de ingresar a Parsons.<\/li>\n<\/ol>\n\n\n\n<ol start=\"3\" class=\"wp-block-list has-medium-font-size\">\n<li><strong>Transici\u00f3n Cultural, Social y Acad\u00e9mica:<\/strong> Durante sus primeros a\u00f1os en <strong>CHAV\u00d3N<\/strong>, los estudiantes se sumergen en un ambiente acad\u00e9mico exigente y estructurado, prepar\u00e1ndose para la intensidad de una educaci\u00f3n profesional en arte y dise\u00f1o. Al completar esta etapa en un entorno familiar, pueden enfocarse en su desarrollo creativo sin enfrentar de inmediato los desaf\u00edos de adaptaci\u00f3n a una ciudad como Nueva York.<\/li>\n<\/ol>","protected":false},"excerpt":{"rendered":"<p>The Parsons Connection Since its founding in 1983, CHAV\u00d3N has maintained a close affiliation with Parsons School of Design, one of the most prestigious universities <br \/><a class=\"read-more\" href=\"https:\/\/chavon.edu.do\/es\/about\/the-parsons-connection\/\">+ Lee m\u00e1s<\/a><\/p>","protected":false},"author":21,"featured_media":0,"parent":6352,"menu_order":33,"comment_status":"closed","ping_status":"closed","template":"template-about.php","meta":{"_acf_changed":false,"footnotes":""},"class_list":["post-1794","page","type-page","status-publish","hentry"],"acf":[],"yoast_head":"<!-- This site is optimized with the Yoast SEO plugin v26.6 - https:\/\/yoast.com\/wordpress\/plugins\/seo\/ -->\n<title>The Parsons Connection | CHAV\u00d3N Partnership Since 1983<\/title>\n<meta name=\"description\" content=\"CHAV\u00d3N-Parsons partnership since 1983. 2+2 program allows transfer to Parsons NYC for BFA degree. Prestigious art education pathway available.\" \/>\n<meta name=\"robots\" content=\"index, follow, max-snippet:-1, max-image-preview:large, max-video-preview:-1\" \/>\n<link rel=\"canonical\" href=\"https:\/\/chavon.edu.do\/es\/about\/the-parsons-connection\/\" \/>\n<meta property=\"og:locale\" content=\"es_ES\" \/>\n<meta property=\"og:type\" content=\"article\" \/>\n<meta property=\"og:title\" content=\"The Parsons Connection | CHAV\u00d3N Partnership Since 1983\" \/>\n<meta property=\"og:description\" content=\"CHAV\u00d3N-Parsons partnership since 1983. 2+2 program allows transfer to Parsons NYC for BFA degree. Prestigious art education pathway available.\" \/>\n<meta property=\"og:url\" content=\"https:\/\/chavon.edu.do\/es\/about\/the-parsons-connection\/\" \/>\n<meta property=\"og:site_name\" content=\"CHAV\u00d3N School of Design\" \/>\n<meta property=\"article:modified_time\" content=\"2025-06-06T18:51:52+00:00\" \/>\n<meta name=\"twitter:card\" content=\"summary_large_image\" \/>\n<meta name=\"twitter:label1\" content=\"Tiempo estimado de lectura\" \/>\n\t<meta name=\"twitter:data1\" content=\"2 minutos\" \/>\n<script type=\"application\/ld+json\" class=\"yoast-schema-graph\">{\"@context\":\"https:\/\/schema.org\",\"@graph\":[{\"@type\":\"WebPage\",\"@id\":\"https:\/\/chavon.edu.do\/about\/the-parsons-connection\/\",\"url\":\"https:\/\/chavon.edu.do\/about\/the-parsons-connection\/\",\"name\":\"The Parsons Connection | CHAV\u00d3N Partnership Since 1983\",\"isPartOf\":{\"@id\":\"https:\/\/chavon.edu.do\/#website\"},\"datePublished\":\"2019-04-29T16:14:32+00:00\",\"dateModified\":\"2025-06-06T18:51:52+00:00\",\"description\":\"CHAV\u00d3N-Parsons partnership since 1983. 2+2 program allows transfer to Parsons NYC for BFA degree. Prestigious art education pathway available.\",\"breadcrumb\":{\"@id\":\"https:\/\/chavon.edu.do\/about\/the-parsons-connection\/#breadcrumb\"},\"inLanguage\":\"es\",\"potentialAction\":[{\"@type\":\"ReadAction\",\"target\":[\"https:\/\/chavon.edu.do\/about\/the-parsons-connection\/\"]}]},{\"@type\":\"BreadcrumbList\",\"@id\":\"https:\/\/chavon.edu.do\/about\/the-parsons-connection\/#breadcrumb\",\"itemListElement\":[{\"@type\":\"ListItem\",\"position\":1,\"name\":\"Home\",\"item\":\"https:\/\/chavon.edu.do\/\"},{\"@type\":\"ListItem\",\"position\":2,\"name\":\"About\",\"item\":\"https:\/\/chavon.edu.do\/about\/\"},{\"@type\":\"ListItem\",\"position\":3,\"name\":\"The Parsons Connection\"}]},{\"@type\":\"WebSite\",\"@id\":\"https:\/\/chavon.edu.do\/#website\",\"url\":\"https:\/\/chavon.edu.do\/\",\"name\":\"CHAV\u00d3N School of Design\",\"description\":\"\",\"publisher\":{\"@id\":\"https:\/\/chavon.edu.do\/#organization\"},\"potentialAction\":[{\"@type\":\"SearchAction\",\"target\":{\"@type\":\"EntryPoint\",\"urlTemplate\":\"https:\/\/chavon.edu.do\/?s={search_term_string}\"},\"query-input\":{\"@type\":\"PropertyValueSpecification\",\"valueRequired\":true,\"valueName\":\"search_term_string\"}}],\"inLanguage\":\"es\"},{\"@type\":\"Organization\",\"@id\":\"https:\/\/chavon.edu.do\/#organization\",\"name\":\"Chav\u00f3n - La Escuela de Dise\u00f1o\",\"url\":\"https:\/\/chavon.edu.do\/\",\"logo\":{\"@type\":\"ImageObject\",\"inLanguage\":\"es\",\"@id\":\"https:\/\/chavon.edu.do\/#\/schema\/logo\/image\/\",\"url\":\"https:\/\/chavon.edu.do\/wp-content\/uploads\/2019\/12\/chavon.png\",\"contentUrl\":\"https:\/\/chavon.edu.do\/wp-content\/uploads\/2019\/12\/chavon.png\",\"width\":225,\"height\":225,\"caption\":\"Chav\u00f3n - La Escuela de Dise\u00f1o\"},\"image\":{\"@id\":\"https:\/\/chavon.edu.do\/#\/schema\/logo\/image\/\"}}]}<\/script>\n<!-- \/ Yoast SEO plugin. -->","yoast_head_json":{"title":"The Parsons Connection | CHAV\u00d3N Partnership Since 1983","description":"CHAV\u00d3N-Parsons partnership since 1983. 2+2 program allows transfer to Parsons NYC for BFA degree. Prestigious art education pathway available.","robots":{"index":"index","follow":"follow","max-snippet":"max-snippet:-1","max-image-preview":"max-image-preview:large","max-video-preview":"max-video-preview:-1"},"canonical":"https:\/\/chavon.edu.do\/es\/about\/the-parsons-connection\/","og_locale":"es_ES","og_type":"article","og_title":"The Parsons Connection | CHAV\u00d3N Partnership Since 1983","og_description":"CHAV\u00d3N-Parsons partnership since 1983. 2+2 program allows transfer to Parsons NYC for BFA degree. Prestigious art education pathway available.","og_url":"https:\/\/chavon.edu.do\/es\/about\/the-parsons-connection\/","og_site_name":"CHAV\u00d3N School of Design","article_modified_time":"2025-06-06T18:51:52+00:00","twitter_card":"summary_large_image","twitter_misc":{"Tiempo estimado de lectura":"2 minutos"},"schema":{"@context":"https:\/\/schema.org","@graph":[{"@type":"WebPage","@id":"https:\/\/chavon.edu.do\/about\/the-parsons-connection\/","url":"https:\/\/chavon.edu.do\/about\/the-parsons-connection\/","name":"The Parsons Connection | CHAV\u00d3N Partnership Since 1983","isPartOf":{"@id":"https:\/\/chavon.edu.do\/#website"},"datePublished":"2019-04-29T16:14:32+00:00","dateModified":"2025-06-06T18:51:52+00:00","description":"CHAV\u00d3N-Parsons partnership since 1983. 2+2 program allows transfer to Parsons NYC for BFA degree. Prestigious art education pathway available.","breadcrumb":{"@id":"https:\/\/chavon.edu.do\/about\/the-parsons-connection\/#breadcrumb"},"inLanguage":"es","potentialAction":[{"@type":"ReadAction","target":["https:\/\/chavon.edu.do\/about\/the-parsons-connection\/"]}]},{"@type":"BreadcrumbList","@id":"https:\/\/chavon.edu.do\/about\/the-parsons-connection\/#breadcrumb","itemListElement":[{"@type":"ListItem","position":1,"name":"Home","item":"https:\/\/chavon.edu.do\/"},{"@type":"ListItem","position":2,"name":"About","item":"https:\/\/chavon.edu.do\/about\/"},{"@type":"ListItem","position":3,"name":"The Parsons Connection"}]},{"@type":"WebSite","@id":"https:\/\/chavon.edu.do\/#website","url":"https:\/\/chavon.edu.do\/","name":"CHAV\u00d3N La Escuela de Dise\u00f1o","description":"","publisher":{"@id":"https:\/\/chavon.edu.do\/#organization"},"potentialAction":[{"@type":"SearchAction","target":{"@type":"EntryPoint","urlTemplate":"https:\/\/chavon.edu.do\/?s={search_term_string}"},"query-input":{"@type":"PropertyValueSpecification","valueRequired":true,"valueName":"search_term_string"}}],"inLanguage":"es"},{"@type":"Organization","@id":"https:\/\/chavon.edu.do\/#organization","name":"Chav\u00f3n - La Escuela de Dise\u00f1o","url":"https:\/\/chavon.edu.do\/","logo":{"@type":"ImageObject","inLanguage":"es","@id":"https:\/\/chavon.edu.do\/#\/schema\/logo\/image\/","url":"https:\/\/chavon.edu.do\/wp-content\/uploads\/2019\/12\/chavon.png","contentUrl":"https:\/\/chavon.edu.do\/wp-content\/uploads\/2019\/12\/chavon.png","width":225,"height":225,"caption":"Chav\u00f3n - La Escuela de Dise\u00f1o"},"image":{"@id":"https:\/\/chavon.edu.do\/#\/schema\/logo\/image\/"}}]}},"_links":{"self":[{"href":"https:\/\/chavon.edu.do\/es\/wp-json\/wp\/v2\/pages\/1794","targetHints":{"allow":["GET"]}}],"collection":[{"href":"https:\/\/chavon.edu.do\/es\/wp-json\/wp\/v2\/pages"}],"about":[{"href":"https:\/\/chavon.edu.do\/es\/wp-json\/wp\/v2\/types\/page"}],"author":[{"embeddable":true,"href":"https:\/\/chavon.edu.do\/es\/wp-json\/wp\/v2\/users\/21"}],"replies":[{"embeddable":true,"href":"https:\/\/chavon.edu.do\/es\/wp-json\/wp\/v2\/comments?post=1794"}],"version-history":[{"count":8,"href":"https:\/\/chavon.edu.do\/es\/wp-json\/wp\/v2\/pages\/1794\/revisions"}],"predecessor-version":[{"id":7119,"href":"https:\/\/chavon.edu.do\/es\/wp-json\/wp\/v2\/pages\/1794\/revisions\/7119"}],"up":[{"embeddable":true,"href":"https:\/\/chavon.edu.do\/es\/wp-json\/wp\/v2\/pages\/6352"}],"wp:attachment":[{"href":"https:\/\/chavon.edu.do\/es\/wp-json\/wp\/v2\/media?parent=1794"}],"curies":[{"name":"wp","href":"https:\/\/api.w.org\/{rel}","templated":true}]}}