{"id":1733,"date":"2019-04-25T21:16:44","date_gmt":"2019-04-25T21:16:44","guid":{"rendered":"http:\/\/chavon.brick.agency\/?page_id=1733"},"modified":"2025-06-09T14:57:59","modified_gmt":"2025-06-09T18:57:59","slug":"special-guests","status":"publish","type":"page","link":"https:\/\/chavon.edu.do\/es\/faculty\/special-guests\/","title":{"rendered":"Invitados Especiales"},"content":{"rendered":"<p class=\"has-medium-font-size\">The visiting artists program enriches students&#8217; education and provides cultural enrichment by broadening their creative perspectives. International guest speakers include acclaimed graphic designers, fashion designers, interior designers, architects, photographers, visual artists, and art historians.<\/p>\n\n\n\n<div class=\"wp-block-columns has-4-columns top-line is-layout-flex wp-container-core-columns-is-layout-9d6595d7 wp-block-columns-is-layout-flex\">\n<div class=\"wp-block-column is-layout-flow wp-block-column-is-layout-flow\">\n<h3 class=\"wp-block-heading\">Dise\u00f1o gr\u00e1fico \/ de comunicaci\u00f3n<\/h3>\n\n\n\n<p>Al Greenberg<br>Alexa Nosal<br>Antonio y Rafael P\u00e9rez<br>Armando Milani<br>Charles Nix<br>David Armario<br>David Young<br>Davide Nicosia<br>Don Creamer<br>Felipe Taborda<br>F\u00e9lix Beltr\u00e1n<br>Frank Baseman<br>Fred Dust<br>Genevieve William<br>Henry Wolf<br>Hern\u00e1n Garfias<br>Ikko Tanaka<br>Ivan Chermayeff<br>J.C Suares<br>Jesse Day<br>John Moore<br>Juan Carlos Fern\u00e1ndez<br>Juliette Cezzar<br>Lance Wyman<br>Lella &amp; Massimo Vignelli<br>Lou Dorfsman<br>Manuel Estrada<br>Mario De Ferrari<br>Mario Uribe<br>Martin Solomon<br>Marylin Hoffner<br>Pablo Medina<br>Paula Scher<br>Ries Straver<br>Santiago Pol<br>Simon Waterfall<br>Teresa Camacho<br>Teresa Mulet<br>V\u00edctor Rivera<br>Yvon LaFontaine<\/p>\n\n\n\n<h3 class=\"wp-block-heading\">Arte y cultura<\/h3>\n\n\n\n<p>Alastiar Reid<br>\u00c1lvaro Rojas<br>Anne Gaines<br>Edward Sullivan<br>Ernesto de la Mata<br>Felisa Kaplan<br>Giullio Contini<br>Hernando Vel\u00e1zquez<br>Jasia Reichardt<br>Joop Beljon<br>Julia Dault<br>Mandy Volz<br>Marianne De Tolentino<br>Paul Thompson<br>Paula G\u00f3mez<br>Pierre Restany<br>Porfirio Herrera<br>Sara Hermann<br>Susana Leval<br>Yolanda Barrasa<\/p>\n\n\n\n<p><\/p>\n<\/div>\n\n\n\n<div class=\"wp-block-column is-layout-flow wp-block-column-is-layout-flow\">\n<h3 class=\"wp-block-heading\"><strong>Fotograf\u00eda<\/strong><\/h3>\n\n\n\n<p>Ben Fernandez<br> Dianne Basch<br> Donna Francis<br> Durston Saylor<br> Fernando de la Rosa<br> Isa\u00edas Orozco<br> Jonathan Becker<br> Peter Loppacher<br> Rhadika Chalasani<br> William Vasquez<\/p>\n\n\n\n<h3 class=\"wp-block-heading\">Bellas Artes<\/h3>\n\n\n\n<p>Ada Balc\u00e1cer<br>\n\u00c1lvaro Lazo<br>\nAngela Occhipinti<br>\nAnn Parker<br>\nAnthony Aziz<br>\nAnthony Petrillo<br>\nBob Blackburn<br>\nC\u00e1ndido Bid\u00f3<br>\nCarlos Kravetz<br>\nChris Parris<br>\nCuquito Pe\u00f1a<br>\nDale Johnson<br>\nDavid P\u00e9rez<br>\nDon Stuart<br>\nEnrique Grau<br>\nEzequiel Taveras<br>\nFederico Uribe<br>\nFranco Ciarlo<br>\nFrank Giorgini<br>\nGeraldo Ch\u00e1vez<br>\nGolda Lewis<br>\nGregory Patterson<br>\nHerminio Rivera<br>\nHoward Kanowitz<br>\nIsrael C\u00e1rdenas<br>\nJoaqu\u00edn Badajoz<br>\nJorge Adrados<br>\nJulian Garc\u00eda<br>\nKehinde Wiley<br>\nLarry Rivers<br>\nMarion Wilson<br>\nMark Gordon<br>\nMartha Palao<br>\nMelanie Reim<br>\nMichael Ensminger<br>\nMitch Lyons<br>\nNancy Graves<br>\nNiurka Guzm\u00e1n<br>\nOswaldo Guayasam\u00edn<br>\nPablo Obelar<br>\nPedro Cuni<br>\nPerez Celis<br>\nPhillip Pearlstein<br>\nRam\u00f3n Oviedo<br>\nRegina Galindo<br>\nRicardo Benaim<br>\nRoberto Ju\u00e1rez<br>\nRogelio Polesello<br>\nRosa Tavares<br>\nRossy Ramos<br>\nStephanie Rose<br>\nSylvia Brewda<br>\nToshio Ohi<br>\nWilfredo Torres<br>\nWilliam Swetcharnik<br>\nXawery Wolski<\/p>\n<\/div>\n\n\n\n<div class=\"wp-block-column is-layout-flow wp-block-column-is-layout-flow\">\n<h3 class=\"wp-block-heading\">Dise\u00f1o de Moda<\/h3>\n\n\n\n<p>Adri<br>\u00c1gatha Ruiz de la Prada<br>Antonio L\u00f3pez<br>Chris Kiziak<br>Donna Karan<br>Eva Cavalli<br>Frank Rizzo<br>Gene Meyer<br>Jaehee Park<br>Jenny Polanco<br>Kay Unger<br>Kiley Durham<br>Lavinia Biaggotti<br>Leonardo De Armas<br>Linda Chamberlin<br>Lisa Fidler<br>Marina Spadafora<br>Mary Evelyn Ruiz<br>Nicole Miller<br>Oscar De La Renta<br>Ranjit Lalvani<br>Sully Bonnelly<br>Sylvia Rosen<br>Tim Gunn<br>Tina Schenk<br>Willi Smith<\/p>\n\n\n\n<h3 class=\"wp-block-heading\">Ilustraci\u00f3n<\/h3>\n\n\n\n<p>Antonio L\u00f3pez<br> Barbara Nessim<br> Carlos M\u00e1rquez<br> Deborah Diamond<br> Deborah Diamond<br> Gale Kaseguma<br> Jan Faust<br> Mark Smith<br> Nina Dur\u00e1n<br> Nora Krug<br> Sergio Baradat<br> Seymour Chwast<br> Steven Guarnaccia<\/p>\n\n\n\n<h3 class=\"wp-block-heading\">Artes Liberales<\/h3>\n\n\n\n<p>Amir Parsa<br> Clayton Kirking<br> Cynthia Lawson<br> Geoffrey Holder<br> Ivette Biro<br> Jean Davis<br> Jerzy Kosinski<br> Jorge Olavarr\u00eda<br> Julia Santos Solomon<br> Linda Siegel<br> Mary Claire Barton<br> Maya Islas<\/p>\n\n\n\n<h3 class=\"wp-block-heading\">Cine<\/h3>\n\n\n\n<p>Gerardo Herrero<br>\nJorge Oliver <br>\nLucrecia Martel<br>\nLuis Mi\u00f1arro<br>\nLuis Ospina <\/p>\n\n\n\n<h3 class=\"wp-block-heading\">Mercadeo y Comunicaci\u00f3n de Moda<\/h3>\n\n\n\n<p>Carmen Candelario<br>Mar\u00eda Consuelo Bonilla<br>Mayl\u00e9 V\u00e1squez<br>Mar\u00eda G. Geara&nbsp;<br>Soraya Pina<br>Elena Crespo&nbsp;<br>V\u00edctor Bautista&nbsp;<br>Adolfo Yunes&nbsp;<br>Shannon Boisson&nbsp;<br>Mar\u00eda Bezard&nbsp;<br>Joanna Roger&nbsp;<br>Francis Rosa&nbsp;<br>Micaela Liagi&nbsp;<br>Gaelle Dessauvages&nbsp;<br>Jos\u00e9 Cristian Lagares &nbsp;<br>Miguel Genao<br>Sinead Fachelli<br>Nicole Marie<br>Esteban Martucci<br> <\/p>\n<\/div>\n\n\n\n<div class=\"wp-block-column is-layout-flow wp-block-column-is-layout-flow\">\n<h3 class=\"wp-block-heading\">Dise\u00f1o Digital<\/h3>\n\n\n\n<p>Carlos M\u00e1rquez<br>Colleen Macklin<br>Daniel Viera<br>Edgar Galindez<br>Edgar N\u00fa\u00f1ez<br>Edward Thomas<br>Jacob Trollback<br>Joel Combes<br>Magalli Meda<br>Mali Chico<br>Mar\u00eda Fernanda Valentini<br>Ren\u00e9 Olivo<br>Sven Travis<br>Ximena Cabello<\/p>\n\n\n\n<h3 class=\"wp-block-heading\">Arquitectura \/ Dise\u00f1o de interiores<\/h3>\n\n\n\n<p>Adam Tihany<br> Anthony Caradonna<br> Benjamin Noriega Ort\u00edz<br> Bj\u00f6rn Bj\u00f6rnsson<br> Dennis Piermont<br> Donald Hill<br> Elena Porqueddu<br> Eve Ashcraft<br> Fernando Calzadilla<br> Germ\u00e1n Barrios<br> Jaime Hayon<br> James Wines<br> Javier Robles<br> Kaja Gam<br> L\u00e1zaro Amaral<br> Linnaea Tillet<br> Lydia Rubio<br> Mary McGee<br> Meyer Rus<br> Rafael \u00c1lvarez<br> Sheila Bridges<br> Vicente Wolf<br> Wid Chapman<br> William Cox<br> William Sofield<\/p>\n\n\n\n<h3 class=\"wp-block-heading\">Dise\u00f1o de Producci\u00f3n \/ Dise\u00f1o Industrial<\/h3>\n\n\n\n<p>Constantin Boym<br>\nDeborah Warner<br>\nDennis Piermont<br>\nDonald Creamer<br>\nEJ Herczyk<br>\nFrancisco Ram\u00edrez<br>\nHartmut Ginnow Merkert<br>\nHitoshie Ujiie<br>\nJordi Valenciano<br>\nLiza Niles<br>\nLiza Niles<br>\nMario Mari\u00f1o<br>\nPeter Mars<br>\nRichard Yelle<br>\nSherry Donghia<br>\nSusana Torres<br>\nTony Whitfield<\/p>\n<\/div>\n<\/div>","protected":false},"excerpt":{"rendered":"<p>The visiting artists program enriches students&#8217; education and provides cultural enrichment by broadening their creative perspectives. International guest speakers include acclaimed graphic designers, fashion designers, <br \/><a class=\"read-more\" href=\"https:\/\/chavon.edu.do\/es\/faculty\/special-guests\/\">+ Lee m\u00e1s<\/a><\/p>","protected":false},"author":21,"featured_media":1361,"parent":125,"menu_order":49,"comment_status":"closed","ping_status":"closed","template":"template-people.php","meta":{"_acf_changed":false,"footnotes":""},"class_list":["post-1733","page","type-page","status-publish","has-post-thumbnail","hentry"],"acf":[],"yoast_head":"<!-- This site is optimized with the Yoast SEO plugin v26.6 - https:\/\/yoast.com\/wordpress\/plugins\/seo\/ -->\n<title>Special Guests | CHAV\u00d3N School of Design<\/title>\n<meta name=\"description\" content=\"CHAV\u00d3N Special Guests include renowned international artists, designers &amp; speakers. Meet acclaimed professionals who enrich student education globally.\" \/>\n<meta name=\"robots\" content=\"index, follow, max-snippet:-1, max-image-preview:large, max-video-preview:-1\" \/>\n<link rel=\"canonical\" href=\"https:\/\/chavon.edu.do\/es\/faculty\/special-guests\/\" \/>\n<meta property=\"og:locale\" content=\"es_ES\" \/>\n<meta property=\"og:type\" content=\"article\" \/>\n<meta property=\"og:title\" content=\"Special Guests | CHAV\u00d3N School of Design\" \/>\n<meta property=\"og:description\" content=\"CHAV\u00d3N Special Guests include renowned international artists, designers &amp; speakers. Meet acclaimed professionals who enrich student education globally.\" \/>\n<meta property=\"og:url\" content=\"https:\/\/chavon.edu.do\/es\/faculty\/special-guests\/\" \/>\n<meta property=\"og:site_name\" content=\"CHAV\u00d3N School of Design\" \/>\n<meta property=\"article:modified_time\" content=\"2025-06-09T18:57:59+00:00\" \/>\n<meta property=\"og:image\" content=\"https:\/\/chavon.edu.do\/wp-content\/uploads\/2019\/04\/faculty.jpg\" \/>\n\t<meta property=\"og:image:width\" content=\"1920\" \/>\n\t<meta property=\"og:image:height\" content=\"730\" \/>\n\t<meta property=\"og:image:type\" content=\"image\/jpeg\" \/>\n<meta name=\"twitter:card\" content=\"summary_large_image\" \/>\n<meta name=\"twitter:label1\" content=\"Tiempo estimado de lectura\" \/>\n\t<meta name=\"twitter:data1\" content=\"3 minutos\" \/>\n<script type=\"application\/ld+json\" class=\"yoast-schema-graph\">{\"@context\":\"https:\/\/schema.org\",\"@graph\":[{\"@type\":\"WebPage\",\"@id\":\"https:\/\/chavon.edu.do\/faculty\/special-guests\/\",\"url\":\"https:\/\/chavon.edu.do\/faculty\/special-guests\/\",\"name\":\"Special Guests | CHAV\u00d3N School of Design\",\"isPartOf\":{\"@id\":\"https:\/\/chavon.edu.do\/#website\"},\"primaryImageOfPage\":{\"@id\":\"https:\/\/chavon.edu.do\/faculty\/special-guests\/#primaryimage\"},\"image\":{\"@id\":\"https:\/\/chavon.edu.do\/faculty\/special-guests\/#primaryimage\"},\"thumbnailUrl\":\"https:\/\/chavon.edu.do\/wp-content\/uploads\/2019\/04\/faculty.jpg\",\"datePublished\":\"2019-04-25T21:16:44+00:00\",\"dateModified\":\"2025-06-09T18:57:59+00:00\",\"description\":\"CHAV\u00d3N Special Guests include renowned international artists, designers & speakers. Meet acclaimed professionals who enrich student education globally.\",\"breadcrumb\":{\"@id\":\"https:\/\/chavon.edu.do\/faculty\/special-guests\/#breadcrumb\"},\"inLanguage\":\"es\",\"potentialAction\":[{\"@type\":\"ReadAction\",\"target\":[\"https:\/\/chavon.edu.do\/faculty\/special-guests\/\"]}]},{\"@type\":\"ImageObject\",\"inLanguage\":\"es\",\"@id\":\"https:\/\/chavon.edu.do\/faculty\/special-guests\/#primaryimage\",\"url\":\"https:\/\/chavon.edu.do\/wp-content\/uploads\/2019\/04\/faculty.jpg\",\"contentUrl\":\"https:\/\/chavon.edu.do\/wp-content\/uploads\/2019\/04\/faculty.jpg\",\"width\":1920,\"height\":730},{\"@type\":\"BreadcrumbList\",\"@id\":\"https:\/\/chavon.edu.do\/faculty\/special-guests\/#breadcrumb\",\"itemListElement\":[{\"@type\":\"ListItem\",\"position\":1,\"name\":\"Home\",\"item\":\"https:\/\/chavon.edu.do\/\"},{\"@type\":\"ListItem\",\"position\":2,\"name\":\"Faculty\",\"item\":\"https:\/\/chavon.edu.do\/faculty\/\"},{\"@type\":\"ListItem\",\"position\":3,\"name\":\"Special Guests\"}]},{\"@type\":\"WebSite\",\"@id\":\"https:\/\/chavon.edu.do\/#website\",\"url\":\"https:\/\/chavon.edu.do\/\",\"name\":\"CHAV\u00d3N School of Design\",\"description\":\"\",\"publisher\":{\"@id\":\"https:\/\/chavon.edu.do\/#organization\"},\"potentialAction\":[{\"@type\":\"SearchAction\",\"target\":{\"@type\":\"EntryPoint\",\"urlTemplate\":\"https:\/\/chavon.edu.do\/?s={search_term_string}\"},\"query-input\":{\"@type\":\"PropertyValueSpecification\",\"valueRequired\":true,\"valueName\":\"search_term_string\"}}],\"inLanguage\":\"es\"},{\"@type\":\"Organization\",\"@id\":\"https:\/\/chavon.edu.do\/#organization\",\"name\":\"Chav\u00f3n - La Escuela de Dise\u00f1o\",\"url\":\"https:\/\/chavon.edu.do\/\",\"logo\":{\"@type\":\"ImageObject\",\"inLanguage\":\"es\",\"@id\":\"https:\/\/chavon.edu.do\/#\/schema\/logo\/image\/\",\"url\":\"https:\/\/chavon.edu.do\/wp-content\/uploads\/2019\/12\/chavon.png\",\"contentUrl\":\"https:\/\/chavon.edu.do\/wp-content\/uploads\/2019\/12\/chavon.png\",\"width\":225,\"height\":225,\"caption\":\"Chav\u00f3n - La Escuela de Dise\u00f1o\"},\"image\":{\"@id\":\"https:\/\/chavon.edu.do\/#\/schema\/logo\/image\/\"}}]}<\/script>\n<!-- \/ Yoast SEO plugin. -->","yoast_head_json":{"title":"Special Guests | CHAV\u00d3N School of Design","description":"CHAV\u00d3N Special Guests include renowned international artists, designers & speakers. Meet acclaimed professionals who enrich student education globally.","robots":{"index":"index","follow":"follow","max-snippet":"max-snippet:-1","max-image-preview":"max-image-preview:large","max-video-preview":"max-video-preview:-1"},"canonical":"https:\/\/chavon.edu.do\/es\/faculty\/special-guests\/","og_locale":"es_ES","og_type":"article","og_title":"Special Guests | CHAV\u00d3N School of Design","og_description":"CHAV\u00d3N Special Guests include renowned international artists, designers & speakers. Meet acclaimed professionals who enrich student education globally.","og_url":"https:\/\/chavon.edu.do\/es\/faculty\/special-guests\/","og_site_name":"CHAV\u00d3N School of Design","article_modified_time":"2025-06-09T18:57:59+00:00","og_image":[{"width":1920,"height":730,"url":"https:\/\/chavon.edu.do\/wp-content\/uploads\/2019\/04\/faculty.jpg","type":"image\/jpeg"}],"twitter_card":"summary_large_image","twitter_misc":{"Tiempo estimado de lectura":"3 minutos"},"schema":{"@context":"https:\/\/schema.org","@graph":[{"@type":"WebPage","@id":"https:\/\/chavon.edu.do\/faculty\/special-guests\/","url":"https:\/\/chavon.edu.do\/faculty\/special-guests\/","name":"Special Guests | CHAV\u00d3N School of Design","isPartOf":{"@id":"https:\/\/chavon.edu.do\/#website"},"primaryImageOfPage":{"@id":"https:\/\/chavon.edu.do\/faculty\/special-guests\/#primaryimage"},"image":{"@id":"https:\/\/chavon.edu.do\/faculty\/special-guests\/#primaryimage"},"thumbnailUrl":"https:\/\/chavon.edu.do\/wp-content\/uploads\/2019\/04\/faculty.jpg","datePublished":"2019-04-25T21:16:44+00:00","dateModified":"2025-06-09T18:57:59+00:00","description":"CHAV\u00d3N Special Guests include renowned international artists, designers & speakers. Meet acclaimed professionals who enrich student education globally.","breadcrumb":{"@id":"https:\/\/chavon.edu.do\/faculty\/special-guests\/#breadcrumb"},"inLanguage":"es","potentialAction":[{"@type":"ReadAction","target":["https:\/\/chavon.edu.do\/faculty\/special-guests\/"]}]},{"@type":"ImageObject","inLanguage":"es","@id":"https:\/\/chavon.edu.do\/faculty\/special-guests\/#primaryimage","url":"https:\/\/chavon.edu.do\/wp-content\/uploads\/2019\/04\/faculty.jpg","contentUrl":"https:\/\/chavon.edu.do\/wp-content\/uploads\/2019\/04\/faculty.jpg","width":1920,"height":730},{"@type":"BreadcrumbList","@id":"https:\/\/chavon.edu.do\/faculty\/special-guests\/#breadcrumb","itemListElement":[{"@type":"ListItem","position":1,"name":"Home","item":"https:\/\/chavon.edu.do\/"},{"@type":"ListItem","position":2,"name":"Faculty","item":"https:\/\/chavon.edu.do\/faculty\/"},{"@type":"ListItem","position":3,"name":"Special Guests"}]},{"@type":"WebSite","@id":"https:\/\/chavon.edu.do\/#website","url":"https:\/\/chavon.edu.do\/","name":"CHAV\u00d3N La Escuela de Dise\u00f1o","description":"","publisher":{"@id":"https:\/\/chavon.edu.do\/#organization"},"potentialAction":[{"@type":"SearchAction","target":{"@type":"EntryPoint","urlTemplate":"https:\/\/chavon.edu.do\/?s={search_term_string}"},"query-input":{"@type":"PropertyValueSpecification","valueRequired":true,"valueName":"search_term_string"}}],"inLanguage":"es"},{"@type":"Organization","@id":"https:\/\/chavon.edu.do\/#organization","name":"Chav\u00f3n - La Escuela de Dise\u00f1o","url":"https:\/\/chavon.edu.do\/","logo":{"@type":"ImageObject","inLanguage":"es","@id":"https:\/\/chavon.edu.do\/#\/schema\/logo\/image\/","url":"https:\/\/chavon.edu.do\/wp-content\/uploads\/2019\/12\/chavon.png","contentUrl":"https:\/\/chavon.edu.do\/wp-content\/uploads\/2019\/12\/chavon.png","width":225,"height":225,"caption":"Chav\u00f3n - La Escuela de Dise\u00f1o"},"image":{"@id":"https:\/\/chavon.edu.do\/#\/schema\/logo\/image\/"}}]}},"_links":{"self":[{"href":"https:\/\/chavon.edu.do\/es\/wp-json\/wp\/v2\/pages\/1733","targetHints":{"allow":["GET"]}}],"collection":[{"href":"https:\/\/chavon.edu.do\/es\/wp-json\/wp\/v2\/pages"}],"about":[{"href":"https:\/\/chavon.edu.do\/es\/wp-json\/wp\/v2\/types\/page"}],"author":[{"embeddable":true,"href":"https:\/\/chavon.edu.do\/es\/wp-json\/wp\/v2\/users\/21"}],"replies":[{"embeddable":true,"href":"https:\/\/chavon.edu.do\/es\/wp-json\/wp\/v2\/comments?post=1733"}],"version-history":[{"count":2,"href":"https:\/\/chavon.edu.do\/es\/wp-json\/wp\/v2\/pages\/1733\/revisions"}],"predecessor-version":[{"id":7321,"href":"https:\/\/chavon.edu.do\/es\/wp-json\/wp\/v2\/pages\/1733\/revisions\/7321"}],"up":[{"embeddable":true,"href":"https:\/\/chavon.edu.do\/es\/wp-json\/wp\/v2\/pages\/125"}],"wp:featuredmedia":[{"embeddable":true,"href":"https:\/\/chavon.edu.do\/es\/wp-json\/wp\/v2\/media\/1361"}],"wp:attachment":[{"href":"https:\/\/chavon.edu.do\/es\/wp-json\/wp\/v2\/media?parent=1733"}],"curies":[{"name":"wp","href":"https:\/\/api.w.org\/{rel}","templated":true}]}}