{"id":1640,"date":"2019-03-08T18:13:52","date_gmt":"2019-03-08T18:13:52","guid":{"rendered":"http:\/\/chavon.brick.agency\/?page_id=121"},"modified":"2025-07-02T11:16:01","modified_gmt":"2025-07-02T15:16:01","slug":"donations","status":"publish","type":"page","link":"https:\/\/chavon.edu.do\/es\/donations\/","title":{"rendered":"Donaciones"},"content":{"rendered":"<h1 class=\"wp-block-heading bottom-line\">Fundaci\u00f3n Centro Cultural Altos de Chav\u00f3n<\/h1>\n\n\n\n<div style=\"height:32px\" aria-hidden=\"true\" class=\"wp-block-spacer\"><\/div>\n\n\n\n<p class=\"has-medium-font-size\">El <strong>Fundaci\u00f3n Centro Cultural Altos de Chav\u00f3n<\/strong> is a non-profit organization committed to the promotion of art, design and culture in the Dominican Republic. It focuses on providing opportunities for talented young people and connecting them with the resources necessary for their professional development and success, transforming lives through art and design education.<\/p>\n\n\n\n<p class=\"has-medium-font-size\">The Foundation supports CHAV\u00d3N La Escuela de Dise\u00f1o through scholarships and financial aid, equipment donations, workshops, guest professors and other initiatives that enrich the academic curriculum and expand opportunities for students, fostering Dominican and regional talent and promoting a creative and dynamic environment in the industry.<\/p>\n\n\n\n<h2 class=\"wp-block-heading top-line\">Formas de Apoyar<\/h2>\n\n\n\n<p class=\"medium\">There are several ways to contribute to the Foundation&#8217;s mission and generate a real impact in the formation of new creative talents:<\/p>\n\n\n\n<h3 class=\"wp-block-heading top-line\" style=\"font-size:24px\">1 \u2013 Donaciones Monetarias al Fondo de Becas:<\/h3>\n\n\n\n<div style=\"height:20px\" aria-hidden=\"true\" class=\"wp-block-spacer\"><\/div>\n\n\n\n<p class=\"medium has-medium-font-size\">Cada aporte (sin importar el monto) se destina al <strong>Fondo de Becas,<\/strong>\u200e permitiendo que m\u00e1s estudiantes con talento y compromiso accedan a una educaci\u00f3n de excelencia en CHAV\u00d3N.<\/p>\n\n\n\n<p class=\"has-medium-font-size\">Donations are received by bank transfer.<\/p>\n\n\n\n<h3 class=\"wp-block-heading\">Donaciones en pesos dominicanos: <\/h3>\n\n\n\n<div style=\"height:16px\" aria-hidden=\"true\" class=\"wp-block-spacer\"><\/div>\n\n\n\n<p class=\"has-medium-font-size\"><strong>Banco Popular Dominicano<\/strong><\/p>\n\n\n\n<ul class=\"wp-block-list has-medium-font-size\">\n<li><strong>Savings Account in RD$:<\/strong> 7421664<\/li>\n\n\n\n<li><strong>RNC:<\/strong> 412-0203-6<\/li>\n<\/ul>\n\n\n\n<h3 class=\"wp-block-heading medium\">Donaciones en d\u00f3lares en Rep\u00fablica Dominicana: <\/h3>\n\n\n\n<div style=\"height:16px\" aria-hidden=\"true\" class=\"wp-block-spacer\"><\/div>\n\n\n\n<p class=\"has-medium-font-size\"><strong>Banco Popular Dominicano<\/strong><\/p>\n\n\n\n<ul class=\"wp-block-list has-medium-font-size\">\n<li><strong>Savings Account: in RD$:<\/strong> 723912085<\/li>\n\n\n\n<li><strong>RNC:<\/strong> 412-0203-6<\/li>\n<\/ul>\n\n\n\n<h3 class=\"wp-block-heading\">Donaciones en Estados Unidos<\/h3>\n\n\n\n<div style=\"height:16px\" aria-hidden=\"true\" class=\"wp-block-spacer\"><\/div>\n\n\n\n<p class=\"has-medium-font-size\"><strong>JP Morgan Chase Bank<\/strong><br>1 Chase Manhattan. New York, NY 10005<\/p>\n\n\n\n<ul class=\"wp-block-list has-medium-font-size\">\n<li><strong>Account Number:<\/strong> 0000138495<\/li>\n\n\n\n<li><strong><strong>Routing \/ ABA Number<\/strong>:<\/strong> 021000021<\/li>\n\n\n\n<li><strong>Swift Code<\/strong>: CHASU533<\/li>\n<\/ul>\n\n\n\n<p class=\"has-medium-font-size\"><strong>Referencia: Donaci\u00f3n Fondo de Becas CHAV\u00d3N<\/strong><\/p>\n\n\n\n<p class=\"has-medium-font-size\">Enviar el comprobante de pago a <a href=\"mailto:donaciones@chavon.edu.do\">donaciones@chavon.edu.do<\/a> para confirmar la donaci\u00f3n.<\/p>\n\n\n\n<h3 class=\"wp-block-heading top-line\" style=\"font-size:24px\">2 \u2013 Apadrinamiento de Estudiantes:<\/h3>\n\n\n\n<div style=\"height:20px\" aria-hidden=\"true\" class=\"wp-block-spacer\"><\/div>\n\n\n\n<p class=\"has-medium-font-size\">Este programa permite a los donantes involucrarse directamente en la formaci\u00f3n de un estudiante mediante becas parciales o totales.<\/p>\n\n\n\n<p class=\"has-medium-font-size\">Los padrinos tendr\u00e1n la oportunidad de conocer a los beneficiarios y seguir su progreso acad\u00e9mico, explorar su crecimiento a trav\u00e9s de sus portafolios y proyectos, y recibir reportes trimestrales de sus notas y trabajos destacados.<\/p>\n\n\n\n<p class=\"has-medium-font-size\">Para obtener m\u00e1s informaci\u00f3n sobre estudiantes en espera de apadrinamiento, contactar a <a href=\"mailto:donaciones@chavon.edu.do\">donaciones@chavon.edu.do<\/a><\/p>\n\n\n\n<h3 class=\"wp-block-heading top-line\" style=\"font-size:24px\">3 \u2013 Patrocinio de Aulas y Espacios Educativos<\/h3>\n\n\n\n<div style=\"height:20px\" aria-hidden=\"true\" class=\"wp-block-spacer\"><\/div>\n\n\n\n<p class=\"has-medium-font-size\">Este programa permite a empresas y donantes contribuir con la infraestructura acad\u00e9mica de CHAV\u00d3N a trav\u00e9s del patrocinio de aulas, talleres,laboratorios o espacios de La Escuela.<\/p>\n\n\n\n<p class=\"has-medium-font-size\">Los patrocinadores podr\u00e1n tener su nombre o logo en el espacio patrocinado y apoyar la actualizaci\u00f3n tecnol\u00f3gica y mantenimiento del aula durante la duraci\u00f3n del patrocinio.<\/p>\n\n\n\n<p class=\"has-medium-font-size\">Para conocer m\u00e1s sobre el programa de patrocinio de aulas, escribir a <a href=\"mailto:donaciones@chavon.edu.do\">donaciones@chavon.edu.do<\/a><\/p>\n\n\n\n<p class=\"has-medium-font-size\">Cada donaci\u00f3n permite que nuevos talentos tengan acceso a una educaci\u00f3n de calidad, asegurando su desarrollo profesional en el mundo del arte y el dise\u00f1o. Para m\u00e1s informaci\u00f3n sobre c\u00f3mo contribuir, contacta a <a href=\"mailto:donaciones@chavon.edu.do\">donaciones@chavon.edu.do<\/a><\/p>\n\n\n\n<h2 class=\"wp-block-heading top-line\">Beneficio Fiscal:<\/h2>\n\n\n\n<p>La Fundaci\u00f3n Centro Cultural Altos de Chav\u00f3n est\u00e1 registrada como una organizaci\u00f3n sin fines de lucro <strong>501(c)(3)<\/strong> en los Estados Unidos. Todas las contribuciones realizadas son elegibles para la deducci\u00f3n de impuestos en EE.UU.<\/p>\n\n\n\n<p>La Fundaci\u00f3n Centro Cultural Altos de Chav\u00f3n fue declarada exenta del impuesto federal sobre la renta en virtud de la secci\u00f3n 501(c)(3) del C\u00f3digo de Rentas Internas. La Fundaci\u00f3n es una organizaci\u00f3n ben\u00e9fica p\u00fablica seg\u00fan lo descrito en la secci\u00f3n 509(a)(1) y 170(b)(1)(A)(ii).<\/p>\n\n\n\n<h2 class=\"wp-block-heading top-line\">Quienes nos Apoyan<\/h2>\n\n\n\n<p class=\"has-medium-font-size\">El impacto de CHAV\u00d3N es posible gracias al apoyo de empresas, fundaciones y aliados comprometidos con el desarrollo de la educaci\u00f3n y la cultura.<\/p>\n\n\n\n<p class=\"has-medium-font-size\">\u00bfQuieres ser parte de esta red de apoyo?<\/p>\n\n\n\n<p class=\"has-medium-font-size\">\u00a1Cont\u00e1ctanos! <a href=\"mailto:donaciones@chavon.edu.do\">donaciones@chavon.edu.do<\/a><\/p>","protected":false},"excerpt":{"rendered":"<p>Altos de Chav\u00f3n Cultural Center Foundation The Altos de Chav\u00f3n Cultural Center Foundation is a non-profit organization committed to the promotion of art, design and <br \/><a class=\"read-more\" href=\"https:\/\/chavon.edu.do\/es\/donations\/\">+ Lee m\u00e1s<\/a><\/p>","protected":false},"author":21,"featured_media":1304,"parent":0,"menu_order":65,"comment_status":"closed","ping_status":"closed","template":"template-donations.php","meta":{"_acf_changed":false,"footnotes":""},"class_list":["post-1640","page","type-page","status-publish","has-post-thumbnail","hentry"],"acf":[],"yoast_head":"<!-- This site is optimized with the Yoast SEO plugin v26.6 - https:\/\/yoast.com\/wordpress\/plugins\/seo\/ -->\n<title>Donate to CHAV\u00d3N (Support Art Students) | CHAV\u00d3N School of Design<\/title>\n<meta name=\"description\" content=\"Donate to CHAV\u00d3N&#039;s scholarship fund and help talented students pursue careers in art and design. Multiple donation options available.\" \/>\n<meta name=\"robots\" content=\"index, follow, max-snippet:-1, max-image-preview:large, max-video-preview:-1\" \/>\n<link rel=\"canonical\" href=\"https:\/\/chavon.edu.do\/es\/donations\/\" \/>\n<meta property=\"og:locale\" content=\"es_ES\" \/>\n<meta property=\"og:type\" content=\"article\" \/>\n<meta property=\"og:title\" content=\"Donate to CHAV\u00d3N (Support Art Students) | CHAV\u00d3N School of Design\" \/>\n<meta property=\"og:description\" content=\"Donate to CHAV\u00d3N&#039;s scholarship fund and help talented students pursue careers in art and design. Multiple donation options available.\" \/>\n<meta property=\"og:url\" content=\"https:\/\/chavon.edu.do\/es\/donations\/\" \/>\n<meta property=\"og:site_name\" content=\"CHAV\u00d3N School of Design\" \/>\n<meta property=\"article:modified_time\" content=\"2025-07-02T15:16:01+00:00\" \/>\n<meta property=\"og:image\" content=\"https:\/\/chavon.edu.do\/wp-content\/uploads\/2019\/04\/photography.jpg\" \/>\n\t<meta property=\"og:image:width\" content=\"1920\" \/>\n\t<meta property=\"og:image:height\" content=\"730\" \/>\n\t<meta property=\"og:image:type\" content=\"image\/jpeg\" \/>\n<meta name=\"twitter:card\" content=\"summary_large_image\" \/>\n<meta name=\"twitter:label1\" content=\"Tiempo estimado de lectura\" \/>\n\t<meta name=\"twitter:data1\" content=\"3 minutos\" \/>\n<script type=\"application\/ld+json\" class=\"yoast-schema-graph\">{\"@context\":\"https:\/\/schema.org\",\"@graph\":[{\"@type\":\"WebPage\",\"@id\":\"https:\/\/chavon.edu.do\/donations\/\",\"url\":\"https:\/\/chavon.edu.do\/donations\/\",\"name\":\"Donate to CHAV\u00d3N (Support Art Students) | CHAV\u00d3N School of Design\",\"isPartOf\":{\"@id\":\"https:\/\/chavon.edu.do\/#website\"},\"primaryImageOfPage\":{\"@id\":\"https:\/\/chavon.edu.do\/donations\/#primaryimage\"},\"image\":{\"@id\":\"https:\/\/chavon.edu.do\/donations\/#primaryimage\"},\"thumbnailUrl\":\"https:\/\/chavon.edu.do\/wp-content\/uploads\/2019\/04\/photography.jpg\",\"datePublished\":\"2019-03-08T18:13:52+00:00\",\"dateModified\":\"2025-07-02T15:16:01+00:00\",\"description\":\"Donate to CHAV\u00d3N's scholarship fund and help talented students pursue careers in art and design. Multiple donation options available.\",\"breadcrumb\":{\"@id\":\"https:\/\/chavon.edu.do\/donations\/#breadcrumb\"},\"inLanguage\":\"es\",\"potentialAction\":[{\"@type\":\"ReadAction\",\"target\":[\"https:\/\/chavon.edu.do\/donations\/\"]}]},{\"@type\":\"ImageObject\",\"inLanguage\":\"es\",\"@id\":\"https:\/\/chavon.edu.do\/donations\/#primaryimage\",\"url\":\"https:\/\/chavon.edu.do\/wp-content\/uploads\/2019\/04\/photography.jpg\",\"contentUrl\":\"https:\/\/chavon.edu.do\/wp-content\/uploads\/2019\/04\/photography.jpg\",\"width\":1920,\"height\":730,\"caption\":\"Manuel Casatti. Film, 2019.\"},{\"@type\":\"BreadcrumbList\",\"@id\":\"https:\/\/chavon.edu.do\/donations\/#breadcrumb\",\"itemListElement\":[{\"@type\":\"ListItem\",\"position\":1,\"name\":\"Home\",\"item\":\"https:\/\/chavon.edu.do\/\"},{\"@type\":\"ListItem\",\"position\":2,\"name\":\"Donations\"}]},{\"@type\":\"WebSite\",\"@id\":\"https:\/\/chavon.edu.do\/#website\",\"url\":\"https:\/\/chavon.edu.do\/\",\"name\":\"CHAV\u00d3N School of Design\",\"description\":\"\",\"publisher\":{\"@id\":\"https:\/\/chavon.edu.do\/#organization\"},\"potentialAction\":[{\"@type\":\"SearchAction\",\"target\":{\"@type\":\"EntryPoint\",\"urlTemplate\":\"https:\/\/chavon.edu.do\/?s={search_term_string}\"},\"query-input\":{\"@type\":\"PropertyValueSpecification\",\"valueRequired\":true,\"valueName\":\"search_term_string\"}}],\"inLanguage\":\"es\"},{\"@type\":\"Organization\",\"@id\":\"https:\/\/chavon.edu.do\/#organization\",\"name\":\"Chav\u00f3n - La Escuela de Dise\u00f1o\",\"url\":\"https:\/\/chavon.edu.do\/\",\"logo\":{\"@type\":\"ImageObject\",\"inLanguage\":\"es\",\"@id\":\"https:\/\/chavon.edu.do\/#\/schema\/logo\/image\/\",\"url\":\"https:\/\/chavon.edu.do\/wp-content\/uploads\/2019\/12\/chavon.png\",\"contentUrl\":\"https:\/\/chavon.edu.do\/wp-content\/uploads\/2019\/12\/chavon.png\",\"width\":225,\"height\":225,\"caption\":\"Chav\u00f3n - La Escuela de Dise\u00f1o\"},\"image\":{\"@id\":\"https:\/\/chavon.edu.do\/#\/schema\/logo\/image\/\"}}]}<\/script>\n<!-- \/ Yoast SEO plugin. -->","yoast_head_json":{"title":"Donate to CHAV\u00d3N (Support Art Students) | CHAV\u00d3N School of Design","description":"Donate to CHAV\u00d3N's scholarship fund and help talented students pursue careers in art and design. Multiple donation options available.","robots":{"index":"index","follow":"follow","max-snippet":"max-snippet:-1","max-image-preview":"max-image-preview:large","max-video-preview":"max-video-preview:-1"},"canonical":"https:\/\/chavon.edu.do\/es\/donations\/","og_locale":"es_ES","og_type":"article","og_title":"Donate to CHAV\u00d3N (Support Art Students) | CHAV\u00d3N School of Design","og_description":"Donate to CHAV\u00d3N's scholarship fund and help talented students pursue careers in art and design. Multiple donation options available.","og_url":"https:\/\/chavon.edu.do\/es\/donations\/","og_site_name":"CHAV\u00d3N School of Design","article_modified_time":"2025-07-02T15:16:01+00:00","og_image":[{"width":1920,"height":730,"url":"https:\/\/chavon.edu.do\/wp-content\/uploads\/2019\/04\/photography.jpg","type":"image\/jpeg"}],"twitter_card":"summary_large_image","twitter_misc":{"Tiempo estimado de lectura":"3 minutos"},"schema":{"@context":"https:\/\/schema.org","@graph":[{"@type":"WebPage","@id":"https:\/\/chavon.edu.do\/donations\/","url":"https:\/\/chavon.edu.do\/donations\/","name":"Donate to CHAV\u00d3N (Support Art Students) | CHAV\u00d3N School of Design","isPartOf":{"@id":"https:\/\/chavon.edu.do\/#website"},"primaryImageOfPage":{"@id":"https:\/\/chavon.edu.do\/donations\/#primaryimage"},"image":{"@id":"https:\/\/chavon.edu.do\/donations\/#primaryimage"},"thumbnailUrl":"https:\/\/chavon.edu.do\/wp-content\/uploads\/2019\/04\/photography.jpg","datePublished":"2019-03-08T18:13:52+00:00","dateModified":"2025-07-02T15:16:01+00:00","description":"Donate to CHAV\u00d3N's scholarship fund and help talented students pursue careers in art and design. Multiple donation options available.","breadcrumb":{"@id":"https:\/\/chavon.edu.do\/donations\/#breadcrumb"},"inLanguage":"es","potentialAction":[{"@type":"ReadAction","target":["https:\/\/chavon.edu.do\/donations\/"]}]},{"@type":"ImageObject","inLanguage":"es","@id":"https:\/\/chavon.edu.do\/donations\/#primaryimage","url":"https:\/\/chavon.edu.do\/wp-content\/uploads\/2019\/04\/photography.jpg","contentUrl":"https:\/\/chavon.edu.do\/wp-content\/uploads\/2019\/04\/photography.jpg","width":1920,"height":730,"caption":"Manuel Casatti. Film, 2019."},{"@type":"BreadcrumbList","@id":"https:\/\/chavon.edu.do\/donations\/#breadcrumb","itemListElement":[{"@type":"ListItem","position":1,"name":"Home","item":"https:\/\/chavon.edu.do\/"},{"@type":"ListItem","position":2,"name":"Donations"}]},{"@type":"WebSite","@id":"https:\/\/chavon.edu.do\/#website","url":"https:\/\/chavon.edu.do\/","name":"CHAV\u00d3N La Escuela de Dise\u00f1o","description":"","publisher":{"@id":"https:\/\/chavon.edu.do\/#organization"},"potentialAction":[{"@type":"SearchAction","target":{"@type":"EntryPoint","urlTemplate":"https:\/\/chavon.edu.do\/?s={search_term_string}"},"query-input":{"@type":"PropertyValueSpecification","valueRequired":true,"valueName":"search_term_string"}}],"inLanguage":"es"},{"@type":"Organization","@id":"https:\/\/chavon.edu.do\/#organization","name":"Chav\u00f3n - La Escuela de Dise\u00f1o","url":"https:\/\/chavon.edu.do\/","logo":{"@type":"ImageObject","inLanguage":"es","@id":"https:\/\/chavon.edu.do\/#\/schema\/logo\/image\/","url":"https:\/\/chavon.edu.do\/wp-content\/uploads\/2019\/12\/chavon.png","contentUrl":"https:\/\/chavon.edu.do\/wp-content\/uploads\/2019\/12\/chavon.png","width":225,"height":225,"caption":"Chav\u00f3n - La Escuela de Dise\u00f1o"},"image":{"@id":"https:\/\/chavon.edu.do\/#\/schema\/logo\/image\/"}}]}},"_links":{"self":[{"href":"https:\/\/chavon.edu.do\/es\/wp-json\/wp\/v2\/pages\/1640","targetHints":{"allow":["GET"]}}],"collection":[{"href":"https:\/\/chavon.edu.do\/es\/wp-json\/wp\/v2\/pages"}],"about":[{"href":"https:\/\/chavon.edu.do\/es\/wp-json\/wp\/v2\/types\/page"}],"author":[{"embeddable":true,"href":"https:\/\/chavon.edu.do\/es\/wp-json\/wp\/v2\/users\/21"}],"replies":[{"embeddable":true,"href":"https:\/\/chavon.edu.do\/es\/wp-json\/wp\/v2\/comments?post=1640"}],"version-history":[{"count":22,"href":"https:\/\/chavon.edu.do\/es\/wp-json\/wp\/v2\/pages\/1640\/revisions"}],"predecessor-version":[{"id":7878,"href":"https:\/\/chavon.edu.do\/es\/wp-json\/wp\/v2\/pages\/1640\/revisions\/7878"}],"wp:featuredmedia":[{"embeddable":true,"href":"https:\/\/chavon.edu.do\/es\/wp-json\/wp\/v2\/media\/1304"}],"wp:attachment":[{"href":"https:\/\/chavon.edu.do\/es\/wp-json\/wp\/v2\/media?parent=1640"}],"curies":[{"name":"wp","href":"https:\/\/api.w.org\/{rel}","templated":true}]}}