{"id":1634,"date":"2019-02-08T22:24:07","date_gmt":"2019-02-08T22:24:07","guid":{"rendered":"http:\/\/chavon.brick.agency\/?page_id=2"},"modified":"2025-12-26T09:02:36","modified_gmt":"2025-12-26T14:02:36","slug":"home","status":"publish","type":"page","link":"https:\/\/chavon.edu.do\/es\/","title":{"rendered":"Inicio"},"content":{"rendered":"<h2 class=\"wp-block-heading\">Trabajo estudiantil destacado<\/h2>\n\n\n<div id=\"gallery-block_5cb258f3ee78e\" class=\"gallery\">\n  <div class=\"slick-sider\">\n              <div class=\"slide\">\n            <div class=\"img\" style=\"background-image:url(https:\/\/chavon.edu.do\/wp-content\/uploads\/2020\/10\/9.jpg);\"><\/div>\n            <div class=\"copy\">\n              <p class=\"title\">Grismell Ramirez. Ilustraci\u00f3n, 2020. <\/p>                          <\/div>\n          <\/div>\n                    <div class=\"slide\">\n            <div class=\"img\" style=\"background-image:url(https:\/\/chavon.edu.do\/wp-content\/uploads\/2020\/10\/3.jpg);\"><\/div>\n            <div class=\"copy\">\n              <p class=\"title\">Brianna Mej\u00eda. Dise\u00f1o de Comunicaci\u00f3n, 2020. <\/p>              <p class=\"description\">''Identidad'' Clase Espacio y Materiales.<\/p>            <\/div>\n          <\/div>\n                    <div class=\"slide\">\n            <div class=\"img\" style=\"background-image:url(https:\/\/chavon.edu.do\/wp-content\/uploads\/2020\/10\/4.jpg);\"><\/div>\n            <div class=\"copy\">\n              <p class=\"title\">Olga Modesto. Dise\u00f1o de Modas, 2020. <\/p>              <p class=\"description\">  ''Blusa'' Clase Seminario de Moda.<\/p>            <\/div>\n          <\/div>\n                    <div class=\"slide\">\n            <div class=\"img\" style=\"background-image:url(https:\/\/chavon.edu.do\/wp-content\/uploads\/2020\/02\/Espacio-y-materiales.jpg);\"><\/div>\n            <div class=\"copy\">\n              <p class=\"title\">Trabajos de estudiantes de Prime A\u00f1o de las carreras de Comunicaci\u00f3n Visual, Modas e Interiores.<\/p>              <p class=\"description\">Retratos hechos a mano en escala de grises inspirados en la t\u00e9cnica WPAP.<\/p>            <\/div>\n          <\/div>\n                    <div class=\"slide\">\n            <div class=\"img\" style=\"background-image:url(https:\/\/chavon.edu.do\/wp-content\/uploads\/2020\/10\/8.jpg);\"><\/div>\n            <div class=\"copy\">\n              <p class=\"title\">Chantal Beato. Fotograf\u00eda, 2020.<\/p>                          <\/div>\n          <\/div>\n                    <div class=\"slide\">\n            <div class=\"img\" style=\"background-image:url(https:\/\/chavon.edu.do\/wp-content\/uploads\/2020\/10\/10.jpg);\"><\/div>\n            <div class=\"copy\">\n              <p class=\"title\">Luis Ram\u00edrez. Bellas Artes, 2020.<\/p>              <p class=\"description\">''El Retrato''.<\/p>            <\/div>\n          <\/div>\n                    <div class=\"slide\">\n            <div class=\"img\" style=\"background-image:url();\"><\/div>\n            <div class=\"copy\">\n              <p class=\"title\">Ysleidy Moreta. Dise\u00f1o de interiores, 2020. <\/p>                          <\/div>\n          <\/div>\n                    <div class=\"slide\">\n            <div class=\"img\" style=\"background-image:url(https:\/\/chavon.edu.do\/wp-content\/uploads\/2019\/04\/meh.jpg);\"><\/div>\n            <div class=\"copy\">\n              <p class=\"title\">Dise\u00f1o de Modas, clase 2019.<\/p>              <p class=\"description\">Colecci\u00f3n dise\u00f1ada para IKEA, usando tela de tapicer\u00eda para una colecci\u00f3n en honor al aniversario no. 75 de IKEA. <\/p>            <\/div>\n          <\/div>\n                    <div class=\"slide\">\n            <div class=\"img\" style=\"background-image:url(https:\/\/chavon.edu.do\/wp-content\/uploads\/2019\/09\/29.-Lia-Sued.-Series-of-ilustrations-based-on-the-dominican-independence-day-carnival-used-as-the-cover-images-of-La-Cotica-national-tourims-guides-for-2017-scaled.jpg);\"><\/div>\n            <div class=\"copy\">\n              <p class=\"title\">L\u00eda Sued. Ilustraci\u00f3n, 2017.<\/p>              <p class=\"description\">Serie de ilustraciones basadas en la celebraci\u00f3n del d\u00eda de carnaval de la Rep\u00fablica Dominicana. Portadas de la Gu\u00eda Tur\u00edstica La Cotica, 2017.<\/p>            <\/div>\n          <\/div>\n                    <div class=\"slide\">\n            <div class=\"img\" style=\"background-image:url(https:\/\/chavon.edu.do\/wp-content\/uploads\/2020\/10\/7.jpg);\"><\/div>\n            <div class=\"copy\">\n              <p class=\"title\">Camila Cruz. Bellas Artes, 2020.<\/p>              <p class=\"description\">''El Retrato''.<\/p>            <\/div>\n          <\/div>\n                    <div class=\"slide\">\n            <div class=\"img\" style=\"background-image:url(https:\/\/chavon.edu.do\/wp-content\/uploads\/2019\/09\/Ana-\u00c1vila.jpg);\"><\/div>\n            <div class=\"copy\">\n              <p class=\"title\">Ana \u00c1vila. Fotograf\u00eda, 2019.<\/p>              <p class=\"description\">Proyecto de Tesis.<\/p>            <\/div>\n          <\/div>\n                    <div class=\"slide\">\n            <div class=\"img\" style=\"background-image:url(https:\/\/chavon.edu.do\/wp-content\/uploads\/2020\/10\/11.jpg);\"><\/div>\n            <div class=\"copy\">\n              <p class=\"title\">Maryan Olivares. Dise\u00f1o de Comunicaci\u00f3n, 2019. <\/p>              <p class=\"description\">Clase de Tipograf\u00eda <\/p>            <\/div>\n          <\/div>\n                    <div class=\"slide\">\n            <div class=\"img\" style=\"background-image:url(https:\/\/chavon.edu.do\/wp-content\/uploads\/2019\/09\/Gabriel-Vicente.jpg);\"><\/div>\n            <div class=\"copy\">\n              <p class=\"title\">Gabriel Vicente. Fotograf\u00eda, 2019.<\/p>              <p class=\"description\">Proyecto de Tesis.<\/p>            <\/div>\n          <\/div>\n                    <div class=\"slide\">\n            <div class=\"img\" style=\"background-image:url(https:\/\/chavon.edu.do\/wp-content\/uploads\/2020\/10\/5.jpg);\"><\/div>\n            <div class=\"copy\">\n              <p class=\"title\">Olga Modesto. Dise\u00f1o de Modas, 2020. <\/p>              <p class=\"description\">Clase de Ilustraci\u00f3n de Modas.<\/p>            <\/div>\n          <\/div>\n                    <div class=\"slide\">\n            <div class=\"img\" style=\"background-image:url(https:\/\/chavon.edu.do\/wp-content\/uploads\/2020\/10\/6.jpg);\"><\/div>\n            <div class=\"copy\">\n              <p class=\"title\">Jorge Melenciano. Ilustraci\u00f3n, 2020.<\/p>                          <\/div>\n          <\/div>\n                    <div class=\"slide\">\n            <div class=\"img\" style=\"background-image:url(https:\/\/chavon.edu.do\/wp-content\/uploads\/2020\/07\/NICOLE-LOPEZ1.jpg);\"><\/div>\n            <div class=\"copy\">\n              <p class=\"title\">Nicole L\u00f3pez. Fotograf\u00eda, 2020.<\/p>              <p class=\"description\">Proyecto: \u201cPrincipios de la Gestalt\u201d para la clase de Seminario de Estudio Integrado bajo el concepto de \u2018\u2019La Mujer Dominicana\u2019\u2019<\/p>            <\/div>\n          <\/div>\n                    <div class=\"slide\">\n            <div class=\"img\" style=\"background-image:url(https:\/\/chavon.edu.do\/wp-content\/uploads\/2020\/07\/MIJAAL2.jpg);\"><\/div>\n            <div class=\"copy\">\n              <p class=\"title\">Mijjal de la Cruz. Dise\u00f1o de Modas, 2020.<\/p>              <p class=\"description\">Ilustraciones inspiradas en Guglielmo Castelli.<\/p>            <\/div>\n          <\/div>\n            <\/div>\n<\/div>\n\n\n\n<div class=\"wp-block-media-text is-stacked-on-mobile is-vertically-aligned-center\"><figure class=\"wp-block-media-text__media\"><img loading=\"lazy\" decoding=\"async\" width=\"1024\" height=\"768\" src=\"https:\/\/chavon.edu.do\/wp-content\/uploads\/2025\/05\/estudiantes-chavon-escuela-de-diseno-1024x768.jpg\" alt=\"\" class=\"wp-image-6435 size-full\" srcset=\"https:\/\/chavon.edu.do\/wp-content\/uploads\/2025\/05\/estudiantes-chavon-escuela-de-diseno-1024x768.jpg 1024w, https:\/\/chavon.edu.do\/wp-content\/uploads\/2025\/05\/estudiantes-chavon-escuela-de-diseno-300x225.jpg 300w, https:\/\/chavon.edu.do\/wp-content\/uploads\/2025\/05\/estudiantes-chavon-escuela-de-diseno-768x576.jpg 768w, https:\/\/chavon.edu.do\/wp-content\/uploads\/2025\/05\/estudiantes-chavon-escuela-de-diseno-16x12.jpg 16w, https:\/\/chavon.edu.do\/wp-content\/uploads\/2025\/05\/estudiantes-chavon-escuela-de-diseno.jpg 1080w\" sizes=\"auto, (max-width: 1024px) 100vw, 1024px\" \/><\/figure><div class=\"wp-block-media-text__content\">\n<div style=\"height:32px\" aria-hidden=\"true\" class=\"wp-block-spacer\"><\/div>\n\n\n\n<h2 class=\"wp-block-heading\" id=\"mce_18\">Sobre la Escuela<\/h2>\n\n\n\n<p>Desde su creaci\u00f3n en 1983, la Fundaci\u00f3n Centro Cultural Altos de Chav\u00f3n naci\u00f3 con el prop\u00f3sito de brindar oportunidades educativas en arte y dise\u00f1o a personas talentosas y cultivar el arte y el dise\u00f1o como motores de transformaci\u00f3n social en la Rep\u00fablica Dominicana. De esta visi\u00f3n nace CHAV\u00d3N La Escuela de Dise\u00f1o, una instituci\u00f3n que por m\u00e1s de 40 a\u00f1os ha formado a miles de artistas y dise\u00f1adores destacados, l\u00edderes en la industria a nivel nacional e internacional.<\/p>\n\n\n\n<p>Ubicada en la Rep\u00fablica Dominicana y fundada en asociaci\u00f3n con <strong>Parsons School of Design,<\/strong> CHAV\u00d3N es un centro global de educaci\u00f3n en arte y dise\u00f1o que atrae a estudiantes de todo el mundo. Su enfoque pr\u00e1ctico, innovador y orientado al mercado, prepara a sus egresados para destacarse como profesionales, empresarios y agentes de cambio en \u00e1reas de estudio como Dise\u00f1o y Comunicaci\u00f3n, Expresiones Art\u00edsticas, Espacios y Moda, entre otros.<\/p>\n\n\n\n<p style=\"font-size:20px;font-style:normal;font-weight:500\"><a href=\"https:\/\/chavon.edu.do\/es\/about\/\">Ver M\u00e1s<\/a><\/p>\n<\/div><\/div>\n\n\n\n<div style=\"height:96px\" aria-hidden=\"true\" class=\"wp-block-spacer\"><\/div>\n\n\n\n<h2 class=\"wp-block-heading\" id=\"mce_18\">Nuestros Campus<\/h2>\n\n\n\n<div class=\"wp-block-columns has-2-columns is-layout-flex wp-container-core-columns-is-layout-9d6595d7 wp-block-columns-is-layout-flex\">\n<div class=\"wp-block-column is-layout-flow wp-block-column-is-layout-flow\">\n<figure class=\"wp-block-image\"><img loading=\"lazy\" decoding=\"async\" width=\"1000\" height=\"671\" src=\"http:\/\/chavondev.wpengine.com\/wp-content\/uploads\/2019\/04\/romana4.jpg\" alt=\"\" class=\"wp-image-1827\" srcset=\"https:\/\/chavon.edu.do\/wp-content\/uploads\/2019\/04\/romana4.jpg 1000w, https:\/\/chavon.edu.do\/wp-content\/uploads\/2019\/04\/romana4-300x201.jpg 300w, https:\/\/chavon.edu.do\/wp-content\/uploads\/2019\/04\/romana4-768x515.jpg 768w\" sizes=\"auto, (max-width: 1000px) 100vw, 1000px\" \/><figcaption class=\"wp-element-caption\"><a href=\"\/es\/gallery\/campus-la-romana\/\">Campus La Romana<\/a><\/figcaption><\/figure>\n<\/div>\n\n\n\n<div class=\"wp-block-column is-layout-flow wp-block-column-is-layout-flow\">\n<figure class=\"wp-block-image size-large\"><a href=\"\/es\/campus-santo-domingo\/\"><img loading=\"lazy\" decoding=\"async\" width=\"1000\" height=\"671\" src=\"https:\/\/chavon.local\/wp-content\/uploads\/2020\/03\/unnamed-1.jpg\" alt=\"\" class=\"wp-image-3860\" srcset=\"https:\/\/chavon.edu.do\/wp-content\/uploads\/2020\/03\/unnamed-1.jpg 1000w, https:\/\/chavon.edu.do\/wp-content\/uploads\/2020\/03\/unnamed-1-300x201.jpg 300w, https:\/\/chavon.edu.do\/wp-content\/uploads\/2020\/03\/unnamed-1-768x515.jpg 768w\" sizes=\"auto, (max-width: 1000px) 100vw, 1000px\" \/><\/a><figcaption class=\"wp-element-caption\"><a href=\"\/es\/gallery\/campus-santo-domingo\/\">Campus Santo Domingo<\/a><\/figcaption><\/figure>\n<\/div>\n<\/div>\n\n\n\n<div class=\"wp-block-columns has-2-columns is-layout-flex wp-container-core-columns-is-layout-9d6595d7 wp-block-columns-is-layout-flex\">\n<div class=\"wp-block-column is-layout-flow wp-block-column-is-layout-flow\">\n<h2 class=\"wp-block-heading\">Eventos<\/h2>\n\n\n\n<figure class=\"wp-block-image size-large\"><img loading=\"lazy\" decoding=\"async\" width=\"1000\" height=\"671\" src=\"https:\/\/chavon.edu.do\/wp-content\/uploads\/2020\/10\/222.jpg\" alt=\"\" class=\"wp-image-4305\" srcset=\"https:\/\/chavon.edu.do\/wp-content\/uploads\/2020\/10\/222.jpg 1000w, https:\/\/chavon.edu.do\/wp-content\/uploads\/2020\/10\/222-300x201.jpg 300w, https:\/\/chavon.edu.do\/wp-content\/uploads\/2020\/10\/222-768x515.jpg 768w, https:\/\/chavon.edu.do\/wp-content\/uploads\/2020\/10\/222-600x403.jpg 600w\" sizes=\"auto, (max-width: 1000px) 100vw, 1000px\" \/><figcaption class=\"wp-element-caption\"><a href=\"\/es\/event\/\">Todos los eventos<\/a><\/figcaption><\/figure>\n\n\n\n<p>&nbsp;<\/p>\n<\/div>\n\n\n\n<div class=\"wp-block-column is-layout-flow wp-block-column-is-layout-flow\">\n<h2 class=\"wp-block-heading\">Galer\u00eda<\/h2>\n\n\n\n<figure class=\"wp-block-image\"><img loading=\"lazy\" decoding=\"async\" width=\"1000\" height=\"671\" src=\"https:\/\/chavon.brick.agency\/wp-content\/uploads\/sites\/44\/2019\/04\/sculpt.jpg\" alt=\"\" class=\"wp-image-1375\" srcset=\"https:\/\/chavon.edu.do\/wp-content\/uploads\/2019\/04\/sculpt.jpg 1000w, https:\/\/chavon.edu.do\/wp-content\/uploads\/2019\/04\/sculpt-300x201.jpg 300w, https:\/\/chavon.edu.do\/wp-content\/uploads\/2019\/04\/sculpt-768x515.jpg 768w\" sizes=\"auto, (max-width: 1000px) 100vw, 1000px\" \/><figcaption class=\"wp-element-caption\"><a href=\"\/es\/gallery\/\">Galer\u00eda de fotos<\/a><\/figcaption><\/figure>\n<\/div>\n<\/div>","protected":false},"excerpt":{"rendered":"<p>Featured&nbsp;Student&nbsp;Work Our Campuses Events &nbsp; Gallery<\/p>","protected":false},"author":21,"featured_media":0,"parent":0,"menu_order":51,"comment_status":"closed","ping_status":"closed","template":"template-homepage.php","meta":{"_acf_changed":false,"footnotes":""},"class_list":["post-1634","page","type-page","status-publish","hentry"],"acf":[],"yoast_head":"<!-- This site is optimized with the Yoast SEO plugin v26.6 - https:\/\/yoast.com\/wordpress\/plugins\/seo\/ -->\n<title>Art &amp; Design Education in Dominican Republic | CHAV\u00d3N School of Design<\/title>\n<meta name=\"description\" content=\"Premier art and design school in DR affiliated with Parsons. Programs in Fine Arts, Fashion, Film, Animation &amp; Visual Communication. Apply today!\" \/>\n<meta name=\"robots\" content=\"index, follow, max-snippet:-1, max-image-preview:large, max-video-preview:-1\" \/>\n<link rel=\"canonical\" href=\"https:\/\/chavon.edu.do\/es\/\" \/>\n<meta property=\"og:locale\" content=\"es_ES\" \/>\n<meta property=\"og:type\" content=\"article\" \/>\n<meta property=\"og:title\" content=\"Art &amp; Design Education in Dominican Republic | CHAV\u00d3N School of Design\" \/>\n<meta property=\"og:description\" content=\"Premier art and design school in DR affiliated with Parsons. Programs in Fine Arts, Fashion, Film, Animation &amp; Visual Communication. Apply today!\" \/>\n<meta property=\"og:url\" content=\"https:\/\/chavon.edu.do\/es\/\" \/>\n<meta property=\"og:site_name\" content=\"CHAV\u00d3N School of Design\" \/>\n<meta property=\"article:modified_time\" content=\"2025-12-26T14:02:36+00:00\" \/>\n<meta property=\"og:image\" content=\"https:\/\/chavon.edu.do\/wp-content\/uploads\/2025\/05\/estudiantes-chavon-escuela-de-diseno.jpg\" \/>\n\t<meta property=\"og:image:width\" content=\"1080\" \/>\n\t<meta property=\"og:image:height\" content=\"810\" \/>\n\t<meta property=\"og:image:type\" content=\"image\/jpeg\" \/>\n<meta name=\"twitter:card\" content=\"summary_large_image\" \/>\n<meta name=\"twitter:label1\" content=\"Tiempo estimado de lectura\" \/>\n\t<meta name=\"twitter:data1\" content=\"2 minutos\" \/>\n<script type=\"application\/ld+json\" class=\"yoast-schema-graph\">{\"@context\":\"https:\/\/schema.org\",\"@graph\":[{\"@type\":\"WebPage\",\"@id\":\"https:\/\/chavon.edu.do\/\",\"url\":\"https:\/\/chavon.edu.do\/\",\"name\":\"Art & Design Education in Dominican Republic | CHAV\u00d3N School of Design\",\"isPartOf\":{\"@id\":\"https:\/\/chavon.edu.do\/#website\"},\"primaryImageOfPage\":{\"@id\":\"https:\/\/chavon.edu.do\/#primaryimage\"},\"image\":{\"@id\":\"https:\/\/chavon.edu.do\/#primaryimage\"},\"thumbnailUrl\":\"https:\/\/chavon.edu.do\/wp-content\/uploads\/2025\/05\/estudiantes-chavon-escuela-de-diseno-1024x768.jpg\",\"datePublished\":\"2019-02-08T22:24:07+00:00\",\"dateModified\":\"2025-12-26T14:02:36+00:00\",\"description\":\"Premier art and design school in DR affiliated with Parsons. Programs in Fine Arts, Fashion, Film, Animation & Visual Communication. Apply today!\",\"breadcrumb\":{\"@id\":\"https:\/\/chavon.edu.do\/#breadcrumb\"},\"inLanguage\":\"es\",\"potentialAction\":[{\"@type\":\"ReadAction\",\"target\":[\"https:\/\/chavon.edu.do\/\"]}]},{\"@type\":\"ImageObject\",\"inLanguage\":\"es\",\"@id\":\"https:\/\/chavon.edu.do\/#primaryimage\",\"url\":\"https:\/\/chavon.edu.do\/wp-content\/uploads\/2025\/05\/estudiantes-chavon-escuela-de-diseno-1024x768.jpg\",\"contentUrl\":\"https:\/\/chavon.edu.do\/wp-content\/uploads\/2025\/05\/estudiantes-chavon-escuela-de-diseno-1024x768.jpg\"},{\"@type\":\"BreadcrumbList\",\"@id\":\"https:\/\/chavon.edu.do\/#breadcrumb\",\"itemListElement\":[{\"@type\":\"ListItem\",\"position\":1,\"name\":\"Home\",\"item\":\"https:\/\/chavon.edu.do\/\"},{\"@type\":\"ListItem\",\"position\":2,\"name\":\"Home\"}]},{\"@type\":\"WebSite\",\"@id\":\"https:\/\/chavon.edu.do\/#website\",\"url\":\"https:\/\/chavon.edu.do\/\",\"name\":\"CHAV\u00d3N School of Design\",\"description\":\"\",\"publisher\":{\"@id\":\"https:\/\/chavon.edu.do\/#organization\"},\"potentialAction\":[{\"@type\":\"SearchAction\",\"target\":{\"@type\":\"EntryPoint\",\"urlTemplate\":\"https:\/\/chavon.edu.do\/?s={search_term_string}\"},\"query-input\":{\"@type\":\"PropertyValueSpecification\",\"valueRequired\":true,\"valueName\":\"search_term_string\"}}],\"inLanguage\":\"es\"},{\"@type\":\"Organization\",\"@id\":\"https:\/\/chavon.edu.do\/#organization\",\"name\":\"Chav\u00f3n - La Escuela de Dise\u00f1o\",\"url\":\"https:\/\/chavon.edu.do\/\",\"logo\":{\"@type\":\"ImageObject\",\"inLanguage\":\"es\",\"@id\":\"https:\/\/chavon.edu.do\/#\/schema\/logo\/image\/\",\"url\":\"https:\/\/chavon.edu.do\/wp-content\/uploads\/2019\/12\/chavon.png\",\"contentUrl\":\"https:\/\/chavon.edu.do\/wp-content\/uploads\/2019\/12\/chavon.png\",\"width\":225,\"height\":225,\"caption\":\"Chav\u00f3n - La Escuela de Dise\u00f1o\"},\"image\":{\"@id\":\"https:\/\/chavon.edu.do\/#\/schema\/logo\/image\/\"}}]}<\/script>\n<!-- \/ Yoast SEO plugin. -->","yoast_head_json":{"title":"Art & Design Education in Dominican Republic | CHAV\u00d3N School of Design","description":"Premier art and design school in DR affiliated with Parsons. Programs in Fine Arts, Fashion, Film, Animation & Visual Communication. Apply today!","robots":{"index":"index","follow":"follow","max-snippet":"max-snippet:-1","max-image-preview":"max-image-preview:large","max-video-preview":"max-video-preview:-1"},"canonical":"https:\/\/chavon.edu.do\/es\/","og_locale":"es_ES","og_type":"article","og_title":"Art & Design Education in Dominican Republic | CHAV\u00d3N School of Design","og_description":"Premier art and design school in DR affiliated with Parsons. Programs in Fine Arts, Fashion, Film, Animation & Visual Communication. Apply today!","og_url":"https:\/\/chavon.edu.do\/es\/","og_site_name":"CHAV\u00d3N School of Design","article_modified_time":"2025-12-26T14:02:36+00:00","og_image":[{"width":1080,"height":810,"url":"https:\/\/chavon.edu.do\/wp-content\/uploads\/2025\/05\/estudiantes-chavon-escuela-de-diseno.jpg","type":"image\/jpeg"}],"twitter_card":"summary_large_image","twitter_misc":{"Tiempo estimado de lectura":"2 minutos"},"schema":{"@context":"https:\/\/schema.org","@graph":[{"@type":"WebPage","@id":"https:\/\/chavon.edu.do\/","url":"https:\/\/chavon.edu.do\/","name":"Art & Design Education in Dominican Republic | CHAV\u00d3N School of Design","isPartOf":{"@id":"https:\/\/chavon.edu.do\/#website"},"primaryImageOfPage":{"@id":"https:\/\/chavon.edu.do\/#primaryimage"},"image":{"@id":"https:\/\/chavon.edu.do\/#primaryimage"},"thumbnailUrl":"https:\/\/chavon.edu.do\/wp-content\/uploads\/2025\/05\/estudiantes-chavon-escuela-de-diseno-1024x768.jpg","datePublished":"2019-02-08T22:24:07+00:00","dateModified":"2025-12-26T14:02:36+00:00","description":"Premier art and design school in DR affiliated with Parsons. Programs in Fine Arts, Fashion, Film, Animation & Visual Communication. Apply today!","breadcrumb":{"@id":"https:\/\/chavon.edu.do\/#breadcrumb"},"inLanguage":"es","potentialAction":[{"@type":"ReadAction","target":["https:\/\/chavon.edu.do\/"]}]},{"@type":"ImageObject","inLanguage":"es","@id":"https:\/\/chavon.edu.do\/#primaryimage","url":"https:\/\/chavon.edu.do\/wp-content\/uploads\/2025\/05\/estudiantes-chavon-escuela-de-diseno-1024x768.jpg","contentUrl":"https:\/\/chavon.edu.do\/wp-content\/uploads\/2025\/05\/estudiantes-chavon-escuela-de-diseno-1024x768.jpg"},{"@type":"BreadcrumbList","@id":"https:\/\/chavon.edu.do\/#breadcrumb","itemListElement":[{"@type":"ListItem","position":1,"name":"Home","item":"https:\/\/chavon.edu.do\/"},{"@type":"ListItem","position":2,"name":"Home"}]},{"@type":"WebSite","@id":"https:\/\/chavon.edu.do\/#website","url":"https:\/\/chavon.edu.do\/","name":"CHAV\u00d3N La Escuela de Dise\u00f1o","description":"","publisher":{"@id":"https:\/\/chavon.edu.do\/#organization"},"potentialAction":[{"@type":"SearchAction","target":{"@type":"EntryPoint","urlTemplate":"https:\/\/chavon.edu.do\/?s={search_term_string}"},"query-input":{"@type":"PropertyValueSpecification","valueRequired":true,"valueName":"search_term_string"}}],"inLanguage":"es"},{"@type":"Organization","@id":"https:\/\/chavon.edu.do\/#organization","name":"Chav\u00f3n - La Escuela de Dise\u00f1o","url":"https:\/\/chavon.edu.do\/","logo":{"@type":"ImageObject","inLanguage":"es","@id":"https:\/\/chavon.edu.do\/#\/schema\/logo\/image\/","url":"https:\/\/chavon.edu.do\/wp-content\/uploads\/2019\/12\/chavon.png","contentUrl":"https:\/\/chavon.edu.do\/wp-content\/uploads\/2019\/12\/chavon.png","width":225,"height":225,"caption":"Chav\u00f3n - La Escuela de Dise\u00f1o"},"image":{"@id":"https:\/\/chavon.edu.do\/#\/schema\/logo\/image\/"}}]}},"_links":{"self":[{"href":"https:\/\/chavon.edu.do\/es\/wp-json\/wp\/v2\/pages\/1634","targetHints":{"allow":["GET"]}}],"collection":[{"href":"https:\/\/chavon.edu.do\/es\/wp-json\/wp\/v2\/pages"}],"about":[{"href":"https:\/\/chavon.edu.do\/es\/wp-json\/wp\/v2\/types\/page"}],"author":[{"embeddable":true,"href":"https:\/\/chavon.edu.do\/es\/wp-json\/wp\/v2\/users\/21"}],"replies":[{"embeddable":true,"href":"https:\/\/chavon.edu.do\/es\/wp-json\/wp\/v2\/comments?post=1634"}],"version-history":[{"count":50,"href":"https:\/\/chavon.edu.do\/es\/wp-json\/wp\/v2\/pages\/1634\/revisions"}],"predecessor-version":[{"id":8003,"href":"https:\/\/chavon.edu.do\/es\/wp-json\/wp\/v2\/pages\/1634\/revisions\/8003"}],"wp:attachment":[{"href":"https:\/\/chavon.edu.do\/es\/wp-json\/wp\/v2\/media?parent=1634"}],"curies":[{"name":"wp","href":"https:\/\/api.w.org\/{rel}","templated":true}]}}