{"id":1254,"date":"2019-04-13T18:54:01","date_gmt":"2019-04-13T18:54:01","guid":{"rendered":"http:\/\/chavon.brick.agency\/?page_id=1254"},"modified":"2023-01-05T18:46:59","modified_gmt":"2023-01-05T18:46:59","slug":"diplomados","status":"publish","type":"page","link":"https:\/\/chavon.edu.do\/es\/programs\/diplomados\/","title":{"rendered":"Diplomados"},"content":{"rendered":"<p><strong>Programas de tres meses para profesionales, estudiantes avanzados y aficionados<\/strong><\/p>\n\n\n\n<p><strong>Diplomados<\/strong> son programas avanzados y se ofrecen en una variedad de disciplinas. Si eres un profesional que desea ampliar sus oportunidades profesionales, un reci\u00e9n graduado que se prepara para un empleo o un aficionado exitoso que desea ampliar el alcance de su trabajo, los Diplomados ofrecen una oportunidad de aprendizaje \u00fanica, satisfactoria y productiva.<\/p>\n\n\n\n<p>Estos programas ofrecen una participaci\u00f3n concentrada en una serie de disciplinas art\u00edsticas, de dise\u00f1o y negocio, proporcionando una experiencia que permite el desarrollo de competencias profesionales. Est\u00e1n dise\u00f1ados para estudiantes que desean expandir sus horizontes creativos y conocimientos t\u00e9cnicos mientras perfeccionan sus habilidades existentes.<\/p>\n\n\n\n<p><strong>\u00c1rea de estudio:<\/strong> <br><br>\u2022 Photography <br>\u2022 Interior Design <br>\u2022 Event Management <br>\u2022 Animation <br>\u2022 Gastro-Business <br>\u2022 Fashion Accessory Design.&nbsp;<br><br><em>Algunos de los programas no se ofrecen en todas las convocatorias.&nbsp;<\/em><\/p>\n\n\n\n<p><strong>CHAV\u00d3N ofrece varias convocatorias al a\u00f1o para el programa de diplomado:<\/strong><\/p>\n\n\n\n<p>\u2022 February \u2013 April<br>\u2022 September- December<\/p>\n\n\n\n<p class=\"small\">Las clases se imparten durante tres horas dos veces a la semana, ya sea en las noches de lunes a viernes o s\u00e1bado por la ma\u00f1ana (el horario depende de cada programa).&nbsp;<\/p>\n\n\n\n<p><strong>Registro<\/strong> est\u00e1 abierto a todos los interesados mayores de 18 a\u00f1os en funci\u00f3n del espacio disponible. No hay requisitos acad\u00e9micos o de portafolio. Sin embargo, recomendamos que los futuros estudiantes hablen con un asesor de CHAV\u00d3N para asegurarse de que el programa que elijan sea apropiado tanto para sus intereses como para el nivel actual de habilidad.&nbsp;&nbsp;<\/p>\n\n\n\n<p><strong>(Idioma de instrucci\u00f3n e informaci\u00f3n del programa en espa\u00f1ol)<\/strong><\/p>","protected":false},"excerpt":{"rendered":"<p>Three-month programs for professionals, advanced students and serious amateurs Diplomados are advanced programs and are offered in a variety of disciplines.&nbsp;&nbsp;Whether you are a professional <br \/><a class=\"read-more\" href=\"https:\/\/chavon.edu.do\/es\/programs\/diplomados\/\">+ Lee m\u00e1s<\/a><\/p>","protected":false},"author":21,"featured_media":0,"parent":1635,"menu_order":56,"comment_status":"closed","ping_status":"closed","template":"template-programs.php","meta":{"_acf_changed":false,"footnotes":""},"class_list":["post-1254","page","type-page","status-publish","hentry"],"acf":[],"yoast_head":"<!-- This site is optimized with the Yoast SEO plugin v26.6 - https:\/\/yoast.com\/wordpress\/plugins\/seo\/ -->\n<title>Diplomados | CHAV\u00d3N School of Design<\/title>\n<meta name=\"description\" content=\"CHAV\u00d3N diplomados are three-month programs for professionals, advanced students and serious amateurs.\" \/>\n<meta name=\"robots\" content=\"index, follow, max-snippet:-1, max-image-preview:large, max-video-preview:-1\" \/>\n<link rel=\"canonical\" href=\"https:\/\/chavon.edu.do\/es\/programs\/diplomados\/\" \/>\n<meta property=\"og:locale\" content=\"es_ES\" \/>\n<meta property=\"og:type\" content=\"article\" \/>\n<meta property=\"og:title\" content=\"Diplomados | CHAV\u00d3N School of Design\" \/>\n<meta property=\"og:description\" content=\"CHAV\u00d3N diplomados are three-month programs for professionals, advanced students and serious amateurs.\" \/>\n<meta property=\"og:url\" content=\"https:\/\/chavon.edu.do\/es\/programs\/diplomados\/\" \/>\n<meta property=\"og:site_name\" content=\"CHAV\u00d3N School of Design\" \/>\n<meta property=\"article:modified_time\" content=\"2023-01-05T18:46:59+00:00\" \/>\n<meta name=\"twitter:card\" content=\"summary_large_image\" \/>\n<meta name=\"twitter:label1\" content=\"Tiempo estimado de lectura\" \/>\n\t<meta name=\"twitter:data1\" content=\"2 minutos\" \/>\n<script type=\"application\/ld+json\" class=\"yoast-schema-graph\">{\"@context\":\"https:\/\/schema.org\",\"@graph\":[{\"@type\":\"WebPage\",\"@id\":\"https:\/\/chavon.edu.do\/programs\/diplomados\/\",\"url\":\"https:\/\/chavon.edu.do\/programs\/diplomados\/\",\"name\":\"Diplomados | CHAV\u00d3N School of Design\",\"isPartOf\":{\"@id\":\"https:\/\/chavon.edu.do\/#website\"},\"datePublished\":\"2019-04-13T18:54:01+00:00\",\"dateModified\":\"2023-01-05T18:46:59+00:00\",\"description\":\"CHAV\u00d3N diplomados are three-month programs for professionals, advanced students and serious amateurs.\",\"breadcrumb\":{\"@id\":\"https:\/\/chavon.edu.do\/programs\/diplomados\/#breadcrumb\"},\"inLanguage\":\"es\",\"potentialAction\":[{\"@type\":\"ReadAction\",\"target\":[\"https:\/\/chavon.edu.do\/programs\/diplomados\/\"]}]},{\"@type\":\"BreadcrumbList\",\"@id\":\"https:\/\/chavon.edu.do\/programs\/diplomados\/#breadcrumb\",\"itemListElement\":[{\"@type\":\"ListItem\",\"position\":1,\"name\":\"Home\",\"item\":\"https:\/\/chavon.edu.do\/\"},{\"@type\":\"ListItem\",\"position\":2,\"name\":\"Programs\",\"item\":\"https:\/\/chavon.edu.do\/es\/programs\/\"},{\"@type\":\"ListItem\",\"position\":3,\"name\":\"Diplomados\"}]},{\"@type\":\"WebSite\",\"@id\":\"https:\/\/chavon.edu.do\/#website\",\"url\":\"https:\/\/chavon.edu.do\/\",\"name\":\"CHAV\u00d3N School of Design\",\"description\":\"\",\"publisher\":{\"@id\":\"https:\/\/chavon.edu.do\/#organization\"},\"potentialAction\":[{\"@type\":\"SearchAction\",\"target\":{\"@type\":\"EntryPoint\",\"urlTemplate\":\"https:\/\/chavon.edu.do\/?s={search_term_string}\"},\"query-input\":{\"@type\":\"PropertyValueSpecification\",\"valueRequired\":true,\"valueName\":\"search_term_string\"}}],\"inLanguage\":\"es\"},{\"@type\":\"Organization\",\"@id\":\"https:\/\/chavon.edu.do\/#organization\",\"name\":\"Chav\u00f3n - La Escuela de Dise\u00f1o\",\"url\":\"https:\/\/chavon.edu.do\/\",\"logo\":{\"@type\":\"ImageObject\",\"inLanguage\":\"es\",\"@id\":\"https:\/\/chavon.edu.do\/#\/schema\/logo\/image\/\",\"url\":\"https:\/\/chavon.edu.do\/wp-content\/uploads\/2019\/12\/chavon.png\",\"contentUrl\":\"https:\/\/chavon.edu.do\/wp-content\/uploads\/2019\/12\/chavon.png\",\"width\":225,\"height\":225,\"caption\":\"Chav\u00f3n - La Escuela de Dise\u00f1o\"},\"image\":{\"@id\":\"https:\/\/chavon.edu.do\/#\/schema\/logo\/image\/\"}}]}<\/script>\n<!-- \/ Yoast SEO plugin. -->","yoast_head_json":{"title":"Diplomados | CHAV\u00d3N School of Design","description":"CHAV\u00d3N diplomados are three-month programs for professionals, advanced students and serious amateurs.","robots":{"index":"index","follow":"follow","max-snippet":"max-snippet:-1","max-image-preview":"max-image-preview:large","max-video-preview":"max-video-preview:-1"},"canonical":"https:\/\/chavon.edu.do\/es\/programs\/diplomados\/","og_locale":"es_ES","og_type":"article","og_title":"Diplomados | CHAV\u00d3N School of Design","og_description":"CHAV\u00d3N diplomados are three-month programs for professionals, advanced students and serious amateurs.","og_url":"https:\/\/chavon.edu.do\/es\/programs\/diplomados\/","og_site_name":"CHAV\u00d3N School of Design","article_modified_time":"2023-01-05T18:46:59+00:00","twitter_card":"summary_large_image","twitter_misc":{"Tiempo estimado de lectura":"2 minutos"},"schema":{"@context":"https:\/\/schema.org","@graph":[{"@type":"WebPage","@id":"https:\/\/chavon.edu.do\/programs\/diplomados\/","url":"https:\/\/chavon.edu.do\/programs\/diplomados\/","name":"Diplomados | CHAV\u00d3N School of Design","isPartOf":{"@id":"https:\/\/chavon.edu.do\/#website"},"datePublished":"2019-04-13T18:54:01+00:00","dateModified":"2023-01-05T18:46:59+00:00","description":"CHAV\u00d3N diplomados are three-month programs for professionals, advanced students and serious amateurs.","breadcrumb":{"@id":"https:\/\/chavon.edu.do\/programs\/diplomados\/#breadcrumb"},"inLanguage":"es","potentialAction":[{"@type":"ReadAction","target":["https:\/\/chavon.edu.do\/programs\/diplomados\/"]}]},{"@type":"BreadcrumbList","@id":"https:\/\/chavon.edu.do\/programs\/diplomados\/#breadcrumb","itemListElement":[{"@type":"ListItem","position":1,"name":"Home","item":"https:\/\/chavon.edu.do\/"},{"@type":"ListItem","position":2,"name":"Programs","item":"https:\/\/chavon.edu.do\/es\/programs\/"},{"@type":"ListItem","position":3,"name":"Diplomados"}]},{"@type":"WebSite","@id":"https:\/\/chavon.edu.do\/#website","url":"https:\/\/chavon.edu.do\/","name":"CHAV\u00d3N La Escuela de Dise\u00f1o","description":"","publisher":{"@id":"https:\/\/chavon.edu.do\/#organization"},"potentialAction":[{"@type":"SearchAction","target":{"@type":"EntryPoint","urlTemplate":"https:\/\/chavon.edu.do\/?s={search_term_string}"},"query-input":{"@type":"PropertyValueSpecification","valueRequired":true,"valueName":"search_term_string"}}],"inLanguage":"es"},{"@type":"Organization","@id":"https:\/\/chavon.edu.do\/#organization","name":"Chav\u00f3n - La Escuela de Dise\u00f1o","url":"https:\/\/chavon.edu.do\/","logo":{"@type":"ImageObject","inLanguage":"es","@id":"https:\/\/chavon.edu.do\/#\/schema\/logo\/image\/","url":"https:\/\/chavon.edu.do\/wp-content\/uploads\/2019\/12\/chavon.png","contentUrl":"https:\/\/chavon.edu.do\/wp-content\/uploads\/2019\/12\/chavon.png","width":225,"height":225,"caption":"Chav\u00f3n - La Escuela de Dise\u00f1o"},"image":{"@id":"https:\/\/chavon.edu.do\/#\/schema\/logo\/image\/"}}]}},"_links":{"self":[{"href":"https:\/\/chavon.edu.do\/es\/wp-json\/wp\/v2\/pages\/1254","targetHints":{"allow":["GET"]}}],"collection":[{"href":"https:\/\/chavon.edu.do\/es\/wp-json\/wp\/v2\/pages"}],"about":[{"href":"https:\/\/chavon.edu.do\/es\/wp-json\/wp\/v2\/types\/page"}],"author":[{"embeddable":true,"href":"https:\/\/chavon.edu.do\/es\/wp-json\/wp\/v2\/users\/21"}],"replies":[{"embeddable":true,"href":"https:\/\/chavon.edu.do\/es\/wp-json\/wp\/v2\/comments?post=1254"}],"version-history":[{"count":0,"href":"https:\/\/chavon.edu.do\/es\/wp-json\/wp\/v2\/pages\/1254\/revisions"}],"up":[{"embeddable":true,"href":"https:\/\/chavon.edu.do\/es\/wp-json\/wp\/v2\/pages\/1635"}],"wp:attachment":[{"href":"https:\/\/chavon.edu.do\/es\/wp-json\/wp\/v2\/media?parent=1254"}],"curies":[{"name":"wp","href":"https:\/\/api.w.org\/{rel}","templated":true}]}}