{"id":122,"date":"2019-03-08T18:14:11","date_gmt":"2019-03-08T18:14:11","guid":{"rendered":"http:\/\/chavon.brick.agency\/?page_id=122"},"modified":"2025-06-10T18:53:55","modified_gmt":"2025-06-10T22:53:55","slug":"careers-alumn","status":"publish","type":"page","link":"https:\/\/chavon.edu.do\/es\/careers-alumn\/","title":{"rendered":"Egresados"},"content":{"rendered":"<h1 class=\"wp-block-heading bottom-line\">Carreras y Egresados<\/h1>\n\n\n\n<div style=\"height:32px\" aria-hidden=\"true\" class=\"wp-block-spacer\"><\/div>\n\n\n\n<h6 class=\"wp-block-heading\">  &nbsp;<\/h6>\n\n\n\n<p class=\"medium\">Desde 1983, CHAV\u00d3N ha graduado a m\u00e1s de 2,000 estudiantes de las Carreras T\u00e9cnicas. A lo largo de los a\u00f1os, nuestros graduados, que provienen\nde todo el mundo, han demostrado que una s\u00f3lida formaci\u00f3n en el \u00e1rea de dise\u00f1o,\njunto con un \u00e9nfasis en el desarrollo industrial, es una excelente f\u00f3rmula para una\ncolocaci\u00f3n profesional exitosa. Muchos de estos j\u00f3venes han llegado a ocupar cargos\ndestacados en las \u00e1reas de artes visuales y dise\u00f1o en los Estados Unidos, Am\u00e9rica\nLatina y Europa, as\u00ed como tambi\u00e9n en la Rep\u00fablica Dominicana.<\/p>\n\n\n\n<p class=\"medium\">La lista de graduados de CHAV\u00d3N es extensa, y sus logros en los campos de la moda,\nel dise\u00f1o gr\u00e1fico, las bellas artes, la ilustraci\u00f3n y el dise\u00f1o de interiores son\nimpresionantes, tanto por su calidad como por su cantidad. Nuestros graduados han\nasumido cargos de liderazgo en empresas dominicanas e internacionales como\nGuess, DKNY, The Gap, Ralph Lauren, Victoria\u2019s Secret, Reebok, la revista Interior\nDesign, Anne Klein, Grupo M, McCann Erickson, List\u00edn Diario y Young &amp; Rubicam.\nTambi\u00e9n han realizado trabajos de ilustraci\u00f3n y dise\u00f1o para People, The New York\nTimes y The Village Voice, entre otras publicaciones.<\/p>\n\n\n\n<p class=\"medium\">Los graduados de CHAV\u00d3N han trabajado como directores de arte en revistas y\nperi\u00f3dicos. Han establecido empresas en el mundo de la moda en las que dise\u00f1an\nuniformes, l\u00edneas de ropa innovadoras, alta costura y accesorios. Algunos se han\nespecializado en dise\u00f1o de productos, y otros han ganado premios en bienales de\narte y han obtenido prestigiosos honores internacionales por la ilustraci\u00f3n de libros y\nel dise\u00f1o de publicidad comercial. Han continuado con emocionantes carreras\nprofesionales, exponiendo su trabajo en las principales galer\u00edas y museos, ocupando puestos creativos en algunas de las empresas m\u00e1s importantes del mundo, creando\nsus propios negocios y ense\u00f1ando en instituciones de renombre mundial.<\/p>","protected":false},"excerpt":{"rendered":"<p>Careers &amp; Alumni &nbsp; Since 1983, CHAV\u00d3N has graduated more than 2,000 students in its two-year college-level programs. Over the years our graduates, who come <br \/><a class=\"read-more\" href=\"https:\/\/chavon.edu.do\/es\/careers-alumn\/\">+ Lee m\u00e1s<\/a><\/p>","protected":false},"author":21,"featured_media":0,"parent":0,"menu_order":46,"comment_status":"closed","ping_status":"closed","template":"template-careers-alumni.php","meta":{"_acf_changed":false,"footnotes":""},"class_list":["post-122","page","type-page","status-publish","hentry"],"acf":[],"yoast_head":"<!-- This site is optimized with the Yoast SEO plugin v26.6 - https:\/\/yoast.com\/wordpress\/plugins\/seo\/ -->\n<title>Alumni | CHAV\u00d3N School of Design<\/title>\n<meta name=\"description\" content=\"CHAV\u00d3N alumni come from around the world and demonstrate solid training in the area of design with an emphasis on industrial development.\" \/>\n<meta name=\"robots\" content=\"index, follow, max-snippet:-1, max-image-preview:large, max-video-preview:-1\" \/>\n<link rel=\"canonical\" href=\"https:\/\/chavon.edu.do\/es\/careers-alumn\/\" \/>\n<meta property=\"og:locale\" content=\"es_ES\" \/>\n<meta property=\"og:type\" content=\"article\" \/>\n<meta property=\"og:title\" content=\"Alumni | CHAV\u00d3N School of Design\" \/>\n<meta property=\"og:description\" content=\"CHAV\u00d3N alumni come from around the world and demonstrate solid training in the area of design with an emphasis on industrial development.\" \/>\n<meta property=\"og:url\" content=\"https:\/\/chavon.edu.do\/es\/careers-alumn\/\" \/>\n<meta property=\"og:site_name\" content=\"CHAV\u00d3N School of Design\" \/>\n<meta property=\"article:modified_time\" content=\"2025-06-10T22:53:55+00:00\" \/>\n<meta name=\"twitter:card\" content=\"summary_large_image\" \/>\n<meta name=\"twitter:label1\" content=\"Tiempo estimado de lectura\" \/>\n\t<meta name=\"twitter:data1\" content=\"2 minutos\" \/>\n<script type=\"application\/ld+json\" class=\"yoast-schema-graph\">{\"@context\":\"https:\/\/schema.org\",\"@graph\":[{\"@type\":\"WebPage\",\"@id\":\"https:\/\/chavon.edu.do\/careers-alumn\/\",\"url\":\"https:\/\/chavon.edu.do\/careers-alumn\/\",\"name\":\"Alumni | CHAV\u00d3N School of Design\",\"isPartOf\":{\"@id\":\"https:\/\/chavon.edu.do\/#website\"},\"datePublished\":\"2019-03-08T18:14:11+00:00\",\"dateModified\":\"2025-06-10T22:53:55+00:00\",\"description\":\"CHAV\u00d3N alumni come from around the world and demonstrate solid training in the area of design with an emphasis on industrial development.\",\"breadcrumb\":{\"@id\":\"https:\/\/chavon.edu.do\/careers-alumn\/#breadcrumb\"},\"inLanguage\":\"es\",\"potentialAction\":[{\"@type\":\"ReadAction\",\"target\":[\"https:\/\/chavon.edu.do\/careers-alumn\/\"]}]},{\"@type\":\"BreadcrumbList\",\"@id\":\"https:\/\/chavon.edu.do\/careers-alumn\/#breadcrumb\",\"itemListElement\":[{\"@type\":\"ListItem\",\"position\":1,\"name\":\"Home\",\"item\":\"https:\/\/chavon.edu.do\/\"},{\"@type\":\"ListItem\",\"position\":2,\"name\":\"Alumni\"}]},{\"@type\":\"WebSite\",\"@id\":\"https:\/\/chavon.edu.do\/#website\",\"url\":\"https:\/\/chavon.edu.do\/\",\"name\":\"CHAV\u00d3N School of Design\",\"description\":\"\",\"publisher\":{\"@id\":\"https:\/\/chavon.edu.do\/#organization\"},\"potentialAction\":[{\"@type\":\"SearchAction\",\"target\":{\"@type\":\"EntryPoint\",\"urlTemplate\":\"https:\/\/chavon.edu.do\/?s={search_term_string}\"},\"query-input\":{\"@type\":\"PropertyValueSpecification\",\"valueRequired\":true,\"valueName\":\"search_term_string\"}}],\"inLanguage\":\"es\"},{\"@type\":\"Organization\",\"@id\":\"https:\/\/chavon.edu.do\/#organization\",\"name\":\"Chav\u00f3n - La Escuela de Dise\u00f1o\",\"url\":\"https:\/\/chavon.edu.do\/\",\"logo\":{\"@type\":\"ImageObject\",\"inLanguage\":\"es\",\"@id\":\"https:\/\/chavon.edu.do\/#\/schema\/logo\/image\/\",\"url\":\"https:\/\/chavon.edu.do\/wp-content\/uploads\/2019\/12\/chavon.png\",\"contentUrl\":\"https:\/\/chavon.edu.do\/wp-content\/uploads\/2019\/12\/chavon.png\",\"width\":225,\"height\":225,\"caption\":\"Chav\u00f3n - La Escuela de Dise\u00f1o\"},\"image\":{\"@id\":\"https:\/\/chavon.edu.do\/#\/schema\/logo\/image\/\"}}]}<\/script>\n<!-- \/ Yoast SEO plugin. -->","yoast_head_json":{"title":"Alumni | CHAV\u00d3N School of Design","description":"CHAV\u00d3N alumni come from around the world and demonstrate solid training in the area of design with an emphasis on industrial development.","robots":{"index":"index","follow":"follow","max-snippet":"max-snippet:-1","max-image-preview":"max-image-preview:large","max-video-preview":"max-video-preview:-1"},"canonical":"https:\/\/chavon.edu.do\/es\/careers-alumn\/","og_locale":"es_ES","og_type":"article","og_title":"Alumni | CHAV\u00d3N School of Design","og_description":"CHAV\u00d3N alumni come from around the world and demonstrate solid training in the area of design with an emphasis on industrial development.","og_url":"https:\/\/chavon.edu.do\/es\/careers-alumn\/","og_site_name":"CHAV\u00d3N School of Design","article_modified_time":"2025-06-10T22:53:55+00:00","twitter_card":"summary_large_image","twitter_misc":{"Tiempo estimado de lectura":"2 minutos"},"schema":{"@context":"https:\/\/schema.org","@graph":[{"@type":"WebPage","@id":"https:\/\/chavon.edu.do\/careers-alumn\/","url":"https:\/\/chavon.edu.do\/careers-alumn\/","name":"Alumni | CHAV\u00d3N School of Design","isPartOf":{"@id":"https:\/\/chavon.edu.do\/#website"},"datePublished":"2019-03-08T18:14:11+00:00","dateModified":"2025-06-10T22:53:55+00:00","description":"CHAV\u00d3N alumni come from around the world and demonstrate solid training in the area of design with an emphasis on industrial development.","breadcrumb":{"@id":"https:\/\/chavon.edu.do\/careers-alumn\/#breadcrumb"},"inLanguage":"es","potentialAction":[{"@type":"ReadAction","target":["https:\/\/chavon.edu.do\/careers-alumn\/"]}]},{"@type":"BreadcrumbList","@id":"https:\/\/chavon.edu.do\/careers-alumn\/#breadcrumb","itemListElement":[{"@type":"ListItem","position":1,"name":"Home","item":"https:\/\/chavon.edu.do\/"},{"@type":"ListItem","position":2,"name":"Alumni"}]},{"@type":"WebSite","@id":"https:\/\/chavon.edu.do\/#website","url":"https:\/\/chavon.edu.do\/","name":"CHAV\u00d3N La Escuela de Dise\u00f1o","description":"","publisher":{"@id":"https:\/\/chavon.edu.do\/#organization"},"potentialAction":[{"@type":"SearchAction","target":{"@type":"EntryPoint","urlTemplate":"https:\/\/chavon.edu.do\/?s={search_term_string}"},"query-input":{"@type":"PropertyValueSpecification","valueRequired":true,"valueName":"search_term_string"}}],"inLanguage":"es"},{"@type":"Organization","@id":"https:\/\/chavon.edu.do\/#organization","name":"Chav\u00f3n - La Escuela de Dise\u00f1o","url":"https:\/\/chavon.edu.do\/","logo":{"@type":"ImageObject","inLanguage":"es","@id":"https:\/\/chavon.edu.do\/#\/schema\/logo\/image\/","url":"https:\/\/chavon.edu.do\/wp-content\/uploads\/2019\/12\/chavon.png","contentUrl":"https:\/\/chavon.edu.do\/wp-content\/uploads\/2019\/12\/chavon.png","width":225,"height":225,"caption":"Chav\u00f3n - La Escuela de Dise\u00f1o"},"image":{"@id":"https:\/\/chavon.edu.do\/#\/schema\/logo\/image\/"}}]}},"_links":{"self":[{"href":"https:\/\/chavon.edu.do\/es\/wp-json\/wp\/v2\/pages\/122","targetHints":{"allow":["GET"]}}],"collection":[{"href":"https:\/\/chavon.edu.do\/es\/wp-json\/wp\/v2\/pages"}],"about":[{"href":"https:\/\/chavon.edu.do\/es\/wp-json\/wp\/v2\/types\/page"}],"author":[{"embeddable":true,"href":"https:\/\/chavon.edu.do\/es\/wp-json\/wp\/v2\/users\/21"}],"replies":[{"embeddable":true,"href":"https:\/\/chavon.edu.do\/es\/wp-json\/wp\/v2\/comments?post=122"}],"version-history":[{"count":2,"href":"https:\/\/chavon.edu.do\/es\/wp-json\/wp\/v2\/pages\/122\/revisions"}],"predecessor-version":[{"id":7350,"href":"https:\/\/chavon.edu.do\/es\/wp-json\/wp\/v2\/pages\/122\/revisions\/7350"}],"wp:attachment":[{"href":"https:\/\/chavon.edu.do\/es\/wp-json\/wp\/v2\/media?parent=122"}],"curies":[{"name":"wp","href":"https:\/\/api.w.org\/{rel}","templated":true}]}}