{"id":7887,"date":"2025-07-11T12:20:04","date_gmt":"2025-07-11T16:20:04","guid":{"rendered":"https:\/\/chavon.edu.do\/?page_id=7887"},"modified":"2025-07-11T12:57:05","modified_gmt":"2025-07-11T16:57:05","slug":"privacy-policy","status":"publish","type":"page","link":"https:\/\/chavon.edu.do\/en\/privacy-policy\/","title":{"rendered":"Privacy Policy"},"content":{"rendered":"\n<h1 class=\"wp-block-heading bottom-line\">Privacy Policy<\/h1>\n\n\n\n<div style=\"height:32px\" aria-hidden=\"true\" class=\"wp-block-spacer\"><\/div>\n\n\n\n<p class=\"has-medium-font-size\">In accordance with the current legislation of the Dominican Republic, as well as international regulations on the protection of Personal Data, <strong>CHAV\u00d3N<\/strong> La Escuela de Dise\u00f1o is committed to protecting the privacy of Personal Data collected through its digital channels. We guarantee that such data will be used exclusively for the purpose of providing quality service, understanding the needs of our users, as detailed in this Privacy Policy.<\/p>\n\n\n\n<p class=\"has-medium-font-size\"><strong>\u201cPersonal Data\u201d<\/strong> refers to any information related to natural persons that allows their identification or makes them identifiable. <strong>\u201cSensitive Data\u201d<\/strong> are those that affect the intimate sphere of the holder or whose improper use may generate discrimination or significant risks to his person.<\/p>\n\n\n\n<p class=\"has-medium-font-size\"><strong>CHAV\u00d3N<\/strong> La Escuela de Dise\u00f1o agrees not to sell or share, in whole or in part, the information referred to above. Personal Data will only be disclosed if so required by a competent authority in exercise of its legal powers. In all other cases, such data will be used exclusively for the purposes set forth in this policy, with the express consent of the owner.<\/p>\n\n\n\n<p class=\"has-medium-font-size\">The information collected will be used only for administrative, academic, informational and institutional management purposes, as well as to answer inquiries, process enrollment forms, contact or application for admission.<\/p>\n\n\n\n<p class=\"has-medium-font-size\">Our <strong>Mission<\/strong> is to protect the right to privacy of the personal data of our graduates, students, applicants, visitors and collaborators, in compliance with the applicable regulations on personal data protection.<\/p>\n\n\n\n<p class=\"has-medium-font-size\">Our <strong>Vision<\/strong> is to maintain the public&#8217;s trust through responsible practices in the collection, storage, use, processing and eventual transfer of the Personal Data provided.<\/p>\n\n\n\n<p class=\"has-medium-font-size\">By accepting this Privacy Policy, you give your free, informed and express consent to <strong>CHAV\u00d3N<\/strong> La Escuela de Dise\u00f1o for the collection, use, storage, processing and eventual transfer of your Personal Data and\/or those of other owners who have authorized it, in order to ensure the provision of educational and institutional services offered and meet the objectives detailed in this document.<\/p>\n\n\n\n<p class=\"has-medium-font-size\">We collect information from our users through the following means available on our website:<\/p>\n\n\n\n<ul class=\"wp-block-list has-medium-font-size\">\n<li>Contact forms for general inquiries.<\/li>\n\n\n\n<li>Online application forms for academic programs.<\/li>\n\n\n\n<li>Data provided during enrollment or information request processes.<\/li>\n<\/ul>\n\n\n\n<p class=\"has-medium-font-size\">The types of Personal Data that may be collected include:<\/p>\n\n\n\n<ul class=\"wp-block-list has-medium-font-size\">\n<li>First and last name.<\/li>\n\n\n\n<li>Age.<\/li>\n\n\n\n<li>E-mail address.<\/li>\n\n\n\n<li>Contact telephone number.<\/li>\n\n\n\n<li>Any other information voluntarily provided by the user when filling out forms.<\/li>\n<\/ul>\n\n\n\n<p class=\"has-medium-font-size\">This information will be used for purposes such as:<\/p>\n\n\n\n<ul class=\"wp-block-list has-medium-font-size\">\n<li>Processing of enrollment and admission applications.<\/li>\n\n\n\n<li>Academic and administrative management.<\/li>\n\n\n\n<li>Responding to inquiries or requests for information.<\/li>\n\n\n\n<li>Institutional communication about programs, events or services related to the School.<\/li>\n<\/ul>\n\n\n\n<p class=\"has-medium-font-size\">We are committed to protecting personal information through reasonable physical, administrative and technical security measures designed to prevent unauthorized access, alteration or loss. Access to data is restricted to authorized personnel only.<\/p>\n\n\n\n<p class=\"has-medium-font-size\">For any questions related to the Personal Data collected by Altos de Chav\u00f3n School of Design, as well as to exercise their rights of access, rectification, cancellation or opposition (ARCO), users may contact us by the following means:<\/p>\n\n\n\n<p class=\"has-medium-font-size\"><strong>Dominican Republic<\/strong><br><strong>E-mail:<\/strong> <a href=\"mailto:info@chavon.edu.do\">info@chavon.edu.do<\/a><br><strong>Physical address:<\/strong> Paseo de los Aviadores Street, No. 5, Ensanche Miraflores, Santo Domingo, Dominican Republic.<br><strong>Phone:<\/strong> +1 (809) 563-2802<br><strong>Contact form:<\/strong> <a href=\"https:\/\/chavon.edu.do\/contacto\/\">https:\/\/chavon.edu.do\/contacto\/<\/a><\/p>\n\n\n\n<div style=\"height:32px\" aria-hidden=\"true\" class=\"wp-block-spacer top-line\"><\/div>\n\n\n\n<p class=\"has-medium-font-size\">Our Privacy Policy is periodically reviewed and updated. Any modifications will be posted on our official website. This Privacy Policy was last updated on June 11, 2025.<\/p>\n\n\n\n<p class=\"has-medium-font-size\">For more information, users can visit our corporate website: <a href=\"https:\/\/chavon.edu.do\">https:\/\/chavon.edu.do<\/a><\/p>\n","protected":false},"excerpt":{"rendered":"<p>Privacy Policy In accordance with the current legislation of the Dominican Republic, as well as international regulations on the protection of Personal Data, CHAV\u00d3N La <br \/><a class=\"read-more\" href=\"https:\/\/chavon.edu.do\/en\/privacy-policy\/\">+ Read more<\/a><\/p>\n","protected":false},"author":21,"featured_media":0,"parent":0,"menu_order":0,"comment_status":"closed","ping_status":"closed","template":"","meta":{"_acf_changed":false,"footnotes":""},"class_list":["post-7887","page","type-page","status-publish","hentry"],"acf":[],"yoast_head":"<!-- This site is optimized with the Yoast SEO plugin v26.6 - https:\/\/yoast.com\/wordpress\/plugins\/seo\/ -->\n<title>Privacy Policy | CHAV\u00d3N School of Design<\/title>\n<meta name=\"description\" content=\"CHAV\u00d3N - La Escuela de Dise\u00f1o - is a global art center educating students throughout Latin America and Caribbean in art, fashion, film and graphic design.\" \/>\n<meta name=\"robots\" content=\"index, follow, max-snippet:-1, max-image-preview:large, max-video-preview:-1\" \/>\n<link rel=\"canonical\" href=\"https:\/\/chavon.edu.do\/en\/privacy-policy\/\" \/>\n<meta property=\"og:locale\" content=\"en_US\" \/>\n<meta property=\"og:type\" content=\"article\" \/>\n<meta property=\"og:title\" content=\"Privacy Policy | CHAV\u00d3N School of Design\" \/>\n<meta property=\"og:description\" content=\"CHAV\u00d3N - La Escuela de Dise\u00f1o - is a global art center educating students throughout Latin America and Caribbean in art, fashion, film and graphic design.\" \/>\n<meta property=\"og:url\" content=\"https:\/\/chavon.edu.do\/en\/privacy-policy\/\" \/>\n<meta property=\"og:site_name\" content=\"CHAV\u00d3N School of Design\" \/>\n<meta property=\"article:modified_time\" content=\"2025-07-11T16:57:05+00:00\" \/>\n<meta name=\"twitter:card\" content=\"summary_large_image\" \/>\n<meta name=\"twitter:label1\" content=\"Est. reading time\" \/>\n\t<meta name=\"twitter:data1\" content=\"3 minutes\" \/>\n<script type=\"application\/ld+json\" class=\"yoast-schema-graph\">{\"@context\":\"https:\/\/schema.org\",\"@graph\":[{\"@type\":\"WebPage\",\"@id\":\"https:\/\/chavon.edu.do\/privacy-policy\/\",\"url\":\"https:\/\/chavon.edu.do\/privacy-policy\/\",\"name\":\"Privacy Policy | CHAV\u00d3N School of Design\",\"isPartOf\":{\"@id\":\"https:\/\/chavon.edu.do\/#website\"},\"datePublished\":\"2025-07-11T16:20:04+00:00\",\"dateModified\":\"2025-07-11T16:57:05+00:00\",\"description\":\"CHAV\u00d3N - La Escuela de Dise\u00f1o - is a global art center educating students throughout Latin America and Caribbean in art, fashion, film and graphic design.\",\"breadcrumb\":{\"@id\":\"https:\/\/chavon.edu.do\/privacy-policy\/#breadcrumb\"},\"inLanguage\":\"en-US\",\"potentialAction\":[{\"@type\":\"ReadAction\",\"target\":[\"https:\/\/chavon.edu.do\/privacy-policy\/\"]}]},{\"@type\":\"BreadcrumbList\",\"@id\":\"https:\/\/chavon.edu.do\/privacy-policy\/#breadcrumb\",\"itemListElement\":[{\"@type\":\"ListItem\",\"position\":1,\"name\":\"Home\",\"item\":\"https:\/\/chavon.edu.do\/\"},{\"@type\":\"ListItem\",\"position\":2,\"name\":\"Privacy Policy\"}]},{\"@type\":\"WebSite\",\"@id\":\"https:\/\/chavon.edu.do\/#website\",\"url\":\"https:\/\/chavon.edu.do\/\",\"name\":\"CHAV\u00d3N School of Design\",\"description\":\"\",\"publisher\":{\"@id\":\"https:\/\/chavon.edu.do\/#organization\"},\"potentialAction\":[{\"@type\":\"SearchAction\",\"target\":{\"@type\":\"EntryPoint\",\"urlTemplate\":\"https:\/\/chavon.edu.do\/?s={search_term_string}\"},\"query-input\":{\"@type\":\"PropertyValueSpecification\",\"valueRequired\":true,\"valueName\":\"search_term_string\"}}],\"inLanguage\":\"en-US\"},{\"@type\":\"Organization\",\"@id\":\"https:\/\/chavon.edu.do\/#organization\",\"name\":\"Chav\u00f3n - La Escuela de Dise\u00f1o\",\"url\":\"https:\/\/chavon.edu.do\/\",\"logo\":{\"@type\":\"ImageObject\",\"inLanguage\":\"en-US\",\"@id\":\"https:\/\/chavon.edu.do\/#\/schema\/logo\/image\/\",\"url\":\"https:\/\/chavon.edu.do\/wp-content\/uploads\/2019\/12\/chavon.png\",\"contentUrl\":\"https:\/\/chavon.edu.do\/wp-content\/uploads\/2019\/12\/chavon.png\",\"width\":225,\"height\":225,\"caption\":\"Chav\u00f3n - La Escuela de Dise\u00f1o\"},\"image\":{\"@id\":\"https:\/\/chavon.edu.do\/#\/schema\/logo\/image\/\"}}]}<\/script>\n<!-- \/ Yoast SEO plugin. -->","yoast_head_json":{"title":"Privacy Policy | CHAV\u00d3N School of Design","description":"CHAV\u00d3N - La Escuela de Dise\u00f1o - is a global art center educating students throughout Latin America and Caribbean in art, fashion, film and graphic design.","robots":{"index":"index","follow":"follow","max-snippet":"max-snippet:-1","max-image-preview":"max-image-preview:large","max-video-preview":"max-video-preview:-1"},"canonical":"https:\/\/chavon.edu.do\/en\/privacy-policy\/","og_locale":"en_US","og_type":"article","og_title":"Privacy Policy | CHAV\u00d3N School of Design","og_description":"CHAV\u00d3N - La Escuela de Dise\u00f1o - is a global art center educating students throughout Latin America and Caribbean in art, fashion, film and graphic design.","og_url":"https:\/\/chavon.edu.do\/en\/privacy-policy\/","og_site_name":"CHAV\u00d3N School of Design","article_modified_time":"2025-07-11T16:57:05+00:00","twitter_card":"summary_large_image","twitter_misc":{"Est. reading time":"3 minutes"},"schema":{"@context":"https:\/\/schema.org","@graph":[{"@type":"WebPage","@id":"https:\/\/chavon.edu.do\/privacy-policy\/","url":"https:\/\/chavon.edu.do\/privacy-policy\/","name":"Privacy Policy | CHAV\u00d3N School of Design","isPartOf":{"@id":"https:\/\/chavon.edu.do\/#website"},"datePublished":"2025-07-11T16:20:04+00:00","dateModified":"2025-07-11T16:57:05+00:00","description":"CHAV\u00d3N - La Escuela de Dise\u00f1o - is a global art center educating students throughout Latin America and Caribbean in art, fashion, film and graphic design.","breadcrumb":{"@id":"https:\/\/chavon.edu.do\/privacy-policy\/#breadcrumb"},"inLanguage":"en-US","potentialAction":[{"@type":"ReadAction","target":["https:\/\/chavon.edu.do\/privacy-policy\/"]}]},{"@type":"BreadcrumbList","@id":"https:\/\/chavon.edu.do\/privacy-policy\/#breadcrumb","itemListElement":[{"@type":"ListItem","position":1,"name":"Home","item":"https:\/\/chavon.edu.do\/"},{"@type":"ListItem","position":2,"name":"Privacy Policy"}]},{"@type":"WebSite","@id":"https:\/\/chavon.edu.do\/#website","url":"https:\/\/chavon.edu.do\/","name":"CHAV\u00d3N School of Design","description":"","publisher":{"@id":"https:\/\/chavon.edu.do\/#organization"},"potentialAction":[{"@type":"SearchAction","target":{"@type":"EntryPoint","urlTemplate":"https:\/\/chavon.edu.do\/?s={search_term_string}"},"query-input":{"@type":"PropertyValueSpecification","valueRequired":true,"valueName":"search_term_string"}}],"inLanguage":"en-US"},{"@type":"Organization","@id":"https:\/\/chavon.edu.do\/#organization","name":"Chav\u00f3n - La Escuela de Dise\u00f1o","url":"https:\/\/chavon.edu.do\/","logo":{"@type":"ImageObject","inLanguage":"en-US","@id":"https:\/\/chavon.edu.do\/#\/schema\/logo\/image\/","url":"https:\/\/chavon.edu.do\/wp-content\/uploads\/2019\/12\/chavon.png","contentUrl":"https:\/\/chavon.edu.do\/wp-content\/uploads\/2019\/12\/chavon.png","width":225,"height":225,"caption":"Chav\u00f3n - La Escuela de Dise\u00f1o"},"image":{"@id":"https:\/\/chavon.edu.do\/#\/schema\/logo\/image\/"}}]}},"_links":{"self":[{"href":"https:\/\/chavon.edu.do\/en\/wp-json\/wp\/v2\/pages\/7887","targetHints":{"allow":["GET"]}}],"collection":[{"href":"https:\/\/chavon.edu.do\/en\/wp-json\/wp\/v2\/pages"}],"about":[{"href":"https:\/\/chavon.edu.do\/en\/wp-json\/wp\/v2\/types\/page"}],"author":[{"embeddable":true,"href":"https:\/\/chavon.edu.do\/en\/wp-json\/wp\/v2\/users\/21"}],"replies":[{"embeddable":true,"href":"https:\/\/chavon.edu.do\/en\/wp-json\/wp\/v2\/comments?post=7887"}],"version-history":[{"count":21,"href":"https:\/\/chavon.edu.do\/en\/wp-json\/wp\/v2\/pages\/7887\/revisions"}],"predecessor-version":[{"id":7919,"href":"https:\/\/chavon.edu.do\/en\/wp-json\/wp\/v2\/pages\/7887\/revisions\/7919"}],"wp:attachment":[{"href":"https:\/\/chavon.edu.do\/en\/wp-json\/wp\/v2\/media?parent=7887"}],"curies":[{"name":"wp","href":"https:\/\/api.w.org\/{rel}","templated":true}]}}