{"id":7792,"date":"2025-06-27T09:27:40","date_gmt":"2025-06-27T13:27:40","guid":{"rendered":"https:\/\/chavon.edu.do\/?page_id=7792"},"modified":"2025-07-02T09:49:07","modified_gmt":"2025-07-02T13:49:07","slug":"full-time-programs-step-5","status":"publish","type":"page","link":"https:\/\/chavon.edu.do\/en\/admissions\/full-time-programs-step-5\/","title":{"rendered":"Full-Time Programs Step #5"},"content":{"rendered":"\n<h2 class=\"wp-block-heading\">Confirmation of Place and Enrollment<br><\/h2>\n\n\n\n<h1 class=\"wp-block-heading\">&nbsp;<\/h1>\n\n\n\n<div class=\"wp-block-columns has-4-columns numbers bottom-line is-layout-flex wp-container-core-columns-is-layout-9d6595d7 wp-block-columns-is-layout-flex\">\n<div class=\"wp-block-column is-layout-flow wp-block-column-is-layout-flow\">\n<p class=\"num\"><a href=\"\/admissions\/full-time-programs-step-1\">1<\/a><\/p>\n\n\n\n<p>Registration &amp; Application Form<\/p>\n<\/div>\n\n\n\n<div class=\"wp-block-column is-layout-flow wp-block-column-is-layout-flow\">\n<p class=\"num\"><a href=\"\/admissions\/full-time-programs-step-2\/\">2<\/a><\/p>\n\n\n\n<p>Submit your Portfolio<\/p>\n<\/div>\n\n\n\n<div class=\"wp-block-column is-layout-flow wp-block-column-is-layout-flow\">\n<p class=\"num\"><a href=\"https:\/\/chavon.edu.do\/admissions\/full-time-programs-step-3\/\">3<\/a><\/p>\n\n\n\n<p>Complete your Portfolio<\/p>\n\n\n\n<h4 class=\"wp-block-heading\">&nbsp;<\/h4>\n<\/div>\n\n\n\n<div class=\"wp-block-column is-layout-flow wp-block-column-is-layout-flow\">\n<p class=\"num\"><a href=\"\/admissions\/full-time-programs-step-4\">4<\/a><\/p>\n\n\n\n<p>Interview &amp; Admission Response<\/p>\n\n\n\n<h4 class=\"wp-block-heading\">&nbsp;<\/h4>\n<\/div>\n\n\n\n<div class=\"wp-block-column is-layout-flow wp-block-column-is-layout-flow\">\n<p class=\"num selected\"><a href=\"\/admissions\/full-time-programs-step-5\/\">5<\/a><\/p>\n\n\n\n<p>Confirmation of Place and Enrollment<\/p>\n<\/div>\n<\/div>\n\n\n\n<div class=\"wp-block-columns has-2-columns right-sidebar is-layout-flex wp-container-core-columns-is-layout-9d6595d7 wp-block-columns-is-layout-flex\">\n<div class=\"wp-block-column is-layout-flow wp-block-column-is-layout-flow\">\n<h2 class=\"wp-block-heading\"><strong>Confirmation of Place and Enrollment:<\/strong><\/h2>\n\n\n\n<p class=\"has-medium-font-size\">Complete your admission process,<strong> confirming your place and making the initial payment of your tuition. <\/strong>You must<strong> <\/strong>submit the following documents:<\/p>\n\n\n\n<ul class=\"wp-block-list\">\n<li class=\"has-medium-font-size\">Original birth certificate<\/li>\n\n\n\n<li class=\"has-medium-font-size\">Copy of identity card or passport<\/li>\n\n\n\n<li class=\"has-medium-font-size\">Medical certificate<\/li>\n\n\n\n<li class=\"has-medium-font-size\">Proof of completed studies<\/li>\n\n\n\n<li class=\"has-medium-font-size\">Official record of grades from the institution where he\/she studied showing the last semester completed<\/li>\n\n\n\n<li class=\"has-medium-font-size\">4 photos 2&#215;2<\/li>\n\n\n\n<li class=\"has-medium-font-size\">Delivery of signed acceptance packet<\/li>\n<\/ul>\n<\/div>\n\n\n\n<div class=\"wp-block-column is-layout-flow wp-block-column-is-layout-flow\">\n<div class=\"wp-block-columns is-layout-flex wp-container-core-columns-is-layout-9d6595d7 wp-block-columns-is-layout-flex\">\n<div class=\"wp-block-column is-layout-flow wp-block-column-is-layout-flow\" style=\"flex-basis:100%\">\n<div class=\"wp-block-buttons is-layout-flex wp-container-core-buttons-is-layout-a74382ec wp-block-buttons-is-layout-flex\">\n<div class=\"wp-block-button is-style-fill\"><a class=\"wp-block-button__link has-text-align-center wp-element-button\" href=\"https:\/\/wa.link\/ryl9ze\">Chat with us<\/a><\/div>\n<\/div>\n\n\n\n<p class=\"top-line has-medium-font-size\"><strong>CONTACT<\/strong><br><br><strong>Phone:<\/strong> +1 (809) 563.2802 ext. 108, 109<br><strong>Email:<\/strong> admisiones@chavon.edu.do<\/p>\n<\/div>\n<\/div>\n<\/div>\n<\/div>\n","protected":false},"excerpt":{"rendered":"<p>Confirmation of Place and Enrollment &nbsp; 1 Registration &amp; Application Form 2 Submit your Portfolio 3 Complete your Portfolio &nbsp; 4 Interview &amp; Admission Response <br \/><a class=\"read-more\" href=\"https:\/\/chavon.edu.do\/en\/admissions\/full-time-programs-step-5\/\">+ Read more<\/a><\/p>\n","protected":false},"author":21,"featured_media":0,"parent":632,"menu_order":41,"comment_status":"closed","ping_status":"closed","template":"template-admissions.php","meta":{"_acf_changed":false,"footnotes":""},"class_list":["post-7792","page","type-page","status-publish","hentry"],"acf":[],"yoast_head":"<!-- This site is optimized with the Yoast SEO plugin v26.6 - https:\/\/yoast.com\/wordpress\/plugins\/seo\/ -->\n<title>Full-Time Programs Step #5 | CHAV\u00d3N School of Design<\/title>\n<meta name=\"description\" content=\"Chav\u00f3n Application Step 4 - The interview includes the presentation and review of the portfolio and of The CHAV\u00d3N Challenge. This is best done in-person.\" \/>\n<meta name=\"robots\" content=\"index, follow, max-snippet:-1, max-image-preview:large, max-video-preview:-1\" \/>\n<link rel=\"canonical\" href=\"https:\/\/chavon.edu.do\/en\/admissions\/full-time-programs-step-5\/\" \/>\n<meta property=\"og:locale\" content=\"en_US\" \/>\n<meta property=\"og:type\" content=\"article\" \/>\n<meta property=\"og:title\" content=\"Full-Time Programs Step #5 | CHAV\u00d3N School of Design\" \/>\n<meta property=\"og:description\" content=\"Chav\u00f3n Application Step 4 - The interview includes the presentation and review of the portfolio and of The CHAV\u00d3N Challenge. This is best done in-person.\" \/>\n<meta property=\"og:url\" content=\"https:\/\/chavon.edu.do\/en\/admissions\/full-time-programs-step-5\/\" \/>\n<meta property=\"og:site_name\" content=\"CHAV\u00d3N School of Design\" \/>\n<meta property=\"article:modified_time\" content=\"2025-07-02T13:49:07+00:00\" \/>\n<meta name=\"twitter:card\" content=\"summary_large_image\" \/>\n<meta name=\"twitter:label1\" content=\"Est. reading time\" \/>\n\t<meta name=\"twitter:data1\" content=\"1 minute\" \/>\n<script type=\"application\/ld+json\" class=\"yoast-schema-graph\">{\"@context\":\"https:\/\/schema.org\",\"@graph\":[{\"@type\":\"WebPage\",\"@id\":\"https:\/\/chavon.edu.do\/admissions\/full-time-programs-step-5\/\",\"url\":\"https:\/\/chavon.edu.do\/admissions\/full-time-programs-step-5\/\",\"name\":\"Full-Time Programs Step #5 | CHAV\u00d3N School of Design\",\"isPartOf\":{\"@id\":\"https:\/\/chavon.edu.do\/#website\"},\"datePublished\":\"2025-06-27T13:27:40+00:00\",\"dateModified\":\"2025-07-02T13:49:07+00:00\",\"description\":\"Chav\u00f3n Application Step 4 - The interview includes the presentation and review of the portfolio and of The CHAV\u00d3N Challenge. This is best done in-person.\",\"breadcrumb\":{\"@id\":\"https:\/\/chavon.edu.do\/admissions\/full-time-programs-step-5\/#breadcrumb\"},\"inLanguage\":\"en-US\",\"potentialAction\":[{\"@type\":\"ReadAction\",\"target\":[\"https:\/\/chavon.edu.do\/admissions\/full-time-programs-step-5\/\"]}]},{\"@type\":\"BreadcrumbList\",\"@id\":\"https:\/\/chavon.edu.do\/admissions\/full-time-programs-step-5\/#breadcrumb\",\"itemListElement\":[{\"@type\":\"ListItem\",\"position\":1,\"name\":\"Home\",\"item\":\"https:\/\/chavon.edu.do\/\"},{\"@type\":\"ListItem\",\"position\":2,\"name\":\"Admissions\",\"item\":\"https:\/\/chavon.edu.do\/admissions\/\"},{\"@type\":\"ListItem\",\"position\":3,\"name\":\"Full-Time Programs Step #5\"}]},{\"@type\":\"WebSite\",\"@id\":\"https:\/\/chavon.edu.do\/#website\",\"url\":\"https:\/\/chavon.edu.do\/\",\"name\":\"CHAV\u00d3N School of Design\",\"description\":\"\",\"publisher\":{\"@id\":\"https:\/\/chavon.edu.do\/#organization\"},\"potentialAction\":[{\"@type\":\"SearchAction\",\"target\":{\"@type\":\"EntryPoint\",\"urlTemplate\":\"https:\/\/chavon.edu.do\/?s={search_term_string}\"},\"query-input\":{\"@type\":\"PropertyValueSpecification\",\"valueRequired\":true,\"valueName\":\"search_term_string\"}}],\"inLanguage\":\"en-US\"},{\"@type\":\"Organization\",\"@id\":\"https:\/\/chavon.edu.do\/#organization\",\"name\":\"Chav\u00f3n - La Escuela de Dise\u00f1o\",\"url\":\"https:\/\/chavon.edu.do\/\",\"logo\":{\"@type\":\"ImageObject\",\"inLanguage\":\"en-US\",\"@id\":\"https:\/\/chavon.edu.do\/#\/schema\/logo\/image\/\",\"url\":\"https:\/\/chavon.edu.do\/wp-content\/uploads\/2019\/12\/chavon.png\",\"contentUrl\":\"https:\/\/chavon.edu.do\/wp-content\/uploads\/2019\/12\/chavon.png\",\"width\":225,\"height\":225,\"caption\":\"Chav\u00f3n - La Escuela de Dise\u00f1o\"},\"image\":{\"@id\":\"https:\/\/chavon.edu.do\/#\/schema\/logo\/image\/\"}}]}<\/script>\n<!-- \/ Yoast SEO plugin. -->","yoast_head_json":{"title":"Full-Time Programs Step #5 | CHAV\u00d3N School of Design","description":"Chav\u00f3n Application Step 4 - The interview includes the presentation and review of the portfolio and of The CHAV\u00d3N Challenge. This is best done in-person.","robots":{"index":"index","follow":"follow","max-snippet":"max-snippet:-1","max-image-preview":"max-image-preview:large","max-video-preview":"max-video-preview:-1"},"canonical":"https:\/\/chavon.edu.do\/en\/admissions\/full-time-programs-step-5\/","og_locale":"en_US","og_type":"article","og_title":"Full-Time Programs Step #5 | CHAV\u00d3N School of Design","og_description":"Chav\u00f3n Application Step 4 - The interview includes the presentation and review of the portfolio and of The CHAV\u00d3N Challenge. This is best done in-person.","og_url":"https:\/\/chavon.edu.do\/en\/admissions\/full-time-programs-step-5\/","og_site_name":"CHAV\u00d3N School of Design","article_modified_time":"2025-07-02T13:49:07+00:00","twitter_card":"summary_large_image","twitter_misc":{"Est. reading time":"1 minute"},"schema":{"@context":"https:\/\/schema.org","@graph":[{"@type":"WebPage","@id":"https:\/\/chavon.edu.do\/admissions\/full-time-programs-step-5\/","url":"https:\/\/chavon.edu.do\/admissions\/full-time-programs-step-5\/","name":"Full-Time Programs Step #5 | CHAV\u00d3N School of Design","isPartOf":{"@id":"https:\/\/chavon.edu.do\/#website"},"datePublished":"2025-06-27T13:27:40+00:00","dateModified":"2025-07-02T13:49:07+00:00","description":"Chav\u00f3n Application Step 4 - The interview includes the presentation and review of the portfolio and of The CHAV\u00d3N Challenge. This is best done in-person.","breadcrumb":{"@id":"https:\/\/chavon.edu.do\/admissions\/full-time-programs-step-5\/#breadcrumb"},"inLanguage":"en-US","potentialAction":[{"@type":"ReadAction","target":["https:\/\/chavon.edu.do\/admissions\/full-time-programs-step-5\/"]}]},{"@type":"BreadcrumbList","@id":"https:\/\/chavon.edu.do\/admissions\/full-time-programs-step-5\/#breadcrumb","itemListElement":[{"@type":"ListItem","position":1,"name":"Home","item":"https:\/\/chavon.edu.do\/"},{"@type":"ListItem","position":2,"name":"Admissions","item":"https:\/\/chavon.edu.do\/admissions\/"},{"@type":"ListItem","position":3,"name":"Full-Time Programs Step #5"}]},{"@type":"WebSite","@id":"https:\/\/chavon.edu.do\/#website","url":"https:\/\/chavon.edu.do\/","name":"CHAV\u00d3N School of Design","description":"","publisher":{"@id":"https:\/\/chavon.edu.do\/#organization"},"potentialAction":[{"@type":"SearchAction","target":{"@type":"EntryPoint","urlTemplate":"https:\/\/chavon.edu.do\/?s={search_term_string}"},"query-input":{"@type":"PropertyValueSpecification","valueRequired":true,"valueName":"search_term_string"}}],"inLanguage":"en-US"},{"@type":"Organization","@id":"https:\/\/chavon.edu.do\/#organization","name":"Chav\u00f3n - La Escuela de Dise\u00f1o","url":"https:\/\/chavon.edu.do\/","logo":{"@type":"ImageObject","inLanguage":"en-US","@id":"https:\/\/chavon.edu.do\/#\/schema\/logo\/image\/","url":"https:\/\/chavon.edu.do\/wp-content\/uploads\/2019\/12\/chavon.png","contentUrl":"https:\/\/chavon.edu.do\/wp-content\/uploads\/2019\/12\/chavon.png","width":225,"height":225,"caption":"Chav\u00f3n - La Escuela de Dise\u00f1o"},"image":{"@id":"https:\/\/chavon.edu.do\/#\/schema\/logo\/image\/"}}]}},"_links":{"self":[{"href":"https:\/\/chavon.edu.do\/en\/wp-json\/wp\/v2\/pages\/7792","targetHints":{"allow":["GET"]}}],"collection":[{"href":"https:\/\/chavon.edu.do\/en\/wp-json\/wp\/v2\/pages"}],"about":[{"href":"https:\/\/chavon.edu.do\/en\/wp-json\/wp\/v2\/types\/page"}],"author":[{"embeddable":true,"href":"https:\/\/chavon.edu.do\/en\/wp-json\/wp\/v2\/users\/21"}],"replies":[{"embeddable":true,"href":"https:\/\/chavon.edu.do\/en\/wp-json\/wp\/v2\/comments?post=7792"}],"version-history":[{"count":18,"href":"https:\/\/chavon.edu.do\/en\/wp-json\/wp\/v2\/pages\/7792\/revisions"}],"predecessor-version":[{"id":7860,"href":"https:\/\/chavon.edu.do\/en\/wp-json\/wp\/v2\/pages\/7792\/revisions\/7860"}],"up":[{"embeddable":true,"href":"https:\/\/chavon.edu.do\/en\/wp-json\/wp\/v2\/pages\/632"}],"wp:attachment":[{"href":"https:\/\/chavon.edu.do\/en\/wp-json\/wp\/v2\/media?parent=7792"}],"curies":[{"name":"wp","href":"https:\/\/api.w.org\/{rel}","templated":true}]}}