{"id":7120,"date":"2025-06-06T12:50:45","date_gmt":"2025-06-06T16:50:45","guid":{"rendered":"https:\/\/chavon.edu.do\/?page_id=7120"},"modified":"2025-06-06T14:39:45","modified_gmt":"2025-06-06T18:39:45","slug":"academic-partnerships","status":"publish","type":"page","link":"https:\/\/chavon.edu.do\/en\/about\/academic-partnerships\/","title":{"rendered":"Academic Partnerships"},"content":{"rendered":"\n<h1 class=\"wp-block-heading bottom-line\">Academic Partnerships<\/h1>\n\n\n\n<div style=\"height:32px\" aria-hidden=\"true\" class=\"wp-block-spacer\"><\/div>\n\n\n\n<p class=\"has-medium-font-size\"><strong>CHAV\u00d3N<\/strong> maintains collaborations with various institutions that strengthen its educational offerings and expand opportunities for students and the community.<\/p>\n\n\n\n<h2 class=\"wp-block-heading\">Institutions with Academic Agreements:<\/h2>\n\n\n\n<ul class=\"wp-block-list has-medium-font-size\">\n<li>Instituto Europeo di Design (IED) &#8211; Milan, Italy \/ Madrid, Spain<\/li>\n\n\n\n<li>Universidad Aut\u00f3noma de M\u00e9xico (UNAM) &#8211; Mexico City, Mexico<\/li>\n\n\n\n<li>Universidad Aut\u00f3noma de Occidente (UAO) &#8211; Cali, Colombia<\/li>\n<\/ul>\n\n\n\n<h2 class=\"wp-block-heading top-line\">Institutions that have recognized credits completed at CHAV\u00d3N School of Design:<\/h2>\n\n\n\n<h3 class=\"wp-block-heading\">North America:<\/h3>\n\n\n\n<div style=\"height:20px\" aria-hidden=\"true\" class=\"wp-block-spacer\"><\/div>\n\n\n\n<ul class=\"wp-block-list has-medium-font-size\">\n<li><strong>Brooklyn College<\/strong> New York, United States <\/li>\n\n\n\n<li><strong>California College of the Arts<\/strong> California, United States <\/li>\n\n\n\n<li><strong>Cooper Union<\/strong> New York, United States <\/li>\n\n\n\n<li><strong>Emily Carr University of Art and Design<\/strong> Vancouver, Canada <\/li>\n\n\n\n<li><strong>Farmingdale State College<\/strong> New York, United States<\/li>\n\n\n\n<li><strong>Fashion Institute of Technology<\/strong> New York, United States <\/li>\n\n\n\n<li><strong>Gwen Frostic School of Art Western Michigan University<\/strong> Michigan, United States <\/li>\n\n\n\n<li><strong>International Fine Arts College<\/strong> Florida, United States <\/li>\n\n\n\n<li><strong>Kalamazoo College<\/strong> Michigan, United States <\/li>\n\n\n\n<li><strong>Massachusetts College of Art<\/strong> Massachusetts, United States <\/li>\n\n\n\n<li><strong>Miami Ad School<\/strong> Florida, United States <\/li>\n\n\n\n<li><strong>Miami International University of Art &amp; Design<\/strong> Florida, United States <\/li>\n\n\n\n<li><strong>Otis College of Art and Design<\/strong> California, United States <\/li>\n\n\n\n<li><strong>Parsons The New School for Design<\/strong> New York, United States <\/li>\n\n\n\n<li><strong>Pratt Institute<\/strong> New York, United States <\/li>\n\n\n\n<li><strong>Rhode Island School of Design<\/strong> Providence, United States <\/li>\n\n\n\n<li><strong>Savannah College of Art and Design (SCAD)<\/strong> Georgia, United States <\/li>\n\n\n\n<li><strong>SVA School of Visual Arts<\/strong> New York, United States <\/li>\n\n\n\n<li><strong>University of Philadelphia<\/strong> Philadelphia, United States <\/li>\n\n\n\n<li><strong>UNC College of Arts and Sciences<\/strong> North Carolina, United States<\/li>\n<\/ul>\n\n\n\n<h2 class=\"wp-block-heading top-line\">Latin America &amp; Caribbean:<\/h2>\n\n\n\n<ul class=\"wp-block-list has-medium-font-size\">\n<li><strong>Escuela Internacional de Cine y Televisi\u00f3n<\/strong> San Antonio de los Ba\u00f1os, Cuba<\/li>\n\n\n\n<li><strong>Universidad Aut\u00f3noma de M\u00e9xico<\/strong> Mexico City, Mexico<\/li>\n<\/ul>\n\n\n\n<h2 class=\"wp-block-heading top-line\">Europe:<\/h2>\n\n\n\n<ul class=\"wp-block-list has-medium-font-size\">\n<li><strong>Istituto Marangoni<\/strong> Milan, Italy<\/li>\n\n\n\n<li><strong>ArtEZ Hogeschool Voor De Kunsten<\/strong> Arnhem, Netherlands<\/li>\n\n\n\n<li><strong>Central Saint Martins<\/strong> London, United Kingdom<\/li>\n\n\n\n<li><strong>University of the Arts<\/strong> London, United Kingdom<\/li>\n\n\n\n<li><strong>Ecole Pivaut Sup\u00e9rieure Technique Priv\u00e9e d&#8217;arts Appliqu\u00e9s<\/strong> Nantes, France<\/li>\n\n\n\n<li><strong>Fabrica<\/strong> Treviso, Italy<\/li>\n\n\n\n<li><strong>Goldsmiths, University of London<\/strong> London, United Kingdom<\/li>\n<\/ul>\n\n\n\n<h2 class=\"wp-block-heading top-line\">Collaborative Educational Programs:<\/h2>\n\n\n\n<p class=\"has-medium-font-size\"><strong>CHAV\u00d3N<\/strong> also partners with allied institutions to offer programs for children, with courses and extracurricular programs and camps developed on the campuses of:<\/p>\n\n\n\n<ul class=\"wp-block-list has-medium-font-size\">\n<li><strong>American School of Santo Domingo<\/strong><\/li>\n\n\n\n<li><strong>Kids Create<\/strong><\/li>\n<\/ul>\n\n\n\n<p class=\"has-medium-font-size\">This extensive network demonstrates CHAV\u00d3N&#8217;s global recognition and the transferability of its high-quality education across prestigious international institutions.<\/p>\n","protected":false},"excerpt":{"rendered":"<p>Academic Partnerships CHAV\u00d3N maintains collaborations with various institutions that strengthen its educational offerings and expand opportunities for students and the community. Institutions with Academic Agreements: <br \/><a class=\"read-more\" href=\"https:\/\/chavon.edu.do\/en\/about\/academic-partnerships\/\">+ Read more<\/a><\/p>\n","protected":false},"author":21,"featured_media":7124,"parent":6352,"menu_order":33,"comment_status":"closed","ping_status":"closed","template":"template-about.php","meta":{"_acf_changed":false,"footnotes":""},"class_list":["post-7120","page","type-page","status-publish","has-post-thumbnail","hentry"],"acf":[],"yoast_head":"<!-- This site is optimized with the Yoast SEO plugin v26.6 - https:\/\/yoast.com\/wordpress\/plugins\/seo\/ -->\n<title>Academic Partnerships | CHAV\u00d3N School of Design<\/title>\n<meta name=\"description\" content=\"Explore CHAV\u00d3N&#039;s international academic partnerships. Credit recognition at Parsons, Pratt, RISD &amp; 25+ prestigious art schools worldwide.\" \/>\n<meta name=\"robots\" content=\"index, follow, max-snippet:-1, max-image-preview:large, max-video-preview:-1\" \/>\n<link rel=\"canonical\" href=\"https:\/\/chavon.edu.do\/en\/about\/academic-partnerships\/\" \/>\n<meta property=\"og:locale\" content=\"en_US\" \/>\n<meta property=\"og:type\" content=\"article\" \/>\n<meta property=\"og:title\" content=\"Academic Partnerships | CHAV\u00d3N School of Design\" \/>\n<meta property=\"og:description\" content=\"Explore CHAV\u00d3N&#039;s international academic partnerships. Credit recognition at Parsons, Pratt, RISD &amp; 25+ prestigious art schools worldwide.\" \/>\n<meta property=\"og:url\" content=\"https:\/\/chavon.edu.do\/en\/about\/academic-partnerships\/\" \/>\n<meta property=\"og:site_name\" content=\"CHAV\u00d3N School of Design\" \/>\n<meta property=\"article:modified_time\" content=\"2025-06-06T18:39:45+00:00\" \/>\n<meta property=\"og:image\" content=\"https:\/\/chavon.edu.do\/wp-content\/uploads\/2025\/06\/academic-partnership-chavon.jpg\" \/>\n\t<meta property=\"og:image:width\" content=\"2560\" \/>\n\t<meta property=\"og:image:height\" content=\"1226\" \/>\n\t<meta property=\"og:image:type\" content=\"image\/jpeg\" \/>\n<meta name=\"twitter:card\" content=\"summary_large_image\" \/>\n<meta name=\"twitter:label1\" content=\"Est. reading time\" \/>\n\t<meta name=\"twitter:data1\" content=\"2 minutes\" \/>\n<script type=\"application\/ld+json\" class=\"yoast-schema-graph\">{\"@context\":\"https:\/\/schema.org\",\"@graph\":[{\"@type\":\"WebPage\",\"@id\":\"https:\/\/chavon.edu.do\/about\/academic-partnerships\/\",\"url\":\"https:\/\/chavon.edu.do\/about\/academic-partnerships\/\",\"name\":\"Academic Partnerships | CHAV\u00d3N School of Design\",\"isPartOf\":{\"@id\":\"https:\/\/chavon.edu.do\/#website\"},\"primaryImageOfPage\":{\"@id\":\"https:\/\/chavon.edu.do\/about\/academic-partnerships\/#primaryimage\"},\"image\":{\"@id\":\"https:\/\/chavon.edu.do\/about\/academic-partnerships\/#primaryimage\"},\"thumbnailUrl\":\"https:\/\/chavon.edu.do\/wp-content\/uploads\/2025\/06\/academic-partnership-chavon.jpg\",\"datePublished\":\"2025-06-06T16:50:45+00:00\",\"dateModified\":\"2025-06-06T18:39:45+00:00\",\"description\":\"Explore CHAV\u00d3N's international academic partnerships. Credit recognition at Parsons, Pratt, RISD & 25+ prestigious art schools worldwide.\",\"breadcrumb\":{\"@id\":\"https:\/\/chavon.edu.do\/about\/academic-partnerships\/#breadcrumb\"},\"inLanguage\":\"en-US\",\"potentialAction\":[{\"@type\":\"ReadAction\",\"target\":[\"https:\/\/chavon.edu.do\/about\/academic-partnerships\/\"]}]},{\"@type\":\"ImageObject\",\"inLanguage\":\"en-US\",\"@id\":\"https:\/\/chavon.edu.do\/about\/academic-partnerships\/#primaryimage\",\"url\":\"https:\/\/chavon.edu.do\/wp-content\/uploads\/2025\/06\/academic-partnership-chavon.jpg\",\"contentUrl\":\"https:\/\/chavon.edu.do\/wp-content\/uploads\/2025\/06\/academic-partnership-chavon.jpg\",\"width\":2560,\"height\":1226},{\"@type\":\"BreadcrumbList\",\"@id\":\"https:\/\/chavon.edu.do\/about\/academic-partnerships\/#breadcrumb\",\"itemListElement\":[{\"@type\":\"ListItem\",\"position\":1,\"name\":\"Home\",\"item\":\"https:\/\/chavon.edu.do\/\"},{\"@type\":\"ListItem\",\"position\":2,\"name\":\"About\",\"item\":\"https:\/\/chavon.edu.do\/about\/\"},{\"@type\":\"ListItem\",\"position\":3,\"name\":\"Academic Partnerships\"}]},{\"@type\":\"WebSite\",\"@id\":\"https:\/\/chavon.edu.do\/#website\",\"url\":\"https:\/\/chavon.edu.do\/\",\"name\":\"CHAV\u00d3N School of Design\",\"description\":\"\",\"publisher\":{\"@id\":\"https:\/\/chavon.edu.do\/#organization\"},\"potentialAction\":[{\"@type\":\"SearchAction\",\"target\":{\"@type\":\"EntryPoint\",\"urlTemplate\":\"https:\/\/chavon.edu.do\/?s={search_term_string}\"},\"query-input\":{\"@type\":\"PropertyValueSpecification\",\"valueRequired\":true,\"valueName\":\"search_term_string\"}}],\"inLanguage\":\"en-US\"},{\"@type\":\"Organization\",\"@id\":\"https:\/\/chavon.edu.do\/#organization\",\"name\":\"Chav\u00f3n - La Escuela de Dise\u00f1o\",\"url\":\"https:\/\/chavon.edu.do\/\",\"logo\":{\"@type\":\"ImageObject\",\"inLanguage\":\"en-US\",\"@id\":\"https:\/\/chavon.edu.do\/#\/schema\/logo\/image\/\",\"url\":\"https:\/\/chavon.edu.do\/wp-content\/uploads\/2019\/12\/chavon.png\",\"contentUrl\":\"https:\/\/chavon.edu.do\/wp-content\/uploads\/2019\/12\/chavon.png\",\"width\":225,\"height\":225,\"caption\":\"Chav\u00f3n - La Escuela de Dise\u00f1o\"},\"image\":{\"@id\":\"https:\/\/chavon.edu.do\/#\/schema\/logo\/image\/\"}}]}<\/script>\n<!-- \/ Yoast SEO plugin. -->","yoast_head_json":{"title":"Academic Partnerships | CHAV\u00d3N School of Design","description":"Explore CHAV\u00d3N's international academic partnerships. Credit recognition at Parsons, Pratt, RISD & 25+ prestigious art schools worldwide.","robots":{"index":"index","follow":"follow","max-snippet":"max-snippet:-1","max-image-preview":"max-image-preview:large","max-video-preview":"max-video-preview:-1"},"canonical":"https:\/\/chavon.edu.do\/en\/about\/academic-partnerships\/","og_locale":"en_US","og_type":"article","og_title":"Academic Partnerships | CHAV\u00d3N School of Design","og_description":"Explore CHAV\u00d3N's international academic partnerships. Credit recognition at Parsons, Pratt, RISD & 25+ prestigious art schools worldwide.","og_url":"https:\/\/chavon.edu.do\/en\/about\/academic-partnerships\/","og_site_name":"CHAV\u00d3N School of Design","article_modified_time":"2025-06-06T18:39:45+00:00","og_image":[{"width":2560,"height":1226,"url":"https:\/\/chavon.edu.do\/wp-content\/uploads\/2025\/06\/academic-partnership-chavon.jpg","type":"image\/jpeg"}],"twitter_card":"summary_large_image","twitter_misc":{"Est. reading time":"2 minutes"},"schema":{"@context":"https:\/\/schema.org","@graph":[{"@type":"WebPage","@id":"https:\/\/chavon.edu.do\/about\/academic-partnerships\/","url":"https:\/\/chavon.edu.do\/about\/academic-partnerships\/","name":"Academic Partnerships | CHAV\u00d3N School of Design","isPartOf":{"@id":"https:\/\/chavon.edu.do\/#website"},"primaryImageOfPage":{"@id":"https:\/\/chavon.edu.do\/about\/academic-partnerships\/#primaryimage"},"image":{"@id":"https:\/\/chavon.edu.do\/about\/academic-partnerships\/#primaryimage"},"thumbnailUrl":"https:\/\/chavon.edu.do\/wp-content\/uploads\/2025\/06\/academic-partnership-chavon.jpg","datePublished":"2025-06-06T16:50:45+00:00","dateModified":"2025-06-06T18:39:45+00:00","description":"Explore CHAV\u00d3N's international academic partnerships. Credit recognition at Parsons, Pratt, RISD & 25+ prestigious art schools worldwide.","breadcrumb":{"@id":"https:\/\/chavon.edu.do\/about\/academic-partnerships\/#breadcrumb"},"inLanguage":"en-US","potentialAction":[{"@type":"ReadAction","target":["https:\/\/chavon.edu.do\/about\/academic-partnerships\/"]}]},{"@type":"ImageObject","inLanguage":"en-US","@id":"https:\/\/chavon.edu.do\/about\/academic-partnerships\/#primaryimage","url":"https:\/\/chavon.edu.do\/wp-content\/uploads\/2025\/06\/academic-partnership-chavon.jpg","contentUrl":"https:\/\/chavon.edu.do\/wp-content\/uploads\/2025\/06\/academic-partnership-chavon.jpg","width":2560,"height":1226},{"@type":"BreadcrumbList","@id":"https:\/\/chavon.edu.do\/about\/academic-partnerships\/#breadcrumb","itemListElement":[{"@type":"ListItem","position":1,"name":"Home","item":"https:\/\/chavon.edu.do\/"},{"@type":"ListItem","position":2,"name":"About","item":"https:\/\/chavon.edu.do\/about\/"},{"@type":"ListItem","position":3,"name":"Academic Partnerships"}]},{"@type":"WebSite","@id":"https:\/\/chavon.edu.do\/#website","url":"https:\/\/chavon.edu.do\/","name":"CHAV\u00d3N School of Design","description":"","publisher":{"@id":"https:\/\/chavon.edu.do\/#organization"},"potentialAction":[{"@type":"SearchAction","target":{"@type":"EntryPoint","urlTemplate":"https:\/\/chavon.edu.do\/?s={search_term_string}"},"query-input":{"@type":"PropertyValueSpecification","valueRequired":true,"valueName":"search_term_string"}}],"inLanguage":"en-US"},{"@type":"Organization","@id":"https:\/\/chavon.edu.do\/#organization","name":"Chav\u00f3n - La Escuela de Dise\u00f1o","url":"https:\/\/chavon.edu.do\/","logo":{"@type":"ImageObject","inLanguage":"en-US","@id":"https:\/\/chavon.edu.do\/#\/schema\/logo\/image\/","url":"https:\/\/chavon.edu.do\/wp-content\/uploads\/2019\/12\/chavon.png","contentUrl":"https:\/\/chavon.edu.do\/wp-content\/uploads\/2019\/12\/chavon.png","width":225,"height":225,"caption":"Chav\u00f3n - La Escuela de Dise\u00f1o"},"image":{"@id":"https:\/\/chavon.edu.do\/#\/schema\/logo\/image\/"}}]}},"_links":{"self":[{"href":"https:\/\/chavon.edu.do\/en\/wp-json\/wp\/v2\/pages\/7120","targetHints":{"allow":["GET"]}}],"collection":[{"href":"https:\/\/chavon.edu.do\/en\/wp-json\/wp\/v2\/pages"}],"about":[{"href":"https:\/\/chavon.edu.do\/en\/wp-json\/wp\/v2\/types\/page"}],"author":[{"embeddable":true,"href":"https:\/\/chavon.edu.do\/en\/wp-json\/wp\/v2\/users\/21"}],"replies":[{"embeddable":true,"href":"https:\/\/chavon.edu.do\/en\/wp-json\/wp\/v2\/comments?post=7120"}],"version-history":[{"count":23,"href":"https:\/\/chavon.edu.do\/en\/wp-json\/wp\/v2\/pages\/7120\/revisions"}],"predecessor-version":[{"id":7150,"href":"https:\/\/chavon.edu.do\/en\/wp-json\/wp\/v2\/pages\/7120\/revisions\/7150"}],"up":[{"embeddable":true,"href":"https:\/\/chavon.edu.do\/en\/wp-json\/wp\/v2\/pages\/6352"}],"wp:featuredmedia":[{"embeddable":true,"href":"https:\/\/chavon.edu.do\/en\/wp-json\/wp\/v2\/media\/7124"}],"wp:attachment":[{"href":"https:\/\/chavon.edu.do\/en\/wp-json\/wp\/v2\/media?parent=7120"}],"curies":[{"name":"wp","href":"https:\/\/api.w.org\/{rel}","templated":true}]}}