{"id":6978,"date":"2025-06-06T09:59:33","date_gmt":"2025-06-06T13:59:33","guid":{"rendered":"https:\/\/chavon.edu.do\/?page_id=6978"},"modified":"2025-06-06T14:48:12","modified_gmt":"2025-06-06T18:48:12","slug":"the-chavon-school","status":"publish","type":"page","link":"https:\/\/chavon.edu.do\/en\/about\/the-chavon-school\/","title":{"rendered":"The CHAV\u00d3N School"},"content":{"rendered":"\n<h1 class=\"wp-block-heading bottom-line\">CHAV\u00d3N The School of Design<\/h1>\n\n\n\n<div style=\"height:32px\" aria-hidden=\"true\" class=\"wp-block-spacer\"><\/div>\n\n\n\n<p class=\"medium\"><strong>CHAV\u00d3N School of Design<\/strong> is a leader in training art and design professionals throughout the region.<\/p>\n\n\n\n<p class=\"medium\"><strong>CHAV\u00d3N<\/strong> offers two and three-year programs equivalent to an Associate of Applied Science (AAS) degree, with a curriculum designed in partnership with <strong>Parsons School of Design<\/strong> since 1983, which continuously evolves to meet the demands of the global industry. <\/p>\n\n\n\n<figure class=\"wp-block-image size-large\"><img loading=\"lazy\" decoding=\"async\" width=\"1024\" height=\"576\" src=\"https:\/\/chavon.edu.do\/wp-content\/uploads\/2025\/06\/parsons-school-chavon-1024x576.jpg\" alt=\"\" class=\"wp-image-7010\" srcset=\"https:\/\/chavon.edu.do\/wp-content\/uploads\/2025\/06\/parsons-school-chavon-1024x576.jpg 1024w, https:\/\/chavon.edu.do\/wp-content\/uploads\/2025\/06\/parsons-school-chavon-300x169.jpg 300w, https:\/\/chavon.edu.do\/wp-content\/uploads\/2025\/06\/parsons-school-chavon-768x432.jpg 768w, https:\/\/chavon.edu.do\/wp-content\/uploads\/2025\/06\/parsons-school-chavon-1536x864.jpg 1536w, https:\/\/chavon.edu.do\/wp-content\/uploads\/2025\/06\/parsons-school-chavon-2048x1152.jpg 2048w, https:\/\/chavon.edu.do\/wp-content\/uploads\/2025\/06\/parsons-school-chavon-18x10.jpg 18w\" sizes=\"auto, (max-width: 1024px) 100vw, 1024px\" \/><\/figure>\n\n\n\n<p class=\"medium\">Students also have the option of pursuing advanced studies at <strong>Parsons School of Design in New York,<\/strong> leading to a Bachelor of Fine Arts (BFA) degree.<\/p>\n\n\n\n<ul class=\"wp-block-list medium\">\n<li><a href=\"\/admissions\/\">Apply to our programs now!<\/a><\/li>\n<\/ul>\n\n\n\n<h2 class=\"wp-block-heading top-line\">Program options are:<\/h2>\n\n\n\n<ul class=\"wp-block-list medium\">\n<li><a href=\"\/wp-content\/uploads\/2025\/06\/animacion-programa-tecnico-chavon.pdf\" target=\"_blank\" rel=\"noreferrer noopener\">Animation<\/a><\/li>\n\n\n\n<li><a href=\"\/wp-content\/uploads\/2025\/06\/bellas-artes-programa-tecnico-chavon.pdf\" target=\"_blank\" rel=\"noreferrer noopener\">Fine Arts<\/a><\/li>\n\n\n\n<li><a href=\"\/wp-content\/uploads\/2025\/06\/cine-programa-tecnico-chavon.pdf\" target=\"_blank\" rel=\"noreferrer noopener\">Film<\/a><\/li>\n\n\n\n<li><a href=\"\/wp-content\/uploads\/2025\/06\/diseno-comunicacion-programa-tecnico-chavon.pdf\" target=\"_blank\" rel=\"noreferrer noopener\">Communication Design<\/a><\/li>\n\n\n\n<li><a href=\"\/wp-content\/uploads\/2025\/06\/diseno-interiores-productos-programa-tecnico-chavon.pdf\" target=\"_blank\" rel=\"noreferrer noopener\">Interior &amp; Product Design<\/a><\/li>\n\n\n\n<li><a href=\"\/wp-content\/uploads\/2025\/06\/diseno-moda-programa-tecnico-chavon.pdf\" target=\"_blank\" rel=\"noreferrer noopener\">Fashion Design<\/a><\/li>\n\n\n\n<li><a href=\"\/wp-content\/uploads\/2025\/06\/ilustracion-programa-tecnico-chavon.pdf\" target=\"_blank\" rel=\"noreferrer noopener\">Illustration<\/a><\/li>\n\n\n\n<li><a href=\"\/wp-content\/uploads\/2025\/06\/mercadeo-comunicacion-moda-programa-tecnico-chavon.pdf\" target=\"_blank\" rel=\"noreferrer noopener\">Fashion Marketing &amp; Communication<\/a><\/li>\n<\/ul>\n\n\n\n<h2 class=\"wp-block-heading top-line\">An international faculty<\/h2>\n\n\n\n<p class=\"has-medium-font-size\"><strong>CHAV\u00d3N<\/strong> classes are conducted in Spanish by an international faculty comprising renowned academics, artists, and designers from Latin America and the Caribbean, the United States, and Europe. These esteemed professionals infuse global perspectives into the classroom experience, complemented by an international network of visiting faculty and industry guests who enrich learning through valuable professional connections and real-world insights.<\/p>\n\n\n\n<div style=\"height:32px\" aria-hidden=\"true\" class=\"wp-block-spacer\"><\/div>\n\n\n\n<div id=\"santo-domingo\"><\/div>\n\n\n\n<h3 class=\"wp-block-heading top-line\">Santo Domingo Campus: The CHAV\u00d3N Experience <\/h3>\n\n\n\n<div style=\"height:24px\" aria-hidden=\"true\" class=\"wp-block-spacer\"><\/div>\n\n\n\n<figure class=\"wp-block-image size-large\"><img loading=\"lazy\" decoding=\"async\" width=\"1024\" height=\"389\" src=\"https:\/\/chavon.edu.do\/wp-content\/uploads\/2025\/06\/campus-santo-domingo-chavon-1024x389.jpg\" alt=\"\" class=\"wp-image-7058\" srcset=\"https:\/\/chavon.edu.do\/wp-content\/uploads\/2025\/06\/campus-santo-domingo-chavon-1024x389.jpg 1024w, https:\/\/chavon.edu.do\/wp-content\/uploads\/2025\/06\/campus-santo-domingo-chavon-300x114.jpg 300w, https:\/\/chavon.edu.do\/wp-content\/uploads\/2025\/06\/campus-santo-domingo-chavon-768x292.jpg 768w, https:\/\/chavon.edu.do\/wp-content\/uploads\/2025\/06\/campus-santo-domingo-chavon-18x7.jpg 18w, https:\/\/chavon.edu.do\/wp-content\/uploads\/2025\/06\/campus-santo-domingo-chavon.jpg 1360w\" sizes=\"auto, (max-width: 1024px) 100vw, 1024px\" \/><\/figure>\n\n\n\n<p class=\"has-medium-font-size\">Programs are taught at the Santo Domingo Campus. Students, known as <em>&#8220;Chavoneros&#8221;<\/em> and <em>&#8220;Chavoneras,&#8221;<\/em> form a dynamic community that persists beyond classes and graduation, creating a global network of creative professionals.<\/p>\n\n\n\n<div style=\"height:32px\" aria-hidden=\"true\" class=\"wp-block-spacer\"><\/div>\n\n\n\n<div id=\"romana\"><\/div>\n\n\n\n<h3 class=\"wp-block-heading top-line\">La Romana Campus: Where Our Story Began<\/h3>\n\n\n\n<div style=\"height:24px\" aria-hidden=\"true\" class=\"wp-block-spacer\"><\/div>\n\n\n\n<figure class=\"wp-block-image size-large\"><img loading=\"lazy\" decoding=\"async\" width=\"1024\" height=\"389\" src=\"https:\/\/chavon.edu.do\/wp-content\/uploads\/2025\/06\/campus-romana-chavon-1024x389.jpg\" alt=\"\" class=\"wp-image-7051\" srcset=\"https:\/\/chavon.edu.do\/wp-content\/uploads\/2025\/06\/campus-romana-chavon-1024x389.jpg 1024w, https:\/\/chavon.edu.do\/wp-content\/uploads\/2025\/06\/campus-romana-chavon-300x114.jpg 300w, https:\/\/chavon.edu.do\/wp-content\/uploads\/2025\/06\/campus-romana-chavon-768x292.jpg 768w, https:\/\/chavon.edu.do\/wp-content\/uploads\/2025\/06\/campus-romana-chavon-1536x584.jpg 1536w, https:\/\/chavon.edu.do\/wp-content\/uploads\/2025\/06\/campus-romana-chavon-18x7.jpg 18w, https:\/\/chavon.edu.do\/wp-content\/uploads\/2025\/06\/campus-romana-chavon.jpg 1920w\" sizes=\"auto, (max-width: 1024px) 100vw, 1024px\" \/><\/figure>\n\n\n\n<p class=\"has-medium-font-size\">The iconic <strong>Altos de Chav\u00f3n<\/strong> campus, located in Casa de Campo, La Romana, continues to be an emblematic space that enriches our students&#8217; educational experience. Throughout their studies, students visit the campus to participate in intensive workshops and special activities with international guests, experiencing firsthand the inspiration this unique environment offers.<\/p>\n\n\n\n<div style=\"height:32px\" aria-hidden=\"true\" class=\"wp-block-spacer\"><\/div>\n\n\n\n<h2 class=\"wp-block-heading top-line\">Other academic programs<\/h2>\n\n\n\n<p class=\"has-medium-font-size\"><strong>CHAV\u00d3N<\/strong> also extends its educational offerings beyond degree programs, providing a comprehensive range of learning initiatives for all ages and profiles through its specialized platforms:<\/p>\n\n\n\n<ul class=\"wp-block-list\">\n<li class=\"has-medium-font-size\"><strong><a href=\"\/programs\/continuing-education\/\">CHAV\u00d3N Continuing Education<\/a>:<\/strong> Certificates and short courses designed for professionals, entrepreneurs, and art and design enthusiasts. Offered by enrollment in various areas, with in-person, virtual, and hybrid modalities, promoting practical learning and connection with the creative industry.<\/li>\n<\/ul>\n\n\n\n<ul class=\"wp-block-list\">\n<li class=\"has-medium-font-size\"><strong><a href=\"\/programs\/kids\/\">CHAV\u00d3N Kids<\/a> &amp; <a href=\"\/programs\/teens\/\">CHAV\u00d3N Teens<\/a>:<\/strong> Programs specially created to stimulate creativity from an early age. Offered in regular enrollment format and creative camps, providing children and adolescents with playful, educational, and transformative experiences.<\/li>\n<\/ul>\n\n\n\n<ul class=\"wp-block-list\">\n<li class=\"has-medium-font-size\"><strong><a href=\"\/programs\/chavon-pro\/\">CHAV\u00d3N PRO<\/a><\/strong>: customized solutions for institutions and companies, designed to meet their specific objectives and challenges. With flexible schedules and multiple modalities, these programs enable organizations to develop creative, strategic, and collaborative skills in their teams.<\/li>\n<\/ul>\n\n\n\n<p class=\"top-line has-medium-font-size\">Each of these programs reflects <strong>CHAV\u00d3N&#8217;s<\/strong> commitment to <strong>cultivating art, design, and creativity in the Dominican Republic<\/strong>, strengthening a diverse, innovative, and constantly evolving community.<\/p>\n\n\n\n<ul class=\"wp-block-list has-medium-font-size\">\n<li><a href=\"\/contact\/\">Request Information about our programs!<\/a><\/li>\n<\/ul>\n","protected":false},"excerpt":{"rendered":"<p>CHAV\u00d3N The School of Design CHAV\u00d3N School of Design is a leader in training art and design professionals throughout the region. CHAV\u00d3N offers two and <br \/><a class=\"read-more\" href=\"https:\/\/chavon.edu.do\/en\/about\/the-chavon-school\/\">+ Read more<\/a><\/p>\n","protected":false},"author":21,"featured_media":6991,"parent":6352,"menu_order":32,"comment_status":"closed","ping_status":"closed","template":"template-about.php","meta":{"_acf_changed":false,"footnotes":""},"class_list":["post-6978","page","type-page","status-publish","has-post-thumbnail","hentry"],"acf":[],"yoast_head":"<!-- This site is optimized with the Yoast SEO plugin v26.6 - https:\/\/yoast.com\/wordpress\/plugins\/seo\/ -->\n<title>The CHAV\u00d3N School | Parsons Partnership Since 1983<\/title>\n<meta name=\"description\" content=\"Discover CHAV\u00d3N School of Design. 2-3 year AAS programs, Parsons curriculum since 1983. International faculty, Santo Domingo &amp; La Romana campuses.\" \/>\n<meta name=\"robots\" content=\"index, follow, max-snippet:-1, max-image-preview:large, max-video-preview:-1\" \/>\n<link rel=\"canonical\" href=\"https:\/\/chavon.edu.do\/en\/about\/the-chavon-school\/\" \/>\n<meta property=\"og:locale\" content=\"en_US\" \/>\n<meta property=\"og:type\" content=\"article\" \/>\n<meta property=\"og:title\" content=\"The CHAV\u00d3N School | Parsons Partnership Since 1983\" \/>\n<meta property=\"og:description\" content=\"Discover CHAV\u00d3N School of Design. 2-3 year AAS programs, Parsons curriculum since 1983. International faculty, Santo Domingo &amp; La Romana campuses.\" \/>\n<meta property=\"og:url\" content=\"https:\/\/chavon.edu.do\/en\/about\/the-chavon-school\/\" \/>\n<meta property=\"og:site_name\" content=\"CHAV\u00d3N School of Design\" \/>\n<meta property=\"article:modified_time\" content=\"2025-06-06T18:48:12+00:00\" \/>\n<meta property=\"og:image\" content=\"https:\/\/chavon.edu.do\/wp-content\/uploads\/2025\/06\/about-the-design-school-hero.jpg\" \/>\n\t<meta property=\"og:image:width\" content=\"2560\" \/>\n\t<meta property=\"og:image:height\" content=\"1440\" \/>\n\t<meta property=\"og:image:type\" content=\"image\/jpeg\" \/>\n<meta name=\"twitter:card\" content=\"summary_large_image\" \/>\n<meta name=\"twitter:label1\" content=\"Est. reading time\" \/>\n\t<meta name=\"twitter:data1\" content=\"3 minutes\" \/>\n<script type=\"application\/ld+json\" class=\"yoast-schema-graph\">{\"@context\":\"https:\/\/schema.org\",\"@graph\":[{\"@type\":\"WebPage\",\"@id\":\"https:\/\/chavon.edu.do\/about\/the-chavon-school\/\",\"url\":\"https:\/\/chavon.edu.do\/about\/the-chavon-school\/\",\"name\":\"The CHAV\u00d3N School | Parsons Partnership Since 1983\",\"isPartOf\":{\"@id\":\"https:\/\/chavon.edu.do\/#website\"},\"primaryImageOfPage\":{\"@id\":\"https:\/\/chavon.edu.do\/about\/the-chavon-school\/#primaryimage\"},\"image\":{\"@id\":\"https:\/\/chavon.edu.do\/about\/the-chavon-school\/#primaryimage\"},\"thumbnailUrl\":\"https:\/\/chavon.edu.do\/wp-content\/uploads\/2025\/06\/about-the-design-school-hero.jpg\",\"datePublished\":\"2025-06-06T13:59:33+00:00\",\"dateModified\":\"2025-06-06T18:48:12+00:00\",\"description\":\"Discover CHAV\u00d3N School of Design. 2-3 year AAS programs, Parsons curriculum since 1983. International faculty, Santo Domingo & La Romana campuses.\",\"breadcrumb\":{\"@id\":\"https:\/\/chavon.edu.do\/about\/the-chavon-school\/#breadcrumb\"},\"inLanguage\":\"en-US\",\"potentialAction\":[{\"@type\":\"ReadAction\",\"target\":[\"https:\/\/chavon.edu.do\/about\/the-chavon-school\/\"]}]},{\"@type\":\"ImageObject\",\"inLanguage\":\"en-US\",\"@id\":\"https:\/\/chavon.edu.do\/about\/the-chavon-school\/#primaryimage\",\"url\":\"https:\/\/chavon.edu.do\/wp-content\/uploads\/2025\/06\/about-the-design-school-hero.jpg\",\"contentUrl\":\"https:\/\/chavon.edu.do\/wp-content\/uploads\/2025\/06\/about-the-design-school-hero.jpg\",\"width\":2560,\"height\":1440},{\"@type\":\"BreadcrumbList\",\"@id\":\"https:\/\/chavon.edu.do\/about\/the-chavon-school\/#breadcrumb\",\"itemListElement\":[{\"@type\":\"ListItem\",\"position\":1,\"name\":\"Home\",\"item\":\"https:\/\/chavon.edu.do\/\"},{\"@type\":\"ListItem\",\"position\":2,\"name\":\"About\",\"item\":\"https:\/\/chavon.edu.do\/about\/\"},{\"@type\":\"ListItem\",\"position\":3,\"name\":\"The CHAV\u00d3N School\"}]},{\"@type\":\"WebSite\",\"@id\":\"https:\/\/chavon.edu.do\/#website\",\"url\":\"https:\/\/chavon.edu.do\/\",\"name\":\"CHAV\u00d3N School of Design\",\"description\":\"\",\"publisher\":{\"@id\":\"https:\/\/chavon.edu.do\/#organization\"},\"potentialAction\":[{\"@type\":\"SearchAction\",\"target\":{\"@type\":\"EntryPoint\",\"urlTemplate\":\"https:\/\/chavon.edu.do\/?s={search_term_string}\"},\"query-input\":{\"@type\":\"PropertyValueSpecification\",\"valueRequired\":true,\"valueName\":\"search_term_string\"}}],\"inLanguage\":\"en-US\"},{\"@type\":\"Organization\",\"@id\":\"https:\/\/chavon.edu.do\/#organization\",\"name\":\"Chav\u00f3n - La Escuela de Dise\u00f1o\",\"url\":\"https:\/\/chavon.edu.do\/\",\"logo\":{\"@type\":\"ImageObject\",\"inLanguage\":\"en-US\",\"@id\":\"https:\/\/chavon.edu.do\/#\/schema\/logo\/image\/\",\"url\":\"https:\/\/chavon.edu.do\/wp-content\/uploads\/2019\/12\/chavon.png\",\"contentUrl\":\"https:\/\/chavon.edu.do\/wp-content\/uploads\/2019\/12\/chavon.png\",\"width\":225,\"height\":225,\"caption\":\"Chav\u00f3n - La Escuela de Dise\u00f1o\"},\"image\":{\"@id\":\"https:\/\/chavon.edu.do\/#\/schema\/logo\/image\/\"}}]}<\/script>\n<!-- \/ Yoast SEO plugin. -->","yoast_head_json":{"title":"The CHAV\u00d3N School | Parsons Partnership Since 1983","description":"Discover CHAV\u00d3N School of Design. 2-3 year AAS programs, Parsons curriculum since 1983. International faculty, Santo Domingo & La Romana campuses.","robots":{"index":"index","follow":"follow","max-snippet":"max-snippet:-1","max-image-preview":"max-image-preview:large","max-video-preview":"max-video-preview:-1"},"canonical":"https:\/\/chavon.edu.do\/en\/about\/the-chavon-school\/","og_locale":"en_US","og_type":"article","og_title":"The CHAV\u00d3N School | Parsons Partnership Since 1983","og_description":"Discover CHAV\u00d3N School of Design. 2-3 year AAS programs, Parsons curriculum since 1983. International faculty, Santo Domingo & La Romana campuses.","og_url":"https:\/\/chavon.edu.do\/en\/about\/the-chavon-school\/","og_site_name":"CHAV\u00d3N School of Design","article_modified_time":"2025-06-06T18:48:12+00:00","og_image":[{"width":2560,"height":1440,"url":"https:\/\/chavon.edu.do\/wp-content\/uploads\/2025\/06\/about-the-design-school-hero.jpg","type":"image\/jpeg"}],"twitter_card":"summary_large_image","twitter_misc":{"Est. reading time":"3 minutes"},"schema":{"@context":"https:\/\/schema.org","@graph":[{"@type":"WebPage","@id":"https:\/\/chavon.edu.do\/about\/the-chavon-school\/","url":"https:\/\/chavon.edu.do\/about\/the-chavon-school\/","name":"The CHAV\u00d3N School | Parsons Partnership Since 1983","isPartOf":{"@id":"https:\/\/chavon.edu.do\/#website"},"primaryImageOfPage":{"@id":"https:\/\/chavon.edu.do\/about\/the-chavon-school\/#primaryimage"},"image":{"@id":"https:\/\/chavon.edu.do\/about\/the-chavon-school\/#primaryimage"},"thumbnailUrl":"https:\/\/chavon.edu.do\/wp-content\/uploads\/2025\/06\/about-the-design-school-hero.jpg","datePublished":"2025-06-06T13:59:33+00:00","dateModified":"2025-06-06T18:48:12+00:00","description":"Discover CHAV\u00d3N School of Design. 2-3 year AAS programs, Parsons curriculum since 1983. International faculty, Santo Domingo & La Romana campuses.","breadcrumb":{"@id":"https:\/\/chavon.edu.do\/about\/the-chavon-school\/#breadcrumb"},"inLanguage":"en-US","potentialAction":[{"@type":"ReadAction","target":["https:\/\/chavon.edu.do\/about\/the-chavon-school\/"]}]},{"@type":"ImageObject","inLanguage":"en-US","@id":"https:\/\/chavon.edu.do\/about\/the-chavon-school\/#primaryimage","url":"https:\/\/chavon.edu.do\/wp-content\/uploads\/2025\/06\/about-the-design-school-hero.jpg","contentUrl":"https:\/\/chavon.edu.do\/wp-content\/uploads\/2025\/06\/about-the-design-school-hero.jpg","width":2560,"height":1440},{"@type":"BreadcrumbList","@id":"https:\/\/chavon.edu.do\/about\/the-chavon-school\/#breadcrumb","itemListElement":[{"@type":"ListItem","position":1,"name":"Home","item":"https:\/\/chavon.edu.do\/"},{"@type":"ListItem","position":2,"name":"About","item":"https:\/\/chavon.edu.do\/about\/"},{"@type":"ListItem","position":3,"name":"The CHAV\u00d3N School"}]},{"@type":"WebSite","@id":"https:\/\/chavon.edu.do\/#website","url":"https:\/\/chavon.edu.do\/","name":"CHAV\u00d3N School of Design","description":"","publisher":{"@id":"https:\/\/chavon.edu.do\/#organization"},"potentialAction":[{"@type":"SearchAction","target":{"@type":"EntryPoint","urlTemplate":"https:\/\/chavon.edu.do\/?s={search_term_string}"},"query-input":{"@type":"PropertyValueSpecification","valueRequired":true,"valueName":"search_term_string"}}],"inLanguage":"en-US"},{"@type":"Organization","@id":"https:\/\/chavon.edu.do\/#organization","name":"Chav\u00f3n - La Escuela de Dise\u00f1o","url":"https:\/\/chavon.edu.do\/","logo":{"@type":"ImageObject","inLanguage":"en-US","@id":"https:\/\/chavon.edu.do\/#\/schema\/logo\/image\/","url":"https:\/\/chavon.edu.do\/wp-content\/uploads\/2019\/12\/chavon.png","contentUrl":"https:\/\/chavon.edu.do\/wp-content\/uploads\/2019\/12\/chavon.png","width":225,"height":225,"caption":"Chav\u00f3n - La Escuela de Dise\u00f1o"},"image":{"@id":"https:\/\/chavon.edu.do\/#\/schema\/logo\/image\/"}}]}},"_links":{"self":[{"href":"https:\/\/chavon.edu.do\/en\/wp-json\/wp\/v2\/pages\/6978","targetHints":{"allow":["GET"]}}],"collection":[{"href":"https:\/\/chavon.edu.do\/en\/wp-json\/wp\/v2\/pages"}],"about":[{"href":"https:\/\/chavon.edu.do\/en\/wp-json\/wp\/v2\/types\/page"}],"author":[{"embeddable":true,"href":"https:\/\/chavon.edu.do\/en\/wp-json\/wp\/v2\/users\/21"}],"replies":[{"embeddable":true,"href":"https:\/\/chavon.edu.do\/en\/wp-json\/wp\/v2\/comments?post=6978"}],"version-history":[{"count":81,"href":"https:\/\/chavon.edu.do\/en\/wp-json\/wp\/v2\/pages\/6978\/revisions"}],"predecessor-version":[{"id":7096,"href":"https:\/\/chavon.edu.do\/en\/wp-json\/wp\/v2\/pages\/6978\/revisions\/7096"}],"up":[{"embeddable":true,"href":"https:\/\/chavon.edu.do\/en\/wp-json\/wp\/v2\/pages\/6352"}],"wp:featuredmedia":[{"embeddable":true,"href":"https:\/\/chavon.edu.do\/en\/wp-json\/wp\/v2\/media\/6991"}],"wp:attachment":[{"href":"https:\/\/chavon.edu.do\/en\/wp-json\/wp\/v2\/media?parent=6978"}],"curies":[{"name":"wp","href":"https:\/\/api.w.org\/{rel}","templated":true}]}}