{"id":6517,"date":"2025-05-30T11:40:48","date_gmt":"2025-05-30T15:40:48","guid":{"rendered":"https:\/\/chavon.edu.do\/?page_id=6517"},"modified":"2025-07-02T11:01:46","modified_gmt":"2025-07-02T15:01:46","slug":"chavon-space","status":"publish","type":"page","link":"https:\/\/chavon.edu.do\/en\/programs\/chavon-space\/","title":{"rendered":"CHAV\u00d3N SPACE"},"content":{"rendered":"\n<div class=\"wp-block-columns has-2-columns right-sidebar is-layout-flex wp-container-core-columns-is-layout-9d6595d7 wp-block-columns-is-layout-flex\">\n<div class=\"wp-block-column is-layout-flow wp-block-column-is-layout-flow\">\n<h1 class=\"wp-block-heading\">CHAV\u00d3N SPACE<\/h1>\n\n\n\n<p class=\"special-section\">Available at the Santo Domingo and La Romana Campuses<\/p>\n\n\n\n<hr class=\"wp-block-separator has-alpha-channel-opacity\"\/>\n\n\n\n<p class=\"special-section\"><\/p>\n\n\n\n<p class=\"medium\"><strong>CHAV\u00d3N offers student opportunities by hosting custom-programs for educational institutions in the campus of La Romana. <\/strong><\/p>\n\n\n\n<p class=\"medium\">Since its establishment, CHAV\u00d3N\u2019s facilities have hosted student groups accompanied by faculty from institutions such as the New York Academy of Art, Philadelphia University, Millikin University, Bethel University, Parsons School of Design, and The New School.<\/p>\n\n\n\n<p class=\"medium\">The School&#8217;s location in the Caribbean, at the hub of the Americas, is an ideal location for groups wishing to experience new cultures and environments. The Altos de Chav\u00f3n campus in La Romana offers easy access to airports, nearby towns, and the capital city of Santo Domingo, the site of The School\u2019s urban campus.<\/p>\n\n\n\n<p class=\"medium\">Located in the southeast of the Dominican Republic, the village of Altos de Chav\u00f3n offers students peace and seclusion, and promotes intense immersion in educational pursuits.<\/p>\n\n\n\n<p class=\"medium\">The brick and coral-stone buildings of Altos de Chav\u00f3n house art studios, crafts workshops, galleries, stores, and restaurants. Painters, designers, artisans, writers, and musicians come to CHAV\u00d3N from different parts of the world to create, teach, and learn.<\/p>\n\n\n\n<p>The program options listed below include experienced local staff support during a group&#8217;s stay. Field trips and art and cultural experiences can be arranged at additional cost.<\/p>\n<\/div>\n\n\n\n<div class=\"wp-block-column is-layout-flow wp-block-column-is-layout-flow\">\n<div class=\"wp-block-group\"><div class=\"wp-block-group__inner-container is-layout-constrained wp-block-group-is-layout-constrained\">\n<div class=\"wp-block-buttons is-content-justification-left is-layout-flex wp-container-core-buttons-is-layout-fdcfc74e wp-block-buttons-is-layout-flex\"><\/div>\n\n\n\n<p class=\"top-line has-medium-font-size\"><strong>CONTACT<\/strong><br><br><strong>Phone:<\/strong> + 1 (809) 563.2802 ext. 108, 109<br><strong>Email:<\/strong> info@chavon.edu.do<\/p>\n<\/div><\/div>\n<\/div>\n<\/div>\n\n\n\n<div class=\"wp-block-columns has-4-columns is-layout-flex wp-container-core-columns-is-layout-9d6595d7 wp-block-columns-is-layout-flex\">\n<div class=\"wp-block-column is-layout-flow wp-block-column-is-layout-flow\">\n<p class=\"top-line\"><strong>One-Week Program<\/strong><br>(10 students minimum)<br>Fee includes:<\/p>\n\n\n\n<ul class=\"wp-block-list\">\n<li>Lodging in our student dormitory residence<\/li>\n\n\n\n<li>Airport transfers for arrival and departure<\/li>\n\n\n\n<li>Certificate of participation<\/li>\n\n\n\n<li>Housing for a faculty member for every 15 students<\/li>\n<\/ul>\n<\/div>\n\n\n\n<div class=\"wp-block-column is-layout-flow wp-block-column-is-layout-flow\">\n<p class=\"top-line\"><strong>Two-Week Program<\/strong><br>(10 students minimum)<br>Fee includes:<\/p>\n\n\n\n<ul class=\"wp-block-list\">\n<li>Lodging in our student dormitory residence<\/li>\n\n\n\n<li>Airport transfers for arrival and departure<\/li>\n\n\n\n<li>Certificate of participation<\/li>\n\n\n\n<li>Housing for a faculty member for every 15 students<\/li>\n<\/ul>\n<\/div>\n\n\n\n<div class=\"wp-block-column is-layout-flow wp-block-column-is-layout-flow\">\n<p class=\"top-line\"><strong>Eight-Week Program<\/strong><br>(10 students minimum)<br>Fee includes:<\/p>\n\n\n\n<ul class=\"wp-block-list\">\n<li>Lodging in our student dormitory residence<\/li>\n\n\n\n<li>Airport transfers for arrival and departure<\/li>\n\n\n\n<li>Certificate of participation<\/li>\n\n\n\n<li>Housing for a faculty member for every 15 students<\/li>\n\n\n\n<li>Use of art gallery for exhibit of student work<\/li>\n<\/ul>\n<\/div>\n\n\n\n<div class=\"wp-block-column is-layout-flow wp-block-column-is-layout-flow\">\n<p class=\"top-line\"><strong>Fifteen-Week Program&nbsp;<\/strong><br>(10 students minimum)<br>Fee includes:<\/p>\n\n\n\n<ul class=\"wp-block-list\">\n<li>Lodging in our student dormitory residence<\/li>\n\n\n\n<li>Airport transfers for arrival and departure<\/li>\n\n\n\n<li>Certificate of participation<\/li>\n\n\n\n<li>Housing for a faculty member for every 15 students<\/li>\n\n\n\n<li>Use of art gallery for exhibit of student work<\/li>\n<\/ul>\n<\/div>\n<\/div>\n\n\n\n<p class=\"top-line\"><strong>Does not include:<\/strong><\/p>\n\n\n\n<ul class=\"wp-block-list\">\n<li>Meals (all residences are equipped with stoves and refrigerators)<\/li>\n\n\n\n<li>Airfare and travel (other than airport transfers, as noted above)<\/li>\n\n\n\n<li>Supplies<\/li>\n\n\n\n<li>Health insurance<\/li>\n<\/ul>\n","protected":false},"excerpt":{"rendered":"<p>CHAV\u00d3N SPACE Available at the Santo Domingo and La Romana Campuses CHAV\u00d3N offers student opportunities by hosting custom-programs for educational institutions in the campus of <br \/><a class=\"read-more\" href=\"https:\/\/chavon.edu.do\/en\/programs\/chavon-space\/\">+ Read more<\/a><\/p>\n","protected":false},"author":21,"featured_media":2658,"parent":1635,"menu_order":60,"comment_status":"closed","ping_status":"closed","template":"","meta":{"_acf_changed":false,"footnotes":""},"class_list":["post-6517","page","type-page","status-publish","has-post-thumbnail","hentry"],"acf":[],"yoast_head":"<!-- This site is optimized with the Yoast SEO plugin v26.6 - https:\/\/yoast.com\/wordpress\/plugins\/seo\/ -->\n<title>CHAV\u00d3N SPACE Custom Programs for Educational Institutions | CHAV\u00d3N<\/title>\n<meta name=\"description\" content=\"CHAV\u00d3N offers student opportunities by hosting custom-programs for educational institutions in the campus of La Romana.\" \/>\n<meta name=\"robots\" content=\"index, follow, max-snippet:-1, max-image-preview:large, max-video-preview:-1\" \/>\n<link rel=\"canonical\" href=\"https:\/\/chavon.edu.do\/en\/programs\/chavon-space\/\" \/>\n<meta property=\"og:locale\" content=\"en_US\" \/>\n<meta property=\"og:type\" content=\"article\" \/>\n<meta property=\"og:title\" content=\"CHAV\u00d3N SPACE Custom Programs for Educational Institutions | CHAV\u00d3N\" \/>\n<meta property=\"og:description\" content=\"CHAV\u00d3N offers student opportunities by hosting custom-programs for educational institutions in the campus of La Romana.\" \/>\n<meta property=\"og:url\" content=\"https:\/\/chavon.edu.do\/en\/programs\/chavon-space\/\" \/>\n<meta property=\"og:site_name\" content=\"CHAV\u00d3N School of Design\" \/>\n<meta property=\"article:modified_time\" content=\"2025-07-02T15:01:46+00:00\" \/>\n<meta property=\"og:image\" content=\"https:\/\/chavon.edu.do\/wp-content\/uploads\/2019\/04\/pubrelationsdiplo.jpg\" \/>\n\t<meta property=\"og:image:width\" content=\"1000\" \/>\n\t<meta property=\"og:image:height\" content=\"671\" \/>\n\t<meta property=\"og:image:type\" content=\"image\/jpeg\" \/>\n<meta name=\"twitter:card\" content=\"summary_large_image\" \/>\n<meta name=\"twitter:label1\" content=\"Est. reading time\" \/>\n\t<meta name=\"twitter:data1\" content=\"2 minutes\" \/>\n<script type=\"application\/ld+json\" class=\"yoast-schema-graph\">{\"@context\":\"https:\/\/schema.org\",\"@graph\":[{\"@type\":\"WebPage\",\"@id\":\"https:\/\/chavon.edu.do\/programs\/chavon-space\/\",\"url\":\"https:\/\/chavon.edu.do\/programs\/chavon-space\/\",\"name\":\"CHAV\u00d3N SPACE Custom Programs for Educational Institutions | CHAV\u00d3N\",\"isPartOf\":{\"@id\":\"https:\/\/chavon.edu.do\/#website\"},\"primaryImageOfPage\":{\"@id\":\"https:\/\/chavon.edu.do\/programs\/chavon-space\/#primaryimage\"},\"image\":{\"@id\":\"https:\/\/chavon.edu.do\/programs\/chavon-space\/#primaryimage\"},\"thumbnailUrl\":\"https:\/\/chavon.edu.do\/wp-content\/uploads\/2019\/04\/pubrelationsdiplo.jpg\",\"datePublished\":\"2025-05-30T15:40:48+00:00\",\"dateModified\":\"2025-07-02T15:01:46+00:00\",\"description\":\"CHAV\u00d3N offers student opportunities by hosting custom-programs for educational institutions in the campus of La Romana.\",\"breadcrumb\":{\"@id\":\"https:\/\/chavon.edu.do\/programs\/chavon-space\/#breadcrumb\"},\"inLanguage\":\"en-US\",\"potentialAction\":[{\"@type\":\"ReadAction\",\"target\":[\"https:\/\/chavon.edu.do\/programs\/chavon-space\/\"]}]},{\"@type\":\"ImageObject\",\"inLanguage\":\"en-US\",\"@id\":\"https:\/\/chavon.edu.do\/programs\/chavon-space\/#primaryimage\",\"url\":\"https:\/\/chavon.edu.do\/wp-content\/uploads\/2019\/04\/pubrelationsdiplo.jpg\",\"contentUrl\":\"https:\/\/chavon.edu.do\/wp-content\/uploads\/2019\/04\/pubrelationsdiplo.jpg\",\"width\":1000,\"height\":671},{\"@type\":\"BreadcrumbList\",\"@id\":\"https:\/\/chavon.edu.do\/programs\/chavon-space\/#breadcrumb\",\"itemListElement\":[{\"@type\":\"ListItem\",\"position\":1,\"name\":\"Home\",\"item\":\"https:\/\/chavon.edu.do\/\"},{\"@type\":\"ListItem\",\"position\":2,\"name\":\"Programs\",\"item\":\"https:\/\/chavon.edu.do\/es\/programs\/\"},{\"@type\":\"ListItem\",\"position\":3,\"name\":\"CHAV\u00d3N SPACE\"}]},{\"@type\":\"WebSite\",\"@id\":\"https:\/\/chavon.edu.do\/#website\",\"url\":\"https:\/\/chavon.edu.do\/\",\"name\":\"CHAV\u00d3N School of Design\",\"description\":\"\",\"publisher\":{\"@id\":\"https:\/\/chavon.edu.do\/#organization\"},\"potentialAction\":[{\"@type\":\"SearchAction\",\"target\":{\"@type\":\"EntryPoint\",\"urlTemplate\":\"https:\/\/chavon.edu.do\/?s={search_term_string}\"},\"query-input\":{\"@type\":\"PropertyValueSpecification\",\"valueRequired\":true,\"valueName\":\"search_term_string\"}}],\"inLanguage\":\"en-US\"},{\"@type\":\"Organization\",\"@id\":\"https:\/\/chavon.edu.do\/#organization\",\"name\":\"Chav\u00f3n - La Escuela de Dise\u00f1o\",\"url\":\"https:\/\/chavon.edu.do\/\",\"logo\":{\"@type\":\"ImageObject\",\"inLanguage\":\"en-US\",\"@id\":\"https:\/\/chavon.edu.do\/#\/schema\/logo\/image\/\",\"url\":\"https:\/\/chavon.edu.do\/wp-content\/uploads\/2019\/12\/chavon.png\",\"contentUrl\":\"https:\/\/chavon.edu.do\/wp-content\/uploads\/2019\/12\/chavon.png\",\"width\":225,\"height\":225,\"caption\":\"Chav\u00f3n - La Escuela de Dise\u00f1o\"},\"image\":{\"@id\":\"https:\/\/chavon.edu.do\/#\/schema\/logo\/image\/\"}}]}<\/script>\n<!-- \/ Yoast SEO plugin. -->","yoast_head_json":{"title":"CHAV\u00d3N SPACE Custom Programs for Educational Institutions | CHAV\u00d3N","description":"CHAV\u00d3N offers student opportunities by hosting custom-programs for educational institutions in the campus of La Romana.","robots":{"index":"index","follow":"follow","max-snippet":"max-snippet:-1","max-image-preview":"max-image-preview:large","max-video-preview":"max-video-preview:-1"},"canonical":"https:\/\/chavon.edu.do\/en\/programs\/chavon-space\/","og_locale":"en_US","og_type":"article","og_title":"CHAV\u00d3N SPACE Custom Programs for Educational Institutions | CHAV\u00d3N","og_description":"CHAV\u00d3N offers student opportunities by hosting custom-programs for educational institutions in the campus of La Romana.","og_url":"https:\/\/chavon.edu.do\/en\/programs\/chavon-space\/","og_site_name":"CHAV\u00d3N School of Design","article_modified_time":"2025-07-02T15:01:46+00:00","og_image":[{"width":1000,"height":671,"url":"https:\/\/chavon.edu.do\/wp-content\/uploads\/2019\/04\/pubrelationsdiplo.jpg","type":"image\/jpeg"}],"twitter_card":"summary_large_image","twitter_misc":{"Est. reading time":"2 minutes"},"schema":{"@context":"https:\/\/schema.org","@graph":[{"@type":"WebPage","@id":"https:\/\/chavon.edu.do\/programs\/chavon-space\/","url":"https:\/\/chavon.edu.do\/programs\/chavon-space\/","name":"CHAV\u00d3N SPACE Custom Programs for Educational Institutions | CHAV\u00d3N","isPartOf":{"@id":"https:\/\/chavon.edu.do\/#website"},"primaryImageOfPage":{"@id":"https:\/\/chavon.edu.do\/programs\/chavon-space\/#primaryimage"},"image":{"@id":"https:\/\/chavon.edu.do\/programs\/chavon-space\/#primaryimage"},"thumbnailUrl":"https:\/\/chavon.edu.do\/wp-content\/uploads\/2019\/04\/pubrelationsdiplo.jpg","datePublished":"2025-05-30T15:40:48+00:00","dateModified":"2025-07-02T15:01:46+00:00","description":"CHAV\u00d3N offers student opportunities by hosting custom-programs for educational institutions in the campus of La Romana.","breadcrumb":{"@id":"https:\/\/chavon.edu.do\/programs\/chavon-space\/#breadcrumb"},"inLanguage":"en-US","potentialAction":[{"@type":"ReadAction","target":["https:\/\/chavon.edu.do\/programs\/chavon-space\/"]}]},{"@type":"ImageObject","inLanguage":"en-US","@id":"https:\/\/chavon.edu.do\/programs\/chavon-space\/#primaryimage","url":"https:\/\/chavon.edu.do\/wp-content\/uploads\/2019\/04\/pubrelationsdiplo.jpg","contentUrl":"https:\/\/chavon.edu.do\/wp-content\/uploads\/2019\/04\/pubrelationsdiplo.jpg","width":1000,"height":671},{"@type":"BreadcrumbList","@id":"https:\/\/chavon.edu.do\/programs\/chavon-space\/#breadcrumb","itemListElement":[{"@type":"ListItem","position":1,"name":"Home","item":"https:\/\/chavon.edu.do\/"},{"@type":"ListItem","position":2,"name":"Programs","item":"https:\/\/chavon.edu.do\/es\/programs\/"},{"@type":"ListItem","position":3,"name":"CHAV\u00d3N SPACE"}]},{"@type":"WebSite","@id":"https:\/\/chavon.edu.do\/#website","url":"https:\/\/chavon.edu.do\/","name":"CHAV\u00d3N School of Design","description":"","publisher":{"@id":"https:\/\/chavon.edu.do\/#organization"},"potentialAction":[{"@type":"SearchAction","target":{"@type":"EntryPoint","urlTemplate":"https:\/\/chavon.edu.do\/?s={search_term_string}"},"query-input":{"@type":"PropertyValueSpecification","valueRequired":true,"valueName":"search_term_string"}}],"inLanguage":"en-US"},{"@type":"Organization","@id":"https:\/\/chavon.edu.do\/#organization","name":"Chav\u00f3n - La Escuela de Dise\u00f1o","url":"https:\/\/chavon.edu.do\/","logo":{"@type":"ImageObject","inLanguage":"en-US","@id":"https:\/\/chavon.edu.do\/#\/schema\/logo\/image\/","url":"https:\/\/chavon.edu.do\/wp-content\/uploads\/2019\/12\/chavon.png","contentUrl":"https:\/\/chavon.edu.do\/wp-content\/uploads\/2019\/12\/chavon.png","width":225,"height":225,"caption":"Chav\u00f3n - La Escuela de Dise\u00f1o"},"image":{"@id":"https:\/\/chavon.edu.do\/#\/schema\/logo\/image\/"}}]}},"_links":{"self":[{"href":"https:\/\/chavon.edu.do\/en\/wp-json\/wp\/v2\/pages\/6517","targetHints":{"allow":["GET"]}}],"collection":[{"href":"https:\/\/chavon.edu.do\/en\/wp-json\/wp\/v2\/pages"}],"about":[{"href":"https:\/\/chavon.edu.do\/en\/wp-json\/wp\/v2\/types\/page"}],"author":[{"embeddable":true,"href":"https:\/\/chavon.edu.do\/en\/wp-json\/wp\/v2\/users\/21"}],"replies":[{"embeddable":true,"href":"https:\/\/chavon.edu.do\/en\/wp-json\/wp\/v2\/comments?post=6517"}],"version-history":[{"count":13,"href":"https:\/\/chavon.edu.do\/en\/wp-json\/wp\/v2\/pages\/6517\/revisions"}],"predecessor-version":[{"id":7865,"href":"https:\/\/chavon.edu.do\/en\/wp-json\/wp\/v2\/pages\/6517\/revisions\/7865"}],"up":[{"embeddable":true,"href":"https:\/\/chavon.edu.do\/en\/wp-json\/wp\/v2\/pages\/1635"}],"wp:featuredmedia":[{"embeddable":true,"href":"https:\/\/chavon.edu.do\/en\/wp-json\/wp\/v2\/media\/2658"}],"wp:attachment":[{"href":"https:\/\/chavon.edu.do\/en\/wp-json\/wp\/v2\/media?parent=6517"}],"curies":[{"name":"wp","href":"https:\/\/api.w.org\/{rel}","templated":true}]}}