{"id":6489,"date":"2025-05-30T11:10:33","date_gmt":"2025-05-30T15:10:33","guid":{"rendered":"https:\/\/chavon.edu.do\/?page_id=6489"},"modified":"2025-07-02T11:01:52","modified_gmt":"2025-07-02T15:01:52","slug":"chavon-pro","status":"publish","type":"page","link":"https:\/\/chavon.edu.do\/en\/programs\/chavon-pro\/","title":{"rendered":"CHAV\u00d3N PRO"},"content":{"rendered":"\n<div class=\"wp-block-columns has-2-columns right-sidebar is-layout-flex wp-container-core-columns-is-layout-9d6595d7 wp-block-columns-is-layout-flex\">\n<div class=\"wp-block-column is-layout-flow wp-block-column-is-layout-flow\">\n<h1 class=\"wp-block-heading\">CHAV\u00d3N PRO<\/h1>\n\n\n\n<p class=\"special-section\">Available at the Santo Domingo and La Romana Campuses<\/p>\n\n\n\n<hr class=\"wp-block-separator has-alpha-channel-opacity\"\/>\n\n\n\n<div style=\"height:48px\" aria-hidden=\"true\" class=\"wp-block-spacer\"><\/div>\n\n\n\n<p class=\"medium\"><strong>CHAV\u00d3N<\/strong> stands as a global reference in art and design education, providing customized corporate training programs for companies, national and international institutions, and organizations looking to enhance their teams&#8217; creative and technical capabilities.<\/p>\n\n\n\n<p class=\"medium\"><strong>CHAV\u00d3N PRO<\/strong> creates bespoke training solutions tailored to each client&#8217;s unique requirements. Programs are available in on-site, virtual, or hybrid delivery formats, featuring flexible scheduling and customized approaches aligned with institutional goals.<\/p>\n\n\n\n<p class=\"medium\"><strong>Training solutions include:<\/strong><\/p>\n\n\n\n<ul class=\"wp-block-list\">\n<li class=\"medium\">Exclusive courses designed to meet client specifications.<\/li>\n\n\n\n<li class=\"medium chavon-number-list\">Closed groups within existing <a href=\"\/programs\/continuing-education\/\">continuing education<\/a> programs:\n<ol class=\"wp-block-list chavon-number-list\">\n<li><a href=\"\/programs\/short-courses\/\">Short Courses<\/a><\/li>\n\n\n\n<li><a href=\"\/programs\/certificates\/\">Certificates<\/a><\/li>\n\n\n\n<li><a href=\"\/programs\/workshops\/\">Workshops<\/a><\/li>\n<\/ol>\n<\/li>\n<\/ul>\n<\/div>\n\n\n\n<div class=\"wp-block-column is-layout-flow wp-block-column-is-layout-flow\">\n<div class=\"wp-block-group\"><div class=\"wp-block-group__inner-container is-layout-constrained wp-block-group-is-layout-constrained\">\n<p class=\"top-line has-medium-font-size\"><strong>CONTACT<\/strong><br><br><strong>Phone:<\/strong> + 1 (809) 563.2802 ext. 108, 109<br><strong>Email:<\/strong> info@chavon.edu.do<\/p>\n<\/div><\/div>\n<\/div>\n<\/div>\n","protected":false},"excerpt":{"rendered":"<p>CHAV\u00d3N PRO Available at the Santo Domingo and La Romana Campuses CHAV\u00d3N stands as a global reference in art and design education, providing customized corporate <br \/><a class=\"read-more\" href=\"https:\/\/chavon.edu.do\/en\/programs\/chavon-pro\/\">+ Read more<\/a><\/p>\n","protected":false},"author":21,"featured_media":2658,"parent":1635,"menu_order":60,"comment_status":"closed","ping_status":"closed","template":"","meta":{"_acf_changed":false,"footnotes":""},"class_list":["post-6489","page","type-page","status-publish","has-post-thumbnail","hentry"],"acf":[],"yoast_head":"<!-- This site is optimized with the Yoast SEO plugin v26.6 - https:\/\/yoast.com\/wordpress\/plugins\/seo\/ -->\n<title>CHAV\u00d3N PRO: Custom-made Programs for Organizations | CHAV\u00d3N<\/title>\n<meta name=\"description\" content=\"CHAV\u00d3N offers tailor-made programs that are an exciting learning adventure for organizations at all levels.\" \/>\n<meta name=\"robots\" content=\"index, follow, max-snippet:-1, max-image-preview:large, max-video-preview:-1\" \/>\n<link rel=\"canonical\" href=\"https:\/\/chavon.edu.do\/en\/programs\/chavon-pro\/\" \/>\n<meta property=\"og:locale\" content=\"en_US\" \/>\n<meta property=\"og:type\" content=\"article\" \/>\n<meta property=\"og:title\" content=\"CHAV\u00d3N PRO: Custom-made Programs for Organizations | CHAV\u00d3N\" \/>\n<meta property=\"og:description\" content=\"CHAV\u00d3N offers tailor-made programs that are an exciting learning adventure for organizations at all levels.\" \/>\n<meta property=\"og:url\" content=\"https:\/\/chavon.edu.do\/en\/programs\/chavon-pro\/\" \/>\n<meta property=\"og:site_name\" content=\"CHAV\u00d3N School of Design\" \/>\n<meta property=\"article:modified_time\" content=\"2025-07-02T15:01:52+00:00\" \/>\n<meta property=\"og:image\" content=\"https:\/\/chavon.edu.do\/wp-content\/uploads\/2019\/04\/pubrelationsdiplo.jpg\" \/>\n\t<meta property=\"og:image:width\" content=\"1000\" \/>\n\t<meta property=\"og:image:height\" content=\"671\" \/>\n\t<meta property=\"og:image:type\" content=\"image\/jpeg\" \/>\n<meta name=\"twitter:card\" content=\"summary_large_image\" \/>\n<meta name=\"twitter:label1\" content=\"Est. reading time\" \/>\n\t<meta name=\"twitter:data1\" content=\"1 minute\" \/>\n<script type=\"application\/ld+json\" class=\"yoast-schema-graph\">{\"@context\":\"https:\/\/schema.org\",\"@graph\":[{\"@type\":\"WebPage\",\"@id\":\"https:\/\/chavon.edu.do\/programs\/chavon-pro\/\",\"url\":\"https:\/\/chavon.edu.do\/programs\/chavon-pro\/\",\"name\":\"CHAV\u00d3N PRO: Custom-made Programs for Organizations | CHAV\u00d3N\",\"isPartOf\":{\"@id\":\"https:\/\/chavon.edu.do\/#website\"},\"primaryImageOfPage\":{\"@id\":\"https:\/\/chavon.edu.do\/programs\/chavon-pro\/#primaryimage\"},\"image\":{\"@id\":\"https:\/\/chavon.edu.do\/programs\/chavon-pro\/#primaryimage\"},\"thumbnailUrl\":\"https:\/\/chavon.edu.do\/wp-content\/uploads\/2019\/04\/pubrelationsdiplo.jpg\",\"datePublished\":\"2025-05-30T15:10:33+00:00\",\"dateModified\":\"2025-07-02T15:01:52+00:00\",\"description\":\"CHAV\u00d3N offers tailor-made programs that are an exciting learning adventure for organizations at all levels.\",\"breadcrumb\":{\"@id\":\"https:\/\/chavon.edu.do\/programs\/chavon-pro\/#breadcrumb\"},\"inLanguage\":\"en-US\",\"potentialAction\":[{\"@type\":\"ReadAction\",\"target\":[\"https:\/\/chavon.edu.do\/programs\/chavon-pro\/\"]}]},{\"@type\":\"ImageObject\",\"inLanguage\":\"en-US\",\"@id\":\"https:\/\/chavon.edu.do\/programs\/chavon-pro\/#primaryimage\",\"url\":\"https:\/\/chavon.edu.do\/wp-content\/uploads\/2019\/04\/pubrelationsdiplo.jpg\",\"contentUrl\":\"https:\/\/chavon.edu.do\/wp-content\/uploads\/2019\/04\/pubrelationsdiplo.jpg\",\"width\":1000,\"height\":671},{\"@type\":\"BreadcrumbList\",\"@id\":\"https:\/\/chavon.edu.do\/programs\/chavon-pro\/#breadcrumb\",\"itemListElement\":[{\"@type\":\"ListItem\",\"position\":1,\"name\":\"Home\",\"item\":\"https:\/\/chavon.edu.do\/\"},{\"@type\":\"ListItem\",\"position\":2,\"name\":\"Programs\",\"item\":\"https:\/\/chavon.edu.do\/es\/programs\/\"},{\"@type\":\"ListItem\",\"position\":3,\"name\":\"CHAV\u00d3N PRO\"}]},{\"@type\":\"WebSite\",\"@id\":\"https:\/\/chavon.edu.do\/#website\",\"url\":\"https:\/\/chavon.edu.do\/\",\"name\":\"CHAV\u00d3N School of Design\",\"description\":\"\",\"publisher\":{\"@id\":\"https:\/\/chavon.edu.do\/#organization\"},\"potentialAction\":[{\"@type\":\"SearchAction\",\"target\":{\"@type\":\"EntryPoint\",\"urlTemplate\":\"https:\/\/chavon.edu.do\/?s={search_term_string}\"},\"query-input\":{\"@type\":\"PropertyValueSpecification\",\"valueRequired\":true,\"valueName\":\"search_term_string\"}}],\"inLanguage\":\"en-US\"},{\"@type\":\"Organization\",\"@id\":\"https:\/\/chavon.edu.do\/#organization\",\"name\":\"Chav\u00f3n - La Escuela de Dise\u00f1o\",\"url\":\"https:\/\/chavon.edu.do\/\",\"logo\":{\"@type\":\"ImageObject\",\"inLanguage\":\"en-US\",\"@id\":\"https:\/\/chavon.edu.do\/#\/schema\/logo\/image\/\",\"url\":\"https:\/\/chavon.edu.do\/wp-content\/uploads\/2019\/12\/chavon.png\",\"contentUrl\":\"https:\/\/chavon.edu.do\/wp-content\/uploads\/2019\/12\/chavon.png\",\"width\":225,\"height\":225,\"caption\":\"Chav\u00f3n - La Escuela de Dise\u00f1o\"},\"image\":{\"@id\":\"https:\/\/chavon.edu.do\/#\/schema\/logo\/image\/\"}}]}<\/script>\n<!-- \/ Yoast SEO plugin. -->","yoast_head_json":{"title":"CHAV\u00d3N PRO: Custom-made Programs for Organizations | CHAV\u00d3N","description":"CHAV\u00d3N offers tailor-made programs that are an exciting learning adventure for organizations at all levels.","robots":{"index":"index","follow":"follow","max-snippet":"max-snippet:-1","max-image-preview":"max-image-preview:large","max-video-preview":"max-video-preview:-1"},"canonical":"https:\/\/chavon.edu.do\/en\/programs\/chavon-pro\/","og_locale":"en_US","og_type":"article","og_title":"CHAV\u00d3N PRO: Custom-made Programs for Organizations | CHAV\u00d3N","og_description":"CHAV\u00d3N offers tailor-made programs that are an exciting learning adventure for organizations at all levels.","og_url":"https:\/\/chavon.edu.do\/en\/programs\/chavon-pro\/","og_site_name":"CHAV\u00d3N School of Design","article_modified_time":"2025-07-02T15:01:52+00:00","og_image":[{"width":1000,"height":671,"url":"https:\/\/chavon.edu.do\/wp-content\/uploads\/2019\/04\/pubrelationsdiplo.jpg","type":"image\/jpeg"}],"twitter_card":"summary_large_image","twitter_misc":{"Est. reading time":"1 minute"},"schema":{"@context":"https:\/\/schema.org","@graph":[{"@type":"WebPage","@id":"https:\/\/chavon.edu.do\/programs\/chavon-pro\/","url":"https:\/\/chavon.edu.do\/programs\/chavon-pro\/","name":"CHAV\u00d3N PRO: Custom-made Programs for Organizations | CHAV\u00d3N","isPartOf":{"@id":"https:\/\/chavon.edu.do\/#website"},"primaryImageOfPage":{"@id":"https:\/\/chavon.edu.do\/programs\/chavon-pro\/#primaryimage"},"image":{"@id":"https:\/\/chavon.edu.do\/programs\/chavon-pro\/#primaryimage"},"thumbnailUrl":"https:\/\/chavon.edu.do\/wp-content\/uploads\/2019\/04\/pubrelationsdiplo.jpg","datePublished":"2025-05-30T15:10:33+00:00","dateModified":"2025-07-02T15:01:52+00:00","description":"CHAV\u00d3N offers tailor-made programs that are an exciting learning adventure for organizations at all levels.","breadcrumb":{"@id":"https:\/\/chavon.edu.do\/programs\/chavon-pro\/#breadcrumb"},"inLanguage":"en-US","potentialAction":[{"@type":"ReadAction","target":["https:\/\/chavon.edu.do\/programs\/chavon-pro\/"]}]},{"@type":"ImageObject","inLanguage":"en-US","@id":"https:\/\/chavon.edu.do\/programs\/chavon-pro\/#primaryimage","url":"https:\/\/chavon.edu.do\/wp-content\/uploads\/2019\/04\/pubrelationsdiplo.jpg","contentUrl":"https:\/\/chavon.edu.do\/wp-content\/uploads\/2019\/04\/pubrelationsdiplo.jpg","width":1000,"height":671},{"@type":"BreadcrumbList","@id":"https:\/\/chavon.edu.do\/programs\/chavon-pro\/#breadcrumb","itemListElement":[{"@type":"ListItem","position":1,"name":"Home","item":"https:\/\/chavon.edu.do\/"},{"@type":"ListItem","position":2,"name":"Programs","item":"https:\/\/chavon.edu.do\/es\/programs\/"},{"@type":"ListItem","position":3,"name":"CHAV\u00d3N PRO"}]},{"@type":"WebSite","@id":"https:\/\/chavon.edu.do\/#website","url":"https:\/\/chavon.edu.do\/","name":"CHAV\u00d3N School of Design","description":"","publisher":{"@id":"https:\/\/chavon.edu.do\/#organization"},"potentialAction":[{"@type":"SearchAction","target":{"@type":"EntryPoint","urlTemplate":"https:\/\/chavon.edu.do\/?s={search_term_string}"},"query-input":{"@type":"PropertyValueSpecification","valueRequired":true,"valueName":"search_term_string"}}],"inLanguage":"en-US"},{"@type":"Organization","@id":"https:\/\/chavon.edu.do\/#organization","name":"Chav\u00f3n - La Escuela de Dise\u00f1o","url":"https:\/\/chavon.edu.do\/","logo":{"@type":"ImageObject","inLanguage":"en-US","@id":"https:\/\/chavon.edu.do\/#\/schema\/logo\/image\/","url":"https:\/\/chavon.edu.do\/wp-content\/uploads\/2019\/12\/chavon.png","contentUrl":"https:\/\/chavon.edu.do\/wp-content\/uploads\/2019\/12\/chavon.png","width":225,"height":225,"caption":"Chav\u00f3n - La Escuela de Dise\u00f1o"},"image":{"@id":"https:\/\/chavon.edu.do\/#\/schema\/logo\/image\/"}}]}},"_links":{"self":[{"href":"https:\/\/chavon.edu.do\/en\/wp-json\/wp\/v2\/pages\/6489","targetHints":{"allow":["GET"]}}],"collection":[{"href":"https:\/\/chavon.edu.do\/en\/wp-json\/wp\/v2\/pages"}],"about":[{"href":"https:\/\/chavon.edu.do\/en\/wp-json\/wp\/v2\/types\/page"}],"author":[{"embeddable":true,"href":"https:\/\/chavon.edu.do\/en\/wp-json\/wp\/v2\/users\/21"}],"replies":[{"embeddable":true,"href":"https:\/\/chavon.edu.do\/en\/wp-json\/wp\/v2\/comments?post=6489"}],"version-history":[{"count":46,"href":"https:\/\/chavon.edu.do\/en\/wp-json\/wp\/v2\/pages\/6489\/revisions"}],"predecessor-version":[{"id":7866,"href":"https:\/\/chavon.edu.do\/en\/wp-json\/wp\/v2\/pages\/6489\/revisions\/7866"}],"up":[{"embeddable":true,"href":"https:\/\/chavon.edu.do\/en\/wp-json\/wp\/v2\/pages\/1635"}],"wp:featuredmedia":[{"embeddable":true,"href":"https:\/\/chavon.edu.do\/en\/wp-json\/wp\/v2\/media\/2658"}],"wp:attachment":[{"href":"https:\/\/chavon.edu.do\/en\/wp-json\/wp\/v2\/media?parent=6489"}],"curies":[{"name":"wp","href":"https:\/\/api.w.org\/{rel}","templated":true}]}}