{"id":4887,"date":"2021-07-06T14:45:38","date_gmt":"2021-07-06T14:45:38","guid":{"rendered":"https:\/\/chavon.edu.do\/?page_id=4887"},"modified":"2025-06-03T13:03:14","modified_gmt":"2025-06-03T17:03:14","slug":"advanced-studies","status":"publish","type":"page","link":"https:\/\/chavon.edu.do\/en\/programs\/advanced-studies\/","title":{"rendered":"Advanced Studies"},"content":{"rendered":"\n<p class=\"medium\">CHAV\u00d3N&#8217;s Advanced Studies programs target professionals, graduates, and seasoned creators who want to deepen their practice, develop personal projects, and strengthen their creative voice. <\/p>\n\n\n\n<p class=\"medium\">These transformative experiences provide a rigorous, collaborative environment with industry focus, personalized guidance, and access to a network of distinguished faculty and advisors across key art, design, and communication disciplines.<\/p>\n\n\n\n<p class=\"medium\">Each program features a selective admission process with specific requirements and is designed to deliver exceptional academic training.<\/p>\n\n\n\n<p class=\"medium\">Explore our available programs and join a community dedicated to advancing creative excellence!<\/p>\n\n\n\n<p><\/p>\n","protected":false},"excerpt":{"rendered":"<p>CHAV\u00d3N&#8217;s Advanced Studies programs target professionals, graduates, and seasoned creators who want to deepen their practice, develop personal projects, and strengthen their creative voice. These <br \/><a class=\"read-more\" href=\"https:\/\/chavon.edu.do\/en\/programs\/advanced-studies\/\">+ Read more<\/a><\/p>\n","protected":false},"author":21,"featured_media":0,"parent":1635,"menu_order":11,"comment_status":"closed","ping_status":"closed","template":"template-programs.php","meta":{"_acf_changed":false,"footnotes":""},"class_list":["post-4887","page","type-page","status-publish","hentry"],"acf":[],"yoast_head":"<!-- This site is optimized with the Yoast SEO plugin v26.6 - https:\/\/yoast.com\/wordpress\/plugins\/seo\/ -->\n<title>Advanced Studies | CHAV\u00d3N School of Design<\/title>\n<meta name=\"description\" content=\"CHAV\u00d3N - La Escuela de Dise\u00f1o - is a global art center educating students throughout Latin America and Caribbean in art, fashion, film and graphic design.\" \/>\n<meta name=\"robots\" content=\"index, follow, max-snippet:-1, max-image-preview:large, max-video-preview:-1\" \/>\n<link rel=\"canonical\" href=\"https:\/\/chavon.edu.do\/en\/programs\/advanced-studies\/\" \/>\n<meta property=\"og:locale\" content=\"en_US\" \/>\n<meta property=\"og:type\" content=\"article\" \/>\n<meta property=\"og:title\" content=\"Advanced Studies | CHAV\u00d3N School of Design\" \/>\n<meta property=\"og:description\" content=\"CHAV\u00d3N - La Escuela de Dise\u00f1o - is a global art center educating students throughout Latin America and Caribbean in art, fashion, film and graphic design.\" \/>\n<meta property=\"og:url\" content=\"https:\/\/chavon.edu.do\/en\/programs\/advanced-studies\/\" \/>\n<meta property=\"og:site_name\" content=\"CHAV\u00d3N School of Design\" \/>\n<meta property=\"article:modified_time\" content=\"2025-06-03T17:03:14+00:00\" \/>\n<meta name=\"twitter:card\" content=\"summary_large_image\" \/>\n<meta name=\"twitter:label1\" content=\"Est. reading time\" \/>\n\t<meta name=\"twitter:data1\" content=\"1 minute\" \/>\n<script type=\"application\/ld+json\" class=\"yoast-schema-graph\">{\"@context\":\"https:\/\/schema.org\",\"@graph\":[{\"@type\":\"WebPage\",\"@id\":\"https:\/\/chavon.edu.do\/programs\/advanced-studies\/\",\"url\":\"https:\/\/chavon.edu.do\/programs\/advanced-studies\/\",\"name\":\"Advanced Studies | CHAV\u00d3N School of Design\",\"isPartOf\":{\"@id\":\"https:\/\/chavon.edu.do\/#website\"},\"datePublished\":\"2021-07-06T14:45:38+00:00\",\"dateModified\":\"2025-06-03T17:03:14+00:00\",\"description\":\"CHAV\u00d3N - La Escuela de Dise\u00f1o - is a global art center educating students throughout Latin America and Caribbean in art, fashion, film and graphic design.\",\"breadcrumb\":{\"@id\":\"https:\/\/chavon.edu.do\/programs\/advanced-studies\/#breadcrumb\"},\"inLanguage\":\"en-US\",\"potentialAction\":[{\"@type\":\"ReadAction\",\"target\":[\"https:\/\/chavon.edu.do\/programs\/advanced-studies\/\"]}]},{\"@type\":\"BreadcrumbList\",\"@id\":\"https:\/\/chavon.edu.do\/programs\/advanced-studies\/#breadcrumb\",\"itemListElement\":[{\"@type\":\"ListItem\",\"position\":1,\"name\":\"Home\",\"item\":\"https:\/\/chavon.edu.do\/\"},{\"@type\":\"ListItem\",\"position\":2,\"name\":\"Programs\",\"item\":\"https:\/\/chavon.edu.do\/es\/programs\/\"},{\"@type\":\"ListItem\",\"position\":3,\"name\":\"Advanced Studies\"}]},{\"@type\":\"WebSite\",\"@id\":\"https:\/\/chavon.edu.do\/#website\",\"url\":\"https:\/\/chavon.edu.do\/\",\"name\":\"CHAV\u00d3N School of Design\",\"description\":\"\",\"publisher\":{\"@id\":\"https:\/\/chavon.edu.do\/#organization\"},\"potentialAction\":[{\"@type\":\"SearchAction\",\"target\":{\"@type\":\"EntryPoint\",\"urlTemplate\":\"https:\/\/chavon.edu.do\/?s={search_term_string}\"},\"query-input\":{\"@type\":\"PropertyValueSpecification\",\"valueRequired\":true,\"valueName\":\"search_term_string\"}}],\"inLanguage\":\"en-US\"},{\"@type\":\"Organization\",\"@id\":\"https:\/\/chavon.edu.do\/#organization\",\"name\":\"Chav\u00f3n - La Escuela de Dise\u00f1o\",\"url\":\"https:\/\/chavon.edu.do\/\",\"logo\":{\"@type\":\"ImageObject\",\"inLanguage\":\"en-US\",\"@id\":\"https:\/\/chavon.edu.do\/#\/schema\/logo\/image\/\",\"url\":\"https:\/\/chavon.edu.do\/wp-content\/uploads\/2019\/12\/chavon.png\",\"contentUrl\":\"https:\/\/chavon.edu.do\/wp-content\/uploads\/2019\/12\/chavon.png\",\"width\":225,\"height\":225,\"caption\":\"Chav\u00f3n - La Escuela de Dise\u00f1o\"},\"image\":{\"@id\":\"https:\/\/chavon.edu.do\/#\/schema\/logo\/image\/\"}}]}<\/script>\n<!-- \/ Yoast SEO plugin. -->","yoast_head_json":{"title":"Advanced Studies | CHAV\u00d3N School of Design","description":"CHAV\u00d3N - La Escuela de Dise\u00f1o - is a global art center educating students throughout Latin America and Caribbean in art, fashion, film and graphic design.","robots":{"index":"index","follow":"follow","max-snippet":"max-snippet:-1","max-image-preview":"max-image-preview:large","max-video-preview":"max-video-preview:-1"},"canonical":"https:\/\/chavon.edu.do\/en\/programs\/advanced-studies\/","og_locale":"en_US","og_type":"article","og_title":"Advanced Studies | CHAV\u00d3N School of Design","og_description":"CHAV\u00d3N - La Escuela de Dise\u00f1o - is a global art center educating students throughout Latin America and Caribbean in art, fashion, film and graphic design.","og_url":"https:\/\/chavon.edu.do\/en\/programs\/advanced-studies\/","og_site_name":"CHAV\u00d3N School of Design","article_modified_time":"2025-06-03T17:03:14+00:00","twitter_card":"summary_large_image","twitter_misc":{"Est. reading time":"1 minute"},"schema":{"@context":"https:\/\/schema.org","@graph":[{"@type":"WebPage","@id":"https:\/\/chavon.edu.do\/programs\/advanced-studies\/","url":"https:\/\/chavon.edu.do\/programs\/advanced-studies\/","name":"Advanced Studies | CHAV\u00d3N School of Design","isPartOf":{"@id":"https:\/\/chavon.edu.do\/#website"},"datePublished":"2021-07-06T14:45:38+00:00","dateModified":"2025-06-03T17:03:14+00:00","description":"CHAV\u00d3N - La Escuela de Dise\u00f1o - is a global art center educating students throughout Latin America and Caribbean in art, fashion, film and graphic design.","breadcrumb":{"@id":"https:\/\/chavon.edu.do\/programs\/advanced-studies\/#breadcrumb"},"inLanguage":"en-US","potentialAction":[{"@type":"ReadAction","target":["https:\/\/chavon.edu.do\/programs\/advanced-studies\/"]}]},{"@type":"BreadcrumbList","@id":"https:\/\/chavon.edu.do\/programs\/advanced-studies\/#breadcrumb","itemListElement":[{"@type":"ListItem","position":1,"name":"Home","item":"https:\/\/chavon.edu.do\/"},{"@type":"ListItem","position":2,"name":"Programs","item":"https:\/\/chavon.edu.do\/es\/programs\/"},{"@type":"ListItem","position":3,"name":"Advanced Studies"}]},{"@type":"WebSite","@id":"https:\/\/chavon.edu.do\/#website","url":"https:\/\/chavon.edu.do\/","name":"CHAV\u00d3N School of Design","description":"","publisher":{"@id":"https:\/\/chavon.edu.do\/#organization"},"potentialAction":[{"@type":"SearchAction","target":{"@type":"EntryPoint","urlTemplate":"https:\/\/chavon.edu.do\/?s={search_term_string}"},"query-input":{"@type":"PropertyValueSpecification","valueRequired":true,"valueName":"search_term_string"}}],"inLanguage":"en-US"},{"@type":"Organization","@id":"https:\/\/chavon.edu.do\/#organization","name":"Chav\u00f3n - La Escuela de Dise\u00f1o","url":"https:\/\/chavon.edu.do\/","logo":{"@type":"ImageObject","inLanguage":"en-US","@id":"https:\/\/chavon.edu.do\/#\/schema\/logo\/image\/","url":"https:\/\/chavon.edu.do\/wp-content\/uploads\/2019\/12\/chavon.png","contentUrl":"https:\/\/chavon.edu.do\/wp-content\/uploads\/2019\/12\/chavon.png","width":225,"height":225,"caption":"Chav\u00f3n - La Escuela de Dise\u00f1o"},"image":{"@id":"https:\/\/chavon.edu.do\/#\/schema\/logo\/image\/"}}]}},"_links":{"self":[{"href":"https:\/\/chavon.edu.do\/en\/wp-json\/wp\/v2\/pages\/4887","targetHints":{"allow":["GET"]}}],"collection":[{"href":"https:\/\/chavon.edu.do\/en\/wp-json\/wp\/v2\/pages"}],"about":[{"href":"https:\/\/chavon.edu.do\/en\/wp-json\/wp\/v2\/types\/page"}],"author":[{"embeddable":true,"href":"https:\/\/chavon.edu.do\/en\/wp-json\/wp\/v2\/users\/21"}],"replies":[{"embeddable":true,"href":"https:\/\/chavon.edu.do\/en\/wp-json\/wp\/v2\/comments?post=4887"}],"version-history":[{"count":3,"href":"https:\/\/chavon.edu.do\/en\/wp-json\/wp\/v2\/pages\/4887\/revisions"}],"predecessor-version":[{"id":6631,"href":"https:\/\/chavon.edu.do\/en\/wp-json\/wp\/v2\/pages\/4887\/revisions\/6631"}],"up":[{"embeddable":true,"href":"https:\/\/chavon.edu.do\/en\/wp-json\/wp\/v2\/pages\/1635"}],"wp:attachment":[{"href":"https:\/\/chavon.edu.do\/en\/wp-json\/wp\/v2\/media?parent=4887"}],"curies":[{"name":"wp","href":"https:\/\/api.w.org\/{rel}","templated":true}]}}