{"id":2944,"date":"2019-07-09T18:55:33","date_gmt":"2019-07-09T18:55:33","guid":{"rendered":"http:\/\/chavondev.wpengine.com\/?page_id=2944"},"modified":"2025-06-09T14:06:17","modified_gmt":"2025-06-09T18:06:17","slug":"campus-la-romana","status":"publish","type":"page","link":"https:\/\/chavon.edu.do\/en\/vive-chavon\/campus-la-romana\/","title":{"rendered":"Campus La Romana"},"content":{"rendered":"\n<h1 class=\"wp-block-heading bottom-line\">La Romana Campus<\/h1>\n\n\n\n<div style=\"height:32px\" aria-hidden=\"true\" class=\"wp-block-spacer\"><\/div>\n\n\n\n<h2 class=\"wp-block-heading\">Location<strong>:<\/strong> <\/h2>\n\n\n\n<p class=\"has-medium-font-size\">Altos de Chav\u00f3n <br>La Romana, Dominican Republic<br>+1 (809) 523.8011<\/p>\n\n\n\n<iframe src=\"https:\/\/www.google.com\/maps\/embed?pb=!1m18!1m12!1m3!1d3785.3392956283337!2d-68.89306662404485!3d18.422897572149044!2m3!1f0!2f0!3f0!3m2!1i1024!2i768!4f13.1!3m3!1m2!1s0x8ea8ab45c7e582eb%3A0xb9123111260f46de!2sEscuela%20de%20Dise%C3%B1o%20Altos%20De%20Chav%C3%B3n!5e0!3m2!1ses-419!2sdo!4v1749492117683!5m2!1ses-419!2sdo\" width=\"100%\" height=\"450\" style=\"border:0;\" allowfullscreen=\"\" loading=\"lazy\" referrerpolicy=\"no-referrer-when-downgrade\"><\/iframe>\n\n\n\n<div style=\"height:24px\" aria-hidden=\"true\" class=\"wp-block-spacer\"><\/div>\n\n\n\n<p class=\"top-line has-medium-font-size\">Located in Altos de Chav\u00f3n at Casa de Campo, the <strong>La Romana Campus<\/strong> is an iconic space that has been a fundamental part of CHAV\u00d3N&#8217;s history and legacy. Although Technical Programs are taught in Santo Domingo, students visit La Romana during their studies to participate in intensive workshops, special activities, and experiences that connect them with the cultural and artistic legacy of this institution. Additionally, programs such as &#8220;Artists in Residence&#8221; are developed here, and activities with other institutions are carried out, fostering collaboration between artists and designers from different parts of the world.<\/p>\n\n\n\n<div style=\"height:24px\" aria-hidden=\"true\" class=\"wp-block-spacer\"><\/div>\n\n\n\n<h2 class=\"wp-block-heading top-line\">La Romana Campus Gallery<\/h2>\n\n\n\n<div style=\"height:24px\" aria-hidden=\"true\" class=\"wp-block-spacer\"><\/div>\n\n\n<div id=\"gallery-block_5c87ddc94dd45\" class=\"gallery \">\n  <div class=\"slick-sider\">\n              <div class=\"slide\">\n            <div class=\"img\" style=\"background-image:url(https:\/\/chavon.edu.do\/wp-content\/uploads\/2019\/08\/Vista_Aerea.jpg);\"><\/div>\n            <div class=\"copy\">\n              <p class=\"title\">The Village of Altos de Chav\u00f3n<\/p>              <p class=\"description\">Located in the southeastern coast of the Dominican Republic, Altos de Chav\u00f3n is a dynamic center of art that is home to art studios, crafts workshops, galleries, restaurants, the Church of St. Stanislaus, and the School of Design.<\/p>            <\/div>\n          <\/div>\n                    <div class=\"slide\">\n            <div class=\"img\" style=\"background-image:url(https:\/\/chavon.edu.do\/wp-content\/uploads\/2019\/08\/GMR_0847.jpg);\"><\/div>\n            <div class=\"copy\">\n              <p class=\"title\">The Village of Altos de Chav\u00f3n<\/p>              <p class=\"description\">Built in 1976 by Italian architect Roberto Copa, Altos de Chav\u00f3n is a Mediterranean-style village, that hosts The Altos de Chav\u00f3n Cultural Center Foundation, and is also home to a museum of archaeology, and an artist in residence program. <\/p>            <\/div>\n          <\/div>\n                    <div class=\"slide\">\n            <div class=\"img\" style=\"background-image:url(https:\/\/chavon.edu.do\/wp-content\/uploads\/2019\/08\/Chavoneros_2016-2.jpg);\"><\/div>\n            <div class=\"copy\">\n              <p class=\"title\">Student from the Fine Arts program<\/p>              <p class=\"description\">The campus of La Romana provides a sanctuary-like location where students can focus on developing their skills in a unique setting.<\/p>            <\/div>\n          <\/div>\n                    <div class=\"slide\">\n            <div class=\"img\" style=\"background-image:url(https:\/\/chavon.edu.do\/wp-content\/uploads\/2019\/08\/IMG_4825.jpg);\"><\/div>\n            <div class=\"copy\">\n              <p class=\"title\">International Summer Program<\/p>              <p class=\"description\">Professor from the New York Academic of Art and students during a two-week course on \u201cLandscape Drawing and Painting\u201d<\/p>            <\/div>\n          <\/div>\n                    <div class=\"slide\">\n            <div class=\"img\" style=\"background-image:url(https:\/\/chavon.edu.do\/wp-content\/uploads\/2022\/09\/26072022-_DSC2158-1.jpg);\"><\/div>\n            <div class=\"copy\">\n              <p class=\"title\">Student from our Fashion Design Program<\/p>              <p class=\"description\">Often described as an &#8220;artistic paradise&#8221;, the campus at Altos De Chav\u00f3n provides the perfect atmosphere for intensive workshops and academic trips prepared for our full-time students during the career.<\/p>            <\/div>\n          <\/div>\n                    <div class=\"slide\">\n            <div class=\"img\" style=\"background-image:url(https:\/\/chavon.edu.do\/wp-content\/uploads\/2019\/08\/Chavoneros_2016-9.jpg);\"><\/div>\n            <div class=\"copy\">\n              <p class=\"title\">The Artist in Residence Program<\/p>              <p class=\"description\">The Artist in Residence Program serves as a platform for educational and cultural interchange between Dominican and international artists.<\/p>            <\/div>\n          <\/div>\n                    <div class=\"slide\">\n            <div class=\"img\" style=\"background-image:url(https:\/\/chavon.edu.do\/wp-content\/uploads\/2022\/09\/VID05240.jpg);\"><\/div>\n            <div class=\"copy\">\n              <p class=\"title\">Continuing Education Classes<\/p>              <p class=\"description\">\u00bfAn artistic getaway? Learning new creative skills is relaxing yet fun during our short programs.<\/p>            <\/div>\n          <\/div>\n            <\/div>\n<\/div>\n","protected":false},"excerpt":{"rendered":"<p>La Romana Campus Location: Altos de Chav\u00f3n La Romana, Dominican Republic+1 (809) 523.8011 Located in Altos de Chav\u00f3n at Casa de Campo, the La Romana <br \/><a class=\"read-more\" href=\"https:\/\/chavon.edu.do\/en\/vive-chavon\/campus-la-romana\/\">+ Read more<\/a><\/p>\n","protected":false},"author":21,"featured_media":0,"parent":124,"menu_order":19,"comment_status":"closed","ping_status":"closed","template":"","meta":{"_acf_changed":false,"footnotes":""},"class_list":["post-2944","page","type-page","status-publish","hentry"],"acf":[],"yoast_head":"<!-- This site is optimized with the Yoast SEO plugin v26.6 - https:\/\/yoast.com\/wordpress\/plugins\/seo\/ -->\n<title>Campus La Romana | CHAV\u00d3N School of Design<\/title>\n<meta name=\"description\" content=\"CHAV\u00d3N La Romana campus is located in the village of Altos de Chav\u00f3n on the Southeast coast of the Dominican Republic and is home to The School of Design.\" \/>\n<meta name=\"robots\" content=\"index, follow, max-snippet:-1, max-image-preview:large, max-video-preview:-1\" \/>\n<link rel=\"canonical\" href=\"https:\/\/chavon.edu.do\/en\/vive-chavon\/campus-la-romana\/\" \/>\n<meta property=\"og:locale\" content=\"en_US\" \/>\n<meta property=\"og:type\" content=\"article\" \/>\n<meta property=\"og:title\" content=\"Campus La Romana | CHAV\u00d3N School of Design\" \/>\n<meta property=\"og:description\" content=\"CHAV\u00d3N La Romana campus is located in the village of Altos de Chav\u00f3n on the Southeast coast of the Dominican Republic and is home to The School of Design.\" \/>\n<meta property=\"og:url\" content=\"https:\/\/chavon.edu.do\/en\/vive-chavon\/campus-la-romana\/\" \/>\n<meta property=\"og:site_name\" content=\"CHAV\u00d3N School of Design\" \/>\n<meta property=\"article:modified_time\" content=\"2025-06-09T18:06:17+00:00\" \/>\n<meta name=\"twitter:card\" content=\"summary_large_image\" \/>\n<meta name=\"twitter:label1\" content=\"Est. reading time\" \/>\n\t<meta name=\"twitter:data1\" content=\"1 minute\" \/>\n<script type=\"application\/ld+json\" class=\"yoast-schema-graph\">{\"@context\":\"https:\/\/schema.org\",\"@graph\":[{\"@type\":\"WebPage\",\"@id\":\"https:\/\/chavon.edu.do\/vive-chavon\/campus-la-romana\/\",\"url\":\"https:\/\/chavon.edu.do\/vive-chavon\/campus-la-romana\/\",\"name\":\"Campus La Romana | CHAV\u00d3N School of Design\",\"isPartOf\":{\"@id\":\"https:\/\/chavon.edu.do\/#website\"},\"datePublished\":\"2019-07-09T18:55:33+00:00\",\"dateModified\":\"2025-06-09T18:06:17+00:00\",\"description\":\"CHAV\u00d3N La Romana campus is located in the village of Altos de Chav\u00f3n on the Southeast coast of the Dominican Republic and is home to The School of Design.\",\"breadcrumb\":{\"@id\":\"https:\/\/chavon.edu.do\/vive-chavon\/campus-la-romana\/#breadcrumb\"},\"inLanguage\":\"en-US\",\"potentialAction\":[{\"@type\":\"ReadAction\",\"target\":[\"https:\/\/chavon.edu.do\/vive-chavon\/campus-la-romana\/\"]}]},{\"@type\":\"BreadcrumbList\",\"@id\":\"https:\/\/chavon.edu.do\/vive-chavon\/campus-la-romana\/#breadcrumb\",\"itemListElement\":[{\"@type\":\"ListItem\",\"position\":1,\"name\":\"Home\",\"item\":\"https:\/\/chavon.edu.do\/\"},{\"@type\":\"ListItem\",\"position\":2,\"name\":\"Vive CHAV\u00d3N\",\"item\":\"https:\/\/chavon.edu.do\/vive-chavon\/\"},{\"@type\":\"ListItem\",\"position\":3,\"name\":\"Campus La Romana\"}]},{\"@type\":\"WebSite\",\"@id\":\"https:\/\/chavon.edu.do\/#website\",\"url\":\"https:\/\/chavon.edu.do\/\",\"name\":\"CHAV\u00d3N School of Design\",\"description\":\"\",\"publisher\":{\"@id\":\"https:\/\/chavon.edu.do\/#organization\"},\"potentialAction\":[{\"@type\":\"SearchAction\",\"target\":{\"@type\":\"EntryPoint\",\"urlTemplate\":\"https:\/\/chavon.edu.do\/?s={search_term_string}\"},\"query-input\":{\"@type\":\"PropertyValueSpecification\",\"valueRequired\":true,\"valueName\":\"search_term_string\"}}],\"inLanguage\":\"en-US\"},{\"@type\":\"Organization\",\"@id\":\"https:\/\/chavon.edu.do\/#organization\",\"name\":\"Chav\u00f3n - La Escuela de Dise\u00f1o\",\"url\":\"https:\/\/chavon.edu.do\/\",\"logo\":{\"@type\":\"ImageObject\",\"inLanguage\":\"en-US\",\"@id\":\"https:\/\/chavon.edu.do\/#\/schema\/logo\/image\/\",\"url\":\"https:\/\/chavon.edu.do\/wp-content\/uploads\/2019\/12\/chavon.png\",\"contentUrl\":\"https:\/\/chavon.edu.do\/wp-content\/uploads\/2019\/12\/chavon.png\",\"width\":225,\"height\":225,\"caption\":\"Chav\u00f3n - La Escuela de Dise\u00f1o\"},\"image\":{\"@id\":\"https:\/\/chavon.edu.do\/#\/schema\/logo\/image\/\"}}]}<\/script>\n<!-- \/ Yoast SEO plugin. -->","yoast_head_json":{"title":"Campus La Romana | CHAV\u00d3N School of Design","description":"CHAV\u00d3N La Romana campus is located in the village of Altos de Chav\u00f3n on the Southeast coast of the Dominican Republic and is home to The School of Design.","robots":{"index":"index","follow":"follow","max-snippet":"max-snippet:-1","max-image-preview":"max-image-preview:large","max-video-preview":"max-video-preview:-1"},"canonical":"https:\/\/chavon.edu.do\/en\/vive-chavon\/campus-la-romana\/","og_locale":"en_US","og_type":"article","og_title":"Campus La Romana | CHAV\u00d3N School of Design","og_description":"CHAV\u00d3N La Romana campus is located in the village of Altos de Chav\u00f3n on the Southeast coast of the Dominican Republic and is home to The School of Design.","og_url":"https:\/\/chavon.edu.do\/en\/vive-chavon\/campus-la-romana\/","og_site_name":"CHAV\u00d3N School of Design","article_modified_time":"2025-06-09T18:06:17+00:00","twitter_card":"summary_large_image","twitter_misc":{"Est. reading time":"1 minute"},"schema":{"@context":"https:\/\/schema.org","@graph":[{"@type":"WebPage","@id":"https:\/\/chavon.edu.do\/vive-chavon\/campus-la-romana\/","url":"https:\/\/chavon.edu.do\/vive-chavon\/campus-la-romana\/","name":"Campus La Romana | CHAV\u00d3N School of Design","isPartOf":{"@id":"https:\/\/chavon.edu.do\/#website"},"datePublished":"2019-07-09T18:55:33+00:00","dateModified":"2025-06-09T18:06:17+00:00","description":"CHAV\u00d3N La Romana campus is located in the village of Altos de Chav\u00f3n on the Southeast coast of the Dominican Republic and is home to The School of Design.","breadcrumb":{"@id":"https:\/\/chavon.edu.do\/vive-chavon\/campus-la-romana\/#breadcrumb"},"inLanguage":"en-US","potentialAction":[{"@type":"ReadAction","target":["https:\/\/chavon.edu.do\/vive-chavon\/campus-la-romana\/"]}]},{"@type":"BreadcrumbList","@id":"https:\/\/chavon.edu.do\/vive-chavon\/campus-la-romana\/#breadcrumb","itemListElement":[{"@type":"ListItem","position":1,"name":"Home","item":"https:\/\/chavon.edu.do\/"},{"@type":"ListItem","position":2,"name":"Vive CHAV\u00d3N","item":"https:\/\/chavon.edu.do\/vive-chavon\/"},{"@type":"ListItem","position":3,"name":"Campus La Romana"}]},{"@type":"WebSite","@id":"https:\/\/chavon.edu.do\/#website","url":"https:\/\/chavon.edu.do\/","name":"CHAV\u00d3N School of Design","description":"","publisher":{"@id":"https:\/\/chavon.edu.do\/#organization"},"potentialAction":[{"@type":"SearchAction","target":{"@type":"EntryPoint","urlTemplate":"https:\/\/chavon.edu.do\/?s={search_term_string}"},"query-input":{"@type":"PropertyValueSpecification","valueRequired":true,"valueName":"search_term_string"}}],"inLanguage":"en-US"},{"@type":"Organization","@id":"https:\/\/chavon.edu.do\/#organization","name":"Chav\u00f3n - La Escuela de Dise\u00f1o","url":"https:\/\/chavon.edu.do\/","logo":{"@type":"ImageObject","inLanguage":"en-US","@id":"https:\/\/chavon.edu.do\/#\/schema\/logo\/image\/","url":"https:\/\/chavon.edu.do\/wp-content\/uploads\/2019\/12\/chavon.png","contentUrl":"https:\/\/chavon.edu.do\/wp-content\/uploads\/2019\/12\/chavon.png","width":225,"height":225,"caption":"Chav\u00f3n - La Escuela de Dise\u00f1o"},"image":{"@id":"https:\/\/chavon.edu.do\/#\/schema\/logo\/image\/"}}]}},"_links":{"self":[{"href":"https:\/\/chavon.edu.do\/en\/wp-json\/wp\/v2\/pages\/2944","targetHints":{"allow":["GET"]}}],"collection":[{"href":"https:\/\/chavon.edu.do\/en\/wp-json\/wp\/v2\/pages"}],"about":[{"href":"https:\/\/chavon.edu.do\/en\/wp-json\/wp\/v2\/types\/page"}],"author":[{"embeddable":true,"href":"https:\/\/chavon.edu.do\/en\/wp-json\/wp\/v2\/users\/21"}],"replies":[{"embeddable":true,"href":"https:\/\/chavon.edu.do\/en\/wp-json\/wp\/v2\/comments?post=2944"}],"version-history":[{"count":5,"href":"https:\/\/chavon.edu.do\/en\/wp-json\/wp\/v2\/pages\/2944\/revisions"}],"predecessor-version":[{"id":7292,"href":"https:\/\/chavon.edu.do\/en\/wp-json\/wp\/v2\/pages\/2944\/revisions\/7292"}],"up":[{"embeddable":true,"href":"https:\/\/chavon.edu.do\/en\/wp-json\/wp\/v2\/pages\/124"}],"wp:attachment":[{"href":"https:\/\/chavon.edu.do\/en\/wp-json\/wp\/v2\/media?parent=2944"}],"curies":[{"name":"wp","href":"https:\/\/api.w.org\/{rel}","templated":true}]}}