{"id":2566,"date":"2019-05-22T18:03:10","date_gmt":"2019-05-22T18:03:10","guid":{"rendered":"http:\/\/chavondev.wpengine.com\/?page_id=2566"},"modified":"2025-05-30T15:55:44","modified_gmt":"2025-05-30T19:55:44","slug":"the-museum-of-archaeology","status":"publish","type":"page","link":"https:\/\/chavon.edu.do\/en\/the-museum-of-archaeology\/","title":{"rendered":"The Museum of Archaeology"},"content":{"rendered":"\n<h1 class=\"wp-block-heading\">The Museum of Archaeology<\/h1>\n\n\n\n<p><\/p>\n\n\n\n<div class=\"wp-block-columns has-2-columns top-line right-sidebar is-layout-flex wp-container-core-columns-is-layout-9d6595d7 wp-block-columns-is-layout-flex\">\n<div class=\"wp-block-column is-layout-flow wp-block-column-is-layout-flow\">\n<p class=\"medium\"><\/p>\n\n\n\n<p class=\"medium\">The Museum of Archaeology, located in La Romana and inaugurated in 1981, documents the important indigenous legacy of the island of Santo Domingo and functions as a valuable source of information for the thousands of students and visitors it receives every year. The Museum\u2019s magnificent collection of indigenous objects was assembled over 40 years by collector Samuel Pi\u00f3n and comprises more than 3,000 objects found in the region. These ritual and utilitarian objects demonstrate the cultural evolution of the island\u2019s indigenous societies, from the preagricultural era to the time of the Tainos, the predominant culture when the Spanish conquistadors arrived.<\/p>\n\n\n\n<p class=\"medium\">As a division within the Altos de Chav\u00f3n Cultural Center Foundation, The Museum functions as a center of scientific and cultural research, offering a broad program of talks, workshops, presentations, temporary exhibits, and research excursions to rural areas. It also offers skill-building workshops for teachers that delve into our origins and deepen their knowledge of our ancestors\u2019 culture. In conjunction with this concept, two important pieces have been developed for use in schools with the support of the Falcondo Foundation: the Teacher\u2019s Guide \u201cLooking at Ourselves in the Mirror of Time\u201d, in collaboration with the Latin American Institute of Museums,and the documentary \u201cWhere the Sun Rises,\u201d featuring several short segments on indigenous history and Dominican archaeology for use with elementary education levels.<\/p>\n\n\n\n<p class=\"medium\">The Museum\u2019s Discovery Room was designed to involve young visitors in activities that promote their understanding of the artifacts and exhibits they see, and of the island\u2019s indigenous culture and history, as well as to give them an appreciation of the processes museums use to acquire and interpret their collections. The fundamental aim of the Discovery Room is to nourish a sense of curiosity and respect for the legacy of the indigenous inhabitants of The Antilles, and for their contributions to contemporary Dominican culture.<\/p>\n\n\n\n<p class=\"medium\">The Museum also offers the Museum in a Box, which visits schools throughout the country to introduce the richness and diversity of the Dominican Republic\u2019s archaeological patrimony. This attractive and dynamic tool builds knowledge of and value for our cultural heritage. This project was achieved with the support of the Falcondo Foundation and the Ademi Foundation.<\/p>\n<\/div>\n\n\n\n<div class=\"wp-block-column is-layout-flow wp-block-column-is-layout-flow\">\n<p><\/p>\n\n\n\n<p><strong>CONTACT<\/strong><br><br><strong>Administration<\/strong><br><br>Phone:+1 (809) 523.8554<br>Fax:+1 (809) 523.8312<br>Email: <a href=\"mailto: museo@altosdechavon.com\">museo@altosdechavon.com<\/a><br><br>Address: Altos de Chav\u00f3n, La Romana Dominican Republic<\/p>\n\n\n\n<p class=\"top-line\">Hours: Monday\u2013Sunday 9:00 a.m &#8211; 9:00 p.m<\/p>\n<\/div>\n<\/div>\n\n\n\n<h3 class=\"top-line wp-block-heading\">Collaborations:<\/h3>\n\n\n\n<ul class=\"wp-block-list\"><li>Centro Eduardo Le\u00f3n Jimenes<\/li><li>Fundaci\u00f3n Ademi\u2013Banco Ademi<\/li><li>Fundaci\u00f3n Falcondo<\/li><li>Bancode Reservas<\/li><li>Universidad Aut\u00f3noma de Santo Domingo<\/li><li>International Council of Museums\u2013Dominican Chapter<\/li><li>Leiden University\u2013Faculty of Archeology, The Netherlands<\/li><li>Embassy of The Netherlands in the Dominican Republic<\/li><li>Samp Intercontinental Museum Network\u2013Swedish International Development Agency<\/li><\/ul>\n\n\n<div id=\"gallery-block_5d043d191738e\" class=\"gallery \">\n  <div class=\"slick-sider\">\n              <div class=\"slide\">\n            <div class=\"img\" style=\"background-image:url(https:\/\/chavon.edu.do\/wp-content\/uploads\/2019\/06\/reptile.jpg);\"><\/div>\n            <div class=\"copy\">\n              <p class=\"title\">Trigonolito<\/p>              <p class=\"description\">De acuerdo al primer cronista de la mitologia ta\u00edna, Fray Ram\u00f3n Pan\u00e9, estos trigonolitos eran representaciones agr\u00edcolas del dios Yucahuguama, quien cre\u00edan hac\u00eda crecer la yuca, alimento b\u00e1sico del hombre precolombino antillano.<\/p>            <\/div>\n          <\/div>\n                    <div class=\"slide\">\n            <div class=\"img\" style=\"background-image:url(https:\/\/chavon.edu.do\/wp-content\/uploads\/2019\/06\/pottery.jpg);\"><\/div>\n            <div class=\"copy\">\n              <p class=\"title\">Vasija<\/p>              <p class=\"description\">Junto con el murci\u00e9lago, la lechuza, o buho, figura predominante en la mitolog\u00eda ta\u00edna como otro animal asociado con la muerte.<\/p>            <\/div>\n          <\/div>\n                    <div class=\"slide\">\n            <div class=\"img\" style=\"background-image:url(https:\/\/chavon.edu.do\/wp-content\/uploads\/2019\/06\/pot.jpg);\"><\/div>\n            <div class=\"copy\">\n              <p class=\"title\">Vasija<\/p>              <p class=\"description\">Vasija Circular de la cultura Chicoide, perteneciente al periodo Agro alfarero tardio.<\/p>            <\/div>\n          <\/div>\n                    <div class=\"slide\">\n            <div class=\"img\" style=\"background-image:url(https:\/\/chavon.edu.do\/wp-content\/uploads\/2019\/06\/balls.jpg);\"><\/div>\n            <div class=\"copy\">\n              <p class=\"title\">Esferolitos<\/p>              <p class=\"description\">De naturaleza ceremonial, estas esferas de piedra han sido encontradas solamente en enterramientos secundarios, lugar de descanso final de los indios arcaicos. Estos sepultaban a sus muertos en tumbas individuales, luego los exhumaban y pintaban sus huesos con pigmentos rojos, para luego enterrarlos de nuevo en grupos.<\/p>            <\/div>\n          <\/div>\n            <\/div>\n<\/div>\n","protected":false},"excerpt":{"rendered":"<p>The Museum of Archaeology The Museum of Archaeology, located in La Romana and inaugurated in 1981, documents the important indigenous legacy of the island of <br \/><a class=\"read-more\" href=\"https:\/\/chavon.edu.do\/en\/the-museum-of-archaeology\/\">+ Read more<\/a><\/p>\n","protected":false},"author":21,"featured_media":0,"parent":0,"menu_order":22,"comment_status":"closed","ping_status":"closed","template":"","meta":{"_acf_changed":false,"footnotes":""},"class_list":["post-2566","page","type-page","status-publish","hentry"],"acf":[],"yoast_head":"<!-- This site is optimized with the Yoast SEO plugin v26.6 - https:\/\/yoast.com\/wordpress\/plugins\/seo\/ -->\n<title>The Museum of Archaeology | CHAV\u00d3N School of Design<\/title>\n<meta name=\"description\" content=\"The Museum of Archaeology, located in La Romana and inaugurated in 1981, documents the important indigenous legacy of the island of Santo Domingo.\" \/>\n<meta name=\"robots\" content=\"index, follow, max-snippet:-1, max-image-preview:large, max-video-preview:-1\" \/>\n<link rel=\"canonical\" href=\"https:\/\/chavon.edu.do\/en\/the-museum-of-archaeology\/\" \/>\n<meta property=\"og:locale\" content=\"en_US\" \/>\n<meta property=\"og:type\" content=\"article\" \/>\n<meta property=\"og:title\" content=\"The Museum of Archaeology | CHAV\u00d3N School of Design\" \/>\n<meta property=\"og:description\" content=\"The Museum of Archaeology, located in La Romana and inaugurated in 1981, documents the important indigenous legacy of the island of Santo Domingo.\" \/>\n<meta property=\"og:url\" content=\"https:\/\/chavon.edu.do\/en\/the-museum-of-archaeology\/\" \/>\n<meta property=\"og:site_name\" content=\"CHAV\u00d3N School of Design\" \/>\n<meta property=\"article:modified_time\" content=\"2025-05-30T19:55:44+00:00\" \/>\n<meta name=\"twitter:card\" content=\"summary_large_image\" \/>\n<meta name=\"twitter:label1\" content=\"Est. reading time\" \/>\n\t<meta name=\"twitter:data1\" content=\"2 minutes\" \/>\n<script type=\"application\/ld+json\" class=\"yoast-schema-graph\">{\"@context\":\"https:\/\/schema.org\",\"@graph\":[{\"@type\":\"WebPage\",\"@id\":\"https:\/\/chavon.edu.do\/the-museum-of-archaeology\/\",\"url\":\"https:\/\/chavon.edu.do\/the-museum-of-archaeology\/\",\"name\":\"The Museum of Archaeology | CHAV\u00d3N School of Design\",\"isPartOf\":{\"@id\":\"https:\/\/chavon.edu.do\/#website\"},\"datePublished\":\"2019-05-22T18:03:10+00:00\",\"dateModified\":\"2025-05-30T19:55:44+00:00\",\"description\":\"The Museum of Archaeology, located in La Romana and inaugurated in 1981, documents the important indigenous legacy of the island of Santo Domingo.\",\"breadcrumb\":{\"@id\":\"https:\/\/chavon.edu.do\/the-museum-of-archaeology\/#breadcrumb\"},\"inLanguage\":\"en-US\",\"potentialAction\":[{\"@type\":\"ReadAction\",\"target\":[\"https:\/\/chavon.edu.do\/the-museum-of-archaeology\/\"]}]},{\"@type\":\"BreadcrumbList\",\"@id\":\"https:\/\/chavon.edu.do\/the-museum-of-archaeology\/#breadcrumb\",\"itemListElement\":[{\"@type\":\"ListItem\",\"position\":1,\"name\":\"Home\",\"item\":\"https:\/\/chavon.edu.do\/\"},{\"@type\":\"ListItem\",\"position\":2,\"name\":\"The Museum of Archaeology\"}]},{\"@type\":\"WebSite\",\"@id\":\"https:\/\/chavon.edu.do\/#website\",\"url\":\"https:\/\/chavon.edu.do\/\",\"name\":\"CHAV\u00d3N School of Design\",\"description\":\"\",\"publisher\":{\"@id\":\"https:\/\/chavon.edu.do\/#organization\"},\"potentialAction\":[{\"@type\":\"SearchAction\",\"target\":{\"@type\":\"EntryPoint\",\"urlTemplate\":\"https:\/\/chavon.edu.do\/?s={search_term_string}\"},\"query-input\":{\"@type\":\"PropertyValueSpecification\",\"valueRequired\":true,\"valueName\":\"search_term_string\"}}],\"inLanguage\":\"en-US\"},{\"@type\":\"Organization\",\"@id\":\"https:\/\/chavon.edu.do\/#organization\",\"name\":\"Chav\u00f3n - La Escuela de Dise\u00f1o\",\"url\":\"https:\/\/chavon.edu.do\/\",\"logo\":{\"@type\":\"ImageObject\",\"inLanguage\":\"en-US\",\"@id\":\"https:\/\/chavon.edu.do\/#\/schema\/logo\/image\/\",\"url\":\"https:\/\/chavon.edu.do\/wp-content\/uploads\/2019\/12\/chavon.png\",\"contentUrl\":\"https:\/\/chavon.edu.do\/wp-content\/uploads\/2019\/12\/chavon.png\",\"width\":225,\"height\":225,\"caption\":\"Chav\u00f3n - La Escuela de Dise\u00f1o\"},\"image\":{\"@id\":\"https:\/\/chavon.edu.do\/#\/schema\/logo\/image\/\"}}]}<\/script>\n<!-- \/ Yoast SEO plugin. -->","yoast_head_json":{"title":"The Museum of Archaeology | CHAV\u00d3N School of Design","description":"The Museum of Archaeology, located in La Romana and inaugurated in 1981, documents the important indigenous legacy of the island of Santo Domingo.","robots":{"index":"index","follow":"follow","max-snippet":"max-snippet:-1","max-image-preview":"max-image-preview:large","max-video-preview":"max-video-preview:-1"},"canonical":"https:\/\/chavon.edu.do\/en\/the-museum-of-archaeology\/","og_locale":"en_US","og_type":"article","og_title":"The Museum of Archaeology | CHAV\u00d3N School of Design","og_description":"The Museum of Archaeology, located in La Romana and inaugurated in 1981, documents the important indigenous legacy of the island of Santo Domingo.","og_url":"https:\/\/chavon.edu.do\/en\/the-museum-of-archaeology\/","og_site_name":"CHAV\u00d3N School of Design","article_modified_time":"2025-05-30T19:55:44+00:00","twitter_card":"summary_large_image","twitter_misc":{"Est. reading time":"2 minutes"},"schema":{"@context":"https:\/\/schema.org","@graph":[{"@type":"WebPage","@id":"https:\/\/chavon.edu.do\/the-museum-of-archaeology\/","url":"https:\/\/chavon.edu.do\/the-museum-of-archaeology\/","name":"The Museum of Archaeology | CHAV\u00d3N School of Design","isPartOf":{"@id":"https:\/\/chavon.edu.do\/#website"},"datePublished":"2019-05-22T18:03:10+00:00","dateModified":"2025-05-30T19:55:44+00:00","description":"The Museum of Archaeology, located in La Romana and inaugurated in 1981, documents the important indigenous legacy of the island of Santo Domingo.","breadcrumb":{"@id":"https:\/\/chavon.edu.do\/the-museum-of-archaeology\/#breadcrumb"},"inLanguage":"en-US","potentialAction":[{"@type":"ReadAction","target":["https:\/\/chavon.edu.do\/the-museum-of-archaeology\/"]}]},{"@type":"BreadcrumbList","@id":"https:\/\/chavon.edu.do\/the-museum-of-archaeology\/#breadcrumb","itemListElement":[{"@type":"ListItem","position":1,"name":"Home","item":"https:\/\/chavon.edu.do\/"},{"@type":"ListItem","position":2,"name":"The Museum of Archaeology"}]},{"@type":"WebSite","@id":"https:\/\/chavon.edu.do\/#website","url":"https:\/\/chavon.edu.do\/","name":"CHAV\u00d3N School of Design","description":"","publisher":{"@id":"https:\/\/chavon.edu.do\/#organization"},"potentialAction":[{"@type":"SearchAction","target":{"@type":"EntryPoint","urlTemplate":"https:\/\/chavon.edu.do\/?s={search_term_string}"},"query-input":{"@type":"PropertyValueSpecification","valueRequired":true,"valueName":"search_term_string"}}],"inLanguage":"en-US"},{"@type":"Organization","@id":"https:\/\/chavon.edu.do\/#organization","name":"Chav\u00f3n - La Escuela de Dise\u00f1o","url":"https:\/\/chavon.edu.do\/","logo":{"@type":"ImageObject","inLanguage":"en-US","@id":"https:\/\/chavon.edu.do\/#\/schema\/logo\/image\/","url":"https:\/\/chavon.edu.do\/wp-content\/uploads\/2019\/12\/chavon.png","contentUrl":"https:\/\/chavon.edu.do\/wp-content\/uploads\/2019\/12\/chavon.png","width":225,"height":225,"caption":"Chav\u00f3n - La Escuela de Dise\u00f1o"},"image":{"@id":"https:\/\/chavon.edu.do\/#\/schema\/logo\/image\/"}}]}},"_links":{"self":[{"href":"https:\/\/chavon.edu.do\/en\/wp-json\/wp\/v2\/pages\/2566","targetHints":{"allow":["GET"]}}],"collection":[{"href":"https:\/\/chavon.edu.do\/en\/wp-json\/wp\/v2\/pages"}],"about":[{"href":"https:\/\/chavon.edu.do\/en\/wp-json\/wp\/v2\/types\/page"}],"author":[{"embeddable":true,"href":"https:\/\/chavon.edu.do\/en\/wp-json\/wp\/v2\/users\/21"}],"replies":[{"embeddable":true,"href":"https:\/\/chavon.edu.do\/en\/wp-json\/wp\/v2\/comments?post=2566"}],"version-history":[{"count":2,"href":"https:\/\/chavon.edu.do\/en\/wp-json\/wp\/v2\/pages\/2566\/revisions"}],"predecessor-version":[{"id":6537,"href":"https:\/\/chavon.edu.do\/en\/wp-json\/wp\/v2\/pages\/2566\/revisions\/6537"}],"wp:attachment":[{"href":"https:\/\/chavon.edu.do\/en\/wp-json\/wp\/v2\/media?parent=2566"}],"curies":[{"name":"wp","href":"https:\/\/api.w.org\/{rel}","templated":true}]}}